{"id":3,"date":"2025-03-05T12:57:31","date_gmt":"2025-03-05T11:57:31","guid":{"rendered":"https:\/\/nfcjuices.com\/?page_id=3"},"modified":"2025-04-15T11:36:21","modified_gmt":"2025-04-15T09:36:21","slug":"tietosuojakaytanto","status":"publish","type":"page","link":"https:\/\/nfcjuices.com\/fi\/polityka-prywatnosci\/","title":{"rendered":"Tietosuojak\u00e4yt\u00e4nt\u00f6"},"content":{"rendered":"<p><strong>\u00a71 Yleiset m\u00e4\u00e4r\u00e4ykset<\/strong><\/p>\n\n\n\n<p>1. Rekisterinpit\u00e4j\u00e4 on Gospodarstwo Sadownicze Zbigniew Pietrzycki, jonka rekister\u00f6ity toimipaikka on osoitteessa 05-660 Warka, Konary 92, ja joka on merkitty keskusrekisteriin ja liiketoimintatietorekisteriin, NIP: 797-127-18-11, REGON 672798121. Tietosuojaa hoidetaan yleisesti sovellettavien lakien vaatimusten mukaisesti, ja tiedot tallennetaan suojatuille palvelimille.<\/p>\n\n\n\n<p>2. Termien tulkinnassa k\u00e4ytet\u00e4\u00e4n asetusten sanastoa tai tietosuojak\u00e4yt\u00e4nn\u00f6ss\u00e4 kuvattua sanastoa (jos se johtuu suoraan kuvauksesta).<\/p>\n\n\n\n<p>3. Tietojen yksityisyyden ja turvallisuuden varmistamiseksi k\u00e4ytet\u00e4\u00e4n muun muassa suojattua viestinn\u00e4n salausprotokollaa (SSL).<\/p>\n\n\n\n<p>4. Kaikkia asiakkaiden henkil\u00f6tietoja k\u00e4sitell\u00e4\u00e4n luottamuksellisina, eiv\u00e4tk\u00e4 ne ole n\u00e4kyviss\u00e4 luvattomille henkil\u00f6ille.<\/p>\n\n\n\n<p>5. Tietosuojak\u00e4yt\u00e4nt\u00f6 on yleisen tietosuoja-asetuksen (GDPR) mukainen ja se on voimassa 05.07.2018 alkaen.<\/p>\n\n\n\n<p><strong>\u00a72 Tiedonkeruun tarkoitus ja laajuus<\/strong><\/p>\n\n\n\n<p>1. Myyj\u00e4 on Asiakkaiden henkil\u00f6tietojen rekisterinpit\u00e4j\u00e4.<\/p>\n\n\n\n<p>2. Asiakkaiden henkil\u00f6tietoja ker\u00e4t\u00e4\u00e4n ja k\u00e4sitell\u00e4\u00e4n verkkokaupassa tehtyjen tilausten t\u00e4ytt\u00e4miseksi tai, jos asiakas antaa suostumuksensa, my\u00f6s markkinointitarkoituksiin.<\/p>\n\n\n\n<p>3. Asiakkaiden henkil\u00f6tietoja k\u00e4sitell\u00e4\u00e4n:<\/p>\n\n\n\n<p>a. henkil\u00f6tietojen suojaa koskevien s\u00e4\u00e4nn\u00f6sten mukaisesti,<\/p>\n\n\n\n<p>b. voimassa olevan tietosuojak\u00e4yt\u00e4nn\u00f6n mukaisesti,<\/p>\n\n\n\n<p>c. siin\u00e4 laajuudessa ja siin\u00e4 tarkoituksessa kuin se on tarpeen Sopimuksen sis\u00e4ll\u00f6n laatimiseksi ja muokkaamiseksi, sen muuttamiseksi tai irtisanomiseksi sek\u00e4 s\u00e4hk\u00f6isesti tarjottavien Palveluiden asianmukaiseksi toteuttamiseksi,<\/p>\n\n\n\n<p>d. siin\u00e4 laajuudessa ja siin\u00e4 tarkoituksessa kuin on tarpeen oikeutettujen etujen toteuttamiseksi, eik\u00e4 k\u00e4sittely loukkaa rekister\u00f6idyn oikeuksia ja vapauksia,<\/p>\n\n\n\n<p>e. siin\u00e4 laajuudessa ja siin\u00e4 tarkoituksessa kuin se on Asiakkaan ilmaiseman tahdon mukaista.<\/p>\n\n\n\n<p>4. Yll\u00e4pit\u00e4j\u00e4 ker\u00e4\u00e4 ja k\u00e4sittelee verkkosivuston ja muiden viestint\u00e4muotojen kautta seuraavia k\u00e4ytt\u00e4jien henkil\u00f6tietoja, jotka on annettu verkkosivustolle rekister\u00f6itymisen yhteydess\u00e4:<br><br>a. nimi ja sukunimi<br>b. osoite<br>c. puhelinnumero<br>d.s\u00e4hk\u00f6postiosoite<br>e. yrityksen nimi<br>f. NIP<\/p>\n\n\n\n<p>5. Asiakkaalla on oikeus tutustua tietoihin, oikaista, poistaa tai rajoittaa niiden k\u00e4sittely\u00e4, oikeus vastustaa niiden k\u00e4sittely\u00e4 ja oikeus tehd\u00e4 valitus valvontaviranomaiselle, joka on henkil\u00f6tietojen suojasta vastaavan viranomaisen puheenjohtaja.<\/p>\n\n\n\n<p>6. Yhteydenotto henkil\u00f6tietojen k\u00e4sittelyst\u00e4 vastaavaan henkil\u00f6\u00f6n on mahdollista s\u00e4hk\u00f6postitse osoitteeseen: biuro@naszatlocznia.pl<\/p>\n\n\n\n<p>7. Yll\u00e4pit\u00e4j\u00e4ll\u00e4 on oikeus k\u00e4sitell\u00e4 Asiakkaiden henkil\u00f6tietoja Sopimuksen p\u00e4\u00e4ttymisen tai suostumuksen peruuttamisen j\u00e4lkeen ainoastaan mahdollisten oikeudellisten vaatimusten ajamiseksi tai jos kansallinen, EU:n tai kansainv\u00e4linen laki velvoittaa s\u00e4ilytt\u00e4m\u00e4\u00e4n tietoja.<\/p>\n\n\n\n<p>8. Yll\u00e4pit\u00e4j\u00e4ll\u00e4 on oikeus luovuttaa Asiakkaan henkil\u00f6tietoja ja muita tietoja sovellettavan lain nojalla valtuutetuille tahoille, kuten lainvalvontaviranomaisille.<\/p>\n\n\n\n<p>9. Yll\u00e4pit\u00e4j\u00e4 ei luovuta Asiakkaiden henkil\u00f6tietoja muille tahoille, lukuun ottamatta sovellettavan lain sallimia tahoja.<\/p>\n\n\n\n<p>10. Henkil\u00f6tietoja s\u00e4ilytet\u00e4\u00e4n sopimuksen voimassaoloajan ja sovellettavien s\u00e4\u00e4nn\u00f6sten mukaisen ajan ottaen huomioon vaateiden ja verovelvoitteiden vanheneminen. Henkil\u00f6tietoja, joiden k\u00e4sittelyyn olet antanut suostumuksesi, s\u00e4ilytet\u00e4\u00e4n, kunnes peruutat suostumuksesi.<\/p>\n\n\n\n<p>11. Henkil\u00f6tiedot voidaan poistaa suostumuksen peruuttamisen tai henkil\u00f6tietojen k\u00e4sittely\u00e4 koskevan laillisesti p\u00e4tev\u00e4n vastalauseen seurauksena. Henkil\u00f6tietojen k\u00e4sittely\u00e4 koskevat pyynn\u00f6t voi l\u00e4hett\u00e4\u00e4 s\u00e4hk\u00f6postitse henkil\u00f6tietojen rekisterinpit\u00e4j\u00e4n osoitteeseen: biuro@naszatlocznia.pl<\/p>\n\n\n\n<p><strong>\u00a73 Tietoa profiloinnista ja henkil\u00f6tietojen profiloinnin vaikutuksista<\/strong><\/p>\n\n\n\n<p>Rekisterinpit\u00e4j\u00e4 analysoi henkil\u00f6tietoja automaattisesti k\u00e4ytt\u00e4m\u00e4ll\u00e4 ohjelmistotoimittajien tarjoamia ty\u00f6kaluja (esim. tilastojen ja historian avulla). Automaattisen tietojenk\u00e4sittelyn tarkoituksena on oppia k\u00e4ytt\u00e4j\u00e4n mieltymyksist\u00e4.<\/p>\n\n\n\n<p><strong>\u00a74 Ev\u00e4steet<\/strong><\/p>\n\n\n\n<p>1. Verkkosivusto www.naszatlocznia.pl k\u00e4ytt\u00e4\u00e4 ev\u00e4steit\u00e4. N\u00e4m\u00e4 ovat pieni\u00e4 tekstitiedostoja, jotka www-palvelin l\u00e4hett\u00e4\u00e4 ja jotka selainohjelmisto tallentaa. Kun selain muodostaa uudelleen yhteyden sivustolle, sivusto tunnistaa laitteen tyypin, josta k\u00e4ytt\u00e4j\u00e4 muodostaa yhteyden. Parametrit sallivat vain ne luoneen palvelimen lukea niiss\u00e4 olevia tietoja. Ev\u00e4steet helpottavat siten aiemmin vierailtujen sivustojen k\u00e4ytt\u00f6\u00e4. Ker\u00e4tyt tiedot koskevat IP-osoitetta, k\u00e4ytetyn selaimen tyyppi\u00e4, kielt\u00e4, k\u00e4ytt\u00f6j\u00e4rjestelm\u00e4n tyyppi\u00e4, internet-palveluntarjoajaa, tietoja ajasta ja p\u00e4iv\u00e4m\u00e4\u00e4r\u00e4st\u00e4, sijainnista sek\u00e4 sivustolle yhteydenottolomakkeen kautta l\u00e4hetettyj\u00e4 tietoja.<\/p>\n\n\n\n<p>2. Myyj\u00e4n verkkosivusto k\u00e4ytt\u00e4\u00e4 seuraavia ev\u00e4steit\u00e4:<\/p>\n\n\n\n<p>a. &quot;v\u00e4ltt\u00e4m\u00e4tt\u00f6m\u00e4t&quot; ev\u00e4steet, jotka mahdollistavat verkkosivustolla saatavilla olevien palveluiden k\u00e4yt\u00f6n, esim. todennusev\u00e4steet, joita k\u00e4ytet\u00e4\u00e4n palveluissa, jotka vaativat todennusta verkkosivustolla,<\/p>\n\n\n\n<p>b. turvallisuuden varmistamiseen k\u00e4ytett\u00e4v\u00e4t ev\u00e4steet, esim. palvelun todennukseen liittyvien v\u00e4\u00e4rink\u00e4yt\u00f6sten havaitsemiseen k\u00e4ytett\u00e4v\u00e4t ev\u00e4steet,<\/p>\n\n\n\n<p>c. &quot;suorituskykyev\u00e4steet&quot;, jotka mahdollistavat tiedon ker\u00e4\u00e4misen verkkosivuston sivujen k\u00e4yt\u00f6st\u00e4,<\/p>\n\n\n\n<p>d. &quot;toiminnalliset&quot; ev\u00e4steet, jotka mahdollistavat k\u00e4ytt\u00e4j\u00e4n valitsemien asetusten &quot;muistamisen&quot; ja k\u00e4ytt\u00f6liittym\u00e4n personoinnin, esim. valitun kielen tai alueen, fonttikoon ja verkkosivuston ulkoasun suhteen,<\/p>\n\n\n\n<p>e. &quot;mainosev\u00e4steet&quot;, jotka mahdollistavat k\u00e4ytt\u00e4jille heid\u00e4n kiinnostuksen kohteidensa mukaan r\u00e4\u00e4t\u00e4l\u00f6idyn mainossis\u00e4ll\u00f6n tarjoamisen.<\/p>\n\n\n\n<p>3. Asiakas voi milloin tahansa poistaa ev\u00e4steiden ker\u00e4\u00e4misen k\u00e4yt\u00f6st\u00e4 tai palauttaa sen muuttamalla verkkoselaimensa asetuksia.<\/p>\n\n\n\n<p>4. Yll\u00e4pit\u00e4j\u00e4 ker\u00e4\u00e4 muita henkil\u00f6tietoja, kuten s\u00e4hk\u00f6postiosoitteen, vain niiss\u00e4 tilanteissa, joissa k\u00e4ytt\u00e4j\u00e4 on nimenomaisesti antanut t\u00e4h\u00e4n suostumuksensa t\u00e4ytt\u00e4m\u00e4ll\u00e4 lomakkeen.<\/p>","protected":false},"excerpt":{"rendered":"<p>\u00a71 Postanowienia og\u00f3lne 1. Administratorem danych jest Gospodarstwo Sadownicze Zbigniew Pietrzycki, z&nbsp;siedzib\u0105 w&nbsp;05-660 Warka, Konary 92, wpisane do Centralnej Ewidencji i&nbsp;Informacji o&nbsp;Dzia\u0142alno\u015bci Gospodarczej, NIP: 797-127-18-11, REGON 672798121. Ochrona danych odbywa si\u0119 zgodnie z&nbsp;wymogami powszechnie obowi\u0105zuj\u0105cych przepis\u00f3w prawa, a&nbsp;ich przechowywanie ma miejsce na zabezpieczonych serwerach. 2. Dla interpretacji termin\u00f3w stosuje si\u0119 s\u0142owniczek Regulaminu lub tak jak [&hellip;]<\/p>\n","protected":false},"author":1,"featured_media":0,"parent":0,"menu_order":0,"comment_status":"closed","ping_status":"open","template":"","meta":{"footnotes":""},"class_list":["post-3","page","type-page","status-publish","hentry"],"yoast_head":"<!-- This site is optimized with the Yoast SEO plugin v24.9 - https:\/\/yoast.com\/wordpress\/plugins\/seo\/ -->\n<title>Polityka prywatno\u015bci - nfc-juices<\/title>\n<meta name=\"robots\" content=\"index, follow, max-snippet:-1, max-image-preview:large, max-video-preview:-1\" \/>\n<link rel=\"canonical\" href=\"https:\/\/nfcjuices.com\/fi\/tietosuojakaytanto\/\" \/>\n<meta property=\"og:locale\" content=\"fi_FI\" \/>\n<meta property=\"og:type\" content=\"article\" \/>\n<meta property=\"og:title\" content=\"Polityka prywatno\u015bci - nfc-juices\" \/>\n<meta property=\"og:description\" content=\"\u00a71 Postanowienia og\u00f3lne 1. Administratorem danych jest Gospodarstwo Sadownicze Zbigniew Pietrzycki, z&nbsp;siedzib\u0105 w&nbsp;05-660 Warka, Konary 92, wpisane do Centralnej Ewidencji i&nbsp;Informacji o&nbsp;Dzia\u0142alno\u015bci Gospodarczej, NIP: 797-127-18-11, REGON 672798121. Ochrona danych odbywa si\u0119 zgodnie z&nbsp;wymogami powszechnie obowi\u0105zuj\u0105cych przepis\u00f3w prawa, a&nbsp;ich przechowywanie ma miejsce na zabezpieczonych serwerach. 2. Dla interpretacji termin\u00f3w stosuje si\u0119 s\u0142owniczek Regulaminu lub tak jak [&hellip;]\" \/>\n<meta property=\"og:url\" content=\"https:\/\/nfcjuices.com\/fi\/tietosuojakaytanto\/\" \/>\n<meta property=\"og:site_name\" content=\"nfc-juices\" \/>\n<meta property=\"article:modified_time\" content=\"2025-04-15T09:36:21+00:00\" \/>\n<meta name=\"twitter:card\" content=\"summary_large_image\" \/>\n<meta name=\"twitter:label1\" content=\"Arvioitu lukuaika\" \/>\n\t<meta name=\"twitter:data1\" content=\"5 minuuttia\" \/>\n<script type=\"application\/ld+json\" class=\"yoast-schema-graph\">{\"@context\":\"https:\/\/schema.org\",\"@graph\":[{\"@type\":\"WebPage\",\"@id\":\"https:\/\/nfcjuices.com\/polityka-prywatnosci\/\",\"url\":\"https:\/\/nfcjuices.com\/polityka-prywatnosci\/\",\"name\":\"Polityka prywatno\u015bci - nfc-juices\",\"isPartOf\":{\"@id\":\"https:\/\/nfcjuices.com\/#website\"},\"datePublished\":\"2025-03-05T11:57:31+00:00\",\"dateModified\":\"2025-04-15T09:36:21+00:00\",\"breadcrumb\":{\"@id\":\"https:\/\/nfcjuices.com\/polityka-prywatnosci\/#breadcrumb\"},\"inLanguage\":\"fi\",\"potentialAction\":[{\"@type\":\"ReadAction\",\"target\":[\"https:\/\/nfcjuices.com\/polityka-prywatnosci\/\"]}]},{\"@type\":\"BreadcrumbList\",\"@id\":\"https:\/\/nfcjuices.com\/polityka-prywatnosci\/#breadcrumb\",\"itemListElement\":[{\"@type\":\"ListItem\",\"position\":1,\"name\":\"Strona g\u0142\u00f3wna\",\"item\":\"https:\/\/nfcjuices.com\/\"},{\"@type\":\"ListItem\",\"position\":2,\"name\":\"Polityka prywatno\u015bci\"}]},{\"@type\":\"WebSite\",\"@id\":\"https:\/\/nfcjuices.com\/#website\",\"url\":\"https:\/\/nfcjuices.com\/\",\"name\":\"nfc-juices\",\"description\":\"Soki, przeciery, musy NFC w beczkach\",\"publisher\":{\"@id\":\"https:\/\/nfcjuices.com\/#organization\"},\"potentialAction\":[{\"@type\":\"SearchAction\",\"target\":{\"@type\":\"EntryPoint\",\"urlTemplate\":\"https:\/\/nfcjuices.com\/?s={search_term_string}\"},\"query-input\":{\"@type\":\"PropertyValueSpecification\",\"valueRequired\":true,\"valueName\":\"search_term_string\"}}],\"inLanguage\":\"fi\"},{\"@type\":\"Organization\",\"@id\":\"https:\/\/nfcjuices.com\/#organization\",\"name\":\"Nasza T\u0142ocznia\",\"url\":\"https:\/\/nfcjuices.com\/\",\"logo\":{\"@type\":\"ImageObject\",\"inLanguage\":\"fi\",\"@id\":\"https:\/\/nfcjuices.com\/#\/schema\/logo\/image\/\",\"url\":\"https:\/\/nfcjuices.com\/wp-content\/uploads\/2025\/05\/cropped-B2b-1.png\",\"contentUrl\":\"https:\/\/nfcjuices.com\/wp-content\/uploads\/2025\/05\/cropped-B2b-1.png\",\"width\":1199,\"height\":999,\"caption\":\"Nasza T\u0142ocznia\"},\"image\":{\"@id\":\"https:\/\/nfcjuices.com\/#\/schema\/logo\/image\/\"}}]}<\/script>\n<!-- \/ Yoast SEO plugin. -->","yoast_head_json":{"title":"Tietosuojak\u00e4yt\u00e4nt\u00f6 - nfc-juices","robots":{"index":"index","follow":"follow","max-snippet":"max-snippet:-1","max-image-preview":"max-image-preview:large","max-video-preview":"max-video-preview:-1"},"canonical":"https:\/\/nfcjuices.com\/fi\/tietosuojakaytanto\/","og_locale":"fi_FI","og_type":"article","og_title":"Polityka prywatno\u015bci - nfc-juices","og_description":"\u00a71 Postanowienia og\u00f3lne 1. Administratorem danych jest Gospodarstwo Sadownicze Zbigniew Pietrzycki, z&nbsp;siedzib\u0105 w&nbsp;05-660 Warka, Konary 92, wpisane do Centralnej Ewidencji i&nbsp;Informacji o&nbsp;Dzia\u0142alno\u015bci Gospodarczej, NIP: 797-127-18-11, REGON 672798121. Ochrona danych odbywa si\u0119 zgodnie z&nbsp;wymogami powszechnie obowi\u0105zuj\u0105cych przepis\u00f3w prawa, a&nbsp;ich przechowywanie ma miejsce na zabezpieczonych serwerach. 2. Dla interpretacji termin\u00f3w stosuje si\u0119 s\u0142owniczek Regulaminu lub tak jak [&hellip;]","og_url":"https:\/\/nfcjuices.com\/fi\/tietosuojakaytanto\/","og_site_name":"nfc-juices","article_modified_time":"2025-04-15T09:36:21+00:00","twitter_card":"summary_large_image","twitter_misc":{"Arvioitu lukuaika":"5 minuuttia"},"schema":{"@context":"https:\/\/schema.org","@graph":[{"@type":"WebPage","@id":"https:\/\/nfcjuices.com\/polityka-prywatnosci\/","url":"https:\/\/nfcjuices.com\/polityka-prywatnosci\/","name":"Tietosuojak\u00e4yt\u00e4nt\u00f6 - nfc-juices","isPartOf":{"@id":"https:\/\/nfcjuices.com\/#website"},"datePublished":"2025-03-05T11:57:31+00:00","dateModified":"2025-04-15T09:36:21+00:00","breadcrumb":{"@id":"https:\/\/nfcjuices.com\/polityka-prywatnosci\/#breadcrumb"},"inLanguage":"fi","potentialAction":[{"@type":"ReadAction","target":["https:\/\/nfcjuices.com\/polityka-prywatnosci\/"]}]},{"@type":"BreadcrumbList","@id":"https:\/\/nfcjuices.com\/polityka-prywatnosci\/#breadcrumb","itemListElement":[{"@type":"ListItem","position":1,"name":"Strona g\u0142\u00f3wna","item":"https:\/\/nfcjuices.com\/"},{"@type":"ListItem","position":2,"name":"Polityka prywatno\u015bci"}]},{"@type":"WebSite","@id":"https:\/\/nfcjuices.com\/#website","url":"https:\/\/nfcjuices.com\/","name":"nfc-mehut","description":"Mehut, soseet, NFC-vaahdot tynnyreiss\u00e4","publisher":{"@id":"https:\/\/nfcjuices.com\/#organization"},"potentialAction":[{"@type":"SearchAction","target":{"@type":"EntryPoint","urlTemplate":"https:\/\/nfcjuices.com\/?s={search_term_string}"},"query-input":{"@type":"PropertyValueSpecification","valueRequired":true,"valueName":"search_term_string"}}],"inLanguage":"fi"},{"@type":"Organization","@id":"https:\/\/nfcjuices.com\/#organization","name":"Puristuslaitoksemme","url":"https:\/\/nfcjuices.com\/","logo":{"@type":"ImageObject","inLanguage":"fi","@id":"https:\/\/nfcjuices.com\/#\/schema\/logo\/image\/","url":"https:\/\/nfcjuices.com\/wp-content\/uploads\/2025\/05\/cropped-B2b-1.png","contentUrl":"https:\/\/nfcjuices.com\/wp-content\/uploads\/2025\/05\/cropped-B2b-1.png","width":1199,"height":999,"caption":"Nasza T\u0142ocznia"},"image":{"@id":"https:\/\/nfcjuices.com\/#\/schema\/logo\/image\/"}}]}},"_links":{"self":[{"href":"https:\/\/nfcjuices.com\/fi\/wp-json\/wp\/v2\/pages\/3","targetHints":{"allow":["GET"]}}],"collection":[{"href":"https:\/\/nfcjuices.com\/fi\/wp-json\/wp\/v2\/pages"}],"about":[{"href":"https:\/\/nfcjuices.com\/fi\/wp-json\/wp\/v2\/types\/page"}],"author":[{"embeddable":true,"href":"https:\/\/nfcjuices.com\/fi\/wp-json\/wp\/v2\/users\/1"}],"replies":[{"embeddable":true,"href":"https:\/\/nfcjuices.com\/fi\/wp-json\/wp\/v2\/comments?post=3"}],"version-history":[{"count":1,"href":"https:\/\/nfcjuices.com\/fi\/wp-json\/wp\/v2\/pages\/3\/revisions"}],"predecessor-version":[{"id":954,"href":"https:\/\/nfcjuices.com\/fi\/wp-json\/wp\/v2\/pages\/3\/revisions\/954"}],"wp:attachment":[{"href":"https:\/\/nfcjuices.com\/fi\/wp-json\/wp\/v2\/media?parent=3"}],"curies":[{"name":"wp","href":"https:\/\/api.w.org\/{rel}","templated":true}]}}