{"id":196,"date":"2025-03-12T15:20:59","date_gmt":"2025-03-12T14:20:59","guid":{"rendered":"https:\/\/nfcjuices.com\/?page_id=196"},"modified":"2025-04-14T15:25:35","modified_gmt":"2025-04-14T13:25:35","slug":"yhteyshenkilo-2","status":"publish","type":"page","link":"https:\/\/nfcjuices.com\/fi\/kontakt-2\/","title":{"rendered":"Ota yhteytt\u00e4"},"content":{"rendered":"<div class=\"wp-block-cover is-light contact-form\"><span aria-hidden=\"true\" class=\"wp-block-cover__background has-background-dim-0 has-background-dim\"><\/span><img decoding=\"async\" class=\"wp-block-cover__image-background wp-image-141\" alt=\"\" src=\"https:\/\/naszatlocznia.pl\/wp-content\/uploads\/2021\/05\/contact.png\" data-object-fit=\"cover\"\/><div class=\"wp-block-cover__inner-container is-layout-flow wp-block-cover-is-layout-flow\">\n<div class=\"wpcf7 no-js\" id=\"wpcf7-f204-o1\" lang=\"pl-PL\" dir=\"ltr\" data-wpcf7-id=\"204\">\n<div class=\"screen-reader-response\"><p role=\"status\" aria-live=\"polite\" aria-atomic=\"true\"><\/p> <ul><\/ul><\/div>\n<form action=\"\/fi\/wp-json\/wp\/v2\/pages\/196#wpcf7-f204-o1\" method=\"post\" class=\"wpcf7-form init\" aria-label=\"Formularz kontaktowy\" novalidate=\"novalidate\" data-status=\"init\" data-trp-original-action=\"\/fi\/wp-json\/wp\/v2\/pages\/196#wpcf7-f204-o1\">\n<div style=\"display: none;\">\n<input type=\"hidden\" name=\"_wpcf7\" value=\"204\" \/>\n<input type=\"hidden\" name=\"_wpcf7_version\" value=\"6.0.6\" \/>\n<input type=\"hidden\" name=\"_wpcf7_locale\" value=\"pl_PL\" \/>\n<input type=\"hidden\" name=\"_wpcf7_unit_tag\" value=\"wpcf7-f204-o1\" \/>\n<input type=\"hidden\" name=\"_wpcf7_container_post\" value=\"0\" \/>\n<input type=\"hidden\" name=\"_wpcf7_posted_data_hash\" value=\"\" \/>\n<\/div>\n<h3>Kirjoita meille\n<\/h3>\n<div class=\"cols\">\n\t<div class=\"col\">\n\t\t<p><span class=\"wpcf7-form-control-wrap\" data-name=\"your-name\"><input size=\"40\" maxlength=\"400\" class=\"wpcf7-form-control wpcf7-text wpcf7-validates-as-required\" aria-required=\"true\" aria-invalid=\"false\" placeholder=\"Etunimi ja sukunimi\" value=\"\" type=\"text\" name=\"your-name\" \/><\/span>\n\t\t<\/p>\n\t\t<p><span class=\"wpcf7-form-control-wrap\" data-name=\"your-email\"><input size=\"40\" maxlength=\"400\" class=\"wpcf7-form-control wpcf7-email wpcf7-validates-as-required wpcf7-text wpcf7-validates-as-email\" aria-required=\"true\" aria-invalid=\"false\" placeholder=\"S\u00e4hk\u00f6posti\" value=\"\" type=\"email\" name=\"your-email\" \/><\/span>\n\t\t<\/p>\n\t\t<p><span class=\"wpcf7-form-control-wrap\" data-name=\"your-subject\"><input size=\"40\" maxlength=\"400\" class=\"wpcf7-form-control wpcf7-text wpcf7-validates-as-required\" aria-required=\"true\" aria-invalid=\"false\" placeholder=\"Viestin aihe\" value=\"\" type=\"text\" name=\"your-subject\" \/><\/span>\n\t\t<\/p>\n\t<\/div>\n\t<div class=\"col\">\n\t\t<p><span class=\"wpcf7-form-control-wrap\" data-name=\"your-message\"><textarea cols=\"40\" rows=\"10\" maxlength=\"2000\" class=\"wpcf7-form-control wpcf7-textarea\" aria-invalid=\"false\" placeholder=\"Viestin sis\u00e4lt\u00f6\" name=\"your-message\"><\/textarea><\/span>\n\t\t<\/p>\n\t<\/div>\n<\/div>\n<div class=\"text-center\">\n\t<p><input class=\"wpcf7-form-control wpcf7-submit has-spinner secondary-btn\" type=\"submit\" value=\"L\u00e4het\u00e4\" \/>\n\t<\/p>\n\t<div class=\"recaptcha-info\">\n\t\t<p>T\u00e4t\u00e4 sivustoa suojaa reCAPTCHA ja Google <a href=\"https:\/\/policies.google.com\/privacy\">Tietosuojak\u00e4yt\u00e4nt\u00f6<\/a> ja <a href=\"https:\/\/policies.google.com\/terms\">Palveluehdot<\/a> hae.\n\t\t<\/p>\n\t<\/div>\n<\/div><div class=\"wpcf7-response-output\" aria-hidden=\"true\"><\/div>\n<input type=\"hidden\" name=\"trp-form-language\" value=\"fi\"\/><\/form>\n<\/div>\n\n<\/div><\/div>\n\n\n\n<div class=\"wp-block-columns no-gutter-cols contact-info is-layout-flex wp-container-core-columns-is-layout-28f84493 wp-block-columns-is-layout-flex\">\n<div class=\"wp-block-column bg-orange contact-address is-layout-flow wp-block-column-is-layout-flow\">\n<p>Hedelm\u00e4tila<br>Zbigniew Pietrzycki<br>Branches 92, 05-660 Warka<\/p>\n<\/div>\n\n\n\n<div class=\"wp-block-column bg-yellow contact-mail is-layout-flow wp-block-column-is-layout-flow\">\n<p><a href=\"mailto:sales@naszatlocznia.pl\">sales@naszatlocznia.pl<\/a><\/p>\n<\/div>\n\n\n\n<div class=\"wp-block-column bg-green contact-phone is-layout-flow wp-block-column-is-layout-flow\">\n<p>+48 600 100 478<\/p>\n<\/div>\n<\/div>\n\n\n\n<div class=\"wp-block-greenshift-blocks-row alignfull gspb_row gspb_row-id-gsbp-f9d7bd6\" id=\"gspb_row-id-gsbp-f9d7bd6\">\n\n<div class=\"wp-block-greenshift-blocks-row-column gspb_row__col--6 gspb_col-id-gsbp-7330155\" id=\"gspb_col-id-gsbp-7330155\">\n\n<iframe src=\"https:\/\/www.google.com\/maps\/embed?pb=!1m14!1m8!1m3!1d5044579.489124066!2d16.60807997315271!3d51.87604400000001!3m2!1i1024!2i768!4f13.1!3m3!1m2!1s0x4718deba03f877a3%3A0xf3ccc4427ca228de!2sKonary%2092%2C%2005-660%20Warka!5e0!3m2!1spl!2spl!4v1725456059077!5m2!1spl!2spl\" width=\"1800\" height=\"450\" style=\"border:0;\" allowfullscreen=\"\" loading=\"lazy\" referrerpolicy=\"no-referrer-when-downgrade\"><\/iframe>\n\n<\/div>\n\n<\/div>","protected":false},"excerpt":{"rendered":"<p>Fruit FarmZbigniew PietrzyckiKonary 92, 05-660 Warka sales@naszatlocznia.pl +48 600 100 478<\/p>","protected":false},"author":1,"featured_media":0,"parent":0,"menu_order":0,"comment_status":"closed","ping_status":"closed","template":"","meta":{"footnotes":""},"class_list":["post-196","page","type-page","status-publish","hentry"],"yoast_head":"<!-- This site is optimized with the Yoast SEO plugin v24.9 - https:\/\/yoast.com\/wordpress\/plugins\/seo\/ -->\n<title>Kontakt - nfc-juices<\/title>\n<meta name=\"robots\" content=\"index, follow, max-snippet:-1, max-image-preview:large, max-video-preview:-1\" \/>\n<link rel=\"canonical\" href=\"https:\/\/nfcjuices.com\/fi\/yhteyshenkilo-2\/\" \/>\n<meta property=\"og:locale\" content=\"fi_FI\" \/>\n<meta property=\"og:type\" content=\"article\" \/>\n<meta property=\"og:title\" content=\"Kontakt - nfc-juices\" \/>\n<meta property=\"og:description\" content=\"Gospodarstwo SadowniczeZbigniew PietrzyckiKonary 92, 05-660 Warka sales@naszatlocznia.pl +48 600 100 478\" \/>\n<meta property=\"og:url\" content=\"https:\/\/nfcjuices.com\/fi\/yhteyshenkilo-2\/\" \/>\n<meta property=\"og:site_name\" content=\"nfc-juices\" \/>\n<meta property=\"article:modified_time\" content=\"2025-04-14T13:25:35+00:00\" \/>\n<meta property=\"og:image\" content=\"https:\/\/naszatlocznia.pl\/wp-content\/uploads\/2021\/05\/contact.png\" \/>\n<meta name=\"twitter:card\" content=\"summary_large_image\" \/>\n<meta name=\"twitter:label1\" content=\"Arvioitu lukuaika\" \/>\n\t<meta name=\"twitter:data1\" content=\"1 minuutti\" \/>\n<script type=\"application\/ld+json\" class=\"yoast-schema-graph\">{\"@context\":\"https:\/\/schema.org\",\"@graph\":[{\"@type\":\"WebPage\",\"@id\":\"https:\/\/nfcjuices.com\/kontakt-2\/\",\"url\":\"https:\/\/nfcjuices.com\/kontakt-2\/\",\"name\":\"Kontakt - nfc-juices\",\"isPartOf\":{\"@id\":\"https:\/\/nfcjuices.com\/#website\"},\"primaryImageOfPage\":{\"@id\":\"https:\/\/nfcjuices.com\/kontakt-2\/#primaryimage\"},\"image\":{\"@id\":\"https:\/\/nfcjuices.com\/kontakt-2\/#primaryimage\"},\"thumbnailUrl\":\"https:\/\/naszatlocznia.pl\/wp-content\/uploads\/2021\/05\/contact.png\",\"datePublished\":\"2025-03-12T14:20:59+00:00\",\"dateModified\":\"2025-04-14T13:25:35+00:00\",\"breadcrumb\":{\"@id\":\"https:\/\/nfcjuices.com\/kontakt-2\/#breadcrumb\"},\"inLanguage\":\"fi\",\"potentialAction\":[{\"@type\":\"ReadAction\",\"target\":[\"https:\/\/nfcjuices.com\/kontakt-2\/\"]}]},{\"@type\":\"ImageObject\",\"inLanguage\":\"fi\",\"@id\":\"https:\/\/nfcjuices.com\/kontakt-2\/#primaryimage\",\"url\":\"https:\/\/naszatlocznia.pl\/wp-content\/uploads\/2021\/05\/contact.png\",\"contentUrl\":\"https:\/\/naszatlocznia.pl\/wp-content\/uploads\/2021\/05\/contact.png\"},{\"@type\":\"BreadcrumbList\",\"@id\":\"https:\/\/nfcjuices.com\/kontakt-2\/#breadcrumb\",\"itemListElement\":[{\"@type\":\"ListItem\",\"position\":1,\"name\":\"Strona g\u0142\u00f3wna\",\"item\":\"https:\/\/nfcjuices.com\/\"},{\"@type\":\"ListItem\",\"position\":2,\"name\":\"Kontakt\"}]},{\"@type\":\"WebSite\",\"@id\":\"https:\/\/nfcjuices.com\/#website\",\"url\":\"https:\/\/nfcjuices.com\/\",\"name\":\"nfc-juices\",\"description\":\"Soki, przeciery, musy NFC w beczkach\",\"publisher\":{\"@id\":\"https:\/\/nfcjuices.com\/#organization\"},\"potentialAction\":[{\"@type\":\"SearchAction\",\"target\":{\"@type\":\"EntryPoint\",\"urlTemplate\":\"https:\/\/nfcjuices.com\/?s={search_term_string}\"},\"query-input\":{\"@type\":\"PropertyValueSpecification\",\"valueRequired\":true,\"valueName\":\"search_term_string\"}}],\"inLanguage\":\"fi\"},{\"@type\":\"Organization\",\"@id\":\"https:\/\/nfcjuices.com\/#organization\",\"name\":\"Nasza T\u0142ocznia\",\"url\":\"https:\/\/nfcjuices.com\/\",\"logo\":{\"@type\":\"ImageObject\",\"inLanguage\":\"fi\",\"@id\":\"https:\/\/nfcjuices.com\/#\/schema\/logo\/image\/\",\"url\":\"https:\/\/nfcjuices.com\/wp-content\/uploads\/2025\/05\/cropped-B2b-1.png\",\"contentUrl\":\"https:\/\/nfcjuices.com\/wp-content\/uploads\/2025\/05\/cropped-B2b-1.png\",\"width\":1199,\"height\":999,\"caption\":\"Nasza T\u0142ocznia\"},\"image\":{\"@id\":\"https:\/\/nfcjuices.com\/#\/schema\/logo\/image\/\"}}]}<\/script>\n<!-- \/ Yoast SEO plugin. -->","yoast_head_json":{"title":"Yhteystiedot - nfc-juices","robots":{"index":"index","follow":"follow","max-snippet":"max-snippet:-1","max-image-preview":"max-image-preview:large","max-video-preview":"max-video-preview:-1"},"canonical":"https:\/\/nfcjuices.com\/fi\/yhteyshenkilo-2\/","og_locale":"fi_FI","og_type":"article","og_title":"Kontakt - nfc-juices","og_description":"Gospodarstwo SadowniczeZbigniew PietrzyckiKonary 92, 05-660 Warka sales@naszatlocznia.pl +48 600 100 478","og_url":"https:\/\/nfcjuices.com\/fi\/yhteyshenkilo-2\/","og_site_name":"nfc-juices","article_modified_time":"2025-04-14T13:25:35+00:00","og_image":[{"url":"https:\/\/naszatlocznia.pl\/wp-content\/uploads\/2021\/05\/contact.png","type":"","width":"","height":""}],"twitter_card":"summary_large_image","twitter_misc":{"Arvioitu lukuaika":"1 minuutti"},"schema":{"@context":"https:\/\/schema.org","@graph":[{"@type":"WebPage","@id":"https:\/\/nfcjuices.com\/kontakt-2\/","url":"https:\/\/nfcjuices.com\/kontakt-2\/","name":"Yhteystiedot - nfc-juices","isPartOf":{"@id":"https:\/\/nfcjuices.com\/#website"},"primaryImageOfPage":{"@id":"https:\/\/nfcjuices.com\/kontakt-2\/#primaryimage"},"image":{"@id":"https:\/\/nfcjuices.com\/kontakt-2\/#primaryimage"},"thumbnailUrl":"https:\/\/naszatlocznia.pl\/wp-content\/uploads\/2021\/05\/contact.png","datePublished":"2025-03-12T14:20:59+00:00","dateModified":"2025-04-14T13:25:35+00:00","breadcrumb":{"@id":"https:\/\/nfcjuices.com\/kontakt-2\/#breadcrumb"},"inLanguage":"fi","potentialAction":[{"@type":"ReadAction","target":["https:\/\/nfcjuices.com\/kontakt-2\/"]}]},{"@type":"ImageObject","inLanguage":"fi","@id":"https:\/\/nfcjuices.com\/kontakt-2\/#primaryimage","url":"https:\/\/naszatlocznia.pl\/wp-content\/uploads\/2021\/05\/contact.png","contentUrl":"https:\/\/naszatlocznia.pl\/wp-content\/uploads\/2021\/05\/contact.png"},{"@type":"BreadcrumbList","@id":"https:\/\/nfcjuices.com\/kontakt-2\/#breadcrumb","itemListElement":[{"@type":"ListItem","position":1,"name":"Strona g\u0142\u00f3wna","item":"https:\/\/nfcjuices.com\/"},{"@type":"ListItem","position":2,"name":"Kontakt"}]},{"@type":"WebSite","@id":"https:\/\/nfcjuices.com\/#website","url":"https:\/\/nfcjuices.com\/","name":"nfc-mehut","description":"Mehut, soseet, NFC-vaahdot tynnyreiss\u00e4","publisher":{"@id":"https:\/\/nfcjuices.com\/#organization"},"potentialAction":[{"@type":"SearchAction","target":{"@type":"EntryPoint","urlTemplate":"https:\/\/nfcjuices.com\/?s={search_term_string}"},"query-input":{"@type":"PropertyValueSpecification","valueRequired":true,"valueName":"search_term_string"}}],"inLanguage":"fi"},{"@type":"Organization","@id":"https:\/\/nfcjuices.com\/#organization","name":"Puristuslaitoksemme","url":"https:\/\/nfcjuices.com\/","logo":{"@type":"ImageObject","inLanguage":"fi","@id":"https:\/\/nfcjuices.com\/#\/schema\/logo\/image\/","url":"https:\/\/nfcjuices.com\/wp-content\/uploads\/2025\/05\/cropped-B2b-1.png","contentUrl":"https:\/\/nfcjuices.com\/wp-content\/uploads\/2025\/05\/cropped-B2b-1.png","width":1199,"height":999,"caption":"Nasza T\u0142ocznia"},"image":{"@id":"https:\/\/nfcjuices.com\/#\/schema\/logo\/image\/"}}]}},"_links":{"self":[{"href":"https:\/\/nfcjuices.com\/fi\/wp-json\/wp\/v2\/pages\/196","targetHints":{"allow":["GET"]}}],"collection":[{"href":"https:\/\/nfcjuices.com\/fi\/wp-json\/wp\/v2\/pages"}],"about":[{"href":"https:\/\/nfcjuices.com\/fi\/wp-json\/wp\/v2\/types\/page"}],"author":[{"embeddable":true,"href":"https:\/\/nfcjuices.com\/fi\/wp-json\/wp\/v2\/users\/1"}],"replies":[{"embeddable":true,"href":"https:\/\/nfcjuices.com\/fi\/wp-json\/wp\/v2\/comments?post=196"}],"version-history":[{"count":4,"href":"https:\/\/nfcjuices.com\/fi\/wp-json\/wp\/v2\/pages\/196\/revisions"}],"predecessor-version":[{"id":936,"href":"https:\/\/nfcjuices.com\/fi\/wp-json\/wp\/v2\/pages\/196\/revisions\/936"}],"wp:attachment":[{"href":"https:\/\/nfcjuices.com\/fi\/wp-json\/wp\/v2\/media?parent=196"}],"curies":[{"name":"wp","href":"https:\/\/api.w.org\/{rel}","templated":true}]}}