{"id":194,"date":"2025-03-12T15:13:29","date_gmt":"2025-03-12T14:13:29","guid":{"rendered":"https:\/\/nfcjuices.com\/?page_id=194"},"modified":"2025-04-15T10:18:10","modified_gmt":"2025-04-15T08:18:10","slug":"meista","status":"publish","type":"page","link":"https:\/\/nfcjuices.com\/fi\/o-nas\/","title":{"rendered":"Tietoja meist\u00e4"},"content":{"rendered":"<h2 class=\"wp-block-heading has-text-align-center\" id=\"nasza-tlocznia-soki-z-serca-polskiego-sadownictwa\">MEID\u00c4N PURISTOIMME \u2013 MEHUJA PUOLAISEN HEDELM\u00c4TARHAN VILJELYN SYD\u00c4MEST\u00c4.<\/h2>\n\n\n\n<div class=\"wp-block-columns is-layout-flex wp-container-core-columns-is-layout-28f84493 wp-block-columns-is-layout-flex\">\n<div class=\"wp-block-column is-layout-flow wp-block-column-is-layout-flow\">\n<p>Lehdist\u00f6mme sai alkunsa perheen hedelm\u00e4tilalta.&nbsp;<strong>Olemme kasvattaneet omenapuita sukupolvien ajan,<\/strong>&nbsp;ja asuinalueemme ovat Puolan hedelm\u00e4nviljelyn syd\u00e4n. Juuri t\u00e4\u00e4ll\u00e4 Konaryssa kasvatettiin joitakin ensimm\u00e4isist\u00e4 omenapuista yli 400 vuotta sitten. Jalostamme ker\u00e4\u00e4m\u00e4mme hedelm\u00e4t&nbsp;<strong>tuoreet ja terveelliset tuotteet<\/strong>. Aloitimme pienest\u00e4 \u2013 yksitt\u00e4isist\u00e4 lasillisista mehua. Kun pr\u00e4ss\u00e4ysprosessi oli hiottu t\u00e4ydelliseksi ja olimme varmoja, ett\u00e4 pystyisimme tarjoamaan asiakkaillemme parasta, perustettiin Nasza T\u0142ocznia. Tuotantomme ei ole massatuotantoa, joten intohimolla valmistamamme mehut ja hedelm\u00e4t ovat t\u00e4ysin jalostettuja ja valikoituja.<\/p>\n<\/div>\n\n\n\n<div class=\"wp-block-column is-layout-flow wp-block-column-is-layout-flow\">\n<p><strong>Asetamme laadun etusijalle. Sanomme &quot;ei&quot; sokereille, s\u00e4il\u00f6nt\u00e4aineille ja keinotekoisille vitamiineille.<\/strong>&nbsp;K\u00e4yt\u00e4mme perinteisi\u00e4 menetelmi\u00e4, mik\u00e4 tarkoittaa, ett\u00e4 mehumme eiv\u00e4t menet\u00e4 arvokasta ravintoarvoaan tuotantoprosessin aikana. Omenapuiden kasvattamisesta hedelmien poimimiseen ja puristamiseen, huolehdimme siit\u00e4, ett\u00e4 markkinoille toimitetaan korkealaatuisia tuotteita.<\/p>\n\n\n\n<p>Nasza T\u0142ocznian tavoite on yksi, ja se sis\u00e4ltyy mehupulloon: haluamme antaa sinulle sen, mik\u00e4 on arvokkainta \u2013&nbsp;<strong>terveytt\u00e4 luonnollisessa muodossa<\/strong>. Uskomme, ett\u00e4 valitsemalla Nasza T\u0142ocznia -tuotteet voit paremmin. Se on yksinkertaista!<\/p>\n<\/div>\n<\/div>\n\n\n\n<p class=\"has-text-align-center adv-box\"><\/p>\n\n\n\n<figure class=\"wp-block-gallery has-nested-images columns-4 is-cropped wp-block-gallery-1 is-layout-flex wp-block-gallery-is-layout-flex\">\n<figure class=\"wp-block-image size-large\"><a href=\"https:\/\/naszatlocznia.pl\/wp-content\/uploads\/2022\/01\/IMG_2581.jpeg\"><img decoding=\"async\" data-id=\"1035\" src=\"https:\/\/naszatlocznia.pl\/wp-content\/uploads\/2022\/01\/IMG_2581-768x1024.jpeg\" alt=\"\" class=\"wp-image-1035\"\/><\/a><\/figure>\n\n\n\n<figure class=\"wp-block-image size-large\"><a href=\"https:\/\/naszatlocznia.pl\/wp-content\/uploads\/2022\/01\/IMG_6047.jpeg\"><img decoding=\"async\" data-id=\"1036\" src=\"https:\/\/naszatlocznia.pl\/wp-content\/uploads\/2022\/01\/IMG_6047-768x1024.jpeg\" alt=\"\" class=\"wp-image-1036\"\/><\/a><\/figure>\n\n\n\n<figure class=\"wp-block-image size-large\"><a href=\"https:\/\/naszatlocznia.pl\/wp-content\/uploads\/2022\/01\/8E0492CE-10E4-4849-BBC1-15329065E955.jpeg\"><img decoding=\"async\" data-id=\"1040\" src=\"https:\/\/naszatlocznia.pl\/wp-content\/uploads\/2022\/01\/8E0492CE-10E4-4849-BBC1-15329065E955-1024x1024.jpeg\" alt=\"\" class=\"wp-image-1040\"\/><\/a><\/figure>\n\n\n\n<figure class=\"wp-block-image size-large\"><a href=\"https:\/\/naszatlocznia.pl\/wp-content\/uploads\/2022\/01\/CRZE9528.jpg\"><img decoding=\"async\" data-id=\"1041\" src=\"https:\/\/naszatlocznia.pl\/wp-content\/uploads\/2022\/01\/CRZE9528-1024x683.jpg\" alt=\"\" class=\"wp-image-1041\"\/><\/a><\/figure>\n\n\n\n<figure class=\"wp-block-image size-large\"><a href=\"https:\/\/naszatlocznia.pl\/wp-content\/uploads\/2022\/01\/B6CBED35-B32A-4F72-BB60-9985391C99AC.jpeg\"><img decoding=\"async\" data-id=\"1044\" src=\"https:\/\/naszatlocznia.pl\/wp-content\/uploads\/2022\/01\/B6CBED35-B32A-4F72-BB60-9985391C99AC-1024x1024.jpeg\" alt=\"\" class=\"wp-image-1044\"\/><\/a><\/figure>\n\n\n\n<figure class=\"wp-block-image size-large\"><a href=\"https:\/\/naszatlocznia.pl\/wp-content\/uploads\/2022\/01\/IMG_3539.jpeg\"><img decoding=\"async\" data-id=\"1046\" src=\"https:\/\/naszatlocznia.pl\/wp-content\/uploads\/2022\/01\/IMG_3539.jpeg\" alt=\"\" class=\"wp-image-1046\"\/><\/a><\/figure>\n\n\n\n<figure class=\"wp-block-image size-large\"><a href=\"https:\/\/naszatlocznia.pl\/wp-content\/uploads\/2022\/01\/IMG_7387.jpeg\"><img decoding=\"async\" data-id=\"1052\" src=\"https:\/\/naszatlocznia.pl\/wp-content\/uploads\/2022\/01\/IMG_7387.jpeg\" alt=\"\" class=\"wp-image-1052\"\/><\/a><\/figure>\n<\/figure>\n\n\n\n<p><\/p>\n\n\n\n<h2 class=\"wp-block-heading has-text-align-center has-normal-font-size\">Ole EKO kanssamme!<\/h2>\n\n\n\n<div class=\"wp-block-columns is-layout-flex wp-container-core-columns-is-layout-28f84493 wp-block-columns-is-layout-flex\">\n<div class=\"wp-block-column is-layout-flow wp-block-column-is-layout-flow\" style=\"flex-basis:100%\">\n<p class=\"has-normal-font-size\"><\/p>\n\n\n\n<div class=\"wp-block-columns is-layout-flex wp-container-core-columns-is-layout-28f84493 wp-block-columns-is-layout-flex\">\n<div class=\"wp-block-column is-layout-flow wp-block-column-is-layout-flow\">\n<p>Lehdist\u00f6ss\u00e4mme pid\u00e4mme toimimista eritt\u00e4in t\u00e4rke\u00e4n\u00e4 <strong>sopusoinnussa luonnon kanssa<\/strong>. Emme k\u00e4yt\u00e4 tuotannossamme kemikaaleja tai haitallisia kasvinsuojeluaineita, mist\u00e4 osoituksena ovat sek\u00e4 hedelm\u00e4- ett\u00e4 mehutuotannollemme my\u00f6nnetyt ekologiset sertifikaatit. Puristamomme on sertifiointilaitoksen PL-EKO Biocert Ma\u0142opolskan valvonnassa.<\/p>\n<\/div>\n\n\n\n<div class=\"wp-block-column is-layout-flow wp-block-column-is-layout-flow\">\n<p class=\"has-normal-font-size\"><strong>Ekologia <\/strong>on meille eritt\u00e4in t\u00e4rke\u00e4\u00e4 ty\u00f6mme kaikilla osa-alueilla \u2013 ei vain hedelmien ja mehujen tuotannossa, vaan my\u00f6s tilaustesi pakkaamisessa ja valmistuksessa. L\u00e4hetyksemme pakataan 100%-muoviin k\u00e4ytt\u00e4en ymp\u00e4rist\u00f6yst\u00e4v\u00e4llisi\u00e4 t\u00e4yteaineita ja pakkauksia. <strong>Emme k\u00e4yt\u00e4 foliota tai muovia<\/strong>tai roskia pakettiemme t\u00e4ytt\u00e4miseen. Todistamme, ett\u00e4 jopa herk\u00e4t tuotteet, kuten mehut, voidaan suojata k\u00e4ytt\u00e4m\u00e4ll\u00e4 vain ekologisia ratkaisuja. K\u00e4ytt\u00e4m\u00e4mme paperi on saanut Blue Angel -sertifikaatin \u2013 maailman vanhimman ja tunnetuimman, ja se my\u00f6nt\u00e4\u00e4 tuotteille erityisen laadukkaita tuotteita. <strong>ymp\u00e4rist\u00f6yst\u00e4v\u00e4llinen<\/strong>.  <\/p>\n<\/div>\n<\/div>\n<\/div>\n<\/div>\n\n\n\n<p class=\"has-text-align-center has-normal-font-size\">Pid\u00e4 huolta luonnosta kanssamme! <\/p>\n\n\n\n<div class=\"wp-block-columns is-layout-flex wp-container-core-columns-is-layout-28f84493 wp-block-columns-is-layout-flex\">\n<div class=\"wp-block-column is-layout-flow wp-block-column-is-layout-flow\" style=\"flex-basis:100%\">\n<div class=\"wp-block-columns is-layout-flex wp-container-core-columns-is-layout-28f84493 wp-block-columns-is-layout-flex\">\n<div class=\"wp-block-column is-layout-flow wp-block-column-is-layout-flow\" style=\"flex-basis:100%\">\n<div class=\"wp-block-group\"><div class=\"wp-block-group__inner-container is-layout-constrained wp-block-group-is-layout-constrained\">\n<div class=\"wp-block-columns is-layout-flex wp-container-core-columns-is-layout-28f84493 wp-block-columns-is-layout-flex\">\n<div class=\"wp-block-column is-layout-flow wp-block-column-is-layout-flow\" style=\"flex-basis:100%\">\n<div class=\"wp-block-columns is-layout-flex wp-container-core-columns-is-layout-28f84493 wp-block-columns-is-layout-flex\">\n<div class=\"wp-block-column is-layout-flow wp-block-column-is-layout-flow\" style=\"flex-basis:100%\">\n<div class=\"wp-block-group alignfull\"><div class=\"wp-block-group__inner-container is-layout-constrained wp-block-group-is-layout-constrained\">\n<div class=\"wp-block-columns is-layout-flex wp-container-core-columns-is-layout-28f84493 wp-block-columns-is-layout-flex\">\n<div class=\"wp-block-column is-layout-flow wp-block-column-is-layout-flow\">\n<div data-wp-interactive=\"core\/file\" class=\"wp-block-file\"><object data-wp-bind--hidden=\"!state.hasPdfPreview\" hidden class=\"wp-block-file__embed\" data=\"https:\/\/naszatlocznia.pl\/wp-content\/uploads\/2023\/02\/10412_U-1.pdf\" type=\"application\/pdf\" style=\"width:100%;height:600px\" aria-label=\"Tiedoston 10412_U-1 upotus.\"><\/object><a id=\"wp-block-file--media-6611c9e2-7649-4c37-8789-be3d92c41496\" href=\"https:\/\/naszatlocznia.pl\/wp-content\/uploads\/2023\/02\/10412_U-1.pdf\">10412_U-1<\/a><a href=\"https:\/\/naszatlocznia.pl\/wp-content\/uploads\/2023\/02\/10412_U-1.pdf\" class=\"wp-block-file__button wp-element-button\" download aria-describedby=\"wp-block-file--media-6611c9e2-7649-4c37-8789-be3d92c41496\">Lataa<\/a><\/div>\n<\/div>\n\n\n\n<div class=\"wp-block-column is-layout-flow wp-block-column-is-layout-flow\">\n<div data-wp-interactive=\"core\/file\" class=\"wp-block-file\"><object data-wp-bind--hidden=\"!state.hasPdfPreview\" hidden class=\"wp-block-file__embed\" data=\"https:\/\/naszatlocznia.pl\/wp-content\/uploads\/2023\/02\/C_5998-P-22-1.pdf\" type=\"application\/pdf\" style=\"width:100%;height:600px\" aria-label=\"Tiedoston C_5998-P-22-1 upotus.\"><\/object><a id=\"wp-block-file--media-f3b85fbb-f55f-4cf4-b87e-349945c4e592\" href=\"https:\/\/naszatlocznia.pl\/wp-content\/uploads\/2023\/02\/C_5998-P-22-1.pdf\">C_5998-P-22-1<\/a><a href=\"https:\/\/naszatlocznia.pl\/wp-content\/uploads\/2023\/02\/C_5998-P-22-1.pdf\" class=\"wp-block-file__button wp-element-button\" download aria-describedby=\"wp-block-file--media-f3b85fbb-f55f-4cf4-b87e-349945c4e592\">Lataa<\/a><\/div>\n<\/div>\n\n\n\n<div class=\"wp-block-column is-layout-flow wp-block-column-is-layout-flow\">\n<div data-wp-interactive=\"core\/file\" class=\"wp-block-file\"><object data-wp-bind--hidden=\"!state.hasPdfPreview\" hidden class=\"wp-block-file__embed\" data=\"https:\/\/naszatlocznia.pl\/wp-content\/uploads\/2023\/02\/Blue_Angel.pdf\" type=\"application\/pdf\" style=\"width:100%;height:600px\" aria-label=\"Tiedoston Blue_Angel upotus.\"><\/object><a id=\"wp-block-file--media-20fd3c80-eb14-40e3-9223-eb38740e0bf1\" href=\"https:\/\/naszatlocznia.pl\/wp-content\/uploads\/2023\/02\/Blue_Angel.pdf\">Sininen_Enkeli<\/a><a href=\"https:\/\/naszatlocznia.pl\/wp-content\/uploads\/2023\/02\/Blue_Angel.pdf\" class=\"wp-block-file__button wp-element-button\" download aria-describedby=\"wp-block-file--media-20fd3c80-eb14-40e3-9223-eb38740e0bf1\">Lataa<\/a><\/div>\n<\/div>\n<\/div>\n<\/div><\/div>\n<\/div>\n<\/div>\n<\/div>\n<\/div>\n<\/div><\/div>\n<\/div>\n<\/div>\n<\/div>\n<\/div>","protected":false},"excerpt":{"rendered":"<p>NASZA T\u0141OCZNIA \u2013 SOKI Z SERCA POLSKIEGO SADOWNICTWA. Nasza T\u0142ocznia narodzi\u0142a si\u0119 z&nbsp;rodzinnego gospodarstwa sadowniczego.&nbsp;Od pokole\u0144 zajmujemy si\u0119 upraw\u0105 jab\u0142oni,&nbsp;a&nbsp;tereny, kt\u00f3re zamieszkujemy to serce polskiego sadownictwa. W\u0142a\u015bnie u&nbsp;nas, w&nbsp;Konarach, jedne z&nbsp;pierwszych jab\u0142oni uprawiano ju\u017c ponad 400 lat temu. Zbierane przez nas owoce przetwarzamy na&nbsp;\u015bwie\u017ce i&nbsp;zdrowe produkty. Zaczynali\u015bmy ma\u0142ymi krokami \u2013 od pojedynczych szklanek soku. Kiedy [&hellip;]<\/p>\n","protected":false},"author":1,"featured_media":0,"parent":0,"menu_order":0,"comment_status":"closed","ping_status":"closed","template":"","meta":{"footnotes":""},"class_list":["post-194","page","type-page","status-publish","hentry"],"yoast_head":"<!-- This site is optimized with the Yoast SEO plugin v24.9 - https:\/\/yoast.com\/wordpress\/plugins\/seo\/ -->\n<title>O nas - nfc-juices<\/title>\n<meta name=\"robots\" content=\"index, follow, max-snippet:-1, max-image-preview:large, max-video-preview:-1\" \/>\n<link rel=\"canonical\" href=\"https:\/\/nfcjuices.com\/fi\/meista\/\" \/>\n<meta property=\"og:locale\" content=\"fi_FI\" \/>\n<meta property=\"og:type\" content=\"article\" \/>\n<meta property=\"og:title\" content=\"O nas - nfc-juices\" \/>\n<meta property=\"og:description\" content=\"NASZA T\u0141OCZNIA \u2013 SOKI Z SERCA POLSKIEGO SADOWNICTWA. Nasza T\u0142ocznia narodzi\u0142a si\u0119 z&nbsp;rodzinnego gospodarstwa sadowniczego.&nbsp;Od pokole\u0144 zajmujemy si\u0119 upraw\u0105 jab\u0142oni,&nbsp;a&nbsp;tereny, kt\u00f3re zamieszkujemy to serce polskiego sadownictwa. W\u0142a\u015bnie u&nbsp;nas, w&nbsp;Konarach, jedne z&nbsp;pierwszych jab\u0142oni uprawiano ju\u017c ponad 400 lat temu. Zbierane przez nas owoce przetwarzamy na&nbsp;\u015bwie\u017ce i&nbsp;zdrowe produkty. Zaczynali\u015bmy ma\u0142ymi krokami \u2013 od pojedynczych szklanek soku. Kiedy [&hellip;]\" \/>\n<meta property=\"og:url\" content=\"https:\/\/nfcjuices.com\/fi\/meista\/\" \/>\n<meta property=\"og:site_name\" content=\"nfc-juices\" \/>\n<meta property=\"article:modified_time\" content=\"2025-04-15T08:18:10+00:00\" \/>\n<meta property=\"og:image\" content=\"https:\/\/naszatlocznia.pl\/wp-content\/uploads\/2022\/01\/IMG_2581-768x1024.jpeg\" \/>\n<meta name=\"twitter:card\" content=\"summary_large_image\" \/>\n<meta name=\"twitter:label1\" content=\"Arvioitu lukuaika\" \/>\n\t<meta name=\"twitter:data1\" content=\"4 minuuttia\" \/>\n<script type=\"application\/ld+json\" class=\"yoast-schema-graph\">{\"@context\":\"https:\/\/schema.org\",\"@graph\":[{\"@type\":\"WebPage\",\"@id\":\"https:\/\/nfcjuices.com\/o-nas\/\",\"url\":\"https:\/\/nfcjuices.com\/o-nas\/\",\"name\":\"O nas - nfc-juices\",\"isPartOf\":{\"@id\":\"https:\/\/nfcjuices.com\/#website\"},\"primaryImageOfPage\":{\"@id\":\"https:\/\/nfcjuices.com\/o-nas\/#primaryimage\"},\"image\":{\"@id\":\"https:\/\/nfcjuices.com\/o-nas\/#primaryimage\"},\"thumbnailUrl\":\"https:\/\/naszatlocznia.pl\/wp-content\/uploads\/2022\/01\/IMG_2581-768x1024.jpeg\",\"datePublished\":\"2025-03-12T14:13:29+00:00\",\"dateModified\":\"2025-04-15T08:18:10+00:00\",\"breadcrumb\":{\"@id\":\"https:\/\/nfcjuices.com\/o-nas\/#breadcrumb\"},\"inLanguage\":\"fi\",\"potentialAction\":[{\"@type\":\"ReadAction\",\"target\":[\"https:\/\/nfcjuices.com\/o-nas\/\"]}]},{\"@type\":\"ImageObject\",\"inLanguage\":\"fi\",\"@id\":\"https:\/\/nfcjuices.com\/o-nas\/#primaryimage\",\"url\":\"https:\/\/naszatlocznia.pl\/wp-content\/uploads\/2022\/01\/IMG_2581-768x1024.jpeg\",\"contentUrl\":\"https:\/\/naszatlocznia.pl\/wp-content\/uploads\/2022\/01\/IMG_2581-768x1024.jpeg\"},{\"@type\":\"BreadcrumbList\",\"@id\":\"https:\/\/nfcjuices.com\/o-nas\/#breadcrumb\",\"itemListElement\":[{\"@type\":\"ListItem\",\"position\":1,\"name\":\"Strona g\u0142\u00f3wna\",\"item\":\"https:\/\/nfcjuices.com\/\"},{\"@type\":\"ListItem\",\"position\":2,\"name\":\"O nas\"}]},{\"@type\":\"WebSite\",\"@id\":\"https:\/\/nfcjuices.com\/#website\",\"url\":\"https:\/\/nfcjuices.com\/\",\"name\":\"nfc-juices\",\"description\":\"Soki, przeciery, musy NFC w beczkach\",\"publisher\":{\"@id\":\"https:\/\/nfcjuices.com\/#organization\"},\"potentialAction\":[{\"@type\":\"SearchAction\",\"target\":{\"@type\":\"EntryPoint\",\"urlTemplate\":\"https:\/\/nfcjuices.com\/?s={search_term_string}\"},\"query-input\":{\"@type\":\"PropertyValueSpecification\",\"valueRequired\":true,\"valueName\":\"search_term_string\"}}],\"inLanguage\":\"fi\"},{\"@type\":\"Organization\",\"@id\":\"https:\/\/nfcjuices.com\/#organization\",\"name\":\"Nasza T\u0142ocznia\",\"url\":\"https:\/\/nfcjuices.com\/\",\"logo\":{\"@type\":\"ImageObject\",\"inLanguage\":\"fi\",\"@id\":\"https:\/\/nfcjuices.com\/#\/schema\/logo\/image\/\",\"url\":\"https:\/\/nfcjuices.com\/wp-content\/uploads\/2025\/05\/cropped-B2b-1.png\",\"contentUrl\":\"https:\/\/nfcjuices.com\/wp-content\/uploads\/2025\/05\/cropped-B2b-1.png\",\"width\":1199,\"height\":999,\"caption\":\"Nasza T\u0142ocznia\"},\"image\":{\"@id\":\"https:\/\/nfcjuices.com\/#\/schema\/logo\/image\/\"}}]}<\/script>\n<!-- \/ Yoast SEO plugin. -->","yoast_head_json":{"title":"Tietoja meist\u00e4 - nfc-juices","robots":{"index":"index","follow":"follow","max-snippet":"max-snippet:-1","max-image-preview":"max-image-preview:large","max-video-preview":"max-video-preview:-1"},"canonical":"https:\/\/nfcjuices.com\/fi\/meista\/","og_locale":"fi_FI","og_type":"article","og_title":"O nas - nfc-juices","og_description":"NASZA T\u0141OCZNIA \u2013 SOKI Z SERCA POLSKIEGO SADOWNICTWA. Nasza T\u0142ocznia narodzi\u0142a si\u0119 z&nbsp;rodzinnego gospodarstwa sadowniczego.&nbsp;Od pokole\u0144 zajmujemy si\u0119 upraw\u0105 jab\u0142oni,&nbsp;a&nbsp;tereny, kt\u00f3re zamieszkujemy to serce polskiego sadownictwa. W\u0142a\u015bnie u&nbsp;nas, w&nbsp;Konarach, jedne z&nbsp;pierwszych jab\u0142oni uprawiano ju\u017c ponad 400 lat temu. Zbierane przez nas owoce przetwarzamy na&nbsp;\u015bwie\u017ce i&nbsp;zdrowe produkty. Zaczynali\u015bmy ma\u0142ymi krokami \u2013 od pojedynczych szklanek soku. Kiedy [&hellip;]","og_url":"https:\/\/nfcjuices.com\/fi\/meista\/","og_site_name":"nfc-juices","article_modified_time":"2025-04-15T08:18:10+00:00","og_image":[{"url":"https:\/\/naszatlocznia.pl\/wp-content\/uploads\/2022\/01\/IMG_2581-768x1024.jpeg","type":"","width":"","height":""}],"twitter_card":"summary_large_image","twitter_misc":{"Arvioitu lukuaika":"4 minuuttia"},"schema":{"@context":"https:\/\/schema.org","@graph":[{"@type":"WebPage","@id":"https:\/\/nfcjuices.com\/o-nas\/","url":"https:\/\/nfcjuices.com\/o-nas\/","name":"Tietoja meist\u00e4 - nfc-juices","isPartOf":{"@id":"https:\/\/nfcjuices.com\/#website"},"primaryImageOfPage":{"@id":"https:\/\/nfcjuices.com\/o-nas\/#primaryimage"},"image":{"@id":"https:\/\/nfcjuices.com\/o-nas\/#primaryimage"},"thumbnailUrl":"https:\/\/naszatlocznia.pl\/wp-content\/uploads\/2022\/01\/IMG_2581-768x1024.jpeg","datePublished":"2025-03-12T14:13:29+00:00","dateModified":"2025-04-15T08:18:10+00:00","breadcrumb":{"@id":"https:\/\/nfcjuices.com\/o-nas\/#breadcrumb"},"inLanguage":"fi","potentialAction":[{"@type":"ReadAction","target":["https:\/\/nfcjuices.com\/o-nas\/"]}]},{"@type":"ImageObject","inLanguage":"fi","@id":"https:\/\/nfcjuices.com\/o-nas\/#primaryimage","url":"https:\/\/naszatlocznia.pl\/wp-content\/uploads\/2022\/01\/IMG_2581-768x1024.jpeg","contentUrl":"https:\/\/naszatlocznia.pl\/wp-content\/uploads\/2022\/01\/IMG_2581-768x1024.jpeg"},{"@type":"BreadcrumbList","@id":"https:\/\/nfcjuices.com\/o-nas\/#breadcrumb","itemListElement":[{"@type":"ListItem","position":1,"name":"Strona g\u0142\u00f3wna","item":"https:\/\/nfcjuices.com\/"},{"@type":"ListItem","position":2,"name":"O nas"}]},{"@type":"WebSite","@id":"https:\/\/nfcjuices.com\/#website","url":"https:\/\/nfcjuices.com\/","name":"nfc-mehut","description":"Mehut, soseet, NFC-vaahdot tynnyreiss\u00e4","publisher":{"@id":"https:\/\/nfcjuices.com\/#organization"},"potentialAction":[{"@type":"SearchAction","target":{"@type":"EntryPoint","urlTemplate":"https:\/\/nfcjuices.com\/?s={search_term_string}"},"query-input":{"@type":"PropertyValueSpecification","valueRequired":true,"valueName":"search_term_string"}}],"inLanguage":"fi"},{"@type":"Organization","@id":"https:\/\/nfcjuices.com\/#organization","name":"Puristuslaitoksemme","url":"https:\/\/nfcjuices.com\/","logo":{"@type":"ImageObject","inLanguage":"fi","@id":"https:\/\/nfcjuices.com\/#\/schema\/logo\/image\/","url":"https:\/\/nfcjuices.com\/wp-content\/uploads\/2025\/05\/cropped-B2b-1.png","contentUrl":"https:\/\/nfcjuices.com\/wp-content\/uploads\/2025\/05\/cropped-B2b-1.png","width":1199,"height":999,"caption":"Nasza T\u0142ocznia"},"image":{"@id":"https:\/\/nfcjuices.com\/#\/schema\/logo\/image\/"}}]}},"_links":{"self":[{"href":"https:\/\/nfcjuices.com\/fi\/wp-json\/wp\/v2\/pages\/194","targetHints":{"allow":["GET"]}}],"collection":[{"href":"https:\/\/nfcjuices.com\/fi\/wp-json\/wp\/v2\/pages"}],"about":[{"href":"https:\/\/nfcjuices.com\/fi\/wp-json\/wp\/v2\/types\/page"}],"author":[{"embeddable":true,"href":"https:\/\/nfcjuices.com\/fi\/wp-json\/wp\/v2\/users\/1"}],"replies":[{"embeddable":true,"href":"https:\/\/nfcjuices.com\/fi\/wp-json\/wp\/v2\/comments?post=194"}],"version-history":[{"count":2,"href":"https:\/\/nfcjuices.com\/fi\/wp-json\/wp\/v2\/pages\/194\/revisions"}],"predecessor-version":[{"id":945,"href":"https:\/\/nfcjuices.com\/fi\/wp-json\/wp\/v2\/pages\/194\/revisions\/945"}],"wp:attachment":[{"href":"https:\/\/nfcjuices.com\/fi\/wp-json\/wp\/v2\/media?parent=194"}],"curies":[{"name":"wp","href":"https:\/\/api.w.org\/{rel}","templated":true}]}}