{"id":192,"date":"2025-03-12T15:12:13","date_gmt":"2025-03-12T14:12:13","guid":{"rendered":"https:\/\/nfcjuices.com\/?page_id=192"},"modified":"2025-04-17T11:41:07","modified_gmt":"2025-04-17T09:41:07","slug":"miten-tuotteemme-valmistetaan","status":"publish","type":"page","link":"https:\/\/nfcjuices.com\/fi\/jak-powstaja-nasze-produkty\/","title":{"rendered":"Miten tuotteemme valmistetaan?"},"content":{"rendered":"<p><\/p>\n\n\n\n<p class=\"has-text-align-center has-medium-font-size\">Nasza T\u0142ocznialla k\u00e4sittelemme jokaista hedelm\u00e4\u00e4 ja vihannesta erikseen \u2013 juuri niin kuin ne ansaitsevat! Vastineeksi he palkitsevat meid\u00e4t korkealaatuisimmalla mehulla. Sitruuna-, greippi- tai appelsiinimehut <strong>me puristamme <\/strong>puoliskoista k\u00e4ytt\u00e4m\u00e4ll\u00e4 erityist\u00e4 sitrushedelmien mehupuristinta. J\u00e4ljelle j\u00e4\u00e4neet hedelm\u00e4t ja vihannekset muutetaan mehuksi hihnapuristimella, jolla ne puristetaan. <strong>kohokuvioitu <\/strong>massasta. <\/p>\n\n\n\n<p class=\"has-text-align-center has-medium-font-size\"><br>Katso itse, miten me teemme sen parhaalla mahdollisella tyylill\u00e4mme! <\/p>\n\n\n\n<p class=\"has-text-align-center has-medium-font-size\">Kokeile tuotteitamme ja totea itse, miten oikein valittu menetelm\u00e4 vaikuttaa makuun ja laatuun! <\/p>\n\n\n\n<div class=\"wp-block-group\"><div class=\"wp-block-group__inner-container is-layout-constrained wp-block-group-is-layout-constrained\">\n<div class=\"wp-block-columns is-layout-flex wp-container-core-columns-is-layout-28f84493 wp-block-columns-is-layout-flex\">\n<div class=\"wp-block-column is-layout-flow wp-block-column-is-layout-flow\" style=\"flex-basis:100%\">\n<div class=\"wp-block-group\"><div class=\"wp-block-group__inner-container is-layout-constrained wp-block-group-is-layout-constrained\">\n<div class=\"wp-block-columns is-layout-flex wp-container-core-columns-is-layout-28f84493 wp-block-columns-is-layout-flex\">\n<div class=\"wp-block-column is-layout-flow wp-block-column-is-layout-flow\"><\/div>\n<\/div>\n<\/div><\/div>\n<\/div>\n<\/div>\n<\/div><\/div>\n\n\n\n<div class=\"wp-block-columns is-layout-flex wp-container-core-columns-is-layout-28f84493 wp-block-columns-is-layout-flex\">\n<div class=\"wp-block-column is-layout-flow wp-block-column-is-layout-flow\">\n<figure class=\"wp-block-embed is-type-video is-provider-youtube wp-block-embed-youtube wp-embed-aspect-16-9 wp-has-aspect-ratio\"><div class=\"wp-block-embed__wrapper\">\n<iframe title=\"Miten appelsiineista saa parasta mahdollista mehua? Puolan suurin sitrusmehupuristin!\" width=\"980\" height=\"551\" src=\"https:\/\/www.youtube.com\/embed\/LSkcpBcZLzg?feature=oembed\" frameborder=\"0\" allow=\"accelerometer; autoplay; clipboard-write; encrypted-media; gyroscope; picture-in-picture; web-share\" referrerpolicy=\"strict-origin-when-cross-origin\" allowfullscreen><\/iframe>\n<\/div><\/figure>\n<\/div>\n\n\n\n<div class=\"wp-block-column is-layout-flow wp-block-column-is-layout-flow\">\n<figure class=\"wp-block-embed is-type-video is-provider-youtube wp-block-embed-youtube wp-embed-aspect-16-9 wp-has-aspect-ratio\"><div class=\"wp-block-embed__wrapper\">\n<iframe title=\"Miten teemme sitruunamehua jokaiselle FIT-tyt\u00f6lle? Tai miten puristaa sitruunoista megahapanta mehua!\" width=\"980\" height=\"551\" src=\"https:\/\/www.youtube.com\/embed\/bip1UtTx4Ck?feature=oembed\" frameborder=\"0\" allow=\"accelerometer; autoplay; clipboard-write; encrypted-media; gyroscope; picture-in-picture; web-share\" referrerpolicy=\"strict-origin-when-cross-origin\" allowfullscreen><\/iframe>\n<\/div><\/figure>\n<\/div>\n\n\n\n<div class=\"wp-block-column is-layout-flow wp-block-column-is-layout-flow\">\n<figure class=\"wp-block-embed is-type-video is-provider-youtube wp-block-embed-youtube wp-embed-aspect-16-9 wp-has-aspect-ratio\"><div class=\"wp-block-embed__wrapper\">\n<iframe title=\"Miten me muutamme hedelm\u00e4t ja vihannekset mehuksi? Eli puristamalla luonnollista NFC-mehua hihnapuristimella.\" width=\"980\" height=\"551\" src=\"https:\/\/www.youtube.com\/embed\/k4IkACVboec?feature=oembed\" frameborder=\"0\" allow=\"accelerometer; autoplay; clipboard-write; encrypted-media; gyroscope; picture-in-picture; web-share\" referrerpolicy=\"strict-origin-when-cross-origin\" allowfullscreen><\/iframe>\n<\/div><\/figure>\n<\/div>\n<\/div>\n\n\n\n<h2 class=\"wp-block-heading has-text-align-center\" id=\"nasza-oferta-jest-bardzo-szeroka-w-asortymencie-naszej-tloczni-oprocz-sokow-tloczonych-i-wyciskanych-znajdziecie-rowniez-inne-produkty-zakwasy-przeciery-syropy-czy-lemoniady-sprawdz-jak-powstaja\">Tarjontamme on eritt\u00e4in laaja. Nasza T\u0142ocznian valikoimasta l\u00f6yd\u00e4t puristettujen ja mehujen lis\u00e4ksi my\u00f6s muita tuotteita - hapanjuurileipi\u00e4, soseita, siirappeja ja limonadeja. Katso, miten ne on tehty!<\/h2>\n\n\n\n<p class=\"has-text-align-center\">Nasza T\u0142ocznian punajuuri- tai vadelma-tomaattihapateella on ainutlaatuinen maku ja koostumus. Kun vihannekset on s\u00e4il\u00f6tty, ne puristetaan puristimessa ja kaadetaan sitten kolmen litran pussipakkauksiin. T\u00e4m\u00e4n menetelm\u00e4n ansiosta saamme aromaattista mehua s\u00e4il\u00f6ttyist\u00e4 vihanneksista, emme s\u00e4il\u00f6nt\u00e4prosessista valutettua vett\u00e4. Hapanjuurijuuret eiv\u00e4t ole past\u00f6roituja.<\/p>\n\n\n\n<p class=\"has-text-align-center\">Nasza T\u0142ocznian asiakkaat k\u00e4ytt\u00e4v\u00e4t laajalti hedelm\u00e4- ja vihannessoseita (erityisesti hotelli- ja ravintola-alalla). Ne valmistetaan erityisell\u00e4 koneella, joka jauhaa raaka-aineet niiden tyyppiin ja muotoon mukautetulla nopeudella. Raastamisen j\u00e4lkeen hedelm\u00e4t tai vihannekset past\u00f6roidaan hell\u00e4varaisesti enint\u00e4\u00e4n 78 celsiusasteen l\u00e4mp\u00f6tilassa ja kaadetaan sitten 3 kg:n pakkauksiin. Koostumukseltaan myymme soseita kilom\u00e4\u00e4rin\u00e4.<\/p>\n\n\n\n<p class=\"has-text-align-center\">Nasza T\u0142ocznian v\u00e4h\u00e4sokeriset siirapit ja limonadit ovat tuotteita, jotka perustuvat suoraan tuotantohallistamme puristetuista luonnollisista mehuista. Oikea makujen yhdistelm\u00e4 ja pieni m\u00e4\u00e4r\u00e4 sokeria tekev\u00e4t 100%:st\u00e4 luonnollisen, terveellisen ja ravintoarvoiltaan arvokkaan tuotteen. Kevyesti past\u00f6roitu ja kaadettu 285 ml:n, 3 kg:n ja 5 litran pakkauksiin.<\/p>","protected":false},"excerpt":{"rendered":"<p>W Naszej T\u0142oczni ka\u017cdy owoc, czy warzywo traktujemy indywidualnie &#8211; tak, jak na to zas\u0142uguj\u0105! Za to odwdzi\u0119czaj\u0105 nam si\u0119 najwy\u017csz\u0105 jako\u015bci\u0105 otrzymanego soku. Soki z cytryn, grejpfrut\u00f3w, czy pomara\u0144czy wyciskamy z po\u0142\u00f3wek przy pomocy specjalnej maszyny do wyciskania cytrus\u00f3w. Pozosta\u0142e owoce i warzywa zamieniamy w sok za pomoc\u0105 prasy ta\u015bmowej, na kt\u00f3rej s\u0105 one [&hellip;]<\/p>\n","protected":false},"author":1,"featured_media":0,"parent":0,"menu_order":0,"comment_status":"closed","ping_status":"closed","template":"","meta":{"footnotes":""},"class_list":["post-192","page","type-page","status-publish","hentry"],"yoast_head":"<!-- This site is optimized with the Yoast SEO plugin v24.9 - https:\/\/yoast.com\/wordpress\/plugins\/seo\/ -->\n<title>Jak powstaj\u0105 nasze produkty? - nfc-juices<\/title>\n<meta name=\"robots\" content=\"index, follow, max-snippet:-1, max-image-preview:large, max-video-preview:-1\" \/>\n<link rel=\"canonical\" href=\"https:\/\/nfcjuices.com\/fi\/miten-tuotteemme-valmistetaan\/\" \/>\n<meta property=\"og:locale\" content=\"fi_FI\" \/>\n<meta property=\"og:type\" content=\"article\" \/>\n<meta property=\"og:title\" content=\"Jak powstaj\u0105 nasze produkty? - nfc-juices\" \/>\n<meta property=\"og:description\" content=\"W Naszej T\u0142oczni ka\u017cdy owoc, czy warzywo traktujemy indywidualnie &#8211; tak, jak na to zas\u0142uguj\u0105! Za to odwdzi\u0119czaj\u0105 nam si\u0119 najwy\u017csz\u0105 jako\u015bci\u0105 otrzymanego soku. Soki z cytryn, grejpfrut\u00f3w, czy pomara\u0144czy wyciskamy z po\u0142\u00f3wek przy pomocy specjalnej maszyny do wyciskania cytrus\u00f3w. Pozosta\u0142e owoce i warzywa zamieniamy w sok za pomoc\u0105 prasy ta\u015bmowej, na kt\u00f3rej s\u0105 one [&hellip;]\" \/>\n<meta property=\"og:url\" content=\"https:\/\/nfcjuices.com\/fi\/miten-tuotteemme-valmistetaan\/\" \/>\n<meta property=\"og:site_name\" content=\"nfc-juices\" \/>\n<meta property=\"article:modified_time\" content=\"2025-04-17T09:41:07+00:00\" \/>\n<meta name=\"twitter:card\" content=\"summary_large_image\" \/>\n<meta name=\"twitter:label1\" content=\"Arvioitu lukuaika\" \/>\n\t<meta name=\"twitter:data1\" content=\"2 minuuttia\" \/>\n<script type=\"application\/ld+json\" class=\"yoast-schema-graph\">{\"@context\":\"https:\/\/schema.org\",\"@graph\":[{\"@type\":\"WebPage\",\"@id\":\"https:\/\/nfcjuices.com\/jak-powstaja-nasze-produkty\/\",\"url\":\"https:\/\/nfcjuices.com\/jak-powstaja-nasze-produkty\/\",\"name\":\"Jak powstaj\u0105 nasze produkty? - nfc-juices\",\"isPartOf\":{\"@id\":\"https:\/\/nfcjuices.com\/#website\"},\"datePublished\":\"2025-03-12T14:12:13+00:00\",\"dateModified\":\"2025-04-17T09:41:07+00:00\",\"breadcrumb\":{\"@id\":\"https:\/\/nfcjuices.com\/jak-powstaja-nasze-produkty\/#breadcrumb\"},\"inLanguage\":\"fi\",\"potentialAction\":[{\"@type\":\"ReadAction\",\"target\":[\"https:\/\/nfcjuices.com\/jak-powstaja-nasze-produkty\/\"]}]},{\"@type\":\"BreadcrumbList\",\"@id\":\"https:\/\/nfcjuices.com\/jak-powstaja-nasze-produkty\/#breadcrumb\",\"itemListElement\":[{\"@type\":\"ListItem\",\"position\":1,\"name\":\"Strona g\u0142\u00f3wna\",\"item\":\"https:\/\/nfcjuices.com\/\"},{\"@type\":\"ListItem\",\"position\":2,\"name\":\"Jak powstaj\u0105 nasze produkty?\"}]},{\"@type\":\"WebSite\",\"@id\":\"https:\/\/nfcjuices.com\/#website\",\"url\":\"https:\/\/nfcjuices.com\/\",\"name\":\"nfc-juices\",\"description\":\"Soki, przeciery, musy NFC w beczkach\",\"publisher\":{\"@id\":\"https:\/\/nfcjuices.com\/#organization\"},\"potentialAction\":[{\"@type\":\"SearchAction\",\"target\":{\"@type\":\"EntryPoint\",\"urlTemplate\":\"https:\/\/nfcjuices.com\/?s={search_term_string}\"},\"query-input\":{\"@type\":\"PropertyValueSpecification\",\"valueRequired\":true,\"valueName\":\"search_term_string\"}}],\"inLanguage\":\"fi\"},{\"@type\":\"Organization\",\"@id\":\"https:\/\/nfcjuices.com\/#organization\",\"name\":\"Nasza T\u0142ocznia\",\"url\":\"https:\/\/nfcjuices.com\/\",\"logo\":{\"@type\":\"ImageObject\",\"inLanguage\":\"fi\",\"@id\":\"https:\/\/nfcjuices.com\/#\/schema\/logo\/image\/\",\"url\":\"https:\/\/nfcjuices.com\/wp-content\/uploads\/2025\/05\/cropped-B2b-1.png\",\"contentUrl\":\"https:\/\/nfcjuices.com\/wp-content\/uploads\/2025\/05\/cropped-B2b-1.png\",\"width\":1199,\"height\":999,\"caption\":\"Nasza T\u0142ocznia\"},\"image\":{\"@id\":\"https:\/\/nfcjuices.com\/#\/schema\/logo\/image\/\"}}]}<\/script>\n<!-- \/ Yoast SEO plugin. -->","yoast_head_json":{"title":"Miten tuotteemme valmistetaan? - nfc-mehut","robots":{"index":"index","follow":"follow","max-snippet":"max-snippet:-1","max-image-preview":"max-image-preview:large","max-video-preview":"max-video-preview:-1"},"canonical":"https:\/\/nfcjuices.com\/fi\/miten-tuotteemme-valmistetaan\/","og_locale":"fi_FI","og_type":"article","og_title":"Jak powstaj\u0105 nasze produkty? - nfc-juices","og_description":"W Naszej T\u0142oczni ka\u017cdy owoc, czy warzywo traktujemy indywidualnie &#8211; tak, jak na to zas\u0142uguj\u0105! Za to odwdzi\u0119czaj\u0105 nam si\u0119 najwy\u017csz\u0105 jako\u015bci\u0105 otrzymanego soku. Soki z cytryn, grejpfrut\u00f3w, czy pomara\u0144czy wyciskamy z po\u0142\u00f3wek przy pomocy specjalnej maszyny do wyciskania cytrus\u00f3w. Pozosta\u0142e owoce i warzywa zamieniamy w sok za pomoc\u0105 prasy ta\u015bmowej, na kt\u00f3rej s\u0105 one [&hellip;]","og_url":"https:\/\/nfcjuices.com\/fi\/miten-tuotteemme-valmistetaan\/","og_site_name":"nfc-juices","article_modified_time":"2025-04-17T09:41:07+00:00","twitter_card":"summary_large_image","twitter_misc":{"Arvioitu lukuaika":"2 minuuttia"},"schema":{"@context":"https:\/\/schema.org","@graph":[{"@type":"WebPage","@id":"https:\/\/nfcjuices.com\/jak-powstaja-nasze-produkty\/","url":"https:\/\/nfcjuices.com\/jak-powstaja-nasze-produkty\/","name":"Miten tuotteemme valmistetaan? - nfc-mehut","isPartOf":{"@id":"https:\/\/nfcjuices.com\/#website"},"datePublished":"2025-03-12T14:12:13+00:00","dateModified":"2025-04-17T09:41:07+00:00","breadcrumb":{"@id":"https:\/\/nfcjuices.com\/jak-powstaja-nasze-produkty\/#breadcrumb"},"inLanguage":"fi","potentialAction":[{"@type":"ReadAction","target":["https:\/\/nfcjuices.com\/jak-powstaja-nasze-produkty\/"]}]},{"@type":"BreadcrumbList","@id":"https:\/\/nfcjuices.com\/jak-powstaja-nasze-produkty\/#breadcrumb","itemListElement":[{"@type":"ListItem","position":1,"name":"Strona g\u0142\u00f3wna","item":"https:\/\/nfcjuices.com\/"},{"@type":"ListItem","position":2,"name":"Jak powstaj\u0105 nasze produkty?"}]},{"@type":"WebSite","@id":"https:\/\/nfcjuices.com\/#website","url":"https:\/\/nfcjuices.com\/","name":"nfc-mehut","description":"Mehut, soseet, NFC-vaahdot tynnyreiss\u00e4","publisher":{"@id":"https:\/\/nfcjuices.com\/#organization"},"potentialAction":[{"@type":"SearchAction","target":{"@type":"EntryPoint","urlTemplate":"https:\/\/nfcjuices.com\/?s={search_term_string}"},"query-input":{"@type":"PropertyValueSpecification","valueRequired":true,"valueName":"search_term_string"}}],"inLanguage":"fi"},{"@type":"Organization","@id":"https:\/\/nfcjuices.com\/#organization","name":"Puristuslaitoksemme","url":"https:\/\/nfcjuices.com\/","logo":{"@type":"ImageObject","inLanguage":"fi","@id":"https:\/\/nfcjuices.com\/#\/schema\/logo\/image\/","url":"https:\/\/nfcjuices.com\/wp-content\/uploads\/2025\/05\/cropped-B2b-1.png","contentUrl":"https:\/\/nfcjuices.com\/wp-content\/uploads\/2025\/05\/cropped-B2b-1.png","width":1199,"height":999,"caption":"Nasza T\u0142ocznia"},"image":{"@id":"https:\/\/nfcjuices.com\/#\/schema\/logo\/image\/"}}]}},"_links":{"self":[{"href":"https:\/\/nfcjuices.com\/fi\/wp-json\/wp\/v2\/pages\/192","targetHints":{"allow":["GET"]}}],"collection":[{"href":"https:\/\/nfcjuices.com\/fi\/wp-json\/wp\/v2\/pages"}],"about":[{"href":"https:\/\/nfcjuices.com\/fi\/wp-json\/wp\/v2\/types\/page"}],"author":[{"embeddable":true,"href":"https:\/\/nfcjuices.com\/fi\/wp-json\/wp\/v2\/users\/1"}],"replies":[{"embeddable":true,"href":"https:\/\/nfcjuices.com\/fi\/wp-json\/wp\/v2\/comments?post=192"}],"version-history":[{"count":3,"href":"https:\/\/nfcjuices.com\/fi\/wp-json\/wp\/v2\/pages\/192\/revisions"}],"predecessor-version":[{"id":996,"href":"https:\/\/nfcjuices.com\/fi\/wp-json\/wp\/v2\/pages\/192\/revisions\/996"}],"wp:attachment":[{"href":"https:\/\/nfcjuices.com\/fi\/wp-json\/wp\/v2\/media?parent=192"}],"curies":[{"name":"wp","href":"https:\/\/api.w.org\/{rel}","templated":true}]}}