{"id":33,"date":"2025-04-15T11:38:29","date_gmt":"2025-04-15T09:38:29","guid":{"rendered":"https:\/\/nfcjuices.com\/?page_id=33"},"modified":"2025-04-15T11:38:30","modified_gmt":"2025-04-15T09:38:30","slug":"returns","status":"publish","type":"page","link":"https:\/\/nfcjuices.com\/en\/zwroty\/","title":{"rendered":"Returns, complaints"},"content":{"rendered":"<p>Ladies and Gentlemen,<\/p>\n\n\n\n<p>If the Product purchased in the Nasza T\u0142ocznia Online Store does not meet your expectations or there are grounds for complaint, it is possible to return or complain about the Product within a specified period. The rules for making returns, which are also a withdrawal from the concluded Agreement and complaints, are regulated and specified by the Regulations of the Online Store - paragraphs 10 and 11.<\/p>\n\n\n\n<p><strong>\u00a710&nbsp;<\/strong>Right to withdraw from the Agreement<\/p>\n\n\n\n<ol class=\"wp-block-list\">\n<li>The Customer (Consumer and Entrepreneur with Consumer Rights) may withdraw from the Agreement within 14 days without giving any reason.<\/li>\n\n\n\n<li>The period specified in point 1 starts from the date of delivery of the Product to the Customer.<\/li>\n\n\n\n<li>In the case of a Contract covering multiple Products that are delivered separately, in batches or in parts, the period indicated in point 1 shall run from the delivery of the last item, batch or part.<\/li>\n\n\n\n<li>The Customer may withdraw from the Agreement by submitting to the Seller a completed and signed declaration of withdrawal from the Agreement (Return of Goods Form available for download below). To meet the deadline for withdrawal from the Agreement, it is sufficient for the Consumer to send the declaration before the deadline expires.<\/li>\n\n\n\n<li>The declaration may be sent by traditional mail or electronically. It should include the Customer&#039;s data, order number, sales document number, indication of the returned Product and optionally the reason for the return.<\/li>\n\n\n\n<li>The returned product must reach the Seller&nbsp;<strong>in pristine condition<\/strong>, showing no signs of use&nbsp;<strong>along with the purchase confirmation<\/strong>&nbsp;\u2013 a receipt or VAT invoice, completed and signed&nbsp;<strong>return form<\/strong>. Returns without a sales document or returns form will not be processed.<\/li>\n\n\n\n<li>The costs of delivering the returned Product to the Seller are borne by the Customer.<\/li>\n\n\n\n<li>Cash on delivery parcels will not be accepted.<\/li>\n\n\n\n<li>The Seller will refund the payment using the same payment methods that were used by the Customer in the original transaction, unless the Customer has expressly agreed to another solution that will not involve any costs for him.<\/li>\n\n\n\n<li>The Seller will refund the payment within 14 days from the moment the return is confirmed, i.e. the product does not bear any traces of use and the return contains all the required documents specified in point 6 of this paragraph.<\/li>\n<\/ol>\n\n\n\n<p><strong>\u00a711&nbsp;<\/strong>Complaint<\/p>\n\n\n\n<ol class=\"wp-block-list\">\n<li>The Seller is responsible for the proper quality of the Products sold.<\/li>\n\n\n\n<li>Any complaints may be submitted within a maximum of 14 days from the moment the Customer notices any irregularities related to the Order or Product.<\/li>\n\n\n\n<li>The Customer (Consumer and Entrepreneur with Consumer Rights) may file a complaint by submitting a complaint statement (Product Complaint Form available for download below).<\/li>\n\n\n\n<li>The complaint statement may be submitted via traditional mail or electronically.<\/li>\n\n\n\n<li>The product subject to complaint should be delivered together with confirmation of purchase and a completed and signed complaint form. <\/li>\n\n\n\n<li>The costs of returning the complained Product are borne by the Seller by sending a shipping label to the Customer.<\/li>\n\n\n\n<li>Cash on delivery parcels will not be accepted.<\/li>\n\n\n\n<li>Complaints will be considered by the Seller within 14 days of receipt of the product.<\/li>\n<\/ol>\n\n\n\n<div data-wp-interactive=\"core\/file\" class=\"wp-block-file\"><object data-wp-bind--hidden=\"!state.hasPdfPreview\" hidden class=\"wp-block-file__embed\" data=\"https:\/\/naszatlocznia.pl\/wp-content\/uploads\/2023\/01\/Nasza-Tlocznia-Formularz-zwrotu-towaru-1.pdf\" type=\"application\/pdf\" style=\"width:100%;height:600px\" aria-label=\"Embed of Nasza-Tlocznia-Formularz-zwrotu-towaru-1.\"><\/object><a id=\"wp-block-file--media-3de63507-db4c-4865-9d84-4e3c7b0a9994\" href=\"https:\/\/naszatlocznia.pl\/wp-content\/uploads\/2023\/01\/Nasza-Tlocznia-Formularz-zwrotu-towaru-1.pdf\">Our-P\u0142ocznia-Return-of-Goods-Form-1<\/a><a href=\"https:\/\/naszatlocznia.pl\/wp-content\/uploads\/2023\/01\/Nasza-Tlocznia-Formularz-zwrotu-towaru-1.pdf\" class=\"wp-block-file__button wp-element-button\" download aria-describedby=\"wp-block-file--media-3de63507-db4c-4865-9d84-4e3c7b0a9994\">Download<\/a><\/div>\n\n\n\n<div data-wp-interactive=\"core\/file\" class=\"wp-block-file\"><object data-wp-bind--hidden=\"!state.hasPdfPreview\" hidden class=\"wp-block-file__embed\" data=\"https:\/\/naszatlocznia.pl\/wp-content\/uploads\/2023\/01\/Nasza-Tlocznia-Formularz-reklamacji-towaru-1.pdf\" type=\"application\/pdf\" style=\"width:100%;height:600px\" aria-label=\"Embed of Nasza-Tlocznia-Formularz-reklamacji-towaru-1.\"><\/object><a id=\"wp-block-file--media-609b336b-8a62-4671-a006-68f4eca3a8cf\" href=\"https:\/\/naszatlocznia.pl\/wp-content\/uploads\/2023\/01\/Nasza-Tlocznia-Formularz-reklamacji-towaru-1.pdf\">Nasza-P\u0142ocznia-Product-complaint-form-1<\/a><a href=\"https:\/\/naszatlocznia.pl\/wp-content\/uploads\/2023\/01\/Nasza-Tlocznia-Formularz-reklamacji-towaru-1.pdf\" class=\"wp-block-file__button wp-element-button\" download aria-describedby=\"wp-block-file--media-609b336b-8a62-4671-a006-68f4eca3a8cf\">Download<\/a><\/div>","protected":false},"excerpt":{"rendered":"<p>Szanowni Pa\u0144stwo, Je\u015bli Produkt zakupiony w&nbsp;Sklepie internetowym Nasza T\u0142ocznia nie spe\u0142nia Pa\u0144stwa oczekiwa\u0144 lub wyst\u0119puj\u0105 podstawy do jego reklamacji, mo\u017cliwy jest zwrot lub reklamacja Produktu w&nbsp;okre\u015blonym terminie. Zasady dokonywania zwrot\u00f3w, b\u0119d\u0105cych jednocze\u015bnie odst\u0105pieniem od zawartej Umowy oraz reklamacji, reguluje i&nbsp;okre\u015bla Regulamin Sklepu internetowego \u2013 paragrafy 10 i&nbsp;11. \u00a710&nbsp;Prawo odst\u0105pienia od Umowy \u00a711&nbsp;Reklamacja<\/p>","protected":false},"author":1,"featured_media":0,"parent":0,"menu_order":0,"comment_status":"closed","ping_status":"closed","template":"","meta":{"footnotes":""},"class_list":["post-33","page","type-page","status-publish","hentry"],"yoast_head":"<!-- This site is optimized with the Yoast SEO plugin v24.9 - https:\/\/yoast.com\/wordpress\/plugins\/seo\/ -->\n<title>Zwroty, reklamacje - nfc-juices<\/title>\n<meta name=\"robots\" content=\"index, follow, max-snippet:-1, max-image-preview:large, max-video-preview:-1\" \/>\n<link rel=\"canonical\" href=\"https:\/\/nfcjuices.com\/en\/returns\/\" \/>\n<meta property=\"og:locale\" content=\"en_US\" \/>\n<meta property=\"og:type\" content=\"article\" \/>\n<meta property=\"og:title\" content=\"Zwroty, reklamacje - nfc-juices\" \/>\n<meta property=\"og:description\" content=\"Szanowni Pa\u0144stwo, Je\u015bli Produkt zakupiony w&nbsp;Sklepie internetowym Nasza T\u0142ocznia nie spe\u0142nia Pa\u0144stwa oczekiwa\u0144 lub wyst\u0119puj\u0105 podstawy do jego reklamacji, mo\u017cliwy jest zwrot lub reklamacja Produktu w&nbsp;okre\u015blonym terminie. Zasady dokonywania zwrot\u00f3w, b\u0119d\u0105cych jednocze\u015bnie odst\u0105pieniem od zawartej Umowy oraz reklamacji, reguluje i&nbsp;okre\u015bla Regulamin Sklepu internetowego \u2013 paragrafy 10 i&nbsp;11. \u00a710&nbsp;Prawo odst\u0105pienia od Umowy \u00a711&nbsp;Reklamacja\" \/>\n<meta property=\"og:url\" content=\"https:\/\/nfcjuices.com\/en\/returns\/\" \/>\n<meta property=\"og:site_name\" content=\"nfc-juices\" \/>\n<meta property=\"article:modified_time\" content=\"2025-04-15T09:38:30+00:00\" \/>\n<meta name=\"twitter:card\" content=\"summary_large_image\" \/>\n<meta name=\"twitter:label1\" content=\"Est. reading time\" \/>\n\t<meta name=\"twitter:data1\" content=\"3 minutes\" \/>\n<script type=\"application\/ld+json\" class=\"yoast-schema-graph\">{\"@context\":\"https:\/\/schema.org\",\"@graph\":[{\"@type\":\"WebPage\",\"@id\":\"https:\/\/nfcjuices.com\/zwroty\/\",\"url\":\"https:\/\/nfcjuices.com\/zwroty\/\",\"name\":\"Zwroty, reklamacje - nfc-juices\",\"isPartOf\":{\"@id\":\"https:\/\/nfcjuices.com\/#website\"},\"datePublished\":\"2025-04-15T09:38:29+00:00\",\"dateModified\":\"2025-04-15T09:38:30+00:00\",\"breadcrumb\":{\"@id\":\"https:\/\/nfcjuices.com\/zwroty\/#breadcrumb\"},\"inLanguage\":\"en-US\",\"potentialAction\":[{\"@type\":\"ReadAction\",\"target\":[\"https:\/\/nfcjuices.com\/zwroty\/\"]}]},{\"@type\":\"BreadcrumbList\",\"@id\":\"https:\/\/nfcjuices.com\/zwroty\/#breadcrumb\",\"itemListElement\":[{\"@type\":\"ListItem\",\"position\":1,\"name\":\"Strona g\u0142\u00f3wna\",\"item\":\"https:\/\/nfcjuices.com\/\"},{\"@type\":\"ListItem\",\"position\":2,\"name\":\"Zwroty, reklamacje\"}]},{\"@type\":\"WebSite\",\"@id\":\"https:\/\/nfcjuices.com\/#website\",\"url\":\"https:\/\/nfcjuices.com\/\",\"name\":\"nfc-juices\",\"description\":\"Soki, przeciery, musy NFC w beczkach\",\"publisher\":{\"@id\":\"https:\/\/nfcjuices.com\/#organization\"},\"potentialAction\":[{\"@type\":\"SearchAction\",\"target\":{\"@type\":\"EntryPoint\",\"urlTemplate\":\"https:\/\/nfcjuices.com\/?s={search_term_string}\"},\"query-input\":{\"@type\":\"PropertyValueSpecification\",\"valueRequired\":true,\"valueName\":\"search_term_string\"}}],\"inLanguage\":\"en-US\"},{\"@type\":\"Organization\",\"@id\":\"https:\/\/nfcjuices.com\/#organization\",\"name\":\"Nasza T\u0142ocznia\",\"url\":\"https:\/\/nfcjuices.com\/\",\"logo\":{\"@type\":\"ImageObject\",\"inLanguage\":\"en-US\",\"@id\":\"https:\/\/nfcjuices.com\/#\/schema\/logo\/image\/\",\"url\":\"https:\/\/nfcjuices.com\/wp-content\/uploads\/2025\/05\/cropped-B2b-1.png\",\"contentUrl\":\"https:\/\/nfcjuices.com\/wp-content\/uploads\/2025\/05\/cropped-B2b-1.png\",\"width\":1199,\"height\":999,\"caption\":\"Nasza T\u0142ocznia\"},\"image\":{\"@id\":\"https:\/\/nfcjuices.com\/#\/schema\/logo\/image\/\"}}]}<\/script>\n<!-- \/ Yoast SEO plugin. -->","yoast_head_json":{"title":"Returns, complaints - nfc-juices","robots":{"index":"index","follow":"follow","max-snippet":"max-snippet:-1","max-image-preview":"max-image-preview:large","max-video-preview":"max-video-preview:-1"},"canonical":"https:\/\/nfcjuices.com\/en\/returns\/","og_locale":"en_US","og_type":"article","og_title":"Zwroty, reklamacje - nfc-juices","og_description":"Szanowni Pa\u0144stwo, Je\u015bli Produkt zakupiony w&nbsp;Sklepie internetowym Nasza T\u0142ocznia nie spe\u0142nia Pa\u0144stwa oczekiwa\u0144 lub wyst\u0119puj\u0105 podstawy do jego reklamacji, mo\u017cliwy jest zwrot lub reklamacja Produktu w&nbsp;okre\u015blonym terminie. Zasady dokonywania zwrot\u00f3w, b\u0119d\u0105cych jednocze\u015bnie odst\u0105pieniem od zawartej Umowy oraz reklamacji, reguluje i&nbsp;okre\u015bla Regulamin Sklepu internetowego \u2013 paragrafy 10 i&nbsp;11. \u00a710&nbsp;Prawo odst\u0105pienia od Umowy \u00a711&nbsp;Reklamacja","og_url":"https:\/\/nfcjuices.com\/en\/returns\/","og_site_name":"nfc-juices","article_modified_time":"2025-04-15T09:38:30+00:00","twitter_card":"summary_large_image","twitter_misc":{"Est. reading time":"3 minutes"},"schema":{"@context":"https:\/\/schema.org","@graph":[{"@type":"WebPage","@id":"https:\/\/nfcjuices.com\/zwroty\/","url":"https:\/\/nfcjuices.com\/zwroty\/","name":"Returns, complaints - nfc-juices","isPartOf":{"@id":"https:\/\/nfcjuices.com\/#website"},"datePublished":"2025-04-15T09:38:29+00:00","dateModified":"2025-04-15T09:38:30+00:00","breadcrumb":{"@id":"https:\/\/nfcjuices.com\/zwroty\/#breadcrumb"},"inLanguage":"en-US","potentialAction":[{"@type":"ReadAction","target":["https:\/\/nfcjuices.com\/zwroty\/"]}]},{"@type":"BreadcrumbList","@id":"https:\/\/nfcjuices.com\/zwroty\/#breadcrumb","itemListElement":[{"@type":"ListItem","position":1,"name":"Strona g\u0142\u00f3wna","item":"https:\/\/nfcjuices.com\/"},{"@type":"ListItem","position":2,"name":"Zwroty, reklamacje"}]},{"@type":"WebSite","@id":"https:\/\/nfcjuices.com\/#website","url":"https:\/\/nfcjuices.com\/","name":"nfc-juices","description":"Juices, purees, NFC mousses in barrels","publisher":{"@id":"https:\/\/nfcjuices.com\/#organization"},"potentialAction":[{"@type":"SearchAction","target":{"@type":"EntryPoint","urlTemplate":"https:\/\/nfcjuices.com\/?s={search_term_string}"},"query-input":{"@type":"PropertyValueSpecification","valueRequired":true,"valueName":"search_term_string"}}],"inLanguage":"en-US"},{"@type":"Organization","@id":"https:\/\/nfcjuices.com\/#organization","name":"Our Stamping Plant","url":"https:\/\/nfcjuices.com\/","logo":{"@type":"ImageObject","inLanguage":"en-US","@id":"https:\/\/nfcjuices.com\/#\/schema\/logo\/image\/","url":"https:\/\/nfcjuices.com\/wp-content\/uploads\/2025\/05\/cropped-B2b-1.png","contentUrl":"https:\/\/nfcjuices.com\/wp-content\/uploads\/2025\/05\/cropped-B2b-1.png","width":1199,"height":999,"caption":"Nasza T\u0142ocznia"},"image":{"@id":"https:\/\/nfcjuices.com\/#\/schema\/logo\/image\/"}}]}},"_links":{"self":[{"href":"https:\/\/nfcjuices.com\/en\/wp-json\/wp\/v2\/pages\/33","targetHints":{"allow":["GET"]}}],"collection":[{"href":"https:\/\/nfcjuices.com\/en\/wp-json\/wp\/v2\/pages"}],"about":[{"href":"https:\/\/nfcjuices.com\/en\/wp-json\/wp\/v2\/types\/page"}],"author":[{"embeddable":true,"href":"https:\/\/nfcjuices.com\/en\/wp-json\/wp\/v2\/users\/1"}],"replies":[{"embeddable":true,"href":"https:\/\/nfcjuices.com\/en\/wp-json\/wp\/v2\/comments?post=33"}],"version-history":[{"count":1,"href":"https:\/\/nfcjuices.com\/en\/wp-json\/wp\/v2\/pages\/33\/revisions"}],"predecessor-version":[{"id":957,"href":"https:\/\/nfcjuices.com\/en\/wp-json\/wp\/v2\/pages\/33\/revisions\/957"}],"wp:attachment":[{"href":"https:\/\/nfcjuices.com\/en\/wp-json\/wp\/v2\/media?parent=33"}],"curies":[{"name":"wp","href":"https:\/\/api.w.org\/{rel}","templated":true}]}}