{"id":649,"date":"2025-04-04T16:11:02","date_gmt":"2025-04-04T14:11:02","guid":{"rendered":"https:\/\/nfcjuices.com\/produkt\/sok-tloczony-100-sliwka-wegierka-3l\/"},"modified":"2026-04-17T01:56:16","modified_gmt":"2026-04-16T23:56:16","slug":"presssaft-100-pflaumen-3l","status":"publish","type":"product","link":"https:\/\/nfcjuices.com\/de\/produkt\/sok-tloczony-100-sliwka-wegierka-3l\/","title":{"rendered":"Presssaft 100% Ungarische Pflaume 3L"},"content":{"rendered":"<div style=\"text-align: center;\">\n<p style=\"text-align: left;\"><strong>Produkttyp:<\/strong>\u00a0Saft<\/p>\n<p style=\"text-align: left;\"><strong>Brix:\u00a0<\/strong>17,5<br \/>\n<strong>Technische Daten auf Anfrage erh\u00e4ltlich.<\/strong><\/p>\n<p style=\"text-align: left;\"><strong>N\u00e4hrwerte:<\/strong><br \/>\nEnergiewert: 45 kcal<\/p>\n<p style=\"text-align: left;\">Fett: 0,3 g<\/p>\n<p style=\"text-align: left;\">Kohlenhydrate: 11 g<\/p>\n<p style=\"text-align: left;\">Eiwei\u00df: 0,7 g<\/p>\n<p style=\"text-align: left;\">Salz: 0,01 g<\/p>\n<\/div>","protected":false},"excerpt":{"rendered":"<p><b>N\u00e4hrwerte in 100ml Saft:<\/b><\/p>\n<div>\n<p><b>\u00a0<\/b><\/p>\n<div>\n<table class=\"table table-bordered\">\n<tbody>\n<tr>\n<td>Energiewert<\/td>\n<td>45 kcal<\/td>\n<\/tr>\n<tr>\n<td>Fett<\/td>\n<td>0,3 g<\/td>\n<\/tr>\n<tr>\n<td>Kohlenhydrate<\/td>\n<td>11 g<\/td>\n<\/tr>\n<tr>\n<td>Protein<\/td>\n<td>0,7 g<\/td>\n<\/tr>\n<tr>\n<td>Salz<\/td>\n<td>0,01 g<\/td>\n<\/tr>\n<\/tbody>\n<\/table>\n<p>&nbsp;<\/p>\n<\/div>\n<div><\/div>\n<\/div>","protected":false},"featured_media":643,"comment_status":"open","ping_status":"closed","template":"","meta":[],"product_brand":[],"product_cat":[26],"product_tag":[],"class_list":{"0":"post-649","1":"product","2":"type-product","3":"status-publish","4":"has-post-thumbnail","6":"product_cat-soki-tloczone-nfc","7":"pa_pojemnosc-3l","9":"first","10":"instock","11":"taxable","12":"shipping-taxable","13":"purchasable","14":"product-type-simple"},"yoast_head":"<!-- This site is optimized with the Yoast SEO plugin v24.9 - https:\/\/yoast.com\/wordpress\/plugins\/seo\/ -->\n<title>Sok t\u0142oczony 100% \u015aliwka W\u0119gierka 3L - nfc-juices<\/title>\n<meta name=\"robots\" content=\"index, follow, max-snippet:-1, max-image-preview:large, max-video-preview:-1\" \/>\n<link rel=\"canonical\" href=\"https:\/\/nfcjuices.com\/de\/produkt\/presssaft-100-pflaumen-3l\/\" \/>\n<meta property=\"og:locale\" content=\"de_DE\" \/>\n<meta property=\"og:type\" content=\"article\" \/>\n<meta property=\"og:title\" content=\"Sok t\u0142oczony 100% \u015aliwka W\u0119gierka 3L - nfc-juices\" \/>\n<meta property=\"og:description\" content=\"Warto\u015bci od\u017cywcze w 100ml soku:   \u00a0     Warto\u015b\u0107 energetyczna 45 kcal   T\u0142uszcz 0,3g   W\u0119glowodany 11g   Bia\u0142ko 0,7g   S\u00f3l 0,01g    &nbsp;\" \/>\n<meta property=\"og:url\" content=\"https:\/\/nfcjuices.com\/de\/produkt\/presssaft-100-pflaumen-3l\/\" \/>\n<meta property=\"og:site_name\" content=\"nfc-juices\" \/>\n<meta property=\"article:modified_time\" content=\"2026-04-16T23:56:16+00:00\" \/>\n<meta property=\"og:image\" content=\"https:\/\/nfcjuices.com\/wp-content\/uploads\/2025\/04\/Strona-Nowy-Karton-Sliwka-wegierka.png\" \/>\n\t<meta property=\"og:image:width\" content=\"750\" \/>\n\t<meta property=\"og:image:height\" content=\"750\" \/>\n\t<meta property=\"og:image:type\" content=\"image\/png\" \/>\n<meta name=\"twitter:card\" content=\"summary_large_image\" \/>\n<meta name=\"twitter:label1\" content=\"Gesch\u00e4tzte Lesezeit\" \/>\n\t<meta name=\"twitter:data1\" content=\"1\u00a0Minute\" \/>\n<script type=\"application\/ld+json\" class=\"yoast-schema-graph\">{\"@context\":\"https:\/\/schema.org\",\"@graph\":[{\"@type\":\"WebPage\",\"@id\":\"https:\/\/nfcjuices.com\/produkt\/sok-tloczony-100-sliwka-wegierka-3l\/\",\"url\":\"https:\/\/nfcjuices.com\/produkt\/sok-tloczony-100-sliwka-wegierka-3l\/\",\"name\":\"Sok t\u0142oczony 100% \u015aliwka W\u0119gierka 3L - nfc-juices\",\"isPartOf\":{\"@id\":\"https:\/\/nfcjuices.com\/#website\"},\"primaryImageOfPage\":{\"@id\":\"https:\/\/nfcjuices.com\/produkt\/sok-tloczony-100-sliwka-wegierka-3l\/#primaryimage\"},\"image\":{\"@id\":\"https:\/\/nfcjuices.com\/produkt\/sok-tloczony-100-sliwka-wegierka-3l\/#primaryimage\"},\"thumbnailUrl\":\"https:\/\/nfcjuices.com\/wp-content\/uploads\/2025\/04\/Strona-Nowy-Karton-Sliwka-wegierka.png\",\"datePublished\":\"2025-04-04T14:11:02+00:00\",\"dateModified\":\"2026-04-16T23:56:16+00:00\",\"breadcrumb\":{\"@id\":\"https:\/\/nfcjuices.com\/produkt\/sok-tloczony-100-sliwka-wegierka-3l\/#breadcrumb\"},\"inLanguage\":\"de\",\"potentialAction\":[{\"@type\":\"ReadAction\",\"target\":[\"https:\/\/nfcjuices.com\/produkt\/sok-tloczony-100-sliwka-wegierka-3l\/\"]}]},{\"@type\":\"ImageObject\",\"inLanguage\":\"de\",\"@id\":\"https:\/\/nfcjuices.com\/produkt\/sok-tloczony-100-sliwka-wegierka-3l\/#primaryimage\",\"url\":\"https:\/\/nfcjuices.com\/wp-content\/uploads\/2025\/04\/Strona-Nowy-Karton-Sliwka-wegierka.png\",\"contentUrl\":\"https:\/\/nfcjuices.com\/wp-content\/uploads\/2025\/04\/Strona-Nowy-Karton-Sliwka-wegierka.png\",\"width\":750,\"height\":750},{\"@type\":\"BreadcrumbList\",\"@id\":\"https:\/\/nfcjuices.com\/produkt\/sok-tloczony-100-sliwka-wegierka-3l\/#breadcrumb\",\"itemListElement\":[{\"@type\":\"ListItem\",\"position\":1,\"name\":\"Strona g\u0142\u00f3wna\",\"item\":\"https:\/\/nfcjuices.com\/\"},{\"@type\":\"ListItem\",\"position\":2,\"name\":\"Nasze produkty\",\"item\":\"https:\/\/nfcjuices.com\/sv\/vara-produkter\/\"},{\"@type\":\"ListItem\",\"position\":3,\"name\":\"Sok t\u0142oczony 100% \u015aliwka W\u0119gierka 3L\"}]},{\"@type\":\"WebSite\",\"@id\":\"https:\/\/nfcjuices.com\/#website\",\"url\":\"https:\/\/nfcjuices.com\/\",\"name\":\"nfc-juices\",\"description\":\"Soki, przeciery, musy NFC w beczkach\",\"publisher\":{\"@id\":\"https:\/\/nfcjuices.com\/#organization\"},\"potentialAction\":[{\"@type\":\"SearchAction\",\"target\":{\"@type\":\"EntryPoint\",\"urlTemplate\":\"https:\/\/nfcjuices.com\/?s={search_term_string}\"},\"query-input\":{\"@type\":\"PropertyValueSpecification\",\"valueRequired\":true,\"valueName\":\"search_term_string\"}}],\"inLanguage\":\"de\"},{\"@type\":\"Organization\",\"@id\":\"https:\/\/nfcjuices.com\/#organization\",\"name\":\"Nasza T\u0142ocznia\",\"url\":\"https:\/\/nfcjuices.com\/\",\"logo\":{\"@type\":\"ImageObject\",\"inLanguage\":\"de\",\"@id\":\"https:\/\/nfcjuices.com\/#\/schema\/logo\/image\/\",\"url\":\"https:\/\/nfcjuices.com\/wp-content\/uploads\/2025\/05\/cropped-B2b-1.png\",\"contentUrl\":\"https:\/\/nfcjuices.com\/wp-content\/uploads\/2025\/05\/cropped-B2b-1.png\",\"width\":1199,\"height\":999,\"caption\":\"Nasza T\u0142ocznia\"},\"image\":{\"@id\":\"https:\/\/nfcjuices.com\/#\/schema\/logo\/image\/\"}}]}<\/script>\n<!-- \/ Yoast SEO plugin. -->","yoast_head_json":{"title":"Presssaft 100% Ungarische Pflaume 3L - nfc-juices","robots":{"index":"index","follow":"follow","max-snippet":"max-snippet:-1","max-image-preview":"max-image-preview:large","max-video-preview":"max-video-preview:-1"},"canonical":"https:\/\/nfcjuices.com\/de\/produkt\/presssaft-100-pflaumen-3l\/","og_locale":"de_DE","og_type":"article","og_title":"Sok t\u0142oczony 100% \u015aliwka W\u0119gierka 3L - nfc-juices","og_description":"Warto\u015bci od\u017cywcze w 100ml soku:   \u00a0     Warto\u015b\u0107 energetyczna 45 kcal   T\u0142uszcz 0,3g   W\u0119glowodany 11g   Bia\u0142ko 0,7g   S\u00f3l 0,01g    &nbsp;","og_url":"https:\/\/nfcjuices.com\/de\/produkt\/presssaft-100-pflaumen-3l\/","og_site_name":"nfc-juices","article_modified_time":"2026-04-16T23:56:16+00:00","og_image":[{"width":750,"height":750,"url":"https:\/\/nfcjuices.com\/wp-content\/uploads\/2025\/04\/Strona-Nowy-Karton-Sliwka-wegierka.png","type":"image\/png"}],"twitter_card":"summary_large_image","twitter_misc":{"Gesch\u00e4tzte Lesezeit":"1\u00a0Minute"},"schema":{"@context":"https:\/\/schema.org","@graph":[{"@type":"WebPage","@id":"https:\/\/nfcjuices.com\/produkt\/sok-tloczony-100-sliwka-wegierka-3l\/","url":"https:\/\/nfcjuices.com\/produkt\/sok-tloczony-100-sliwka-wegierka-3l\/","name":"Presssaft 100% Ungarische Pflaume 3L - nfc-juices","isPartOf":{"@id":"https:\/\/nfcjuices.com\/#website"},"primaryImageOfPage":{"@id":"https:\/\/nfcjuices.com\/produkt\/sok-tloczony-100-sliwka-wegierka-3l\/#primaryimage"},"image":{"@id":"https:\/\/nfcjuices.com\/produkt\/sok-tloczony-100-sliwka-wegierka-3l\/#primaryimage"},"thumbnailUrl":"https:\/\/nfcjuices.com\/wp-content\/uploads\/2025\/04\/Strona-Nowy-Karton-Sliwka-wegierka.png","datePublished":"2025-04-04T14:11:02+00:00","dateModified":"2026-04-16T23:56:16+00:00","breadcrumb":{"@id":"https:\/\/nfcjuices.com\/produkt\/sok-tloczony-100-sliwka-wegierka-3l\/#breadcrumb"},"inLanguage":"de","potentialAction":[{"@type":"ReadAction","target":["https:\/\/nfcjuices.com\/produkt\/sok-tloczony-100-sliwka-wegierka-3l\/"]}]},{"@type":"ImageObject","inLanguage":"de","@id":"https:\/\/nfcjuices.com\/produkt\/sok-tloczony-100-sliwka-wegierka-3l\/#primaryimage","url":"https:\/\/nfcjuices.com\/wp-content\/uploads\/2025\/04\/Strona-Nowy-Karton-Sliwka-wegierka.png","contentUrl":"https:\/\/nfcjuices.com\/wp-content\/uploads\/2025\/04\/Strona-Nowy-Karton-Sliwka-wegierka.png","width":750,"height":750},{"@type":"BreadcrumbList","@id":"https:\/\/nfcjuices.com\/produkt\/sok-tloczony-100-sliwka-wegierka-3l\/#breadcrumb","itemListElement":[{"@type":"ListItem","position":1,"name":"Strona g\u0142\u00f3wna","item":"https:\/\/nfcjuices.com\/"},{"@type":"ListItem","position":2,"name":"Nasze produkty","item":"https:\/\/nfcjuices.com\/sv\/vara-produkter\/"},{"@type":"ListItem","position":3,"name":"Sok t\u0142oczony 100% \u015aliwka W\u0119gierka 3L"}]},{"@type":"WebSite","@id":"https:\/\/nfcjuices.com\/#website","url":"https:\/\/nfcjuices.com\/","name":"NFC-S\u00e4fte","description":"S\u00e4fte, P\u00fcrees, NFC-Mousses in F\u00e4ssern","publisher":{"@id":"https:\/\/nfcjuices.com\/#organization"},"potentialAction":[{"@type":"SearchAction","target":{"@type":"EntryPoint","urlTemplate":"https:\/\/nfcjuices.com\/?s={search_term_string}"},"query-input":{"@type":"PropertyValueSpecification","valueRequired":true,"valueName":"search_term_string"}}],"inLanguage":"de"},{"@type":"Organization","@id":"https:\/\/nfcjuices.com\/#organization","name":"Unser Presswerk","url":"https:\/\/nfcjuices.com\/","logo":{"@type":"ImageObject","inLanguage":"de","@id":"https:\/\/nfcjuices.com\/#\/schema\/logo\/image\/","url":"https:\/\/nfcjuices.com\/wp-content\/uploads\/2025\/05\/cropped-B2b-1.png","contentUrl":"https:\/\/nfcjuices.com\/wp-content\/uploads\/2025\/05\/cropped-B2b-1.png","width":1199,"height":999,"caption":"Nasza T\u0142ocznia"},"image":{"@id":"https:\/\/nfcjuices.com\/#\/schema\/logo\/image\/"}}]}},"_links":{"self":[{"href":"https:\/\/nfcjuices.com\/de\/wp-json\/wp\/v2\/product\/649","targetHints":{"allow":["GET"]}}],"collection":[{"href":"https:\/\/nfcjuices.com\/de\/wp-json\/wp\/v2\/product"}],"about":[{"href":"https:\/\/nfcjuices.com\/de\/wp-json\/wp\/v2\/types\/product"}],"replies":[{"embeddable":true,"href":"https:\/\/nfcjuices.com\/de\/wp-json\/wp\/v2\/comments?post=649"}],"wp:featuredmedia":[{"embeddable":true,"href":"https:\/\/nfcjuices.com\/de\/wp-json\/wp\/v2\/media\/643"}],"wp:attachment":[{"href":"https:\/\/nfcjuices.com\/de\/wp-json\/wp\/v2\/media?parent=649"}],"wp:term":[{"taxonomy":"product_brand","embeddable":true,"href":"https:\/\/nfcjuices.com\/de\/wp-json\/wp\/v2\/product_brand?post=649"},{"taxonomy":"product_cat","embeddable":true,"href":"https:\/\/nfcjuices.com\/de\/wp-json\/wp\/v2\/product_cat?post=649"},{"taxonomy":"product_tag","embeddable":true,"href":"https:\/\/nfcjuices.com\/de\/wp-json\/wp\/v2\/product_tag?post=649"}],"curies":[{"name":"wp","href":"https:\/\/api.w.org\/{rel}","templated":true}]}}