{"id":545,"date":"2025-04-04T15:41:22","date_gmt":"2025-04-04T13:41:22","guid":{"rendered":"https:\/\/nfcjuices.com\/produkt\/sok-tloczony-jablkowy-korzenny-bezalkoholowy-grzaniec-5l\/"},"modified":"2026-04-16T16:55:41","modified_gmt":"2026-04-16T14:55:41","slug":"apfelsaft-gepresst-wurzig-alkoholfrei-gluhwein-5l","status":"publish","type":"product","link":"https:\/\/nfcjuices.com\/de\/produkt\/sok-tloczony-jablkowy-korzenny-bezalkoholowy-grzaniec-5l\/","title":{"rendered":"Apfel-W\u00fcrzsaft gepresst, alkoholfrei, Gl\u00fchwein, 5L"},"content":{"rendered":"<p><img fetchpriority=\"high\" decoding=\"async\" class=\"size-large wp-image-2959 aligncenter\" src=\"https:\/\/naszatlocznia.pl\/wp-content\/uploads\/2022\/05\/baner-Allegro-nowy-03.2022-1024x436.png\" alt=\"\" width=\"980\" height=\"417\" \/><\/p>\n<p>\u00a0<\/p>\n<h4 style=\"text-align: center\"><strong>K\u00f6stlicher alkoholfreier Gl\u00fchwein<\/strong><\/h4>\n<h4 style=\"text-align: center\">Wir bieten Ihnen\u00a0<b>100% nat\u00fcrlicher Apfelsaft mit Gew\u00fcrzen <\/b>NFC \u2013 NICHT AUS KONZENTRAT, keine Zusatzstoffe. Obst direkt von unserem Bauernhof!<br \/>\nPerfekt f\u00fcr Herbst- und Winterabende, schmeckt warm am besten und ist ein toller Gl\u00fchwein-Ersatz!<\/h4>\n<h4 style=\"text-align: center\">Unsere S\u00e4fte werden kaltgepresst.\u00a0<b>Schonende Pasteurisierung<\/b>\u00a0bei einer kontrollierten Temperatur von bis zu 78 Grad erm\u00f6glicht es uns, sicherzustellen\u00a0<b>Frische des Saftes<\/b>\u00a0l\u00e4nger und erhalten gleichzeitig wertvolle\u00a0<b>N\u00e4hrwerte und Vitamine<\/b>\u00a0in Obst und Gem\u00fcse enthalten.<\/h4>\n<h4 style=\"text-align: center\"><strong>Wir sagen<\/strong>\u00a0<b>NEIN!<\/b>\u00a0Konservierungsstoffe, Zucker, k\u00fcnstliche Vitamine und Farbstoffe. Wir beweisen, dass Sie gesunden, k\u00f6stlichen Saft NUR aus dem gewinnen k\u00f6nnen, was uns die Natur gegeben hat.<\/h4>\n<p>\u00a0<\/p>\n<p><img decoding=\"async\" class=\"size-full wp-image-18671 aligncenter\" src=\"https:\/\/naszatlocznia.pl\/wp-content\/uploads\/2021\/06\/Strona-Nowy-Karton-Jablko-Korzenne-1.png\" alt=\"\" width=\"750\" height=\"750\" \/><\/p>\n<p>\u00a0<\/p>\n<h4><strong>Verpackung:<\/strong> Bag-in-Box-Verpackung \u2013 ein Beutel mit Zapfhahn in einem praktischen Karton zum einfachen Ausgie\u00dfen.<br \/>\n<b>Zusammensetzung:<\/b> 100% NFC-Apfelsaft mit Gew\u00fcrzen (Zimt, Nelken, Ingwer, Muskatnuss).<\/h4>\n<h4><b>Lagerung:<\/b>\u00a0Ebenso wie selbstgemachte Konfit\u00fcren sollten S\u00e4fte an einem schattigen und k\u00fchlen Ort gelagert werden.<\/h4>\n<h4><b>Gie\u00dfen:<\/b> Der Saft sollte mit dem Hahn nach unten eingegossen werden. Achten Sie darauf, dass der Saft immer mit Saft bedeckt ist. Sch\u00fctteln Sie den Beh\u00e4lter vor jedem Eingie\u00dfen, um den Inhalt zu vermischen.<\/h4>\n<h4><b>Frischegarantie:<\/b>\u00a0Durch das richtige Einf\u00fcllen gelangt keine Luft in die Verpackung und der Saft bleibt frisch.<\/h4>\n<h4><b>Nach dem \u00d6ffnen:<\/b> Der Saft sollte im K\u00fchlschrank aufbewahrt und innerhalb von 30 Tagen verbraucht werden, vorausgesetzt, er wird in vertikaler Position eingegossen, ohne dass Luft in die Verpackung gelangt.<\/h4>\n<h4><strong>Verfallsdatum:<\/strong> mindestens 3 Monate ab Kaufdatum.<\/h4>\n<h4><\/h4>\n<h4 style=\"text-align: center\"><b>\u00dcberzeugen Sie sich selbst und bestellen Sie jetzt!<\/b><\/h4>\n<p>\u00a0<\/p>","protected":false},"excerpt":{"rendered":"<p><img decoding=\"async\" class=\"alignnone size-large wp-image-492\" src=\"https:\/\/naszatlocznia.pl\/wp-content\/uploads\/2021\/06\/wartosci-odzywcze-JABLKO-KORZENNE-912x1024.jpg\" alt=\"\" width=\"912\" height=\"1024\" \/><\/p>","protected":false},"featured_media":542,"comment_status":"open","ping_status":"closed","template":"","meta":[],"product_brand":[],"product_cat":[26],"product_tag":[],"class_list":{"0":"post-545","1":"product","2":"type-product","3":"status-publish","4":"has-post-thumbnail","6":"product_cat-soki-tloczone-nfc","7":"pa_pojemnosc-5l","9":"first","10":"instock","11":"taxable","12":"shipping-taxable","13":"purchasable","14":"product-type-simple"},"yoast_head":"<!-- This site is optimized with the Yoast SEO plugin v24.9 - https:\/\/yoast.com\/wordpress\/plugins\/seo\/ -->\n<title>Sok t\u0142oczony Jab\u0142kowy Korzenny Bezalkoholowy Grzaniec 5L - nfc-juices<\/title>\n<meta name=\"robots\" content=\"index, follow, max-snippet:-1, max-image-preview:large, max-video-preview:-1\" \/>\n<link rel=\"canonical\" href=\"https:\/\/nfcjuices.com\/de\/produkt\/apfelsaft-gepresst-wurzig-alkoholfrei-gluhwein-5l\/\" \/>\n<meta property=\"og:locale\" content=\"de_DE\" \/>\n<meta property=\"og:type\" content=\"article\" \/>\n<meta property=\"og:title\" content=\"Sok t\u0142oczony Jab\u0142kowy Korzenny Bezalkoholowy Grzaniec 5L - nfc-juices\" \/>\n<meta property=\"og:url\" content=\"https:\/\/nfcjuices.com\/de\/produkt\/apfelsaft-gepresst-wurzig-alkoholfrei-gluhwein-5l\/\" \/>\n<meta property=\"og:site_name\" content=\"nfc-juices\" \/>\n<meta property=\"article:modified_time\" content=\"2026-04-16T14:55:41+00:00\" \/>\n<meta property=\"og:image\" content=\"https:\/\/nfcjuices.com\/wp-content\/uploads\/2025\/04\/Strona-Nowy-Karton-Jablko-Korzenne-1.png\" \/>\n\t<meta property=\"og:image:width\" content=\"750\" \/>\n\t<meta property=\"og:image:height\" content=\"750\" \/>\n\t<meta property=\"og:image:type\" content=\"image\/png\" \/>\n<meta name=\"twitter:card\" content=\"summary_large_image\" \/>\n<meta name=\"twitter:label1\" content=\"Gesch\u00e4tzte Lesezeit\" \/>\n\t<meta name=\"twitter:data1\" content=\"1\u00a0Minute\" \/>\n<script type=\"application\/ld+json\" class=\"yoast-schema-graph\">{\"@context\":\"https:\/\/schema.org\",\"@graph\":[{\"@type\":\"WebPage\",\"@id\":\"https:\/\/nfcjuices.com\/produkt\/sok-tloczony-jablkowy-korzenny-bezalkoholowy-grzaniec-5l\/\",\"url\":\"https:\/\/nfcjuices.com\/produkt\/sok-tloczony-jablkowy-korzenny-bezalkoholowy-grzaniec-5l\/\",\"name\":\"Sok t\u0142oczony Jab\u0142kowy Korzenny Bezalkoholowy Grzaniec 5L - nfc-juices\",\"isPartOf\":{\"@id\":\"https:\/\/nfcjuices.com\/#website\"},\"primaryImageOfPage\":{\"@id\":\"https:\/\/nfcjuices.com\/produkt\/sok-tloczony-jablkowy-korzenny-bezalkoholowy-grzaniec-5l\/#primaryimage\"},\"image\":{\"@id\":\"https:\/\/nfcjuices.com\/produkt\/sok-tloczony-jablkowy-korzenny-bezalkoholowy-grzaniec-5l\/#primaryimage\"},\"thumbnailUrl\":\"https:\/\/nfcjuices.com\/wp-content\/uploads\/2025\/04\/Strona-Nowy-Karton-Jablko-Korzenne-1.png\",\"datePublished\":\"2025-04-04T13:41:22+00:00\",\"dateModified\":\"2026-04-16T14:55:41+00:00\",\"breadcrumb\":{\"@id\":\"https:\/\/nfcjuices.com\/produkt\/sok-tloczony-jablkowy-korzenny-bezalkoholowy-grzaniec-5l\/#breadcrumb\"},\"inLanguage\":\"de\",\"potentialAction\":[{\"@type\":\"ReadAction\",\"target\":[\"https:\/\/nfcjuices.com\/produkt\/sok-tloczony-jablkowy-korzenny-bezalkoholowy-grzaniec-5l\/\"]}]},{\"@type\":\"ImageObject\",\"inLanguage\":\"de\",\"@id\":\"https:\/\/nfcjuices.com\/produkt\/sok-tloczony-jablkowy-korzenny-bezalkoholowy-grzaniec-5l\/#primaryimage\",\"url\":\"https:\/\/nfcjuices.com\/wp-content\/uploads\/2025\/04\/Strona-Nowy-Karton-Jablko-Korzenne-1.png\",\"contentUrl\":\"https:\/\/nfcjuices.com\/wp-content\/uploads\/2025\/04\/Strona-Nowy-Karton-Jablko-Korzenne-1.png\",\"width\":750,\"height\":750},{\"@type\":\"BreadcrumbList\",\"@id\":\"https:\/\/nfcjuices.com\/produkt\/sok-tloczony-jablkowy-korzenny-bezalkoholowy-grzaniec-5l\/#breadcrumb\",\"itemListElement\":[{\"@type\":\"ListItem\",\"position\":1,\"name\":\"Strona g\u0142\u00f3wna\",\"item\":\"https:\/\/nfcjuices.com\/\"},{\"@type\":\"ListItem\",\"position\":2,\"name\":\"Nasze produkty\",\"item\":\"https:\/\/nfcjuices.com\/sv\/vara-produkter\/\"},{\"@type\":\"ListItem\",\"position\":3,\"name\":\"Sok t\u0142oczony Jab\u0142kowy Korzenny Bezalkoholowy Grzaniec 5L\"}]},{\"@type\":\"WebSite\",\"@id\":\"https:\/\/nfcjuices.com\/#website\",\"url\":\"https:\/\/nfcjuices.com\/\",\"name\":\"nfc-juices\",\"description\":\"Soki, przeciery, musy NFC w beczkach\",\"publisher\":{\"@id\":\"https:\/\/nfcjuices.com\/#organization\"},\"potentialAction\":[{\"@type\":\"SearchAction\",\"target\":{\"@type\":\"EntryPoint\",\"urlTemplate\":\"https:\/\/nfcjuices.com\/?s={search_term_string}\"},\"query-input\":{\"@type\":\"PropertyValueSpecification\",\"valueRequired\":true,\"valueName\":\"search_term_string\"}}],\"inLanguage\":\"de\"},{\"@type\":\"Organization\",\"@id\":\"https:\/\/nfcjuices.com\/#organization\",\"name\":\"Nasza T\u0142ocznia\",\"url\":\"https:\/\/nfcjuices.com\/\",\"logo\":{\"@type\":\"ImageObject\",\"inLanguage\":\"de\",\"@id\":\"https:\/\/nfcjuices.com\/#\/schema\/logo\/image\/\",\"url\":\"https:\/\/nfcjuices.com\/wp-content\/uploads\/2025\/05\/cropped-B2b-1.png\",\"contentUrl\":\"https:\/\/nfcjuices.com\/wp-content\/uploads\/2025\/05\/cropped-B2b-1.png\",\"width\":1199,\"height\":999,\"caption\":\"Nasza T\u0142ocznia\"},\"image\":{\"@id\":\"https:\/\/nfcjuices.com\/#\/schema\/logo\/image\/\"}}]}<\/script>\n<!-- \/ Yoast SEO plugin. -->","yoast_head_json":{"title":"Apfel-W\u00fcrziger alkoholfreier Gl\u00fchsaft gepresst 5L - nfc-juices","robots":{"index":"index","follow":"follow","max-snippet":"max-snippet:-1","max-image-preview":"max-image-preview:large","max-video-preview":"max-video-preview:-1"},"canonical":"https:\/\/nfcjuices.com\/de\/produkt\/apfelsaft-gepresst-wurzig-alkoholfrei-gluhwein-5l\/","og_locale":"de_DE","og_type":"article","og_title":"Sok t\u0142oczony Jab\u0142kowy Korzenny Bezalkoholowy Grzaniec 5L - nfc-juices","og_url":"https:\/\/nfcjuices.com\/de\/produkt\/apfelsaft-gepresst-wurzig-alkoholfrei-gluhwein-5l\/","og_site_name":"nfc-juices","article_modified_time":"2026-04-16T14:55:41+00:00","og_image":[{"width":750,"height":750,"url":"https:\/\/nfcjuices.com\/wp-content\/uploads\/2025\/04\/Strona-Nowy-Karton-Jablko-Korzenne-1.png","type":"image\/png"}],"twitter_card":"summary_large_image","twitter_misc":{"Gesch\u00e4tzte Lesezeit":"1\u00a0Minute"},"schema":{"@context":"https:\/\/schema.org","@graph":[{"@type":"WebPage","@id":"https:\/\/nfcjuices.com\/produkt\/sok-tloczony-jablkowy-korzenny-bezalkoholowy-grzaniec-5l\/","url":"https:\/\/nfcjuices.com\/produkt\/sok-tloczony-jablkowy-korzenny-bezalkoholowy-grzaniec-5l\/","name":"Apfel-W\u00fcrziger alkoholfreier Gl\u00fchsaft gepresst 5L - nfc-juices","isPartOf":{"@id":"https:\/\/nfcjuices.com\/#website"},"primaryImageOfPage":{"@id":"https:\/\/nfcjuices.com\/produkt\/sok-tloczony-jablkowy-korzenny-bezalkoholowy-grzaniec-5l\/#primaryimage"},"image":{"@id":"https:\/\/nfcjuices.com\/produkt\/sok-tloczony-jablkowy-korzenny-bezalkoholowy-grzaniec-5l\/#primaryimage"},"thumbnailUrl":"https:\/\/nfcjuices.com\/wp-content\/uploads\/2025\/04\/Strona-Nowy-Karton-Jablko-Korzenne-1.png","datePublished":"2025-04-04T13:41:22+00:00","dateModified":"2026-04-16T14:55:41+00:00","breadcrumb":{"@id":"https:\/\/nfcjuices.com\/produkt\/sok-tloczony-jablkowy-korzenny-bezalkoholowy-grzaniec-5l\/#breadcrumb"},"inLanguage":"de","potentialAction":[{"@type":"ReadAction","target":["https:\/\/nfcjuices.com\/produkt\/sok-tloczony-jablkowy-korzenny-bezalkoholowy-grzaniec-5l\/"]}]},{"@type":"ImageObject","inLanguage":"de","@id":"https:\/\/nfcjuices.com\/produkt\/sok-tloczony-jablkowy-korzenny-bezalkoholowy-grzaniec-5l\/#primaryimage","url":"https:\/\/nfcjuices.com\/wp-content\/uploads\/2025\/04\/Strona-Nowy-Karton-Jablko-Korzenne-1.png","contentUrl":"https:\/\/nfcjuices.com\/wp-content\/uploads\/2025\/04\/Strona-Nowy-Karton-Jablko-Korzenne-1.png","width":750,"height":750},{"@type":"BreadcrumbList","@id":"https:\/\/nfcjuices.com\/produkt\/sok-tloczony-jablkowy-korzenny-bezalkoholowy-grzaniec-5l\/#breadcrumb","itemListElement":[{"@type":"ListItem","position":1,"name":"Strona g\u0142\u00f3wna","item":"https:\/\/nfcjuices.com\/"},{"@type":"ListItem","position":2,"name":"Nasze produkty","item":"https:\/\/nfcjuices.com\/sv\/vara-produkter\/"},{"@type":"ListItem","position":3,"name":"Sok t\u0142oczony Jab\u0142kowy Korzenny Bezalkoholowy Grzaniec 5L"}]},{"@type":"WebSite","@id":"https:\/\/nfcjuices.com\/#website","url":"https:\/\/nfcjuices.com\/","name":"NFC-S\u00e4fte","description":"S\u00e4fte, P\u00fcrees, NFC-Mousses in F\u00e4ssern","publisher":{"@id":"https:\/\/nfcjuices.com\/#organization"},"potentialAction":[{"@type":"SearchAction","target":{"@type":"EntryPoint","urlTemplate":"https:\/\/nfcjuices.com\/?s={search_term_string}"},"query-input":{"@type":"PropertyValueSpecification","valueRequired":true,"valueName":"search_term_string"}}],"inLanguage":"de"},{"@type":"Organization","@id":"https:\/\/nfcjuices.com\/#organization","name":"Unser Presswerk","url":"https:\/\/nfcjuices.com\/","logo":{"@type":"ImageObject","inLanguage":"de","@id":"https:\/\/nfcjuices.com\/#\/schema\/logo\/image\/","url":"https:\/\/nfcjuices.com\/wp-content\/uploads\/2025\/05\/cropped-B2b-1.png","contentUrl":"https:\/\/nfcjuices.com\/wp-content\/uploads\/2025\/05\/cropped-B2b-1.png","width":1199,"height":999,"caption":"Nasza T\u0142ocznia"},"image":{"@id":"https:\/\/nfcjuices.com\/#\/schema\/logo\/image\/"}}]}},"_links":{"self":[{"href":"https:\/\/nfcjuices.com\/de\/wp-json\/wp\/v2\/product\/545","targetHints":{"allow":["GET"]}}],"collection":[{"href":"https:\/\/nfcjuices.com\/de\/wp-json\/wp\/v2\/product"}],"about":[{"href":"https:\/\/nfcjuices.com\/de\/wp-json\/wp\/v2\/types\/product"}],"replies":[{"embeddable":true,"href":"https:\/\/nfcjuices.com\/de\/wp-json\/wp\/v2\/comments?post=545"}],"wp:featuredmedia":[{"embeddable":true,"href":"https:\/\/nfcjuices.com\/de\/wp-json\/wp\/v2\/media\/542"}],"wp:attachment":[{"href":"https:\/\/nfcjuices.com\/de\/wp-json\/wp\/v2\/media?parent=545"}],"wp:term":[{"taxonomy":"product_brand","embeddable":true,"href":"https:\/\/nfcjuices.com\/de\/wp-json\/wp\/v2\/product_brand?post=545"},{"taxonomy":"product_cat","embeddable":true,"href":"https:\/\/nfcjuices.com\/de\/wp-json\/wp\/v2\/product_cat?post=545"},{"taxonomy":"product_tag","embeddable":true,"href":"https:\/\/nfcjuices.com\/de\/wp-json\/wp\/v2\/product_tag?post=545"}],"curies":[{"name":"wp","href":"https:\/\/api.w.org\/{rel}","templated":true}]}}