{"id":280,"date":"2025-03-13T09:59:56","date_gmt":"2025-03-13T08:59:56","guid":{"rendered":"https:\/\/nfcjuices.com\/produkt\/dynia\/"},"modified":"2026-04-13T12:09:32","modified_gmt":"2026-04-13T10:09:32","slug":"kurbis","status":"publish","type":"product","link":"https:\/\/nfcjuices.com\/de\/produkt\/dynia\/","title":{"rendered":"K\u00fcrbisp\u00fcree 200 kg"},"content":{"rendered":"<p><strong>\u00c4u\u00dfere Verpackung:<\/strong> Metallfass<br \/>\n<strong>Innere Verpackung:<\/strong> metallisierter aseptischer Beutel mit Ventil zum einmaligen Gebrauch.<\/p>\n<p><strong>Produkttyp:<\/strong> P\u00fcree<\/p>\n<p><strong>Brix: Min. 7<\/strong><br \/>\n<strong>Technische Daten auf Anfrage erh\u00e4ltlich.<\/strong><\/p>\n<p><strong>N\u00e4hrwerte:<\/strong><br \/>\nENERGIEWERT 26 kcal<br \/>\nFETT 0,1 g<br \/>\nINKLUSIVE GES\u00c4TTIGTE FETTS\u00c4UREN 0g<br \/>\nKOHLENHYDRATE 7 g<br \/>\nINKLUSIVE ZUCKER 2,8g<br \/>\nPROTEIN 1g<br \/>\nSALZ 0,5 g<\/p>\n<p><strong>Lieferung:<\/strong><br \/>\n1-2 F\u00e4sser - Versand auf einer Europalette<br \/>\n2-4 F\u00e4sser \u2013 Versand auf einer 120x120cm Palette. Ab 4 F\u00e4ssern Lieferung innerhalb Polens \u2013 <strong>frei!<\/strong><\/p>\n<p><strong>Weitere Informationen:<\/strong> sales@naszatlocznia.pl oder 600 100 478<\/p>\n<p><span><br \/>\nHaftungsausschluss: Die oben genannten Daten wurden zum Zeitpunkt der Erstellung gewissenhaft und mit gr\u00f6\u00dfter Sorgfalt erstellt. Aufgrund von \u00c4nderungen der Vorschriften und individuellen Produktkriterien sowie aufgrund nat\u00fcrlicher Schwankungen beim Rohstoff kann der Hersteller keine Garantie f\u00fcr die Kontinuit\u00e4t der Messwerte \u00fcbernehmen.<br \/>\n<\/span><\/p>","protected":false},"excerpt":{"rendered":"<p>Opakowanie zewn\u0119trzne: beczka metalowa Opakowanie wewn\u0119trzne: worek aseptyczny metalizowany z zaworem do jednorazowego u\u017cycia. Rodzaj produktu: przecier Brix: Min. 7 Specyfikacja techniczna dost\u0119pna na \u017cyczenie klienta. Warto\u015bci od\u017cywcze: WARTO\u015a\u0106 ENERGETYCZNA 26 kcal T\u0141USZCZ 0,1g W TYM KWASY T\u0141USZCZOWE NASYCONE 0g W\u0118GLOWODANY 7g W TYM CUKRY 2,8g BIA\u0141KO 1g S\u00d3L 0,5g Wysy\u0142ka: 1-2 beczki &#8211; wysy\u0142ka [&hellip;]<\/p>\n","protected":false},"featured_media":344,"comment_status":"open","ping_status":"closed","template":"","meta":[],"product_brand":[49],"product_cat":[56],"product_tag":[],"class_list":{"0":"post-280","1":"product","2":"type-product","3":"status-publish","4":"has-post-thumbnail","6":"product_brand-nasza-tlocznia","7":"product_cat-przeciery","8":"pa_pojemnosc-200kg","10":"first","11":"instock","12":"taxable","13":"shipping-taxable","14":"purchasable","15":"product-type-simple"},"yoast_head":"<!-- This site is optimized with the Yoast SEO plugin v24.9 - https:\/\/yoast.com\/wordpress\/plugins\/seo\/ -->\n<title>Przecier z Dyni 100% w beczce 200 kg | do przetw\u00f3rstwa B2B<\/title>\n<meta name=\"description\" content=\"Naturalny przecier z dyni 100% w beczce 200 kg. Pasteryzowany, bez dodatk\u00f3w. Do zup, sos\u00f3w, deser\u00f3w i wsad\u00f3w. Dostawa paletowa, dost\u0119pna specyfikacja\" \/>\n<meta name=\"robots\" content=\"index, follow, max-snippet:-1, max-image-preview:large, max-video-preview:-1\" \/>\n<link rel=\"canonical\" href=\"https:\/\/nfcjuices.com\/de\/produkt\/kurbis\/\" \/>\n<meta property=\"og:locale\" content=\"de_DE\" \/>\n<meta property=\"og:type\" content=\"article\" \/>\n<meta property=\"og:title\" content=\"Przecier z Dyni 100% w beczce 200 kg | do przetw\u00f3rstwa B2B\" \/>\n<meta property=\"og:description\" content=\"Naturalny przecier z dyni 100% w beczce 200 kg. Pasteryzowany, bez dodatk\u00f3w. Do zup, sos\u00f3w, deser\u00f3w i wsad\u00f3w. Dostawa paletowa, dost\u0119pna specyfikacja\" \/>\n<meta property=\"og:url\" content=\"https:\/\/nfcjuices.com\/de\/produkt\/kurbis\/\" \/>\n<meta property=\"og:site_name\" content=\"nfc-juices\" \/>\n<meta property=\"article:modified_time\" content=\"2026-04-13T10:09:32+00:00\" \/>\n<meta property=\"og:image\" content=\"https:\/\/nfcjuices.com\/wp-content\/uploads\/2025\/03\/Czerwona-beczka-1-1.webp\" \/>\n\t<meta property=\"og:image:width\" content=\"1920\" \/>\n\t<meta property=\"og:image:height\" content=\"1920\" \/>\n\t<meta property=\"og:image:type\" content=\"image\/webp\" \/>\n<meta name=\"twitter:card\" content=\"summary_large_image\" \/>\n<meta name=\"twitter:label1\" content=\"Gesch\u00e4tzte Lesezeit\" \/>\n\t<meta name=\"twitter:data1\" content=\"2\u00a0Minuten\" \/>\n<script type=\"application\/ld+json\" class=\"yoast-schema-graph\">{\"@context\":\"https:\/\/schema.org\",\"@graph\":[{\"@type\":\"WebPage\",\"@id\":\"https:\/\/nfcjuices.com\/produkt\/dynia\/\",\"url\":\"https:\/\/nfcjuices.com\/produkt\/dynia\/\",\"name\":\"Przecier z Dyni 100% w beczce 200 kg | do przetw\u00f3rstwa B2B\",\"isPartOf\":{\"@id\":\"https:\/\/nfcjuices.com\/#website\"},\"primaryImageOfPage\":{\"@id\":\"https:\/\/nfcjuices.com\/produkt\/dynia\/#primaryimage\"},\"image\":{\"@id\":\"https:\/\/nfcjuices.com\/produkt\/dynia\/#primaryimage\"},\"thumbnailUrl\":\"https:\/\/nfcjuices.com\/wp-content\/uploads\/2025\/03\/Czerwona-beczka-1-1.webp\",\"datePublished\":\"2025-03-13T08:59:56+00:00\",\"dateModified\":\"2026-04-13T10:09:32+00:00\",\"description\":\"Naturalny przecier z dyni 100% w beczce 200 kg. Pasteryzowany, bez dodatk\u00f3w. Do zup, sos\u00f3w, deser\u00f3w i wsad\u00f3w. Dostawa paletowa, dost\u0119pna specyfikacja\",\"breadcrumb\":{\"@id\":\"https:\/\/nfcjuices.com\/produkt\/dynia\/#breadcrumb\"},\"inLanguage\":\"de\",\"potentialAction\":[{\"@type\":\"ReadAction\",\"target\":[\"https:\/\/nfcjuices.com\/produkt\/dynia\/\"]}]},{\"@type\":\"ImageObject\",\"inLanguage\":\"de\",\"@id\":\"https:\/\/nfcjuices.com\/produkt\/dynia\/#primaryimage\",\"url\":\"https:\/\/nfcjuices.com\/wp-content\/uploads\/2025\/03\/Czerwona-beczka-1-1.webp\",\"contentUrl\":\"https:\/\/nfcjuices.com\/wp-content\/uploads\/2025\/03\/Czerwona-beczka-1-1.webp\",\"width\":1920,\"height\":1920},{\"@type\":\"BreadcrumbList\",\"@id\":\"https:\/\/nfcjuices.com\/produkt\/dynia\/#breadcrumb\",\"itemListElement\":[{\"@type\":\"ListItem\",\"position\":1,\"name\":\"Strona g\u0142\u00f3wna\",\"item\":\"https:\/\/nfcjuices.com\/\"},{\"@type\":\"ListItem\",\"position\":2,\"name\":\"Nasze produkty\",\"item\":\"https:\/\/nfcjuices.com\/sv\/vara-produkter\/\"},{\"@type\":\"ListItem\",\"position\":3,\"name\":\"Przecier Dynia 200 kg\"}]},{\"@type\":\"WebSite\",\"@id\":\"https:\/\/nfcjuices.com\/#website\",\"url\":\"https:\/\/nfcjuices.com\/\",\"name\":\"nfc-juices\",\"description\":\"Soki, przeciery, musy NFC w beczkach\",\"publisher\":{\"@id\":\"https:\/\/nfcjuices.com\/#organization\"},\"potentialAction\":[{\"@type\":\"SearchAction\",\"target\":{\"@type\":\"EntryPoint\",\"urlTemplate\":\"https:\/\/nfcjuices.com\/?s={search_term_string}\"},\"query-input\":{\"@type\":\"PropertyValueSpecification\",\"valueRequired\":true,\"valueName\":\"search_term_string\"}}],\"inLanguage\":\"de\"},{\"@type\":\"Organization\",\"@id\":\"https:\/\/nfcjuices.com\/#organization\",\"name\":\"Nasza T\u0142ocznia\",\"url\":\"https:\/\/nfcjuices.com\/\",\"logo\":{\"@type\":\"ImageObject\",\"inLanguage\":\"de\",\"@id\":\"https:\/\/nfcjuices.com\/#\/schema\/logo\/image\/\",\"url\":\"https:\/\/nfcjuices.com\/wp-content\/uploads\/2025\/05\/cropped-B2b-1.png\",\"contentUrl\":\"https:\/\/nfcjuices.com\/wp-content\/uploads\/2025\/05\/cropped-B2b-1.png\",\"width\":1199,\"height\":999,\"caption\":\"Nasza T\u0142ocznia\"},\"image\":{\"@id\":\"https:\/\/nfcjuices.com\/#\/schema\/logo\/image\/\"}}]}<\/script>\n<!-- \/ Yoast SEO plugin. -->","yoast_head_json":{"title":"K\u00fcrbisp\u00fcree 100% im 200-kg-Fass | f\u00fcr die B2B-Verarbeitung","description":"Nat\u00fcrliches K\u00fcrbisp\u00fcree 100% im 200-kg-Fass. Pasteurisiert, ohne Zusatzstoffe. Geeignet f\u00fcr Suppen, Saucen, Desserts und Wokgerichte. Palettenlieferung, Spezifikationen auf Anfrage.","robots":{"index":"index","follow":"follow","max-snippet":"max-snippet:-1","max-image-preview":"max-image-preview:large","max-video-preview":"max-video-preview:-1"},"canonical":"https:\/\/nfcjuices.com\/de\/produkt\/kurbis\/","og_locale":"de_DE","og_type":"article","og_title":"Przecier z Dyni 100% w beczce 200 kg | do przetw\u00f3rstwa B2B","og_description":"Naturalny przecier z dyni 100% w beczce 200 kg. Pasteryzowany, bez dodatk\u00f3w. Do zup, sos\u00f3w, deser\u00f3w i wsad\u00f3w. Dostawa paletowa, dost\u0119pna specyfikacja","og_url":"https:\/\/nfcjuices.com\/de\/produkt\/kurbis\/","og_site_name":"nfc-juices","article_modified_time":"2026-04-13T10:09:32+00:00","og_image":[{"width":1920,"height":1920,"url":"https:\/\/nfcjuices.com\/wp-content\/uploads\/2025\/03\/Czerwona-beczka-1-1.webp","type":"image\/webp"}],"twitter_card":"summary_large_image","twitter_misc":{"Gesch\u00e4tzte Lesezeit":"2\u00a0Minuten"},"schema":{"@context":"https:\/\/schema.org","@graph":[{"@type":"WebPage","@id":"https:\/\/nfcjuices.com\/produkt\/dynia\/","url":"https:\/\/nfcjuices.com\/produkt\/dynia\/","name":"K\u00fcrbisp\u00fcree 100% im 200-kg-Fass | f\u00fcr die B2B-Verarbeitung","isPartOf":{"@id":"https:\/\/nfcjuices.com\/#website"},"primaryImageOfPage":{"@id":"https:\/\/nfcjuices.com\/produkt\/dynia\/#primaryimage"},"image":{"@id":"https:\/\/nfcjuices.com\/produkt\/dynia\/#primaryimage"},"thumbnailUrl":"https:\/\/nfcjuices.com\/wp-content\/uploads\/2025\/03\/Czerwona-beczka-1-1.webp","datePublished":"2025-03-13T08:59:56+00:00","dateModified":"2026-04-13T10:09:32+00:00","description":"Nat\u00fcrliches K\u00fcrbisp\u00fcree 100% im 200-kg-Fass. Pasteurisiert, ohne Zusatzstoffe. Geeignet f\u00fcr Suppen, Saucen, Desserts und Wokgerichte. Palettenlieferung, Spezifikationen auf Anfrage.","breadcrumb":{"@id":"https:\/\/nfcjuices.com\/produkt\/dynia\/#breadcrumb"},"inLanguage":"de","potentialAction":[{"@type":"ReadAction","target":["https:\/\/nfcjuices.com\/produkt\/dynia\/"]}]},{"@type":"ImageObject","inLanguage":"de","@id":"https:\/\/nfcjuices.com\/produkt\/dynia\/#primaryimage","url":"https:\/\/nfcjuices.com\/wp-content\/uploads\/2025\/03\/Czerwona-beczka-1-1.webp","contentUrl":"https:\/\/nfcjuices.com\/wp-content\/uploads\/2025\/03\/Czerwona-beczka-1-1.webp","width":1920,"height":1920},{"@type":"BreadcrumbList","@id":"https:\/\/nfcjuices.com\/produkt\/dynia\/#breadcrumb","itemListElement":[{"@type":"ListItem","position":1,"name":"Strona g\u0142\u00f3wna","item":"https:\/\/nfcjuices.com\/"},{"@type":"ListItem","position":2,"name":"Nasze produkty","item":"https:\/\/nfcjuices.com\/sv\/vara-produkter\/"},{"@type":"ListItem","position":3,"name":"Przecier Dynia 200 kg"}]},{"@type":"WebSite","@id":"https:\/\/nfcjuices.com\/#website","url":"https:\/\/nfcjuices.com\/","name":"NFC-S\u00e4fte","description":"S\u00e4fte, P\u00fcrees, NFC-Mousses in F\u00e4ssern","publisher":{"@id":"https:\/\/nfcjuices.com\/#organization"},"potentialAction":[{"@type":"SearchAction","target":{"@type":"EntryPoint","urlTemplate":"https:\/\/nfcjuices.com\/?s={search_term_string}"},"query-input":{"@type":"PropertyValueSpecification","valueRequired":true,"valueName":"search_term_string"}}],"inLanguage":"de"},{"@type":"Organization","@id":"https:\/\/nfcjuices.com\/#organization","name":"Unser Presswerk","url":"https:\/\/nfcjuices.com\/","logo":{"@type":"ImageObject","inLanguage":"de","@id":"https:\/\/nfcjuices.com\/#\/schema\/logo\/image\/","url":"https:\/\/nfcjuices.com\/wp-content\/uploads\/2025\/05\/cropped-B2b-1.png","contentUrl":"https:\/\/nfcjuices.com\/wp-content\/uploads\/2025\/05\/cropped-B2b-1.png","width":1199,"height":999,"caption":"Nasza T\u0142ocznia"},"image":{"@id":"https:\/\/nfcjuices.com\/#\/schema\/logo\/image\/"}}]}},"_links":{"self":[{"href":"https:\/\/nfcjuices.com\/de\/wp-json\/wp\/v2\/product\/280","targetHints":{"allow":["GET"]}}],"collection":[{"href":"https:\/\/nfcjuices.com\/de\/wp-json\/wp\/v2\/product"}],"about":[{"href":"https:\/\/nfcjuices.com\/de\/wp-json\/wp\/v2\/types\/product"}],"replies":[{"embeddable":true,"href":"https:\/\/nfcjuices.com\/de\/wp-json\/wp\/v2\/comments?post=280"}],"wp:featuredmedia":[{"embeddable":true,"href":"https:\/\/nfcjuices.com\/de\/wp-json\/wp\/v2\/media\/344"}],"wp:attachment":[{"href":"https:\/\/nfcjuices.com\/de\/wp-json\/wp\/v2\/media?parent=280"}],"wp:term":[{"taxonomy":"product_brand","embeddable":true,"href":"https:\/\/nfcjuices.com\/de\/wp-json\/wp\/v2\/product_brand?post=280"},{"taxonomy":"product_cat","embeddable":true,"href":"https:\/\/nfcjuices.com\/de\/wp-json\/wp\/v2\/product_cat?post=280"},{"taxonomy":"product_tag","embeddable":true,"href":"https:\/\/nfcjuices.com\/de\/wp-json\/wp\/v2\/product_tag?post=280"}],"curies":[{"name":"wp","href":"https:\/\/api.w.org\/{rel}","templated":true}]}}