{"id":250,"date":"2025-03-12T15:58:31","date_gmt":"2025-03-12T14:58:31","guid":{"rendered":"https:\/\/nfcjuices.com\/produkt\/sliwka\/"},"modified":"2026-03-26T11:44:26","modified_gmt":"2026-03-26T10:44:26","slug":"pflaume","status":"publish","type":"product","link":"https:\/\/nfcjuices.com\/de\/produkt\/sliwka\/","title":{"rendered":"Saft 100% Pflaume 200kg"},"content":{"rendered":"<p><strong>Produkttyp:<\/strong> Saft <\/p>\n<p> <strong>Brix: <\/strong>17,5<br \/><strong>Technische Daten auf Anfrage erh\u00e4ltlich.<\/strong><\/p>\n<p><strong>N\u00e4hrwerte:<\/strong><br \/>Energiewert: 45 kcal <\/p>\n<p>  Fett: 0,3 g <\/p>\n<p>  Kohlenhydrate: 11 g\t <\/p>\n<p>  Eiwei\u00df: 0,7 g <\/p>\n<p>  Salz: 0,01 g <\/p>","protected":false},"excerpt":{"rendered":"<p>Rodzaj produktu: sok Brix: 17,5Specyfikacja techniczna dost\u0119pna na \u017cyczenie klienta. Warto\u015bci od\u017cywcze:Warto\u015b\u0107 energetyczna: 45 kcal T\u0142uszcz: 0,3g W\u0119glowodany: 11g Bia\u0142ko: 0,7g S\u00f3l: 0,01g<\/p>","protected":false},"featured_media":175,"comment_status":"open","ping_status":"closed","template":"","meta":[],"product_brand":[],"product_cat":[47,26],"product_tag":[34],"class_list":{"0":"post-250","1":"product","2":"type-product","3":"status-publish","4":"has-post-thumbnail","6":"product_cat-soki-nfc","7":"product_cat-soki-tloczone-nfc","8":"product_tag-beczka","9":"pa_pojemnosc-200kg","11":"first","12":"instock","13":"taxable","14":"shipping-taxable","15":"purchasable","16":"product-type-simple"},"yoast_head":"<!-- This site is optimized with the Yoast SEO plugin v24.9 - https:\/\/yoast.com\/wordpress\/plugins\/seo\/ -->\n<title>Sok \u015aliwka 100% NFC 200 kg Beczka | NFC Juices<\/title>\n<meta name=\"description\" content=\"Sok \u015bliwkowy NFC 100% w beczce 200 kg. Pasteryzowany, bez dodatk\u00f3w. Do lemoniad, lod\u00f3w, wsad\u00f3w, jogurt\u00f3w, piw i sos\u00f3w. Dost\u0119pna specyfikacja\" \/>\n<meta name=\"robots\" content=\"index, follow, max-snippet:-1, max-image-preview:large, max-video-preview:-1\" \/>\n<link rel=\"canonical\" href=\"https:\/\/nfcjuices.com\/de\/produkt\/pflaume\/\" \/>\n<meta property=\"og:locale\" content=\"de_DE\" \/>\n<meta property=\"og:type\" content=\"article\" \/>\n<meta property=\"og:title\" content=\"Sok \u015aliwka 100% NFC 200 kg Beczka | NFC Juices\" \/>\n<meta property=\"og:description\" content=\"Sok \u015bliwkowy NFC 100% w beczce 200 kg. Pasteryzowany, bez dodatk\u00f3w. Do lemoniad, lod\u00f3w, wsad\u00f3w, jogurt\u00f3w, piw i sos\u00f3w. Dost\u0119pna specyfikacja\" \/>\n<meta property=\"og:url\" content=\"https:\/\/nfcjuices.com\/de\/produkt\/pflaume\/\" \/>\n<meta property=\"og:site_name\" content=\"nfc-juices\" \/>\n<meta property=\"article:modified_time\" content=\"2026-03-26T10:44:26+00:00\" \/>\n<meta property=\"og:image\" content=\"https:\/\/nfcjuices.com\/wp-content\/uploads\/2025\/03\/Czerwona-beczka-1-1024x1024.png\" \/>\n\t<meta property=\"og:image:width\" content=\"1024\" \/>\n\t<meta property=\"og:image:height\" content=\"1024\" \/>\n\t<meta property=\"og:image:type\" content=\"image\/png\" \/>\n<meta name=\"twitter:card\" content=\"summary_large_image\" \/>\n<meta name=\"twitter:label1\" content=\"Gesch\u00e4tzte Lesezeit\" \/>\n\t<meta name=\"twitter:data1\" content=\"2\u00a0Minuten\" \/>\n<script type=\"application\/ld+json\" class=\"yoast-schema-graph\">{\"@context\":\"https:\/\/schema.org\",\"@graph\":[{\"@type\":\"WebPage\",\"@id\":\"https:\/\/nfcjuices.com\/en\/product\/plum\/\",\"url\":\"https:\/\/nfcjuices.com\/en\/product\/plum\/\",\"name\":\"Sok \u015aliwka 100% NFC 200 kg Beczka | NFC Juices\",\"isPartOf\":{\"@id\":\"https:\/\/nfcjuices.com\/#website\"},\"primaryImageOfPage\":{\"@id\":\"https:\/\/nfcjuices.com\/en\/product\/plum\/#primaryimage\"},\"image\":{\"@id\":\"https:\/\/nfcjuices.com\/en\/product\/plum\/#primaryimage\"},\"thumbnailUrl\":\"https:\/\/nfcjuices.com\/wp-content\/uploads\/2025\/03\/Czerwona-beczka-1.png\",\"datePublished\":\"2025-03-12T14:58:31+00:00\",\"dateModified\":\"2026-03-26T10:44:26+00:00\",\"description\":\"Sok \u015bliwkowy NFC 100% w beczce 200 kg. Pasteryzowany, bez dodatk\u00f3w. Do lemoniad, lod\u00f3w, wsad\u00f3w, jogurt\u00f3w, piw i sos\u00f3w. Dost\u0119pna specyfikacja\",\"breadcrumb\":{\"@id\":\"https:\/\/nfcjuices.com\/en\/product\/plum\/#breadcrumb\"},\"inLanguage\":\"de\",\"potentialAction\":[{\"@type\":\"ReadAction\",\"target\":[\"https:\/\/nfcjuices.com\/en\/product\/plum\/\"]}]},{\"@type\":\"ImageObject\",\"inLanguage\":\"de\",\"@id\":\"https:\/\/nfcjuices.com\/en\/product\/plum\/#primaryimage\",\"url\":\"https:\/\/nfcjuices.com\/wp-content\/uploads\/2025\/03\/Czerwona-beczka-1.png\",\"contentUrl\":\"https:\/\/nfcjuices.com\/wp-content\/uploads\/2025\/03\/Czerwona-beczka-1.png\",\"width\":1980,\"height\":1980},{\"@type\":\"BreadcrumbList\",\"@id\":\"https:\/\/nfcjuices.com\/en\/product\/plum\/#breadcrumb\",\"itemListElement\":[{\"@type\":\"ListItem\",\"position\":1,\"name\":\"Strona g\u0142\u00f3wna\",\"item\":\"https:\/\/nfcjuices.com\/\"},{\"@type\":\"ListItem\",\"position\":2,\"name\":\"Nasze produkty\",\"item\":\"https:\/\/nfcjuices.com\/sv\/vara-produkter\/\"},{\"@type\":\"ListItem\",\"position\":3,\"name\":\"Sok 100% \u015aliwka 200kg\"}]},{\"@type\":\"WebSite\",\"@id\":\"https:\/\/nfcjuices.com\/#website\",\"url\":\"https:\/\/nfcjuices.com\/\",\"name\":\"nfc-juices\",\"description\":\"Soki, przeciery, musy NFC w beczkach\",\"publisher\":{\"@id\":\"https:\/\/nfcjuices.com\/#organization\"},\"potentialAction\":[{\"@type\":\"SearchAction\",\"target\":{\"@type\":\"EntryPoint\",\"urlTemplate\":\"https:\/\/nfcjuices.com\/?s={search_term_string}\"},\"query-input\":{\"@type\":\"PropertyValueSpecification\",\"valueRequired\":true,\"valueName\":\"search_term_string\"}}],\"inLanguage\":\"de\"},{\"@type\":\"Organization\",\"@id\":\"https:\/\/nfcjuices.com\/#organization\",\"name\":\"Nasza T\u0142ocznia\",\"url\":\"https:\/\/nfcjuices.com\/\",\"logo\":{\"@type\":\"ImageObject\",\"inLanguage\":\"de\",\"@id\":\"https:\/\/nfcjuices.com\/#\/schema\/logo\/image\/\",\"url\":\"https:\/\/nfcjuices.com\/wp-content\/uploads\/2025\/05\/cropped-B2b-1.png\",\"contentUrl\":\"https:\/\/nfcjuices.com\/wp-content\/uploads\/2025\/05\/cropped-B2b-1.png\",\"width\":1199,\"height\":999,\"caption\":\"Nasza T\u0142ocznia\"},\"image\":{\"@id\":\"https:\/\/nfcjuices.com\/#\/schema\/logo\/image\/\"}}]}<\/script>\n<!-- \/ Yoast SEO plugin. -->","yoast_head_json":{"title":"Pflaumensaft 100% NFC 200 kg Fass | NFC S\u00e4fte","description":"NFC 100% Pflaumensaft im 200-kg-Fass. Pasteurisiert, ohne Zusatzstoffe. F\u00fcr Limonaden, Eiscreme, Fruchteis, Joghurt, Bier und Saucen. Spezifikationen auf Anfrage.","robots":{"index":"index","follow":"follow","max-snippet":"max-snippet:-1","max-image-preview":"max-image-preview:large","max-video-preview":"max-video-preview:-1"},"canonical":"https:\/\/nfcjuices.com\/de\/produkt\/pflaume\/","og_locale":"de_DE","og_type":"article","og_title":"Sok \u015aliwka 100% NFC 200 kg Beczka | NFC Juices","og_description":"Sok \u015bliwkowy NFC 100% w beczce 200 kg. Pasteryzowany, bez dodatk\u00f3w. Do lemoniad, lod\u00f3w, wsad\u00f3w, jogurt\u00f3w, piw i sos\u00f3w. Dost\u0119pna specyfikacja","og_url":"https:\/\/nfcjuices.com\/de\/produkt\/pflaume\/","og_site_name":"nfc-juices","article_modified_time":"2026-03-26T10:44:26+00:00","og_image":[{"width":1024,"height":1024,"url":"https:\/\/nfcjuices.com\/wp-content\/uploads\/2025\/03\/Czerwona-beczka-1-1024x1024.png","type":"image\/png"}],"twitter_card":"summary_large_image","twitter_misc":{"Gesch\u00e4tzte Lesezeit":"2\u00a0Minuten"},"schema":{"@context":"https:\/\/schema.org","@graph":[{"@type":"WebPage","@id":"https:\/\/nfcjuices.com\/en\/product\/plum\/","url":"https:\/\/nfcjuices.com\/en\/product\/plum\/","name":"Pflaumensaft 100% NFC 200 kg Fass | NFC S\u00e4fte","isPartOf":{"@id":"https:\/\/nfcjuices.com\/#website"},"primaryImageOfPage":{"@id":"https:\/\/nfcjuices.com\/en\/product\/plum\/#primaryimage"},"image":{"@id":"https:\/\/nfcjuices.com\/en\/product\/plum\/#primaryimage"},"thumbnailUrl":"https:\/\/nfcjuices.com\/wp-content\/uploads\/2025\/03\/Czerwona-beczka-1.png","datePublished":"2025-03-12T14:58:31+00:00","dateModified":"2026-03-26T10:44:26+00:00","description":"NFC 100% Pflaumensaft im 200-kg-Fass. Pasteurisiert, ohne Zusatzstoffe. F\u00fcr Limonaden, Eiscreme, Fruchteis, Joghurt, Bier und Saucen. Spezifikationen auf Anfrage.","breadcrumb":{"@id":"https:\/\/nfcjuices.com\/en\/product\/plum\/#breadcrumb"},"inLanguage":"de","potentialAction":[{"@type":"ReadAction","target":["https:\/\/nfcjuices.com\/en\/product\/plum\/"]}]},{"@type":"ImageObject","inLanguage":"de","@id":"https:\/\/nfcjuices.com\/en\/product\/plum\/#primaryimage","url":"https:\/\/nfcjuices.com\/wp-content\/uploads\/2025\/03\/Czerwona-beczka-1.png","contentUrl":"https:\/\/nfcjuices.com\/wp-content\/uploads\/2025\/03\/Czerwona-beczka-1.png","width":1980,"height":1980},{"@type":"BreadcrumbList","@id":"https:\/\/nfcjuices.com\/en\/product\/plum\/#breadcrumb","itemListElement":[{"@type":"ListItem","position":1,"name":"Strona g\u0142\u00f3wna","item":"https:\/\/nfcjuices.com\/"},{"@type":"ListItem","position":2,"name":"Nasze produkty","item":"https:\/\/nfcjuices.com\/sv\/vara-produkter\/"},{"@type":"ListItem","position":3,"name":"Sok 100% \u015aliwka 200kg"}]},{"@type":"WebSite","@id":"https:\/\/nfcjuices.com\/#website","url":"https:\/\/nfcjuices.com\/","name":"NFC-S\u00e4fte","description":"S\u00e4fte, P\u00fcrees, NFC-Mousses in F\u00e4ssern","publisher":{"@id":"https:\/\/nfcjuices.com\/#organization"},"potentialAction":[{"@type":"SearchAction","target":{"@type":"EntryPoint","urlTemplate":"https:\/\/nfcjuices.com\/?s={search_term_string}"},"query-input":{"@type":"PropertyValueSpecification","valueRequired":true,"valueName":"search_term_string"}}],"inLanguage":"de"},{"@type":"Organization","@id":"https:\/\/nfcjuices.com\/#organization","name":"Unser Presswerk","url":"https:\/\/nfcjuices.com\/","logo":{"@type":"ImageObject","inLanguage":"de","@id":"https:\/\/nfcjuices.com\/#\/schema\/logo\/image\/","url":"https:\/\/nfcjuices.com\/wp-content\/uploads\/2025\/05\/cropped-B2b-1.png","contentUrl":"https:\/\/nfcjuices.com\/wp-content\/uploads\/2025\/05\/cropped-B2b-1.png","width":1199,"height":999,"caption":"Nasza T\u0142ocznia"},"image":{"@id":"https:\/\/nfcjuices.com\/#\/schema\/logo\/image\/"}}]}},"_links":{"self":[{"href":"https:\/\/nfcjuices.com\/de\/wp-json\/wp\/v2\/product\/250","targetHints":{"allow":["GET"]}}],"collection":[{"href":"https:\/\/nfcjuices.com\/de\/wp-json\/wp\/v2\/product"}],"about":[{"href":"https:\/\/nfcjuices.com\/de\/wp-json\/wp\/v2\/types\/product"}],"replies":[{"embeddable":true,"href":"https:\/\/nfcjuices.com\/de\/wp-json\/wp\/v2\/comments?post=250"}],"wp:featuredmedia":[{"embeddable":true,"href":"https:\/\/nfcjuices.com\/de\/wp-json\/wp\/v2\/media\/175"}],"wp:attachment":[{"href":"https:\/\/nfcjuices.com\/de\/wp-json\/wp\/v2\/media?parent=250"}],"wp:term":[{"taxonomy":"product_brand","embeddable":true,"href":"https:\/\/nfcjuices.com\/de\/wp-json\/wp\/v2\/product_brand?post=250"},{"taxonomy":"product_cat","embeddable":true,"href":"https:\/\/nfcjuices.com\/de\/wp-json\/wp\/v2\/product_cat?post=250"},{"taxonomy":"product_tag","embeddable":true,"href":"https:\/\/nfcjuices.com\/de\/wp-json\/wp\/v2\/product_tag?post=250"}],"curies":[{"name":"wp","href":"https:\/\/api.w.org\/{rel}","templated":true}]}}