{"id":3,"date":"2025-03-05T12:57:31","date_gmt":"2025-03-05T11:57:31","guid":{"rendered":"https:\/\/nfcjuices.com\/?page_id=3"},"modified":"2025-04-15T11:36:21","modified_gmt":"2025-04-15T09:36:21","slug":"datenschutzrichtlinie","status":"publish","type":"page","link":"https:\/\/nfcjuices.com\/de\/polityka-prywatnosci\/","title":{"rendered":"Datenschutzrichtlinie"},"content":{"rendered":"<p><strong>\u00a71 Allgemeine Bestimmungen<\/strong><\/p>\n\n\n\n<p>1. Der Verantwortliche f\u00fcr die Datenverarbeitung ist Gospodarstwo Sadownicze Zbigniew Pietrzycki mit Sitz in 05-660 Warka, Konary 92, eingetragen im Zentralregister und in der Information \u00fcber die Gesch\u00e4ftst\u00e4tigkeit, NIP: 797-127-18-11, REGON 672798121. Der Datenschutz erfolgt gem\u00e4\u00df den Anforderungen der allgemein geltenden Gesetze und die Daten werden auf gesicherten Servern gespeichert.<\/p>\n\n\n\n<p>2. Zur Auslegung der Begriffe wird das Glossar der Bestimmungen verwendet oder wie in der Datenschutzrichtlinie beschrieben (sofern sich dies direkt aus der Beschreibung ergibt).<\/p>\n\n\n\n<p>3. Um Datenschutz und -sicherheit zu gew\u00e4hrleisten, verwenden wir unter anderem: Secure Communications Encryption Protocol (SSL).<\/p>\n\n\n\n<p>4. Alle personenbezogenen Daten des Kunden werden vertraulich behandelt und sind f\u00fcr Unbefugte nicht einsehbar.<\/p>\n\n\n\n<p>5. Die Datenschutzrichtlinie steht im Einklang mit der Datenschutz-Grundverordnung (DSGVO) und ist ab dem 05.07.2018 g\u00fcltig.<\/p>\n\n\n\n<p><strong>\u00a72 Zweck und Umfang der Datenerhebung<\/strong><\/p>\n\n\n\n<p>1. Der Verk\u00e4ufer ist der Administrator der personenbezogenen Daten der Kunden.<\/p>\n\n\n\n<p>2. Personenbezogene Daten des Kunden werden zum Zwecke der Abwicklung der im Online-Shop aufgegebenen Bestellungen oder, sofern der Kunde einwilligt, auch f\u00fcr Marketingzwecke erhoben und verarbeitet.<\/p>\n\n\n\n<p>3. Personenbezogene Daten der Kunden werden verarbeitet:<\/p>\n\n\n\n<p>A. gem\u00e4\u00df den Bestimmungen zum Schutz personenbezogener Daten,<\/p>\n\n\n\n<p>B. in \u00dcbereinstimmung mit der implementierten Datenschutzrichtlinie,<\/p>\n\n\n\n<p>C. soweit dies f\u00fcr die Begr\u00fcndung und Ausgestaltung des Vertragsinhalts, seine \u00c4nderung oder Beendigung sowie die ordnungsgem\u00e4\u00dfe Durchf\u00fchrung der elektronisch erbrachten Leistungen erforderlich ist,<\/p>\n\n\n\n<p>D. soweit und zu dem Zweck dies zur Wahrung berechtigter Interessen erforderlich ist und die Verarbeitung nicht die Rechte und Freiheiten der betroffenen Person verletzt,<\/p>\n\n\n\n<p>e. in dem Umfang und zu dem Zweck, der mit dem vom Kunden ge\u00e4u\u00dferten Willen vereinbar ist.<\/p>\n\n\n\n<p>4. Der Administrator erhebt und verarbeitet \u00fcber die Website und andere Kommunikationsformen die folgenden personenbezogenen Daten der Benutzer, die w\u00e4hrend des Registrierungsprozesses auf der Website angegeben wurden:<br><br>A. Vor- und Nachname<br>B. Adresse<br>C. Telefonnummer<br>d.E-Mail-Adresse<br>e. Name der Firma<br>F. NIP<\/p>\n\n\n\n<p>5. Der Kunde hat das Recht auf Zugriff auf die Daten, auf Berichtigung, L\u00f6schung oder Einschr\u00e4nkung der Verarbeitung, das Widerspruchsrecht und das Recht, eine Beschwerde bei der Aufsichtsbeh\u00f6rde einzureichen, die der Pr\u00e4sident des Amtes f\u00fcr den Schutz personenbezogener Daten ist.<\/p>\n\n\n\n<p>6. Der Kontakt mit der Person, die die Verarbeitung personenbezogener Daten \u00fcberwacht, ist per E-Mail unter folgender Adresse m\u00f6glich: biuro@naszatlocznia.pl<\/p>\n\n\n\n<p>7. Der Administrator ist berechtigt, die personenbezogenen Daten der Kunden nach Beendigung des Vertrags oder Widerruf der Einwilligung nur zum Zwecke der Geltendmachung m\u00f6glicher Anspr\u00fcche vor Gericht zu verarbeiten oder wenn nationales, EU- oder internationales Recht die Aufbewahrung der Daten vorschreibt.<\/p>\n\n\n\n<p>8. Der Administrator hat das Recht, die personenbezogenen Daten und andere Daten des Kunden an nach geltendem Recht autorisierte Stellen weiterzugeben, z. B. Strafverfolgungsbeh\u00f6rden.<\/p>\n\n\n\n<p>9. Der Administrator gibt die personenbezogenen Daten der Kunden nicht an andere Stellen weiter, mit Ausnahme derjenigen, die gem\u00e4\u00df geltendem Recht dazu berechtigt sind.<\/p>\n\n\n\n<p>10. Personenbezogene Daten werden f\u00fcr die Dauer des Vertragsverh\u00e4ltnisses und f\u00fcr einen den geltenden Vorschriften entsprechenden Zeitraum gespeichert, unter Ber\u00fccksichtigung der Verj\u00e4hrungsfrist f\u00fcr Anspr\u00fcche und Steuerverbindlichkeiten. Personenbezogene Daten, f\u00fcr die Sie eingewilligt haben, werden bis zum Widerruf Ihrer Einwilligung gespeichert.<\/p>\n\n\n\n<p>11. Die L\u00f6schung personenbezogener Daten kann durch den Widerruf der Einwilligung oder die Erhebung eines rechtlich zul\u00e4ssigen Widerspruchs gegen die Verarbeitung personenbezogener Daten erfolgen. Sie k\u00f6nnen Anfragen zur Verarbeitung personenbezogener Daten per E-Mail an die Adresse des Administrators personenbezogener Daten senden: biuro@naszatlocznia.pl<\/p>\n\n\n\n<p><strong>\u00a73 Informationen zum Profiling und zu den Auswirkungen des Profilings auf personenbezogene Daten<\/strong><\/p>\n\n\n\n<p>Der Administrator analysiert personenbezogene Daten automatisiert mithilfe von Tools, die von Softwareanbietern bereitgestellt werden (z. B. Statistiken, Verlauf). Der Zweck der automatisierten Datenverarbeitung besteht darin, Benutzerpr\u00e4ferenzen zu erfahren.<\/p>\n\n\n\n<p><strong>\u00a74 Cookies<\/strong><\/p>\n\n\n\n<p>1. Die Website www.naszatlocznia.pl verwendet Cookies. Dies sind kleine Textdateien, die von einem Webserver gesendet und von der Browsersoftware Ihres Computers gespeichert werden. Wenn der Browser die Verbindung zur Site wiederherstellt, erkennt die Site den Ger\u00e4tetyp, von dem aus der Benutzer die Verbindung herstellt. Parameter erm\u00f6glichen, dass die in ihnen enthaltenen Informationen nur von dem Server gelesen werden k\u00f6nnen, der sie erstellt hat. Cookies erleichtern daher die Nutzung zuvor besuchter Websites. Zu den erfassten Informationen geh\u00f6ren IP-Adresse, Browsertyp, Sprache, Betriebssystemtyp, Internetdienstanbieter, Zeit- und Datumsinformationen, Standort sowie Informationen, die \u00fcber das Kontaktformular an die Website gesendet werden.<\/p>\n\n\n\n<p>2. Die Website des Verk\u00e4ufers verwendet folgende Cookies:<\/p>\n\n\n\n<p>A. \u201eNotwendige\u201c Cookies, die die Nutzung der auf der Website verf\u00fcgbaren Dienste erm\u00f6glichen, z.\u00a0B. Authentifizierungs-Cookies, die f\u00fcr Dienste verwendet werden, die eine Authentifizierung auf der Website erfordern,<\/p>\n\n\n\n<p>B. Cookies, die zur Gew\u00e4hrleistung der Sicherheit verwendet werden, z.\u00a0B. dient der Erkennung von Missbrauch im Rahmen der Authentifizierung innerhalb des Dienstes,<\/p>\n\n\n\n<p>C. \u201ePerformance-Cookies\u201c, die die Erfassung von Informationen \u00fcber die Nutzung der Webseiten erm\u00f6glichen,<\/p>\n\n\n\n<p>D. \u201efunktionale\u201c Cookies, die es erm\u00f6glichen, die vom Benutzer gew\u00e4hlten Einstellungen zu \u201emerken\u201c und die Benutzeroberfl\u00e4che zu personalisieren, z. B. hinsichtlich der gew\u00e4hlten Sprache oder der Region, aus der der Nutzer kommt, der Schriftgr\u00f6\u00dfe, des Erscheinungsbilds der Website,<\/p>\n\n\n\n<p>e. \u201eWerbe\u201c-Cookies, die es erm\u00f6glichen, den Nutzern Werbeinhalte bereitzustellen, die besser auf ihre Interessen zugeschnitten sind.<\/p>\n\n\n\n<p>3. Der Kunde kann die M\u00f6glichkeit zur Erfassung von Cookies jederzeit durch eine \u00c4nderung der Einstellungen seines Webbrowsers deaktivieren oder wiederherstellen.<\/p>\n\n\n\n<p>4. Weitere personenbezogene Daten, wie beispielsweise die E-Mail-Adresse, werden vom Administrator nur dort erhoben, wo der Benutzer dem durch Ausf\u00fcllen des Formulars ausdr\u00fccklich zugestimmt hat.<\/p>","protected":false},"excerpt":{"rendered":"<p>\u00a71 Postanowienia og\u00f3lne 1. Administratorem danych jest Gospodarstwo Sadownicze Zbigniew Pietrzycki, z&nbsp;siedzib\u0105 w&nbsp;05-660 Warka, Konary 92, wpisane do Centralnej Ewidencji i&nbsp;Informacji o&nbsp;Dzia\u0142alno\u015bci Gospodarczej, NIP: 797-127-18-11, REGON 672798121. Ochrona danych odbywa si\u0119 zgodnie z&nbsp;wymogami powszechnie obowi\u0105zuj\u0105cych przepis\u00f3w prawa, a&nbsp;ich przechowywanie ma miejsce na zabezpieczonych serwerach. 2. Dla interpretacji termin\u00f3w stosuje si\u0119 s\u0142owniczek Regulaminu lub tak jak [&hellip;]<\/p>\n","protected":false},"author":1,"featured_media":0,"parent":0,"menu_order":0,"comment_status":"closed","ping_status":"open","template":"","meta":{"footnotes":""},"class_list":["post-3","page","type-page","status-publish","hentry"],"yoast_head":"<!-- This site is optimized with the Yoast SEO plugin v24.9 - https:\/\/yoast.com\/wordpress\/plugins\/seo\/ -->\n<title>Polityka prywatno\u015bci - nfc-juices<\/title>\n<meta name=\"robots\" content=\"index, follow, max-snippet:-1, max-image-preview:large, max-video-preview:-1\" \/>\n<link rel=\"canonical\" href=\"https:\/\/nfcjuices.com\/de\/datenschutzrichtlinie\/\" \/>\n<meta property=\"og:locale\" content=\"de_DE\" \/>\n<meta property=\"og:type\" content=\"article\" \/>\n<meta property=\"og:title\" content=\"Polityka prywatno\u015bci - nfc-juices\" \/>\n<meta property=\"og:description\" content=\"\u00a71 Postanowienia og\u00f3lne 1. Administratorem danych jest Gospodarstwo Sadownicze Zbigniew Pietrzycki, z&nbsp;siedzib\u0105 w&nbsp;05-660 Warka, Konary 92, wpisane do Centralnej Ewidencji i&nbsp;Informacji o&nbsp;Dzia\u0142alno\u015bci Gospodarczej, NIP: 797-127-18-11, REGON 672798121. Ochrona danych odbywa si\u0119 zgodnie z&nbsp;wymogami powszechnie obowi\u0105zuj\u0105cych przepis\u00f3w prawa, a&nbsp;ich przechowywanie ma miejsce na zabezpieczonych serwerach. 2. Dla interpretacji termin\u00f3w stosuje si\u0119 s\u0142owniczek Regulaminu lub tak jak [&hellip;]\" \/>\n<meta property=\"og:url\" content=\"https:\/\/nfcjuices.com\/de\/datenschutzrichtlinie\/\" \/>\n<meta property=\"og:site_name\" content=\"nfc-juices\" \/>\n<meta property=\"article:modified_time\" content=\"2025-04-15T09:36:21+00:00\" \/>\n<meta name=\"twitter:card\" content=\"summary_large_image\" \/>\n<meta name=\"twitter:label1\" content=\"Gesch\u00e4tzte Lesezeit\" \/>\n\t<meta name=\"twitter:data1\" content=\"5\u00a0Minuten\" \/>\n<script type=\"application\/ld+json\" class=\"yoast-schema-graph\">{\"@context\":\"https:\/\/schema.org\",\"@graph\":[{\"@type\":\"WebPage\",\"@id\":\"https:\/\/nfcjuices.com\/polityka-prywatnosci\/\",\"url\":\"https:\/\/nfcjuices.com\/polityka-prywatnosci\/\",\"name\":\"Polityka prywatno\u015bci - nfc-juices\",\"isPartOf\":{\"@id\":\"https:\/\/nfcjuices.com\/#website\"},\"datePublished\":\"2025-03-05T11:57:31+00:00\",\"dateModified\":\"2025-04-15T09:36:21+00:00\",\"breadcrumb\":{\"@id\":\"https:\/\/nfcjuices.com\/polityka-prywatnosci\/#breadcrumb\"},\"inLanguage\":\"de\",\"potentialAction\":[{\"@type\":\"ReadAction\",\"target\":[\"https:\/\/nfcjuices.com\/polityka-prywatnosci\/\"]}]},{\"@type\":\"BreadcrumbList\",\"@id\":\"https:\/\/nfcjuices.com\/polityka-prywatnosci\/#breadcrumb\",\"itemListElement\":[{\"@type\":\"ListItem\",\"position\":1,\"name\":\"Strona g\u0142\u00f3wna\",\"item\":\"https:\/\/nfcjuices.com\/\"},{\"@type\":\"ListItem\",\"position\":2,\"name\":\"Polityka prywatno\u015bci\"}]},{\"@type\":\"WebSite\",\"@id\":\"https:\/\/nfcjuices.com\/#website\",\"url\":\"https:\/\/nfcjuices.com\/\",\"name\":\"nfc-juices\",\"description\":\"Soki, przeciery, musy NFC w beczkach\",\"publisher\":{\"@id\":\"https:\/\/nfcjuices.com\/#organization\"},\"potentialAction\":[{\"@type\":\"SearchAction\",\"target\":{\"@type\":\"EntryPoint\",\"urlTemplate\":\"https:\/\/nfcjuices.com\/?s={search_term_string}\"},\"query-input\":{\"@type\":\"PropertyValueSpecification\",\"valueRequired\":true,\"valueName\":\"search_term_string\"}}],\"inLanguage\":\"de\"},{\"@type\":\"Organization\",\"@id\":\"https:\/\/nfcjuices.com\/#organization\",\"name\":\"Nasza T\u0142ocznia\",\"url\":\"https:\/\/nfcjuices.com\/\",\"logo\":{\"@type\":\"ImageObject\",\"inLanguage\":\"de\",\"@id\":\"https:\/\/nfcjuices.com\/#\/schema\/logo\/image\/\",\"url\":\"https:\/\/nfcjuices.com\/wp-content\/uploads\/2025\/05\/cropped-B2b-1.png\",\"contentUrl\":\"https:\/\/nfcjuices.com\/wp-content\/uploads\/2025\/05\/cropped-B2b-1.png\",\"width\":1199,\"height\":999,\"caption\":\"Nasza T\u0142ocznia\"},\"image\":{\"@id\":\"https:\/\/nfcjuices.com\/#\/schema\/logo\/image\/\"}}]}<\/script>\n<!-- \/ Yoast SEO plugin. -->","yoast_head_json":{"title":"Datenschutzrichtlinie - nfc-juices","robots":{"index":"index","follow":"follow","max-snippet":"max-snippet:-1","max-image-preview":"max-image-preview:large","max-video-preview":"max-video-preview:-1"},"canonical":"https:\/\/nfcjuices.com\/de\/datenschutzrichtlinie\/","og_locale":"de_DE","og_type":"article","og_title":"Polityka prywatno\u015bci - nfc-juices","og_description":"\u00a71 Postanowienia og\u00f3lne 1. Administratorem danych jest Gospodarstwo Sadownicze Zbigniew Pietrzycki, z&nbsp;siedzib\u0105 w&nbsp;05-660 Warka, Konary 92, wpisane do Centralnej Ewidencji i&nbsp;Informacji o&nbsp;Dzia\u0142alno\u015bci Gospodarczej, NIP: 797-127-18-11, REGON 672798121. Ochrona danych odbywa si\u0119 zgodnie z&nbsp;wymogami powszechnie obowi\u0105zuj\u0105cych przepis\u00f3w prawa, a&nbsp;ich przechowywanie ma miejsce na zabezpieczonych serwerach. 2. Dla interpretacji termin\u00f3w stosuje si\u0119 s\u0142owniczek Regulaminu lub tak jak [&hellip;]","og_url":"https:\/\/nfcjuices.com\/de\/datenschutzrichtlinie\/","og_site_name":"nfc-juices","article_modified_time":"2025-04-15T09:36:21+00:00","twitter_card":"summary_large_image","twitter_misc":{"Gesch\u00e4tzte Lesezeit":"5\u00a0Minuten"},"schema":{"@context":"https:\/\/schema.org","@graph":[{"@type":"WebPage","@id":"https:\/\/nfcjuices.com\/polityka-prywatnosci\/","url":"https:\/\/nfcjuices.com\/polityka-prywatnosci\/","name":"Datenschutzrichtlinie - nfc-juices","isPartOf":{"@id":"https:\/\/nfcjuices.com\/#website"},"datePublished":"2025-03-05T11:57:31+00:00","dateModified":"2025-04-15T09:36:21+00:00","breadcrumb":{"@id":"https:\/\/nfcjuices.com\/polityka-prywatnosci\/#breadcrumb"},"inLanguage":"de","potentialAction":[{"@type":"ReadAction","target":["https:\/\/nfcjuices.com\/polityka-prywatnosci\/"]}]},{"@type":"BreadcrumbList","@id":"https:\/\/nfcjuices.com\/polityka-prywatnosci\/#breadcrumb","itemListElement":[{"@type":"ListItem","position":1,"name":"Strona g\u0142\u00f3wna","item":"https:\/\/nfcjuices.com\/"},{"@type":"ListItem","position":2,"name":"Polityka prywatno\u015bci"}]},{"@type":"WebSite","@id":"https:\/\/nfcjuices.com\/#website","url":"https:\/\/nfcjuices.com\/","name":"NFC-S\u00e4fte","description":"S\u00e4fte, P\u00fcrees, NFC-Mousses in F\u00e4ssern","publisher":{"@id":"https:\/\/nfcjuices.com\/#organization"},"potentialAction":[{"@type":"SearchAction","target":{"@type":"EntryPoint","urlTemplate":"https:\/\/nfcjuices.com\/?s={search_term_string}"},"query-input":{"@type":"PropertyValueSpecification","valueRequired":true,"valueName":"search_term_string"}}],"inLanguage":"de"},{"@type":"Organization","@id":"https:\/\/nfcjuices.com\/#organization","name":"Unser Presswerk","url":"https:\/\/nfcjuices.com\/","logo":{"@type":"ImageObject","inLanguage":"de","@id":"https:\/\/nfcjuices.com\/#\/schema\/logo\/image\/","url":"https:\/\/nfcjuices.com\/wp-content\/uploads\/2025\/05\/cropped-B2b-1.png","contentUrl":"https:\/\/nfcjuices.com\/wp-content\/uploads\/2025\/05\/cropped-B2b-1.png","width":1199,"height":999,"caption":"Nasza T\u0142ocznia"},"image":{"@id":"https:\/\/nfcjuices.com\/#\/schema\/logo\/image\/"}}]}},"_links":{"self":[{"href":"https:\/\/nfcjuices.com\/de\/wp-json\/wp\/v2\/pages\/3","targetHints":{"allow":["GET"]}}],"collection":[{"href":"https:\/\/nfcjuices.com\/de\/wp-json\/wp\/v2\/pages"}],"about":[{"href":"https:\/\/nfcjuices.com\/de\/wp-json\/wp\/v2\/types\/page"}],"author":[{"embeddable":true,"href":"https:\/\/nfcjuices.com\/de\/wp-json\/wp\/v2\/users\/1"}],"replies":[{"embeddable":true,"href":"https:\/\/nfcjuices.com\/de\/wp-json\/wp\/v2\/comments?post=3"}],"version-history":[{"count":1,"href":"https:\/\/nfcjuices.com\/de\/wp-json\/wp\/v2\/pages\/3\/revisions"}],"predecessor-version":[{"id":954,"href":"https:\/\/nfcjuices.com\/de\/wp-json\/wp\/v2\/pages\/3\/revisions\/954"}],"wp:attachment":[{"href":"https:\/\/nfcjuices.com\/de\/wp-json\/wp\/v2\/media?parent=3"}],"curies":[{"name":"wp","href":"https:\/\/api.w.org\/{rel}","templated":true}]}}