{"id":194,"date":"2025-03-12T15:13:29","date_gmt":"2025-03-12T14:13:29","guid":{"rendered":"https:\/\/nfcjuices.com\/?page_id=194"},"modified":"2025-04-15T10:18:10","modified_gmt":"2025-04-15T08:18:10","slug":"uber-uns","status":"publish","type":"page","link":"https:\/\/nfcjuices.com\/de\/o-nas\/","title":{"rendered":"\u00dcber uns"},"content":{"rendered":"<h2 class=\"wp-block-heading has-text-align-center\" id=\"nasza-tlocznia-soki-z-serca-polskiego-sadownictwa\">UNSERE PRESSE \u2013 S\u00c4FTE AUS DEM HERZEN DES POLNISCHEN OBSTBAUBAUS.<\/h2>\n\n\n\n<div class=\"wp-block-columns is-layout-flex wp-container-core-columns-is-layout-28f84493 wp-block-columns-is-layout-flex\">\n<div class=\"wp-block-column is-layout-flow wp-block-column-is-layout-flow\">\n<p>Unsere Presse entstand aus einem Obstbauernhof in Familienbesitz.&nbsp;<strong>Wir z\u00fcchten seit Generationen Apfelb\u00e4ume,<\/strong>&nbsp;und die Gebiete, in denen wir leben, sind das Herz des polnischen Obstanbaus. Hier in Konary wurden vor \u00fcber 400 Jahren einige der ersten Apfelb\u00e4ume angebaut. Wir verarbeiten die gesammelten Fr\u00fcchte zu&nbsp;<strong>frische und gesunde Produkte<\/strong>. Wir haben klein angefangen \u2013 mit einzelnen Gl\u00e4sern Saft. Als der Pressvorgang perfektioniert war und wir sicher waren, unseren Kunden das Beste bieten zu k\u00f6nnen, wurde Nasza T\u0142ocznia gegr\u00fcndet. Unsere Produktion ist keine Massenproduktion, daher sind die S\u00e4fte und Fr\u00fcchte, die wir mit Leidenschaft zubereiten, hochwertig veredelt und ausgew\u00e4hlt.<\/p>\n<\/div>\n\n\n\n<div class=\"wp-block-column is-layout-flow wp-block-column-is-layout-flow\">\n<p><strong>Qualit\u00e4t steht bei uns an erster Stelle. Wir sagen \u201eNein\u201c zu Zucker, Konservierungsstoffen und k\u00fcnstlichen Vitaminen.<\/strong>&nbsp;Wir verwenden traditionelle Methoden, sodass unsere S\u00e4fte w\u00e4hrend des Herstellungsprozesses ihre wertvollen N\u00e4hrstoffe nicht verlieren. Vom Anbau der Apfelb\u00e4ume \u00fcber die Ernte der Fr\u00fcchte vom Baum bis hin zur Pressung achten wir darauf, qualitativ hochwertige Produkte auf den Markt zu bringen.<\/p>\n\n\n\n<p>Das Ziel von Nasza T\u0142ocznia ist eins und es steckt in einer Flasche Saft: Wir m\u00f6chten Ihnen das Wertvollste geben \u2013&nbsp;<strong>Gesundheit in nat\u00fcrlicher Form<\/strong>. Wir glauben, dass Sie sich besser f\u00fchlen werden, wenn Sie sich f\u00fcr Produkte von Nasza T\u0142ocznia entscheiden. Es ist ganz einfach!<\/p>\n<\/div>\n<\/div>\n\n\n\n<p class=\"has-text-align-center adv-box\"><\/p>\n\n\n\n<figure class=\"wp-block-gallery has-nested-images columns-4 is-cropped wp-block-gallery-1 is-layout-flex wp-block-gallery-is-layout-flex\">\n<figure class=\"wp-block-image size-large\"><a href=\"https:\/\/naszatlocznia.pl\/wp-content\/uploads\/2022\/01\/IMG_2581.jpeg\"><img decoding=\"async\" data-id=\"1035\" src=\"https:\/\/naszatlocznia.pl\/wp-content\/uploads\/2022\/01\/IMG_2581-768x1024.jpeg\" alt=\"\" class=\"wp-image-1035\"\/><\/a><\/figure>\n\n\n\n<figure class=\"wp-block-image size-large\"><a href=\"https:\/\/naszatlocznia.pl\/wp-content\/uploads\/2022\/01\/IMG_6047.jpeg\"><img decoding=\"async\" data-id=\"1036\" src=\"https:\/\/naszatlocznia.pl\/wp-content\/uploads\/2022\/01\/IMG_6047-768x1024.jpeg\" alt=\"\" class=\"wp-image-1036\"\/><\/a><\/figure>\n\n\n\n<figure class=\"wp-block-image size-large\"><a href=\"https:\/\/naszatlocznia.pl\/wp-content\/uploads\/2022\/01\/8E0492CE-10E4-4849-BBC1-15329065E955.jpeg\"><img decoding=\"async\" data-id=\"1040\" src=\"https:\/\/naszatlocznia.pl\/wp-content\/uploads\/2022\/01\/8E0492CE-10E4-4849-BBC1-15329065E955-1024x1024.jpeg\" alt=\"\" class=\"wp-image-1040\"\/><\/a><\/figure>\n\n\n\n<figure class=\"wp-block-image size-large\"><a href=\"https:\/\/naszatlocznia.pl\/wp-content\/uploads\/2022\/01\/CRZE9528.jpg\"><img decoding=\"async\" data-id=\"1041\" src=\"https:\/\/naszatlocznia.pl\/wp-content\/uploads\/2022\/01\/CRZE9528-1024x683.jpg\" alt=\"\" class=\"wp-image-1041\"\/><\/a><\/figure>\n\n\n\n<figure class=\"wp-block-image size-large\"><a href=\"https:\/\/naszatlocznia.pl\/wp-content\/uploads\/2022\/01\/B6CBED35-B32A-4F72-BB60-9985391C99AC.jpeg\"><img decoding=\"async\" data-id=\"1044\" src=\"https:\/\/naszatlocznia.pl\/wp-content\/uploads\/2022\/01\/B6CBED35-B32A-4F72-BB60-9985391C99AC-1024x1024.jpeg\" alt=\"\" class=\"wp-image-1044\"\/><\/a><\/figure>\n\n\n\n<figure class=\"wp-block-image size-large\"><a href=\"https:\/\/naszatlocznia.pl\/wp-content\/uploads\/2022\/01\/IMG_3539.jpeg\"><img decoding=\"async\" data-id=\"1046\" src=\"https:\/\/naszatlocznia.pl\/wp-content\/uploads\/2022\/01\/IMG_3539.jpeg\" alt=\"\" class=\"wp-image-1046\"\/><\/a><\/figure>\n\n\n\n<figure class=\"wp-block-image size-large\"><a href=\"https:\/\/naszatlocznia.pl\/wp-content\/uploads\/2022\/01\/IMG_7387.jpeg\"><img decoding=\"async\" data-id=\"1052\" src=\"https:\/\/naszatlocznia.pl\/wp-content\/uploads\/2022\/01\/IMG_7387.jpeg\" alt=\"\" class=\"wp-image-1052\"\/><\/a><\/figure>\n<\/figure>\n\n\n\n<p><\/p>\n\n\n\n<h2 class=\"wp-block-heading has-text-align-center has-normal-font-size\">Seien Sie mit uns ECO!<\/h2>\n\n\n\n<div class=\"wp-block-columns is-layout-flex wp-container-core-columns-is-layout-28f84493 wp-block-columns-is-layout-flex\">\n<div class=\"wp-block-column is-layout-flow wp-block-column-is-layout-flow\" style=\"flex-basis:100%\">\n<p class=\"has-normal-font-size\"><\/p>\n\n\n\n<div class=\"wp-block-columns is-layout-flex wp-container-core-columns-is-layout-28f84493 wp-block-columns-is-layout-flex\">\n<div class=\"wp-block-column is-layout-flow wp-block-column-is-layout-flow\">\n<p>In unserer Presse legen wir gro\u00dfen Wert auf <strong>im Einklang mit der Natur<\/strong>. Bei unserer Produktion verzichten wir auf den Einsatz von Chemikalien und sch\u00e4dlichen Pflanzenschutzmitteln. Dies belegen die uns verliehenen \u00d6ko-Zertifikate sowohl f\u00fcr die Obst- als auch f\u00fcr die Saftproduktion. Unser Presswerk steht unter der Aufsicht der Zertifizierungsstelle PL-EKO Biocert Ma\u0142opolska.<\/p>\n<\/div>\n\n\n\n<div class=\"wp-block-column is-layout-flow wp-block-column-is-layout-flow\">\n<p class=\"has-normal-font-size\"><strong>\u00d6kologie <\/strong>wird bei uns in allen Bereichen der Arbeit gro\u00dfgeschrieben \u2013 nicht nur bei der Produktion von Fr\u00fcchten und S\u00e4ften, sondern auch bei der Verpackung und Zubereitung Ihrer Bestellungen. Unsere Sendungen werden in 100% unter Verwendung umweltfreundlicher F\u00fcllstoffe und Verpackungen verpackt. <strong>Wir verwenden keine Folie oder Plastik<\/strong>, oder M\u00fcll, um unsere Pakete zu f\u00fcllen. Wir beweisen, dass selbst empfindliche Produkte wie S\u00e4fte ausschlie\u00dflich mit \u00f6kologischen L\u00f6sungen gesch\u00fctzt werden k\u00f6nnen. Das von uns verwendete Papier ist mit dem Blauen Engel ausgezeichnet \u2013 dem \u00e4ltesten und bekanntesten Zertifikat der Welt. Es zeichnet Produkte aus, die besonders <strong>umweltfreundlich<\/strong>.  <\/p>\n<\/div>\n<\/div>\n<\/div>\n<\/div>\n\n\n\n<p class=\"has-text-align-center has-normal-font-size\">Sch\u00fctzen Sie mit uns die Natur! <\/p>\n\n\n\n<div class=\"wp-block-columns is-layout-flex wp-container-core-columns-is-layout-28f84493 wp-block-columns-is-layout-flex\">\n<div class=\"wp-block-column is-layout-flow wp-block-column-is-layout-flow\" style=\"flex-basis:100%\">\n<div class=\"wp-block-columns is-layout-flex wp-container-core-columns-is-layout-28f84493 wp-block-columns-is-layout-flex\">\n<div class=\"wp-block-column is-layout-flow wp-block-column-is-layout-flow\" style=\"flex-basis:100%\">\n<div class=\"wp-block-group\"><div class=\"wp-block-group__inner-container is-layout-constrained wp-block-group-is-layout-constrained\">\n<div class=\"wp-block-columns is-layout-flex wp-container-core-columns-is-layout-28f84493 wp-block-columns-is-layout-flex\">\n<div class=\"wp-block-column is-layout-flow wp-block-column-is-layout-flow\" style=\"flex-basis:100%\">\n<div class=\"wp-block-columns is-layout-flex wp-container-core-columns-is-layout-28f84493 wp-block-columns-is-layout-flex\">\n<div class=\"wp-block-column is-layout-flow wp-block-column-is-layout-flow\" style=\"flex-basis:100%\">\n<div class=\"wp-block-group alignfull\"><div class=\"wp-block-group__inner-container is-layout-constrained wp-block-group-is-layout-constrained\">\n<div class=\"wp-block-columns is-layout-flex wp-container-core-columns-is-layout-28f84493 wp-block-columns-is-layout-flex\">\n<div class=\"wp-block-column is-layout-flow wp-block-column-is-layout-flow\">\n<div data-wp-interactive=\"core\/file\" class=\"wp-block-file\"><object data-wp-bind--hidden=\"!state.hasPdfPreview\" hidden class=\"wp-block-file__embed\" data=\"https:\/\/naszatlocznia.pl\/wp-content\/uploads\/2023\/02\/10412_U-1.pdf\" type=\"application\/pdf\" style=\"width:100%;height:600px\" aria-label=\"Einbettung von 10412_U-1.\"><\/object><a id=\"wp-block-file--media-6611c9e2-7649-4c37-8789-be3d92c41496\" href=\"https:\/\/naszatlocznia.pl\/wp-content\/uploads\/2023\/02\/10412_U-1.pdf\">10412_U-1<\/a><a href=\"https:\/\/naszatlocznia.pl\/wp-content\/uploads\/2023\/02\/10412_U-1.pdf\" class=\"wp-block-file__button wp-element-button\" download aria-describedby=\"wp-block-file--media-6611c9e2-7649-4c37-8789-be3d92c41496\">Herunterladen<\/a><\/div>\n<\/div>\n\n\n\n<div class=\"wp-block-column is-layout-flow wp-block-column-is-layout-flow\">\n<div data-wp-interactive=\"core\/file\" class=\"wp-block-file\"><object data-wp-bind--hidden=\"!state.hasPdfPreview\" hidden class=\"wp-block-file__embed\" data=\"https:\/\/naszatlocznia.pl\/wp-content\/uploads\/2023\/02\/C_5998-P-22-1.pdf\" type=\"application\/pdf\" style=\"width:100%;height:600px\" aria-label=\"Einbettung von C_5998-P-22-1.\"><\/object><a id=\"wp-block-file--media-f3b85fbb-f55f-4cf4-b87e-349945c4e592\" href=\"https:\/\/naszatlocznia.pl\/wp-content\/uploads\/2023\/02\/C_5998-P-22-1.pdf\">C_5998-P-22-1<\/a><a href=\"https:\/\/naszatlocznia.pl\/wp-content\/uploads\/2023\/02\/C_5998-P-22-1.pdf\" class=\"wp-block-file__button wp-element-button\" download aria-describedby=\"wp-block-file--media-f3b85fbb-f55f-4cf4-b87e-349945c4e592\">Herunterladen<\/a><\/div>\n<\/div>\n\n\n\n<div class=\"wp-block-column is-layout-flow wp-block-column-is-layout-flow\">\n<div data-wp-interactive=\"core\/file\" class=\"wp-block-file\"><object data-wp-bind--hidden=\"!state.hasPdfPreview\" hidden class=\"wp-block-file__embed\" data=\"https:\/\/naszatlocznia.pl\/wp-content\/uploads\/2023\/02\/Blue_Angel.pdf\" type=\"application\/pdf\" style=\"width:100%;height:600px\" aria-label=\"Einbettung von Blue_Angel.\"><\/object><a id=\"wp-block-file--media-20fd3c80-eb14-40e3-9223-eb38740e0bf1\" href=\"https:\/\/naszatlocznia.pl\/wp-content\/uploads\/2023\/02\/Blue_Angel.pdf\">Blauer Engel<\/a><a href=\"https:\/\/naszatlocznia.pl\/wp-content\/uploads\/2023\/02\/Blue_Angel.pdf\" class=\"wp-block-file__button wp-element-button\" download aria-describedby=\"wp-block-file--media-20fd3c80-eb14-40e3-9223-eb38740e0bf1\">Herunterladen<\/a><\/div>\n<\/div>\n<\/div>\n<\/div><\/div>\n<\/div>\n<\/div>\n<\/div>\n<\/div>\n<\/div><\/div>\n<\/div>\n<\/div>\n<\/div>\n<\/div>","protected":false},"excerpt":{"rendered":"<p>NASZA T\u0141OCZNIA \u2013 SOKI Z SERCA POLSKIEGO SADOWNICTWA. Nasza T\u0142ocznia narodzi\u0142a si\u0119 z&nbsp;rodzinnego gospodarstwa sadowniczego.&nbsp;Od pokole\u0144 zajmujemy si\u0119 upraw\u0105 jab\u0142oni,&nbsp;a&nbsp;tereny, kt\u00f3re zamieszkujemy to serce polskiego sadownictwa. W\u0142a\u015bnie u&nbsp;nas, w&nbsp;Konarach, jedne z&nbsp;pierwszych jab\u0142oni uprawiano ju\u017c ponad 400 lat temu. Zbierane przez nas owoce przetwarzamy na&nbsp;\u015bwie\u017ce i&nbsp;zdrowe produkty. Zaczynali\u015bmy ma\u0142ymi krokami \u2013 od pojedynczych szklanek soku. Kiedy [&hellip;]<\/p>\n","protected":false},"author":1,"featured_media":0,"parent":0,"menu_order":0,"comment_status":"closed","ping_status":"closed","template":"","meta":{"footnotes":""},"class_list":["post-194","page","type-page","status-publish","hentry"],"yoast_head":"<!-- This site is optimized with the Yoast SEO plugin v24.9 - https:\/\/yoast.com\/wordpress\/plugins\/seo\/ -->\n<title>O nas - nfc-juices<\/title>\n<meta name=\"robots\" content=\"index, follow, max-snippet:-1, max-image-preview:large, max-video-preview:-1\" \/>\n<link rel=\"canonical\" href=\"https:\/\/nfcjuices.com\/de\/uber-uns\/\" \/>\n<meta property=\"og:locale\" content=\"de_DE\" \/>\n<meta property=\"og:type\" content=\"article\" \/>\n<meta property=\"og:title\" content=\"O nas - nfc-juices\" \/>\n<meta property=\"og:description\" content=\"NASZA T\u0141OCZNIA \u2013 SOKI Z SERCA POLSKIEGO SADOWNICTWA. Nasza T\u0142ocznia narodzi\u0142a si\u0119 z&nbsp;rodzinnego gospodarstwa sadowniczego.&nbsp;Od pokole\u0144 zajmujemy si\u0119 upraw\u0105 jab\u0142oni,&nbsp;a&nbsp;tereny, kt\u00f3re zamieszkujemy to serce polskiego sadownictwa. W\u0142a\u015bnie u&nbsp;nas, w&nbsp;Konarach, jedne z&nbsp;pierwszych jab\u0142oni uprawiano ju\u017c ponad 400 lat temu. Zbierane przez nas owoce przetwarzamy na&nbsp;\u015bwie\u017ce i&nbsp;zdrowe produkty. Zaczynali\u015bmy ma\u0142ymi krokami \u2013 od pojedynczych szklanek soku. Kiedy [&hellip;]\" \/>\n<meta property=\"og:url\" content=\"https:\/\/nfcjuices.com\/de\/uber-uns\/\" \/>\n<meta property=\"og:site_name\" content=\"nfc-juices\" \/>\n<meta property=\"article:modified_time\" content=\"2025-04-15T08:18:10+00:00\" \/>\n<meta property=\"og:image\" content=\"https:\/\/naszatlocznia.pl\/wp-content\/uploads\/2022\/01\/IMG_2581-768x1024.jpeg\" \/>\n<meta name=\"twitter:card\" content=\"summary_large_image\" \/>\n<meta name=\"twitter:label1\" content=\"Gesch\u00e4tzte Lesezeit\" \/>\n\t<meta name=\"twitter:data1\" content=\"4\u00a0Minuten\" \/>\n<script type=\"application\/ld+json\" class=\"yoast-schema-graph\">{\"@context\":\"https:\/\/schema.org\",\"@graph\":[{\"@type\":\"WebPage\",\"@id\":\"https:\/\/nfcjuices.com\/o-nas\/\",\"url\":\"https:\/\/nfcjuices.com\/o-nas\/\",\"name\":\"O nas - nfc-juices\",\"isPartOf\":{\"@id\":\"https:\/\/nfcjuices.com\/#website\"},\"primaryImageOfPage\":{\"@id\":\"https:\/\/nfcjuices.com\/o-nas\/#primaryimage\"},\"image\":{\"@id\":\"https:\/\/nfcjuices.com\/o-nas\/#primaryimage\"},\"thumbnailUrl\":\"https:\/\/naszatlocznia.pl\/wp-content\/uploads\/2022\/01\/IMG_2581-768x1024.jpeg\",\"datePublished\":\"2025-03-12T14:13:29+00:00\",\"dateModified\":\"2025-04-15T08:18:10+00:00\",\"breadcrumb\":{\"@id\":\"https:\/\/nfcjuices.com\/o-nas\/#breadcrumb\"},\"inLanguage\":\"de\",\"potentialAction\":[{\"@type\":\"ReadAction\",\"target\":[\"https:\/\/nfcjuices.com\/o-nas\/\"]}]},{\"@type\":\"ImageObject\",\"inLanguage\":\"de\",\"@id\":\"https:\/\/nfcjuices.com\/o-nas\/#primaryimage\",\"url\":\"https:\/\/naszatlocznia.pl\/wp-content\/uploads\/2022\/01\/IMG_2581-768x1024.jpeg\",\"contentUrl\":\"https:\/\/naszatlocznia.pl\/wp-content\/uploads\/2022\/01\/IMG_2581-768x1024.jpeg\"},{\"@type\":\"BreadcrumbList\",\"@id\":\"https:\/\/nfcjuices.com\/o-nas\/#breadcrumb\",\"itemListElement\":[{\"@type\":\"ListItem\",\"position\":1,\"name\":\"Strona g\u0142\u00f3wna\",\"item\":\"https:\/\/nfcjuices.com\/\"},{\"@type\":\"ListItem\",\"position\":2,\"name\":\"O nas\"}]},{\"@type\":\"WebSite\",\"@id\":\"https:\/\/nfcjuices.com\/#website\",\"url\":\"https:\/\/nfcjuices.com\/\",\"name\":\"nfc-juices\",\"description\":\"Soki, przeciery, musy NFC w beczkach\",\"publisher\":{\"@id\":\"https:\/\/nfcjuices.com\/#organization\"},\"potentialAction\":[{\"@type\":\"SearchAction\",\"target\":{\"@type\":\"EntryPoint\",\"urlTemplate\":\"https:\/\/nfcjuices.com\/?s={search_term_string}\"},\"query-input\":{\"@type\":\"PropertyValueSpecification\",\"valueRequired\":true,\"valueName\":\"search_term_string\"}}],\"inLanguage\":\"de\"},{\"@type\":\"Organization\",\"@id\":\"https:\/\/nfcjuices.com\/#organization\",\"name\":\"Nasza T\u0142ocznia\",\"url\":\"https:\/\/nfcjuices.com\/\",\"logo\":{\"@type\":\"ImageObject\",\"inLanguage\":\"de\",\"@id\":\"https:\/\/nfcjuices.com\/#\/schema\/logo\/image\/\",\"url\":\"https:\/\/nfcjuices.com\/wp-content\/uploads\/2025\/05\/cropped-B2b-1.png\",\"contentUrl\":\"https:\/\/nfcjuices.com\/wp-content\/uploads\/2025\/05\/cropped-B2b-1.png\",\"width\":1199,\"height\":999,\"caption\":\"Nasza T\u0142ocznia\"},\"image\":{\"@id\":\"https:\/\/nfcjuices.com\/#\/schema\/logo\/image\/\"}}]}<\/script>\n<!-- \/ Yoast SEO plugin. -->","yoast_head_json":{"title":"\u00dcber uns - nfc-s\u00e4fte","robots":{"index":"index","follow":"follow","max-snippet":"max-snippet:-1","max-image-preview":"max-image-preview:large","max-video-preview":"max-video-preview:-1"},"canonical":"https:\/\/nfcjuices.com\/de\/uber-uns\/","og_locale":"de_DE","og_type":"article","og_title":"O nas - nfc-juices","og_description":"NASZA T\u0141OCZNIA \u2013 SOKI Z SERCA POLSKIEGO SADOWNICTWA. Nasza T\u0142ocznia narodzi\u0142a si\u0119 z&nbsp;rodzinnego gospodarstwa sadowniczego.&nbsp;Od pokole\u0144 zajmujemy si\u0119 upraw\u0105 jab\u0142oni,&nbsp;a&nbsp;tereny, kt\u00f3re zamieszkujemy to serce polskiego sadownictwa. W\u0142a\u015bnie u&nbsp;nas, w&nbsp;Konarach, jedne z&nbsp;pierwszych jab\u0142oni uprawiano ju\u017c ponad 400 lat temu. Zbierane przez nas owoce przetwarzamy na&nbsp;\u015bwie\u017ce i&nbsp;zdrowe produkty. Zaczynali\u015bmy ma\u0142ymi krokami \u2013 od pojedynczych szklanek soku. Kiedy [&hellip;]","og_url":"https:\/\/nfcjuices.com\/de\/uber-uns\/","og_site_name":"nfc-juices","article_modified_time":"2025-04-15T08:18:10+00:00","og_image":[{"url":"https:\/\/naszatlocznia.pl\/wp-content\/uploads\/2022\/01\/IMG_2581-768x1024.jpeg","type":"","width":"","height":""}],"twitter_card":"summary_large_image","twitter_misc":{"Gesch\u00e4tzte Lesezeit":"4\u00a0Minuten"},"schema":{"@context":"https:\/\/schema.org","@graph":[{"@type":"WebPage","@id":"https:\/\/nfcjuices.com\/o-nas\/","url":"https:\/\/nfcjuices.com\/o-nas\/","name":"\u00dcber uns - nfc-s\u00e4fte","isPartOf":{"@id":"https:\/\/nfcjuices.com\/#website"},"primaryImageOfPage":{"@id":"https:\/\/nfcjuices.com\/o-nas\/#primaryimage"},"image":{"@id":"https:\/\/nfcjuices.com\/o-nas\/#primaryimage"},"thumbnailUrl":"https:\/\/naszatlocznia.pl\/wp-content\/uploads\/2022\/01\/IMG_2581-768x1024.jpeg","datePublished":"2025-03-12T14:13:29+00:00","dateModified":"2025-04-15T08:18:10+00:00","breadcrumb":{"@id":"https:\/\/nfcjuices.com\/o-nas\/#breadcrumb"},"inLanguage":"de","potentialAction":[{"@type":"ReadAction","target":["https:\/\/nfcjuices.com\/o-nas\/"]}]},{"@type":"ImageObject","inLanguage":"de","@id":"https:\/\/nfcjuices.com\/o-nas\/#primaryimage","url":"https:\/\/naszatlocznia.pl\/wp-content\/uploads\/2022\/01\/IMG_2581-768x1024.jpeg","contentUrl":"https:\/\/naszatlocznia.pl\/wp-content\/uploads\/2022\/01\/IMG_2581-768x1024.jpeg"},{"@type":"BreadcrumbList","@id":"https:\/\/nfcjuices.com\/o-nas\/#breadcrumb","itemListElement":[{"@type":"ListItem","position":1,"name":"Strona g\u0142\u00f3wna","item":"https:\/\/nfcjuices.com\/"},{"@type":"ListItem","position":2,"name":"O nas"}]},{"@type":"WebSite","@id":"https:\/\/nfcjuices.com\/#website","url":"https:\/\/nfcjuices.com\/","name":"NFC-S\u00e4fte","description":"S\u00e4fte, P\u00fcrees, NFC-Mousses in F\u00e4ssern","publisher":{"@id":"https:\/\/nfcjuices.com\/#organization"},"potentialAction":[{"@type":"SearchAction","target":{"@type":"EntryPoint","urlTemplate":"https:\/\/nfcjuices.com\/?s={search_term_string}"},"query-input":{"@type":"PropertyValueSpecification","valueRequired":true,"valueName":"search_term_string"}}],"inLanguage":"de"},{"@type":"Organization","@id":"https:\/\/nfcjuices.com\/#organization","name":"Unser Presswerk","url":"https:\/\/nfcjuices.com\/","logo":{"@type":"ImageObject","inLanguage":"de","@id":"https:\/\/nfcjuices.com\/#\/schema\/logo\/image\/","url":"https:\/\/nfcjuices.com\/wp-content\/uploads\/2025\/05\/cropped-B2b-1.png","contentUrl":"https:\/\/nfcjuices.com\/wp-content\/uploads\/2025\/05\/cropped-B2b-1.png","width":1199,"height":999,"caption":"Nasza T\u0142ocznia"},"image":{"@id":"https:\/\/nfcjuices.com\/#\/schema\/logo\/image\/"}}]}},"_links":{"self":[{"href":"https:\/\/nfcjuices.com\/de\/wp-json\/wp\/v2\/pages\/194","targetHints":{"allow":["GET"]}}],"collection":[{"href":"https:\/\/nfcjuices.com\/de\/wp-json\/wp\/v2\/pages"}],"about":[{"href":"https:\/\/nfcjuices.com\/de\/wp-json\/wp\/v2\/types\/page"}],"author":[{"embeddable":true,"href":"https:\/\/nfcjuices.com\/de\/wp-json\/wp\/v2\/users\/1"}],"replies":[{"embeddable":true,"href":"https:\/\/nfcjuices.com\/de\/wp-json\/wp\/v2\/comments?post=194"}],"version-history":[{"count":2,"href":"https:\/\/nfcjuices.com\/de\/wp-json\/wp\/v2\/pages\/194\/revisions"}],"predecessor-version":[{"id":945,"href":"https:\/\/nfcjuices.com\/de\/wp-json\/wp\/v2\/pages\/194\/revisions\/945"}],"wp:attachment":[{"href":"https:\/\/nfcjuices.com\/de\/wp-json\/wp\/v2\/media?parent=194"}],"curies":[{"name":"wp","href":"https:\/\/api.w.org\/{rel}","templated":true}]}}