{"id":192,"date":"2025-03-12T15:12:13","date_gmt":"2025-03-12T14:12:13","guid":{"rendered":"https:\/\/nfcjuices.com\/?page_id=192"},"modified":"2025-04-17T11:41:07","modified_gmt":"2025-04-17T09:41:07","slug":"wie-unsere-produkte-hergestellt-werden","status":"publish","type":"page","link":"https:\/\/nfcjuices.com\/de\/jak-powstaja-nasze-produkty\/","title":{"rendered":"Wie werden unsere Produkte hergestellt?"},"content":{"rendered":"<p><\/p>\n\n\n\n<p class=\"has-text-align-center has-medium-font-size\">Bei Nasza T\u0142ocznia behandeln wir jedes Obst und Gem\u00fcse individuell \u2013 so, wie es verdient! Im Gegenzug belohnen sie uns mit Saft h\u00f6chster Qualit\u00e4t. Zitronen-, Grapefruit- oder Orangensaft <strong>wir quetschen <\/strong>aus H\u00e4lften mit einer speziellen Zitruspresse. Das restliche Obst und Gem\u00fcse wird mithilfe einer Bandpresse zu Saft verarbeitet und gepresst. <strong>gepr\u00e4gt <\/strong>aus dem Fruchtfleisch. <\/p>\n\n\n\n<p class=\"has-text-align-center has-medium-font-size\"><br>\u00dcberzeugen Sie sich selbst, wie wir es in unserem besten Stil machen! <\/p>\n\n\n\n<p class=\"has-text-align-center has-medium-font-size\">Probieren Sie unsere Produkte und \u00fcberzeugen Sie sich selbst, wie sich das richtig gew\u00e4hlte Verfahren auf Geschmack und Qualit\u00e4t auswirkt! <\/p>\n\n\n\n<div class=\"wp-block-group\"><div class=\"wp-block-group__inner-container is-layout-constrained wp-block-group-is-layout-constrained\">\n<div class=\"wp-block-columns is-layout-flex wp-container-core-columns-is-layout-28f84493 wp-block-columns-is-layout-flex\">\n<div class=\"wp-block-column is-layout-flow wp-block-column-is-layout-flow\" style=\"flex-basis:100%\">\n<div class=\"wp-block-group\"><div class=\"wp-block-group__inner-container is-layout-constrained wp-block-group-is-layout-constrained\">\n<div class=\"wp-block-columns is-layout-flex wp-container-core-columns-is-layout-28f84493 wp-block-columns-is-layout-flex\">\n<div class=\"wp-block-column is-layout-flow wp-block-column-is-layout-flow\"><\/div>\n<\/div>\n<\/div><\/div>\n<\/div>\n<\/div>\n<\/div><\/div>\n\n\n\n<div class=\"wp-block-columns is-layout-flex wp-container-core-columns-is-layout-28f84493 wp-block-columns-is-layout-flex\">\n<div class=\"wp-block-column is-layout-flow wp-block-column-is-layout-flow\">\n<figure class=\"wp-block-embed is-type-video is-provider-youtube wp-block-embed-youtube wp-embed-aspect-16-9 wp-has-aspect-ratio\"><div class=\"wp-block-embed__wrapper\">\n<iframe title=\"Wie bekommt man den besten Saft aus Orangen? Die gr\u00f6\u00dfte Zitruspresse in Polen!\" width=\"980\" height=\"551\" src=\"https:\/\/www.youtube.com\/embed\/LSkcpBcZLzg?feature=oembed\" frameborder=\"0\" allow=\"accelerometer; autoplay; clipboard-write; encrypted-media; gyroscope; picture-in-picture; web-share\" referrerpolicy=\"strict-origin-when-cross-origin\" allowfullscreen><\/iframe>\n<\/div><\/figure>\n<\/div>\n\n\n\n<div class=\"wp-block-column is-layout-flow wp-block-column-is-layout-flow\">\n<figure class=\"wp-block-embed is-type-video is-provider-youtube wp-block-embed-youtube wp-embed-aspect-16-9 wp-has-aspect-ratio\"><div class=\"wp-block-embed__wrapper\">\n<iframe title=\"Wie machen wir Zitronensaft f\u00fcr jedes FIT-M\u00e4dchen? Oder wie man megasauren Saft aus Zitronen presst!\" width=\"980\" height=\"551\" src=\"https:\/\/www.youtube.com\/embed\/bip1UtTx4Ck?feature=oembed\" frameborder=\"0\" allow=\"accelerometer; autoplay; clipboard-write; encrypted-media; gyroscope; picture-in-picture; web-share\" referrerpolicy=\"strict-origin-when-cross-origin\" allowfullscreen><\/iframe>\n<\/div><\/figure>\n<\/div>\n\n\n\n<div class=\"wp-block-column is-layout-flow wp-block-column-is-layout-flow\">\n<figure class=\"wp-block-embed is-type-video is-provider-youtube wp-block-embed-youtube wp-embed-aspect-16-9 wp-has-aspect-ratio\"><div class=\"wp-block-embed__wrapper\">\n<iframe title=\"Wie machen wir Saft aus Obst und Gem\u00fcse? Das hei\u00dft, nat\u00fcrlicher Direktsaft wird auf einer Bandpresse gepresst.\" width=\"980\" height=\"551\" src=\"https:\/\/www.youtube.com\/embed\/k4IkACVboec?feature=oembed\" frameborder=\"0\" allow=\"accelerometer; autoplay; clipboard-write; encrypted-media; gyroscope; picture-in-picture; web-share\" referrerpolicy=\"strict-origin-when-cross-origin\" allowfullscreen><\/iframe>\n<\/div><\/figure>\n<\/div>\n<\/div>\n\n\n\n<h2 class=\"wp-block-heading has-text-align-center\" id=\"nasza-oferta-jest-bardzo-szeroka-w-asortymencie-naszej-tloczni-oprocz-sokow-tloczonych-i-wyciskanych-znajdziecie-rowniez-inne-produkty-zakwasy-przeciery-syropy-czy-lemoniady-sprawdz-jak-powstaja\">Unser Angebot ist sehr umfangreich. Im Sortiment von Nasza T\u0142ocznia finden Sie neben gepressten und gepressten S\u00e4ften auch andere Produkte \u2013 Sauerteige, P\u00fcrees, Sirupe und Limonaden. Schauen Sie sich an, wie sie hergestellt werden!<\/h2>\n\n\n\n<p class=\"has-text-align-center\">Rote-Bete- oder Himbeer-Tomaten-Sauerteig von Nasza T\u0142ocznia hat einen einzigartigen Geschmack und eine einzigartige Konsistenz. Nach dem Einlegen des Gem\u00fcses wird dieses in einer Presse gepresst und anschlie\u00dfend in 3-Liter-Bag-in-Box-Beh\u00e4lter abgef\u00fcllt. Dank dieses Verfahrens erhalten wir aromatischen Saft aus eingelegtem Gem\u00fcse und nicht das beim Einlegen abtropfende Wasser. Sauerteigstarter werden nicht pasteurisiert.<\/p>\n\n\n\n<p class=\"has-text-align-center\">Frucht- und Gem\u00fcsep\u00fcrees werden von den Kunden von Nasza T\u0142ocznia h\u00e4ufig verwendet (insbesondere in der HoReCa-Branche). Sie werden mit einer speziellen Maschine hergestellt, die die Rohstoffe mit einer ihrer Art und Form angepassten Geschwindigkeit mahlt. Nach dem Raspeln wird das Obst oder Gem\u00fcse bei maximal 78 Grad Celsius schonend pasteurisiert und anschlie\u00dfend in 3-kg-Pakete abgef\u00fcllt. Aufgrund der Konsistenz verkaufen wir P\u00fcrees in Kilogramm.<\/p>\n\n\n\n<p class=\"has-text-align-center\">Zuckerarme Sirupe und Limonaden von Nasza T\u0142ocznia sind Produkte auf Basis von nat\u00fcrlich gepressten und gepressten S\u00e4ften direkt aus unserer Produktionshalle. Die richtige Kombination aus Aromen und einer kleinen Menge Zucker macht 100% zu einem nat\u00fcrlichen, gesunden Produkt voller N\u00e4hrwerte. Leicht pasteurisiert und in 285 ml, 3 kg, 5 l-Pakete abgef\u00fcllt.<\/p>","protected":false},"excerpt":{"rendered":"<p>W Naszej T\u0142oczni ka\u017cdy owoc, czy warzywo traktujemy indywidualnie &#8211; tak, jak na to zas\u0142uguj\u0105! Za to odwdzi\u0119czaj\u0105 nam si\u0119 najwy\u017csz\u0105 jako\u015bci\u0105 otrzymanego soku. Soki z cytryn, grejpfrut\u00f3w, czy pomara\u0144czy wyciskamy z po\u0142\u00f3wek przy pomocy specjalnej maszyny do wyciskania cytrus\u00f3w. Pozosta\u0142e owoce i warzywa zamieniamy w sok za pomoc\u0105 prasy ta\u015bmowej, na kt\u00f3rej s\u0105 one [&hellip;]<\/p>\n","protected":false},"author":1,"featured_media":0,"parent":0,"menu_order":0,"comment_status":"closed","ping_status":"closed","template":"","meta":{"footnotes":""},"class_list":["post-192","page","type-page","status-publish","hentry"],"yoast_head":"<!-- This site is optimized with the Yoast SEO plugin v24.9 - https:\/\/yoast.com\/wordpress\/plugins\/seo\/ -->\n<title>Jak powstaj\u0105 nasze produkty? - nfc-juices<\/title>\n<meta name=\"robots\" content=\"index, follow, max-snippet:-1, max-image-preview:large, max-video-preview:-1\" \/>\n<link rel=\"canonical\" href=\"https:\/\/nfcjuices.com\/de\/wie-unsere-produkte-hergestellt-werden\/\" \/>\n<meta property=\"og:locale\" content=\"de_DE\" \/>\n<meta property=\"og:type\" content=\"article\" \/>\n<meta property=\"og:title\" content=\"Jak powstaj\u0105 nasze produkty? - nfc-juices\" \/>\n<meta property=\"og:description\" content=\"W Naszej T\u0142oczni ka\u017cdy owoc, czy warzywo traktujemy indywidualnie &#8211; tak, jak na to zas\u0142uguj\u0105! Za to odwdzi\u0119czaj\u0105 nam si\u0119 najwy\u017csz\u0105 jako\u015bci\u0105 otrzymanego soku. Soki z cytryn, grejpfrut\u00f3w, czy pomara\u0144czy wyciskamy z po\u0142\u00f3wek przy pomocy specjalnej maszyny do wyciskania cytrus\u00f3w. Pozosta\u0142e owoce i warzywa zamieniamy w sok za pomoc\u0105 prasy ta\u015bmowej, na kt\u00f3rej s\u0105 one [&hellip;]\" \/>\n<meta property=\"og:url\" content=\"https:\/\/nfcjuices.com\/de\/wie-unsere-produkte-hergestellt-werden\/\" \/>\n<meta property=\"og:site_name\" content=\"nfc-juices\" \/>\n<meta property=\"article:modified_time\" content=\"2025-04-17T09:41:07+00:00\" \/>\n<meta name=\"twitter:card\" content=\"summary_large_image\" \/>\n<meta name=\"twitter:label1\" content=\"Gesch\u00e4tzte Lesezeit\" \/>\n\t<meta name=\"twitter:data1\" content=\"2\u00a0Minuten\" \/>\n<script type=\"application\/ld+json\" class=\"yoast-schema-graph\">{\"@context\":\"https:\/\/schema.org\",\"@graph\":[{\"@type\":\"WebPage\",\"@id\":\"https:\/\/nfcjuices.com\/jak-powstaja-nasze-produkty\/\",\"url\":\"https:\/\/nfcjuices.com\/jak-powstaja-nasze-produkty\/\",\"name\":\"Jak powstaj\u0105 nasze produkty? - nfc-juices\",\"isPartOf\":{\"@id\":\"https:\/\/nfcjuices.com\/#website\"},\"datePublished\":\"2025-03-12T14:12:13+00:00\",\"dateModified\":\"2025-04-17T09:41:07+00:00\",\"breadcrumb\":{\"@id\":\"https:\/\/nfcjuices.com\/jak-powstaja-nasze-produkty\/#breadcrumb\"},\"inLanguage\":\"de\",\"potentialAction\":[{\"@type\":\"ReadAction\",\"target\":[\"https:\/\/nfcjuices.com\/jak-powstaja-nasze-produkty\/\"]}]},{\"@type\":\"BreadcrumbList\",\"@id\":\"https:\/\/nfcjuices.com\/jak-powstaja-nasze-produkty\/#breadcrumb\",\"itemListElement\":[{\"@type\":\"ListItem\",\"position\":1,\"name\":\"Strona g\u0142\u00f3wna\",\"item\":\"https:\/\/nfcjuices.com\/\"},{\"@type\":\"ListItem\",\"position\":2,\"name\":\"Jak powstaj\u0105 nasze produkty?\"}]},{\"@type\":\"WebSite\",\"@id\":\"https:\/\/nfcjuices.com\/#website\",\"url\":\"https:\/\/nfcjuices.com\/\",\"name\":\"nfc-juices\",\"description\":\"Soki, przeciery, musy NFC w beczkach\",\"publisher\":{\"@id\":\"https:\/\/nfcjuices.com\/#organization\"},\"potentialAction\":[{\"@type\":\"SearchAction\",\"target\":{\"@type\":\"EntryPoint\",\"urlTemplate\":\"https:\/\/nfcjuices.com\/?s={search_term_string}\"},\"query-input\":{\"@type\":\"PropertyValueSpecification\",\"valueRequired\":true,\"valueName\":\"search_term_string\"}}],\"inLanguage\":\"de\"},{\"@type\":\"Organization\",\"@id\":\"https:\/\/nfcjuices.com\/#organization\",\"name\":\"Nasza T\u0142ocznia\",\"url\":\"https:\/\/nfcjuices.com\/\",\"logo\":{\"@type\":\"ImageObject\",\"inLanguage\":\"de\",\"@id\":\"https:\/\/nfcjuices.com\/#\/schema\/logo\/image\/\",\"url\":\"https:\/\/nfcjuices.com\/wp-content\/uploads\/2025\/05\/cropped-B2b-1.png\",\"contentUrl\":\"https:\/\/nfcjuices.com\/wp-content\/uploads\/2025\/05\/cropped-B2b-1.png\",\"width\":1199,\"height\":999,\"caption\":\"Nasza T\u0142ocznia\"},\"image\":{\"@id\":\"https:\/\/nfcjuices.com\/#\/schema\/logo\/image\/\"}}]}<\/script>\n<!-- \/ Yoast SEO plugin. -->","yoast_head_json":{"title":"Wie werden unsere Produkte hergestellt? - NFC-S\u00e4fte","robots":{"index":"index","follow":"follow","max-snippet":"max-snippet:-1","max-image-preview":"max-image-preview:large","max-video-preview":"max-video-preview:-1"},"canonical":"https:\/\/nfcjuices.com\/de\/wie-unsere-produkte-hergestellt-werden\/","og_locale":"de_DE","og_type":"article","og_title":"Jak powstaj\u0105 nasze produkty? - nfc-juices","og_description":"W Naszej T\u0142oczni ka\u017cdy owoc, czy warzywo traktujemy indywidualnie &#8211; tak, jak na to zas\u0142uguj\u0105! Za to odwdzi\u0119czaj\u0105 nam si\u0119 najwy\u017csz\u0105 jako\u015bci\u0105 otrzymanego soku. Soki z cytryn, grejpfrut\u00f3w, czy pomara\u0144czy wyciskamy z po\u0142\u00f3wek przy pomocy specjalnej maszyny do wyciskania cytrus\u00f3w. Pozosta\u0142e owoce i warzywa zamieniamy w sok za pomoc\u0105 prasy ta\u015bmowej, na kt\u00f3rej s\u0105 one [&hellip;]","og_url":"https:\/\/nfcjuices.com\/de\/wie-unsere-produkte-hergestellt-werden\/","og_site_name":"nfc-juices","article_modified_time":"2025-04-17T09:41:07+00:00","twitter_card":"summary_large_image","twitter_misc":{"Gesch\u00e4tzte Lesezeit":"2\u00a0Minuten"},"schema":{"@context":"https:\/\/schema.org","@graph":[{"@type":"WebPage","@id":"https:\/\/nfcjuices.com\/jak-powstaja-nasze-produkty\/","url":"https:\/\/nfcjuices.com\/jak-powstaja-nasze-produkty\/","name":"Wie werden unsere Produkte hergestellt? - NFC-S\u00e4fte","isPartOf":{"@id":"https:\/\/nfcjuices.com\/#website"},"datePublished":"2025-03-12T14:12:13+00:00","dateModified":"2025-04-17T09:41:07+00:00","breadcrumb":{"@id":"https:\/\/nfcjuices.com\/jak-powstaja-nasze-produkty\/#breadcrumb"},"inLanguage":"de","potentialAction":[{"@type":"ReadAction","target":["https:\/\/nfcjuices.com\/jak-powstaja-nasze-produkty\/"]}]},{"@type":"BreadcrumbList","@id":"https:\/\/nfcjuices.com\/jak-powstaja-nasze-produkty\/#breadcrumb","itemListElement":[{"@type":"ListItem","position":1,"name":"Strona g\u0142\u00f3wna","item":"https:\/\/nfcjuices.com\/"},{"@type":"ListItem","position":2,"name":"Jak powstaj\u0105 nasze produkty?"}]},{"@type":"WebSite","@id":"https:\/\/nfcjuices.com\/#website","url":"https:\/\/nfcjuices.com\/","name":"NFC-S\u00e4fte","description":"S\u00e4fte, P\u00fcrees, NFC-Mousses in F\u00e4ssern","publisher":{"@id":"https:\/\/nfcjuices.com\/#organization"},"potentialAction":[{"@type":"SearchAction","target":{"@type":"EntryPoint","urlTemplate":"https:\/\/nfcjuices.com\/?s={search_term_string}"},"query-input":{"@type":"PropertyValueSpecification","valueRequired":true,"valueName":"search_term_string"}}],"inLanguage":"de"},{"@type":"Organization","@id":"https:\/\/nfcjuices.com\/#organization","name":"Unser Presswerk","url":"https:\/\/nfcjuices.com\/","logo":{"@type":"ImageObject","inLanguage":"de","@id":"https:\/\/nfcjuices.com\/#\/schema\/logo\/image\/","url":"https:\/\/nfcjuices.com\/wp-content\/uploads\/2025\/05\/cropped-B2b-1.png","contentUrl":"https:\/\/nfcjuices.com\/wp-content\/uploads\/2025\/05\/cropped-B2b-1.png","width":1199,"height":999,"caption":"Nasza T\u0142ocznia"},"image":{"@id":"https:\/\/nfcjuices.com\/#\/schema\/logo\/image\/"}}]}},"_links":{"self":[{"href":"https:\/\/nfcjuices.com\/de\/wp-json\/wp\/v2\/pages\/192","targetHints":{"allow":["GET"]}}],"collection":[{"href":"https:\/\/nfcjuices.com\/de\/wp-json\/wp\/v2\/pages"}],"about":[{"href":"https:\/\/nfcjuices.com\/de\/wp-json\/wp\/v2\/types\/page"}],"author":[{"embeddable":true,"href":"https:\/\/nfcjuices.com\/de\/wp-json\/wp\/v2\/users\/1"}],"replies":[{"embeddable":true,"href":"https:\/\/nfcjuices.com\/de\/wp-json\/wp\/v2\/comments?post=192"}],"version-history":[{"count":3,"href":"https:\/\/nfcjuices.com\/de\/wp-json\/wp\/v2\/pages\/192\/revisions"}],"predecessor-version":[{"id":996,"href":"https:\/\/nfcjuices.com\/de\/wp-json\/wp\/v2\/pages\/192\/revisions\/996"}],"wp:attachment":[{"href":"https:\/\/nfcjuices.com\/de\/wp-json\/wp\/v2\/media?parent=192"}],"curies":[{"name":"wp","href":"https:\/\/api.w.org\/{rel}","templated":true}]}}