{"id":660,"date":"2025-04-04T16:11:06","date_gmt":"2025-04-04T14:11:06","guid":{"rendered":"https:\/\/nfcjuices.com\/produkt\/sok-100-tloczony-winogrono-ciemne-3l\/"},"modified":"2026-04-17T01:56:19","modified_gmt":"2026-04-16T23:56:19","slug":"100-lisovana-stava-z-tmavych-hroznu-3l","status":"publish","type":"product","link":"https:\/\/nfcjuices.com\/cs\/produkt\/sok-100-tloczony-winogrono-ciemne-3l\/","title":{"rendered":"\u0160\u0165\u00e1va 100% Lisovan\u00fd tmav\u00fd hrozen 3L"},"content":{"rendered":"<p><strong>Typ produktu:<\/strong> \u0161\u0165\u00e1va<\/p>\n<p><strong>Brix: <\/strong>17<br \/>\n<strong>Technick\u00e9 specifikace na vy\u017e\u00e1d\u00e1n\u00ed.<\/strong><\/p>\n<p><strong>Nutri\u010dn\u00ed hodnoty:<\/strong><br \/>\nEnergetick\u00e1 hodnota: 69 kcal<\/p>\n<p>Tuk: &lt;0,5 g<\/p>\n<p>Sacharidy: 19 g<\/p>\n<p>-v\u010detn\u011b cukr\u016f: 19 g<\/p>\n<p>B\u00edlkoviny: &lt;0,5g<\/p>\n<p>S\u016fl: &lt; 0,1 g<\/p>","protected":false},"excerpt":{"rendered":"<h4><strong>Nutri\u010dn\u00ed hodnoty na 100 ml produktu:<\/strong><\/h4>\n<ul>\n<li>\n<h4>energetick\u00e1 hodnota: 68 kcal<\/h4>\n<\/li>\n<li>\n<h4>tuk: &lt;0,5 g<\/h4>\n<\/li>\n<li>\n<h4>sacharidy: 16 g<\/h4>\n<\/li>\n<li>\n<h4>z toho cukry: 16 g<\/h4>\n<\/li>\n<li>\n<h4>b\u00edlkoviny: &lt;0,5 g<\/h4>\n<\/li>\n<li>\n<h4>s\u016fl: &lt;0,1 g<\/h4>\n<\/li>\n<\/ul>","protected":false},"featured_media":659,"comment_status":"open","ping_status":"closed","template":"","meta":[],"product_brand":[],"product_cat":[26],"product_tag":[],"class_list":{"0":"post-660","1":"product","2":"type-product","3":"status-publish","4":"has-post-thumbnail","6":"product_cat-soki-tloczone-nfc","7":"pa_pojemnosc-3l","9":"first","10":"instock","11":"taxable","12":"shipping-taxable","13":"purchasable","14":"product-type-simple"},"yoast_head":"<!-- This site is optimized with the Yoast SEO plugin v24.9 - https:\/\/yoast.com\/wordpress\/plugins\/seo\/ -->\n<title>Sok 100% t\u0142oczony Winogrono Ciemne 3L - nfc-juices<\/title>\n<meta name=\"robots\" content=\"index, follow, max-snippet:-1, max-image-preview:large, max-video-preview:-1\" \/>\n<link rel=\"canonical\" href=\"https:\/\/nfcjuices.com\/cs\/produkt\/100-lisovana-stava-z-tmavych-hroznu-3l\/\" \/>\n<meta property=\"og:locale\" content=\"cs_CZ\" \/>\n<meta property=\"og:type\" content=\"article\" \/>\n<meta property=\"og:title\" content=\"Sok 100% t\u0142oczony Winogrono Ciemne 3L - nfc-juices\" \/>\n<meta property=\"og:description\" content=\"Warto\u015bci od\u017cywcze w 100ml produktu:    warto\u015b\u0107 energetyczna: 68 kcal    t\u0142uszcz: &lt;0,5g    w\u0119glowodany: 16g    w tym cukry: 16g    bia\u0142ko: &lt;0,5g    s\u00f3l: &lt;0,1g\" \/>\n<meta property=\"og:url\" content=\"https:\/\/nfcjuices.com\/cs\/produkt\/100-lisovana-stava-z-tmavych-hroznu-3l\/\" \/>\n<meta property=\"og:site_name\" content=\"nfc-juices\" \/>\n<meta property=\"article:modified_time\" content=\"2026-04-16T23:56:19+00:00\" \/>\n<meta property=\"og:image\" content=\"https:\/\/nfcjuices.com\/wp-content\/uploads\/2025\/04\/Strona-Nowy-Karton-Ciemne-winogrono.png\" \/>\n\t<meta property=\"og:image:width\" content=\"750\" \/>\n\t<meta property=\"og:image:height\" content=\"750\" \/>\n\t<meta property=\"og:image:type\" content=\"image\/png\" \/>\n<meta name=\"twitter:card\" content=\"summary_large_image\" \/>\n<meta name=\"twitter:label1\" content=\"Odhadovan\u00e1 doba \u010dten\u00ed\" \/>\n\t<meta name=\"twitter:data1\" content=\"1 minuta\" \/>\n<script type=\"application\/ld+json\" class=\"yoast-schema-graph\">{\"@context\":\"https:\/\/schema.org\",\"@graph\":[{\"@type\":\"WebPage\",\"@id\":\"https:\/\/nfcjuices.com\/produkt\/sok-100-tloczony-winogrono-ciemne-3l\/\",\"url\":\"https:\/\/nfcjuices.com\/produkt\/sok-100-tloczony-winogrono-ciemne-3l\/\",\"name\":\"Sok 100% t\u0142oczony Winogrono Ciemne 3L - nfc-juices\",\"isPartOf\":{\"@id\":\"https:\/\/nfcjuices.com\/#website\"},\"primaryImageOfPage\":{\"@id\":\"https:\/\/nfcjuices.com\/produkt\/sok-100-tloczony-winogrono-ciemne-3l\/#primaryimage\"},\"image\":{\"@id\":\"https:\/\/nfcjuices.com\/produkt\/sok-100-tloczony-winogrono-ciemne-3l\/#primaryimage\"},\"thumbnailUrl\":\"https:\/\/nfcjuices.com\/wp-content\/uploads\/2025\/04\/Strona-Nowy-Karton-Ciemne-winogrono.png\",\"datePublished\":\"2025-04-04T14:11:06+00:00\",\"dateModified\":\"2026-04-16T23:56:19+00:00\",\"breadcrumb\":{\"@id\":\"https:\/\/nfcjuices.com\/produkt\/sok-100-tloczony-winogrono-ciemne-3l\/#breadcrumb\"},\"inLanguage\":\"cs\",\"potentialAction\":[{\"@type\":\"ReadAction\",\"target\":[\"https:\/\/nfcjuices.com\/produkt\/sok-100-tloczony-winogrono-ciemne-3l\/\"]}]},{\"@type\":\"ImageObject\",\"inLanguage\":\"cs\",\"@id\":\"https:\/\/nfcjuices.com\/produkt\/sok-100-tloczony-winogrono-ciemne-3l\/#primaryimage\",\"url\":\"https:\/\/nfcjuices.com\/wp-content\/uploads\/2025\/04\/Strona-Nowy-Karton-Ciemne-winogrono.png\",\"contentUrl\":\"https:\/\/nfcjuices.com\/wp-content\/uploads\/2025\/04\/Strona-Nowy-Karton-Ciemne-winogrono.png\",\"width\":750,\"height\":750},{\"@type\":\"BreadcrumbList\",\"@id\":\"https:\/\/nfcjuices.com\/produkt\/sok-100-tloczony-winogrono-ciemne-3l\/#breadcrumb\",\"itemListElement\":[{\"@type\":\"ListItem\",\"position\":1,\"name\":\"Strona g\u0142\u00f3wna\",\"item\":\"https:\/\/nfcjuices.com\/\"},{\"@type\":\"ListItem\",\"position\":2,\"name\":\"Nasze produkty\",\"item\":\"https:\/\/nfcjuices.com\/sv\/vara-produkter\/\"},{\"@type\":\"ListItem\",\"position\":3,\"name\":\"Sok 100% t\u0142oczony Winogrono Ciemne 3L\"}]},{\"@type\":\"WebSite\",\"@id\":\"https:\/\/nfcjuices.com\/#website\",\"url\":\"https:\/\/nfcjuices.com\/\",\"name\":\"nfc-juices\",\"description\":\"Soki, przeciery, musy NFC w beczkach\",\"publisher\":{\"@id\":\"https:\/\/nfcjuices.com\/#organization\"},\"potentialAction\":[{\"@type\":\"SearchAction\",\"target\":{\"@type\":\"EntryPoint\",\"urlTemplate\":\"https:\/\/nfcjuices.com\/?s={search_term_string}\"},\"query-input\":{\"@type\":\"PropertyValueSpecification\",\"valueRequired\":true,\"valueName\":\"search_term_string\"}}],\"inLanguage\":\"cs\"},{\"@type\":\"Organization\",\"@id\":\"https:\/\/nfcjuices.com\/#organization\",\"name\":\"Nasza T\u0142ocznia\",\"url\":\"https:\/\/nfcjuices.com\/\",\"logo\":{\"@type\":\"ImageObject\",\"inLanguage\":\"cs\",\"@id\":\"https:\/\/nfcjuices.com\/#\/schema\/logo\/image\/\",\"url\":\"https:\/\/nfcjuices.com\/wp-content\/uploads\/2025\/05\/cropped-B2b-1.png\",\"contentUrl\":\"https:\/\/nfcjuices.com\/wp-content\/uploads\/2025\/05\/cropped-B2b-1.png\",\"width\":1199,\"height\":999,\"caption\":\"Nasza T\u0142ocznia\"},\"image\":{\"@id\":\"https:\/\/nfcjuices.com\/#\/schema\/logo\/image\/\"}}]}<\/script>\n<!-- \/ Yoast SEO plugin. -->","yoast_head_json":{"title":"100% Lisovan\u00e1 \u0161\u0165\u00e1va z tmav\u00e9ho hroznu 3l - nfc-juices","robots":{"index":"index","follow":"follow","max-snippet":"max-snippet:-1","max-image-preview":"max-image-preview:large","max-video-preview":"max-video-preview:-1"},"canonical":"https:\/\/nfcjuices.com\/cs\/produkt\/100-lisovana-stava-z-tmavych-hroznu-3l\/","og_locale":"cs_CZ","og_type":"article","og_title":"Sok 100% t\u0142oczony Winogrono Ciemne 3L - nfc-juices","og_description":"Warto\u015bci od\u017cywcze w 100ml produktu:    warto\u015b\u0107 energetyczna: 68 kcal    t\u0142uszcz: &lt;0,5g    w\u0119glowodany: 16g    w tym cukry: 16g    bia\u0142ko: &lt;0,5g    s\u00f3l: &lt;0,1g","og_url":"https:\/\/nfcjuices.com\/cs\/produkt\/100-lisovana-stava-z-tmavych-hroznu-3l\/","og_site_name":"nfc-juices","article_modified_time":"2026-04-16T23:56:19+00:00","og_image":[{"width":750,"height":750,"url":"https:\/\/nfcjuices.com\/wp-content\/uploads\/2025\/04\/Strona-Nowy-Karton-Ciemne-winogrono.png","type":"image\/png"}],"twitter_card":"summary_large_image","twitter_misc":{"Odhadovan\u00e1 doba \u010dten\u00ed":"1 minuta"},"schema":{"@context":"https:\/\/schema.org","@graph":[{"@type":"WebPage","@id":"https:\/\/nfcjuices.com\/produkt\/sok-100-tloczony-winogrono-ciemne-3l\/","url":"https:\/\/nfcjuices.com\/produkt\/sok-100-tloczony-winogrono-ciemne-3l\/","name":"100% Lisovan\u00e1 \u0161\u0165\u00e1va z tmav\u00e9ho hroznu 3l - nfc-juices","isPartOf":{"@id":"https:\/\/nfcjuices.com\/#website"},"primaryImageOfPage":{"@id":"https:\/\/nfcjuices.com\/produkt\/sok-100-tloczony-winogrono-ciemne-3l\/#primaryimage"},"image":{"@id":"https:\/\/nfcjuices.com\/produkt\/sok-100-tloczony-winogrono-ciemne-3l\/#primaryimage"},"thumbnailUrl":"https:\/\/nfcjuices.com\/wp-content\/uploads\/2025\/04\/Strona-Nowy-Karton-Ciemne-winogrono.png","datePublished":"2025-04-04T14:11:06+00:00","dateModified":"2026-04-16T23:56:19+00:00","breadcrumb":{"@id":"https:\/\/nfcjuices.com\/produkt\/sok-100-tloczony-winogrono-ciemne-3l\/#breadcrumb"},"inLanguage":"cs","potentialAction":[{"@type":"ReadAction","target":["https:\/\/nfcjuices.com\/produkt\/sok-100-tloczony-winogrono-ciemne-3l\/"]}]},{"@type":"ImageObject","inLanguage":"cs","@id":"https:\/\/nfcjuices.com\/produkt\/sok-100-tloczony-winogrono-ciemne-3l\/#primaryimage","url":"https:\/\/nfcjuices.com\/wp-content\/uploads\/2025\/04\/Strona-Nowy-Karton-Ciemne-winogrono.png","contentUrl":"https:\/\/nfcjuices.com\/wp-content\/uploads\/2025\/04\/Strona-Nowy-Karton-Ciemne-winogrono.png","width":750,"height":750},{"@type":"BreadcrumbList","@id":"https:\/\/nfcjuices.com\/produkt\/sok-100-tloczony-winogrono-ciemne-3l\/#breadcrumb","itemListElement":[{"@type":"ListItem","position":1,"name":"Strona g\u0142\u00f3wna","item":"https:\/\/nfcjuices.com\/"},{"@type":"ListItem","position":2,"name":"Nasze produkty","item":"https:\/\/nfcjuices.com\/sv\/vara-produkter\/"},{"@type":"ListItem","position":3,"name":"Sok 100% t\u0142oczony Winogrono Ciemne 3L"}]},{"@type":"WebSite","@id":"https:\/\/nfcjuices.com\/#website","url":"https:\/\/nfcjuices.com\/","name":"nfc \u0161\u0165\u00e1vy","description":"D\u017eusy, pyr\u00e9, NFC p\u011bny v sudech","publisher":{"@id":"https:\/\/nfcjuices.com\/#organization"},"potentialAction":[{"@type":"SearchAction","target":{"@type":"EntryPoint","urlTemplate":"https:\/\/nfcjuices.com\/?s={search_term_string}"},"query-input":{"@type":"PropertyValueSpecification","valueRequired":true,"valueName":"search_term_string"}}],"inLanguage":"cs"},{"@type":"Organization","@id":"https:\/\/nfcjuices.com\/#organization","name":"Na\u0161e lisovna","url":"https:\/\/nfcjuices.com\/","logo":{"@type":"ImageObject","inLanguage":"cs","@id":"https:\/\/nfcjuices.com\/#\/schema\/logo\/image\/","url":"https:\/\/nfcjuices.com\/wp-content\/uploads\/2025\/05\/cropped-B2b-1.png","contentUrl":"https:\/\/nfcjuices.com\/wp-content\/uploads\/2025\/05\/cropped-B2b-1.png","width":1199,"height":999,"caption":"Nasza T\u0142ocznia"},"image":{"@id":"https:\/\/nfcjuices.com\/#\/schema\/logo\/image\/"}}]}},"_links":{"self":[{"href":"https:\/\/nfcjuices.com\/cs\/wp-json\/wp\/v2\/product\/660","targetHints":{"allow":["GET"]}}],"collection":[{"href":"https:\/\/nfcjuices.com\/cs\/wp-json\/wp\/v2\/product"}],"about":[{"href":"https:\/\/nfcjuices.com\/cs\/wp-json\/wp\/v2\/types\/product"}],"replies":[{"embeddable":true,"href":"https:\/\/nfcjuices.com\/cs\/wp-json\/wp\/v2\/comments?post=660"}],"wp:featuredmedia":[{"embeddable":true,"href":"https:\/\/nfcjuices.com\/cs\/wp-json\/wp\/v2\/media\/659"}],"wp:attachment":[{"href":"https:\/\/nfcjuices.com\/cs\/wp-json\/wp\/v2\/media?parent=660"}],"wp:term":[{"taxonomy":"product_brand","embeddable":true,"href":"https:\/\/nfcjuices.com\/cs\/wp-json\/wp\/v2\/product_brand?post=660"},{"taxonomy":"product_cat","embeddable":true,"href":"https:\/\/nfcjuices.com\/cs\/wp-json\/wp\/v2\/product_cat?post=660"},{"taxonomy":"product_tag","embeddable":true,"href":"https:\/\/nfcjuices.com\/cs\/wp-json\/wp\/v2\/product_tag?post=660"}],"curies":[{"name":"wp","href":"https:\/\/api.w.org\/{rel}","templated":true}]}}