{"id":634,"date":"2025-04-04T16:10:54","date_gmt":"2025-04-04T14:10:54","guid":{"rendered":"https:\/\/nfcjuices.com\/produkt\/sok-tloczony-100-czerwona-porzeczka-na-wino-5l\/"},"modified":"2026-01-19T10:49:48","modified_gmt":"2026-01-19T09:49:48","slug":"lisovana-stava-ze-100-g-cerveneho-rybizu-na-vino-5-l","status":"publish","type":"product","link":"https:\/\/nfcjuices.com\/cs\/produkt\/sok-tloczony-100-czerwona-porzeczka-na-wino-5l\/","title":{"rendered":"Lisovan\u00e1 \u0161\u0165\u00e1va 100% \u010cerven\u00fd ryb\u00edz na v\u00edno 5L"},"content":{"rendered":"<p style=\"margin-bottom: 1.41575em; font-size: 18px; font-weight: 400;\"><span style=\"font-weight: 600;\">Typ produktu:<\/span>\u00a0\u0161\u0165\u00e1va<\/p>\n<p style=\"margin-bottom: 1.41575em; font-size: 18px; font-weight: 400;\"><span style=\"font-weight: 600;\">Brix:\u00a0<\/span>9<br \/>\n<span style=\"font-weight: 600;\">Technick\u00e9 specifikace na vy\u017e\u00e1d\u00e1n\u00ed.<\/span><\/p>\n<p style=\"margin-bottom: 1.41575em; font-size: 18px; font-weight: 400;\"><span style=\"font-weight: 600;\">Nutri\u010dn\u00ed hodnoty:<\/span><br \/>\nEnergetick\u00e1 hodnota: 45 kcal<\/p>\n<p style=\"margin-bottom: 1.41575em; font-size: 18px; font-weight: 400;\">Tuky: &lt; 0,1 g<\/p>\n<p style=\"margin-bottom: 1.41575em; font-size: 18px; font-weight: 400;\">Sacharidy: 10,8 g<\/p>\n<p style=\"margin-bottom: 1.41575em; font-size: 18px; font-weight: 400;\">- z toho cukry: 7 g<\/p>\n<p style=\"margin-bottom: 1.41575em; font-size: 18px; font-weight: 400;\">B\u00edlkoviny: &lt;0,2 g<\/p>\n<p style=\"margin-bottom: 1.41575em; font-size: 18px; font-weight: 400;\">S\u016fl: 0 g<\/p>","protected":false},"excerpt":{"rendered":"<h2>Pro\u010d si vybrat na\u0161i \u0161\u0165\u00e1vu z \u010derven\u00e9ho ryb\u00edzu?<\/h2>\n<p>&nbsp;<\/p>\n<ul>\n<li>100% p\u0159\u00edrodn\u00ed \u2013 bez cukru, konzervant\u016f a um\u011bl\u00fdch p\u0159\u00edsad.<\/li>\n<li>Intenzivn\u011b kysel\u00e9 a trpk\u00e9 \u2013 ide\u00e1ln\u00ed pro dal\u0161\u00ed zpracov\u00e1n\u00ed.<\/li>\n<li>Lisov\u00e1no z \u010derstv\u00e9ho, zral\u00e9ho ovoce v na\u0161em lisu.<\/li>\n<li>Praktick\u00e9 balen\u00ed BiB 5L zaji\u0161\u0165uje pohodln\u00e9 skladov\u00e1n\u00ed a d\u00e1vkov\u00e1n\u00ed.<\/li>\n<\/ul>","protected":false},"featured_media":632,"comment_status":"open","ping_status":"closed","template":"","meta":[],"product_brand":[],"product_cat":[26],"product_tag":[],"class_list":{"0":"post-634","1":"product","2":"type-product","3":"status-publish","4":"has-post-thumbnail","6":"product_cat-soki-tloczone-nfc","7":"pa_pojemnosc-5l","9":"first","10":"outofstock","11":"taxable","12":"shipping-taxable","13":"purchasable","14":"product-type-simple"},"yoast_head":"<!-- This site is optimized with the Yoast SEO plugin v24.9 - https:\/\/yoast.com\/wordpress\/plugins\/seo\/ -->\n<title>Sok t\u0142oczony 100% Czerwona Porzeczka NA WINO 5L - nfc-juices<\/title>\n<meta name=\"robots\" content=\"index, follow, max-snippet:-1, max-image-preview:large, max-video-preview:-1\" \/>\n<link rel=\"canonical\" href=\"https:\/\/nfcjuices.com\/cs\/produkt\/lisovana-stava-ze-100-g-cerveneho-rybizu-na-vino-5-l\/\" \/>\n<meta property=\"og:locale\" content=\"cs_CZ\" \/>\n<meta property=\"og:type\" content=\"article\" \/>\n<meta property=\"og:title\" content=\"Sok t\u0142oczony 100% Czerwona Porzeczka NA WINO 5L - nfc-juices\" \/>\n<meta property=\"og:description\" content=\"Dlaczego warto wybra\u0107 nasz sok z czerwonej porzeczki? &nbsp;   100% naturalny \u2013 bez cukru, konserwant\u00f3w i sztucznych dodatk\u00f3w.  Intensywnie kwa\u015bny i cierpki \u2013 idealny do dalszego przetwarzania.  Wyt\u0142oczony ze \u015bwie\u017cych, dojrza\u0142ych owoc\u00f3w w Naszej T\u0142oczni.  Praktyczne opakowanie BiB 5L zapewnia wygodne przechowywanie i dozowanie.\" \/>\n<meta property=\"og:url\" content=\"https:\/\/nfcjuices.com\/cs\/produkt\/lisovana-stava-ze-100-g-cerveneho-rybizu-na-vino-5-l\/\" \/>\n<meta property=\"og:site_name\" content=\"nfc-juices\" \/>\n<meta property=\"article:modified_time\" content=\"2026-01-19T09:49:48+00:00\" \/>\n<meta property=\"og:image\" content=\"https:\/\/nfcjuices.com\/wp-content\/uploads\/2025\/04\/Strona-Nowy-Karton-Czerwona-porzeczka-1.png\" \/>\n\t<meta property=\"og:image:width\" content=\"750\" \/>\n\t<meta property=\"og:image:height\" content=\"750\" \/>\n\t<meta property=\"og:image:type\" content=\"image\/png\" \/>\n<meta name=\"twitter:card\" content=\"summary_large_image\" \/>\n<meta name=\"twitter:label1\" content=\"Odhadovan\u00e1 doba \u010dten\u00ed\" \/>\n\t<meta name=\"twitter:data1\" content=\"1 minuta\" \/>\n<script type=\"application\/ld+json\" class=\"yoast-schema-graph\">{\"@context\":\"https:\/\/schema.org\",\"@graph\":[{\"@type\":\"WebPage\",\"@id\":\"https:\/\/nfcjuices.com\/produkt\/sok-tloczony-100-czerwona-porzeczka-na-wino-5l\/\",\"url\":\"https:\/\/nfcjuices.com\/produkt\/sok-tloczony-100-czerwona-porzeczka-na-wino-5l\/\",\"name\":\"Sok t\u0142oczony 100% Czerwona Porzeczka NA WINO 5L - nfc-juices\",\"isPartOf\":{\"@id\":\"https:\/\/nfcjuices.com\/#website\"},\"primaryImageOfPage\":{\"@id\":\"https:\/\/nfcjuices.com\/produkt\/sok-tloczony-100-czerwona-porzeczka-na-wino-5l\/#primaryimage\"},\"image\":{\"@id\":\"https:\/\/nfcjuices.com\/produkt\/sok-tloczony-100-czerwona-porzeczka-na-wino-5l\/#primaryimage\"},\"thumbnailUrl\":\"https:\/\/nfcjuices.com\/wp-content\/uploads\/2025\/04\/Strona-Nowy-Karton-Czerwona-porzeczka-1.png\",\"datePublished\":\"2025-04-04T14:10:54+00:00\",\"dateModified\":\"2026-01-19T09:49:48+00:00\",\"breadcrumb\":{\"@id\":\"https:\/\/nfcjuices.com\/produkt\/sok-tloczony-100-czerwona-porzeczka-na-wino-5l\/#breadcrumb\"},\"inLanguage\":\"cs\",\"potentialAction\":[{\"@type\":\"ReadAction\",\"target\":[\"https:\/\/nfcjuices.com\/produkt\/sok-tloczony-100-czerwona-porzeczka-na-wino-5l\/\"]}]},{\"@type\":\"ImageObject\",\"inLanguage\":\"cs\",\"@id\":\"https:\/\/nfcjuices.com\/produkt\/sok-tloczony-100-czerwona-porzeczka-na-wino-5l\/#primaryimage\",\"url\":\"https:\/\/nfcjuices.com\/wp-content\/uploads\/2025\/04\/Strona-Nowy-Karton-Czerwona-porzeczka-1.png\",\"contentUrl\":\"https:\/\/nfcjuices.com\/wp-content\/uploads\/2025\/04\/Strona-Nowy-Karton-Czerwona-porzeczka-1.png\",\"width\":750,\"height\":750},{\"@type\":\"BreadcrumbList\",\"@id\":\"https:\/\/nfcjuices.com\/produkt\/sok-tloczony-100-czerwona-porzeczka-na-wino-5l\/#breadcrumb\",\"itemListElement\":[{\"@type\":\"ListItem\",\"position\":1,\"name\":\"Strona g\u0142\u00f3wna\",\"item\":\"https:\/\/nfcjuices.com\/\"},{\"@type\":\"ListItem\",\"position\":2,\"name\":\"Nasze produkty\",\"item\":\"https:\/\/nfcjuices.com\/sv\/vara-produkter\/\"},{\"@type\":\"ListItem\",\"position\":3,\"name\":\"Sok t\u0142oczony 100% Czerwona Porzeczka NA WINO 5L\"}]},{\"@type\":\"WebSite\",\"@id\":\"https:\/\/nfcjuices.com\/#website\",\"url\":\"https:\/\/nfcjuices.com\/\",\"name\":\"nfc-juices\",\"description\":\"Soki, przeciery, musy NFC w beczkach\",\"publisher\":{\"@id\":\"https:\/\/nfcjuices.com\/#organization\"},\"potentialAction\":[{\"@type\":\"SearchAction\",\"target\":{\"@type\":\"EntryPoint\",\"urlTemplate\":\"https:\/\/nfcjuices.com\/?s={search_term_string}\"},\"query-input\":{\"@type\":\"PropertyValueSpecification\",\"valueRequired\":true,\"valueName\":\"search_term_string\"}}],\"inLanguage\":\"cs\"},{\"@type\":\"Organization\",\"@id\":\"https:\/\/nfcjuices.com\/#organization\",\"name\":\"Nasza T\u0142ocznia\",\"url\":\"https:\/\/nfcjuices.com\/\",\"logo\":{\"@type\":\"ImageObject\",\"inLanguage\":\"cs\",\"@id\":\"https:\/\/nfcjuices.com\/#\/schema\/logo\/image\/\",\"url\":\"https:\/\/nfcjuices.com\/wp-content\/uploads\/2025\/05\/cropped-B2b-1.png\",\"contentUrl\":\"https:\/\/nfcjuices.com\/wp-content\/uploads\/2025\/05\/cropped-B2b-1.png\",\"width\":1199,\"height\":999,\"caption\":\"Nasza T\u0142ocznia\"},\"image\":{\"@id\":\"https:\/\/nfcjuices.com\/#\/schema\/logo\/image\/\"}}]}<\/script>\n<!-- \/ Yoast SEO plugin. -->","yoast_head_json":{"title":"Lisovan\u00e1 \u0161\u0165\u00e1va 100% \u010cerven\u00fd ryb\u00edz NA V\u00cdNO 5L - nfc-juices","robots":{"index":"index","follow":"follow","max-snippet":"max-snippet:-1","max-image-preview":"max-image-preview:large","max-video-preview":"max-video-preview:-1"},"canonical":"https:\/\/nfcjuices.com\/cs\/produkt\/lisovana-stava-ze-100-g-cerveneho-rybizu-na-vino-5-l\/","og_locale":"cs_CZ","og_type":"article","og_title":"Sok t\u0142oczony 100% Czerwona Porzeczka NA WINO 5L - nfc-juices","og_description":"Dlaczego warto wybra\u0107 nasz sok z czerwonej porzeczki? &nbsp;   100% naturalny \u2013 bez cukru, konserwant\u00f3w i sztucznych dodatk\u00f3w.  Intensywnie kwa\u015bny i cierpki \u2013 idealny do dalszego przetwarzania.  Wyt\u0142oczony ze \u015bwie\u017cych, dojrza\u0142ych owoc\u00f3w w Naszej T\u0142oczni.  Praktyczne opakowanie BiB 5L zapewnia wygodne przechowywanie i dozowanie.","og_url":"https:\/\/nfcjuices.com\/cs\/produkt\/lisovana-stava-ze-100-g-cerveneho-rybizu-na-vino-5-l\/","og_site_name":"nfc-juices","article_modified_time":"2026-01-19T09:49:48+00:00","og_image":[{"width":750,"height":750,"url":"https:\/\/nfcjuices.com\/wp-content\/uploads\/2025\/04\/Strona-Nowy-Karton-Czerwona-porzeczka-1.png","type":"image\/png"}],"twitter_card":"summary_large_image","twitter_misc":{"Odhadovan\u00e1 doba \u010dten\u00ed":"1 minuta"},"schema":{"@context":"https:\/\/schema.org","@graph":[{"@type":"WebPage","@id":"https:\/\/nfcjuices.com\/produkt\/sok-tloczony-100-czerwona-porzeczka-na-wino-5l\/","url":"https:\/\/nfcjuices.com\/produkt\/sok-tloczony-100-czerwona-porzeczka-na-wino-5l\/","name":"Lisovan\u00e1 \u0161\u0165\u00e1va 100% \u010cerven\u00fd ryb\u00edz NA V\u00cdNO 5L - nfc-juices","isPartOf":{"@id":"https:\/\/nfcjuices.com\/#website"},"primaryImageOfPage":{"@id":"https:\/\/nfcjuices.com\/produkt\/sok-tloczony-100-czerwona-porzeczka-na-wino-5l\/#primaryimage"},"image":{"@id":"https:\/\/nfcjuices.com\/produkt\/sok-tloczony-100-czerwona-porzeczka-na-wino-5l\/#primaryimage"},"thumbnailUrl":"https:\/\/nfcjuices.com\/wp-content\/uploads\/2025\/04\/Strona-Nowy-Karton-Czerwona-porzeczka-1.png","datePublished":"2025-04-04T14:10:54+00:00","dateModified":"2026-01-19T09:49:48+00:00","breadcrumb":{"@id":"https:\/\/nfcjuices.com\/produkt\/sok-tloczony-100-czerwona-porzeczka-na-wino-5l\/#breadcrumb"},"inLanguage":"cs","potentialAction":[{"@type":"ReadAction","target":["https:\/\/nfcjuices.com\/produkt\/sok-tloczony-100-czerwona-porzeczka-na-wino-5l\/"]}]},{"@type":"ImageObject","inLanguage":"cs","@id":"https:\/\/nfcjuices.com\/produkt\/sok-tloczony-100-czerwona-porzeczka-na-wino-5l\/#primaryimage","url":"https:\/\/nfcjuices.com\/wp-content\/uploads\/2025\/04\/Strona-Nowy-Karton-Czerwona-porzeczka-1.png","contentUrl":"https:\/\/nfcjuices.com\/wp-content\/uploads\/2025\/04\/Strona-Nowy-Karton-Czerwona-porzeczka-1.png","width":750,"height":750},{"@type":"BreadcrumbList","@id":"https:\/\/nfcjuices.com\/produkt\/sok-tloczony-100-czerwona-porzeczka-na-wino-5l\/#breadcrumb","itemListElement":[{"@type":"ListItem","position":1,"name":"Strona g\u0142\u00f3wna","item":"https:\/\/nfcjuices.com\/"},{"@type":"ListItem","position":2,"name":"Nasze produkty","item":"https:\/\/nfcjuices.com\/sv\/vara-produkter\/"},{"@type":"ListItem","position":3,"name":"Sok t\u0142oczony 100% Czerwona Porzeczka NA WINO 5L"}]},{"@type":"WebSite","@id":"https:\/\/nfcjuices.com\/#website","url":"https:\/\/nfcjuices.com\/","name":"nfc \u0161\u0165\u00e1vy","description":"D\u017eusy, pyr\u00e9, NFC p\u011bny v sudech","publisher":{"@id":"https:\/\/nfcjuices.com\/#organization"},"potentialAction":[{"@type":"SearchAction","target":{"@type":"EntryPoint","urlTemplate":"https:\/\/nfcjuices.com\/?s={search_term_string}"},"query-input":{"@type":"PropertyValueSpecification","valueRequired":true,"valueName":"search_term_string"}}],"inLanguage":"cs"},{"@type":"Organization","@id":"https:\/\/nfcjuices.com\/#organization","name":"Na\u0161e lisovna","url":"https:\/\/nfcjuices.com\/","logo":{"@type":"ImageObject","inLanguage":"cs","@id":"https:\/\/nfcjuices.com\/#\/schema\/logo\/image\/","url":"https:\/\/nfcjuices.com\/wp-content\/uploads\/2025\/05\/cropped-B2b-1.png","contentUrl":"https:\/\/nfcjuices.com\/wp-content\/uploads\/2025\/05\/cropped-B2b-1.png","width":1199,"height":999,"caption":"Nasza T\u0142ocznia"},"image":{"@id":"https:\/\/nfcjuices.com\/#\/schema\/logo\/image\/"}}]}},"_links":{"self":[{"href":"https:\/\/nfcjuices.com\/cs\/wp-json\/wp\/v2\/product\/634","targetHints":{"allow":["GET"]}}],"collection":[{"href":"https:\/\/nfcjuices.com\/cs\/wp-json\/wp\/v2\/product"}],"about":[{"href":"https:\/\/nfcjuices.com\/cs\/wp-json\/wp\/v2\/types\/product"}],"replies":[{"embeddable":true,"href":"https:\/\/nfcjuices.com\/cs\/wp-json\/wp\/v2\/comments?post=634"}],"wp:featuredmedia":[{"embeddable":true,"href":"https:\/\/nfcjuices.com\/cs\/wp-json\/wp\/v2\/media\/632"}],"wp:attachment":[{"href":"https:\/\/nfcjuices.com\/cs\/wp-json\/wp\/v2\/media?parent=634"}],"wp:term":[{"taxonomy":"product_brand","embeddable":true,"href":"https:\/\/nfcjuices.com\/cs\/wp-json\/wp\/v2\/product_brand?post=634"},{"taxonomy":"product_cat","embeddable":true,"href":"https:\/\/nfcjuices.com\/cs\/wp-json\/wp\/v2\/product_cat?post=634"},{"taxonomy":"product_tag","embeddable":true,"href":"https:\/\/nfcjuices.com\/cs\/wp-json\/wp\/v2\/product_tag?post=634"}],"curies":[{"name":"wp","href":"https:\/\/api.w.org\/{rel}","templated":true}]}}