{"id":625,"date":"2025-04-04T16:10:49","date_gmt":"2025-04-04T14:10:49","guid":{"rendered":"https:\/\/nfcjuices.com\/produkt\/sok-100-tloczony-wisnia-dna-moczanowa-sport-3l\/"},"modified":"2026-04-17T10:08:47","modified_gmt":"2026-04-17T08:08:47","slug":"100-lisovana-tresnova-stava-na-dnu-sport-3l","status":"publish","type":"product","link":"https:\/\/nfcjuices.com\/cs\/produkt\/sok-100-tloczony-wisnia-dna-moczanowa-sport-3l\/","title":{"rendered":"\u0160\u0165\u00e1va 100% lisovan\u00e1 t\u0159e\u0161e\u0148 dna sport 3L"},"content":{"rendered":"<h4><img fetchpriority=\"high\" decoding=\"async\" class=\"size-large wp-image-2490 aligncenter\" src=\"https:\/\/naszatlocznia.pl\/wp-content\/uploads\/2022\/04\/baner-Allegro-nowy-03.2022-1-1024x436.png\" alt=\"\" width=\"980\" height=\"417\" \/><\/h4>\n<p>\u00a0<\/p>\n<h4 style=\"text-align: center\">Zdrav\u00ed ze sam\u00e9ho srdce polsk\u00e9ho ovocn\u00e1\u0159stv\u00ed \u2013 to jsou \u0161\u0165\u00e1vy Nasza T\u0142ocznia.<\/h4>\n<h4 style=\"text-align: center\"><strong>P\u0159\u00edrodn\u00ed za studena lisovan\u00e1 t\u0159e\u0161\u0148ov\u00e1 \u0161\u0165\u00e1va 100%. Kysel\u00e1 \u2013 bez p\u0159idan\u00e9ho cukru a konzervant\u016f. <\/strong><\/h4>\n<h4 style=\"text-align: center\">Vysok\u00fd obsah polyfenol\u016f <strong>m\u00e1 protiz\u00e1n\u011btliv\u00e9 vlastnosti<\/strong>, sni\u017euje po\u0161kozen\u00ed sval\u016f a reguluje \u00farove\u0148 bolesti. Hlavn\u00edm \u00fa\u010dinkem vi\u0161\u0148ov\u00e9 \u0161\u0165\u00e1vy na sportovce je <strong>zrychlen\u00ed regenerace po cvi\u010den\u00ed<\/strong>, a to jak ve vytrvalostn\u00edch, tak i silov\u00fdch sportech. D\u00edky tomu je tr\u00e9nink efektivn\u011bj\u0161\u00ed.<\/h4>\n<h4 style=\"text-align: center\"><strong> Podporuje tak\u00e9 l\u00e9\u010dbu onemocn\u011bn\u00ed, jako je dna.\u00a0<\/strong><\/h4>\n<p>\u00a0<\/p>\n<p><img decoding=\"async\" class=\"wp-image-6680 aligncenter\" src=\"https:\/\/naszatlocznia.pl\/wp-content\/uploads\/2022\/01\/Strona-Nowy-Karton-Wisnia.png\" alt=\"\" width=\"530\" height=\"530\" \/><\/p>\n<h4><\/h4>\n<h4><strong>Obal:<\/strong> balen\u00ed bag in box \u2013 s\u00e1\u010dek s kohoutkem v praktick\u00e9 kartonov\u00e9 krabici pro snadn\u00e9 nal\u00e9v\u00e1n\u00ed.<\/h4>\n<h4><b>Slo\u017een\u00ed<\/b>100% NFC t\u0159e\u0161\u0148ov\u00e1 \u0161\u0165\u00e1va (ne z koncentr\u00e1tu!).<\/h4>\n<h4><strong>Skladov\u00e1n\u00ed:<\/strong>\u00a0Stejn\u011b jako dom\u00e1c\u00ed zava\u0159eniny, i \u0161\u0165\u00e1vy by m\u011bly b\u00fdt skladov\u00e1ny na stinn\u00e9m a chladn\u00e9m m\u00edst\u011b.<br \/>\n<strong>Nal\u00e9v\u00e1n\u00ed:<\/strong> D\u017eus by se m\u011bl nal\u00e9vat kohoutkem dol\u016f a ujistit se, \u017ee je v\u017edy pokryt\u00fd \u0161\u0165\u00e1vou. P\u0159ed ka\u017ed\u00fdm nalit\u00edm n\u00e1dobu prot\u0159epejte, aby se obsah prom\u00edchal.<br \/>\n<strong>Z\u00e1ruka \u010derstvosti:<\/strong>\u00a0Spr\u00e1vn\u00e9 nal\u00e9v\u00e1n\u00ed zaji\u0161\u0165uje, \u017ee se do obalu nedostane vzduch, co\u017e udr\u017e\u00ed \u0161\u0165\u00e1vu \u010derstvou.<br \/>\n<strong>Po otev\u0159en\u00ed:<\/strong> \u0160\u0165\u00e1va by m\u011bla b\u00fdt skladov\u00e1na v chladni\u010dce a spot\u0159ebov\u00e1na do 30 dn\u016f, za p\u0159edpokladu, \u017ee je nalita ve svisl\u00e9 poloze, ani\u017e by se do obalu dostal vzduch.<\/h4>\n<h4><strong>D\u00e1vkov\u00e1n\u00ed:<\/strong> 200 ml denn\u011b.<\/h4>\n<h4><strong>Datum spot\u0159eby:<\/strong> minim\u00e1ln\u011b 3 m\u011bs\u00edce od data n\u00e1kupu.<\/h4>\n<h4><\/h4>\n<h4 style=\"text-align: center\"><strong>P\u0159esv\u011bd\u010dte se sami, objednejte si hned!<\/strong><\/h4>","protected":false},"excerpt":{"rendered":"<p><img decoding=\"async\" class=\"alignnone size-large wp-image-446\" src=\"https:\/\/naszatlocznia.pl\/wp-content\/uploads\/2021\/06\/wartosci-odzywcze-WISNIA-914x1024.jpg\" alt=\"\" width=\"914\" height=\"1024\" \/><\/p>","protected":false},"featured_media":624,"comment_status":"open","ping_status":"closed","template":"","meta":[],"product_brand":[],"product_cat":[26],"product_tag":[],"class_list":{"0":"post-625","1":"product","2":"type-product","3":"status-publish","4":"has-post-thumbnail","6":"product_cat-soki-tloczone-nfc","7":"pa_pojemnosc-3l","9":"first","10":"instock","11":"taxable","12":"shipping-taxable","13":"purchasable","14":"product-type-simple"},"yoast_head":"<!-- This site is optimized with the Yoast SEO plugin v24.9 - https:\/\/yoast.com\/wordpress\/plugins\/seo\/ -->\n<title>Sok 100% t\u0142oczony Wi\u015bnia dna moczanowa sport 3L - nfc-juices<\/title>\n<meta name=\"robots\" content=\"index, follow, max-snippet:-1, max-image-preview:large, max-video-preview:-1\" \/>\n<link rel=\"canonical\" href=\"https:\/\/nfcjuices.com\/cs\/produkt\/100-lisovana-tresnova-stava-na-dnu-sport-3l\/\" \/>\n<meta property=\"og:locale\" content=\"cs_CZ\" \/>\n<meta property=\"og:type\" content=\"article\" \/>\n<meta property=\"og:title\" content=\"Sok 100% t\u0142oczony Wi\u015bnia dna moczanowa sport 3L - nfc-juices\" \/>\n<meta property=\"og:url\" content=\"https:\/\/nfcjuices.com\/cs\/produkt\/100-lisovana-tresnova-stava-na-dnu-sport-3l\/\" \/>\n<meta property=\"og:site_name\" content=\"nfc-juices\" \/>\n<meta property=\"article:modified_time\" content=\"2026-04-17T08:08:47+00:00\" \/>\n<meta property=\"og:image\" content=\"https:\/\/nfcjuices.com\/wp-content\/uploads\/2025\/04\/Strona-Nowy-Karton-Wisnia.png\" \/>\n\t<meta property=\"og:image:width\" content=\"750\" \/>\n\t<meta property=\"og:image:height\" content=\"750\" \/>\n\t<meta property=\"og:image:type\" content=\"image\/png\" \/>\n<meta name=\"twitter:card\" content=\"summary_large_image\" \/>\n<meta name=\"twitter:label1\" content=\"Odhadovan\u00e1 doba \u010dten\u00ed\" \/>\n\t<meta name=\"twitter:data1\" content=\"1 minuta\" \/>\n<script type=\"application\/ld+json\" class=\"yoast-schema-graph\">{\"@context\":\"https:\/\/schema.org\",\"@graph\":[{\"@type\":\"WebPage\",\"@id\":\"https:\/\/nfcjuices.com\/produkt\/sok-100-tloczony-wisnia-dna-moczanowa-sport-3l\/\",\"url\":\"https:\/\/nfcjuices.com\/produkt\/sok-100-tloczony-wisnia-dna-moczanowa-sport-3l\/\",\"name\":\"Sok 100% t\u0142oczony Wi\u015bnia dna moczanowa sport 3L - nfc-juices\",\"isPartOf\":{\"@id\":\"https:\/\/nfcjuices.com\/#website\"},\"primaryImageOfPage\":{\"@id\":\"https:\/\/nfcjuices.com\/produkt\/sok-100-tloczony-wisnia-dna-moczanowa-sport-3l\/#primaryimage\"},\"image\":{\"@id\":\"https:\/\/nfcjuices.com\/produkt\/sok-100-tloczony-wisnia-dna-moczanowa-sport-3l\/#primaryimage\"},\"thumbnailUrl\":\"https:\/\/nfcjuices.com\/wp-content\/uploads\/2025\/04\/Strona-Nowy-Karton-Wisnia.png\",\"datePublished\":\"2025-04-04T14:10:49+00:00\",\"dateModified\":\"2026-04-17T08:08:47+00:00\",\"breadcrumb\":{\"@id\":\"https:\/\/nfcjuices.com\/produkt\/sok-100-tloczony-wisnia-dna-moczanowa-sport-3l\/#breadcrumb\"},\"inLanguage\":\"cs\",\"potentialAction\":[{\"@type\":\"ReadAction\",\"target\":[\"https:\/\/nfcjuices.com\/produkt\/sok-100-tloczony-wisnia-dna-moczanowa-sport-3l\/\"]}]},{\"@type\":\"ImageObject\",\"inLanguage\":\"cs\",\"@id\":\"https:\/\/nfcjuices.com\/produkt\/sok-100-tloczony-wisnia-dna-moczanowa-sport-3l\/#primaryimage\",\"url\":\"https:\/\/nfcjuices.com\/wp-content\/uploads\/2025\/04\/Strona-Nowy-Karton-Wisnia.png\",\"contentUrl\":\"https:\/\/nfcjuices.com\/wp-content\/uploads\/2025\/04\/Strona-Nowy-Karton-Wisnia.png\",\"width\":750,\"height\":750},{\"@type\":\"BreadcrumbList\",\"@id\":\"https:\/\/nfcjuices.com\/produkt\/sok-100-tloczony-wisnia-dna-moczanowa-sport-3l\/#breadcrumb\",\"itemListElement\":[{\"@type\":\"ListItem\",\"position\":1,\"name\":\"Strona g\u0142\u00f3wna\",\"item\":\"https:\/\/nfcjuices.com\/\"},{\"@type\":\"ListItem\",\"position\":2,\"name\":\"Nasze produkty\",\"item\":\"https:\/\/nfcjuices.com\/sv\/vara-produkter\/\"},{\"@type\":\"ListItem\",\"position\":3,\"name\":\"Sok 100% t\u0142oczony Wi\u015bnia dna moczanowa sport 3L\"}]},{\"@type\":\"WebSite\",\"@id\":\"https:\/\/nfcjuices.com\/#website\",\"url\":\"https:\/\/nfcjuices.com\/\",\"name\":\"nfc-juices\",\"description\":\"Soki, przeciery, musy NFC w beczkach\",\"publisher\":{\"@id\":\"https:\/\/nfcjuices.com\/#organization\"},\"potentialAction\":[{\"@type\":\"SearchAction\",\"target\":{\"@type\":\"EntryPoint\",\"urlTemplate\":\"https:\/\/nfcjuices.com\/?s={search_term_string}\"},\"query-input\":{\"@type\":\"PropertyValueSpecification\",\"valueRequired\":true,\"valueName\":\"search_term_string\"}}],\"inLanguage\":\"cs\"},{\"@type\":\"Organization\",\"@id\":\"https:\/\/nfcjuices.com\/#organization\",\"name\":\"Nasza T\u0142ocznia\",\"url\":\"https:\/\/nfcjuices.com\/\",\"logo\":{\"@type\":\"ImageObject\",\"inLanguage\":\"cs\",\"@id\":\"https:\/\/nfcjuices.com\/#\/schema\/logo\/image\/\",\"url\":\"https:\/\/nfcjuices.com\/wp-content\/uploads\/2025\/05\/cropped-B2b-1.png\",\"contentUrl\":\"https:\/\/nfcjuices.com\/wp-content\/uploads\/2025\/05\/cropped-B2b-1.png\",\"width\":1199,\"height\":999,\"caption\":\"Nasza T\u0142ocznia\"},\"image\":{\"@id\":\"https:\/\/nfcjuices.com\/#\/schema\/logo\/image\/\"}}]}<\/script>\n<!-- \/ Yoast SEO plugin. -->","yoast_head_json":{"title":"D\u017eus 100% lisovan\u00fd Cherry Gout Sport 3L - nfc-juices","robots":{"index":"index","follow":"follow","max-snippet":"max-snippet:-1","max-image-preview":"max-image-preview:large","max-video-preview":"max-video-preview:-1"},"canonical":"https:\/\/nfcjuices.com\/cs\/produkt\/100-lisovana-tresnova-stava-na-dnu-sport-3l\/","og_locale":"cs_CZ","og_type":"article","og_title":"Sok 100% t\u0142oczony Wi\u015bnia dna moczanowa sport 3L - nfc-juices","og_url":"https:\/\/nfcjuices.com\/cs\/produkt\/100-lisovana-tresnova-stava-na-dnu-sport-3l\/","og_site_name":"nfc-juices","article_modified_time":"2026-04-17T08:08:47+00:00","og_image":[{"width":750,"height":750,"url":"https:\/\/nfcjuices.com\/wp-content\/uploads\/2025\/04\/Strona-Nowy-Karton-Wisnia.png","type":"image\/png"}],"twitter_card":"summary_large_image","twitter_misc":{"Odhadovan\u00e1 doba \u010dten\u00ed":"1 minuta"},"schema":{"@context":"https:\/\/schema.org","@graph":[{"@type":"WebPage","@id":"https:\/\/nfcjuices.com\/produkt\/sok-100-tloczony-wisnia-dna-moczanowa-sport-3l\/","url":"https:\/\/nfcjuices.com\/produkt\/sok-100-tloczony-wisnia-dna-moczanowa-sport-3l\/","name":"D\u017eus 100% lisovan\u00fd Cherry Gout Sport 3L - nfc-juices","isPartOf":{"@id":"https:\/\/nfcjuices.com\/#website"},"primaryImageOfPage":{"@id":"https:\/\/nfcjuices.com\/produkt\/sok-100-tloczony-wisnia-dna-moczanowa-sport-3l\/#primaryimage"},"image":{"@id":"https:\/\/nfcjuices.com\/produkt\/sok-100-tloczony-wisnia-dna-moczanowa-sport-3l\/#primaryimage"},"thumbnailUrl":"https:\/\/nfcjuices.com\/wp-content\/uploads\/2025\/04\/Strona-Nowy-Karton-Wisnia.png","datePublished":"2025-04-04T14:10:49+00:00","dateModified":"2026-04-17T08:08:47+00:00","breadcrumb":{"@id":"https:\/\/nfcjuices.com\/produkt\/sok-100-tloczony-wisnia-dna-moczanowa-sport-3l\/#breadcrumb"},"inLanguage":"cs","potentialAction":[{"@type":"ReadAction","target":["https:\/\/nfcjuices.com\/produkt\/sok-100-tloczony-wisnia-dna-moczanowa-sport-3l\/"]}]},{"@type":"ImageObject","inLanguage":"cs","@id":"https:\/\/nfcjuices.com\/produkt\/sok-100-tloczony-wisnia-dna-moczanowa-sport-3l\/#primaryimage","url":"https:\/\/nfcjuices.com\/wp-content\/uploads\/2025\/04\/Strona-Nowy-Karton-Wisnia.png","contentUrl":"https:\/\/nfcjuices.com\/wp-content\/uploads\/2025\/04\/Strona-Nowy-Karton-Wisnia.png","width":750,"height":750},{"@type":"BreadcrumbList","@id":"https:\/\/nfcjuices.com\/produkt\/sok-100-tloczony-wisnia-dna-moczanowa-sport-3l\/#breadcrumb","itemListElement":[{"@type":"ListItem","position":1,"name":"Strona g\u0142\u00f3wna","item":"https:\/\/nfcjuices.com\/"},{"@type":"ListItem","position":2,"name":"Nasze produkty","item":"https:\/\/nfcjuices.com\/sv\/vara-produkter\/"},{"@type":"ListItem","position":3,"name":"Sok 100% t\u0142oczony Wi\u015bnia dna moczanowa sport 3L"}]},{"@type":"WebSite","@id":"https:\/\/nfcjuices.com\/#website","url":"https:\/\/nfcjuices.com\/","name":"nfc \u0161\u0165\u00e1vy","description":"D\u017eusy, pyr\u00e9, NFC p\u011bny v sudech","publisher":{"@id":"https:\/\/nfcjuices.com\/#organization"},"potentialAction":[{"@type":"SearchAction","target":{"@type":"EntryPoint","urlTemplate":"https:\/\/nfcjuices.com\/?s={search_term_string}"},"query-input":{"@type":"PropertyValueSpecification","valueRequired":true,"valueName":"search_term_string"}}],"inLanguage":"cs"},{"@type":"Organization","@id":"https:\/\/nfcjuices.com\/#organization","name":"Na\u0161e lisovna","url":"https:\/\/nfcjuices.com\/","logo":{"@type":"ImageObject","inLanguage":"cs","@id":"https:\/\/nfcjuices.com\/#\/schema\/logo\/image\/","url":"https:\/\/nfcjuices.com\/wp-content\/uploads\/2025\/05\/cropped-B2b-1.png","contentUrl":"https:\/\/nfcjuices.com\/wp-content\/uploads\/2025\/05\/cropped-B2b-1.png","width":1199,"height":999,"caption":"Nasza T\u0142ocznia"},"image":{"@id":"https:\/\/nfcjuices.com\/#\/schema\/logo\/image\/"}}]}},"_links":{"self":[{"href":"https:\/\/nfcjuices.com\/cs\/wp-json\/wp\/v2\/product\/625","targetHints":{"allow":["GET"]}}],"collection":[{"href":"https:\/\/nfcjuices.com\/cs\/wp-json\/wp\/v2\/product"}],"about":[{"href":"https:\/\/nfcjuices.com\/cs\/wp-json\/wp\/v2\/types\/product"}],"replies":[{"embeddable":true,"href":"https:\/\/nfcjuices.com\/cs\/wp-json\/wp\/v2\/comments?post=625"}],"wp:featuredmedia":[{"embeddable":true,"href":"https:\/\/nfcjuices.com\/cs\/wp-json\/wp\/v2\/media\/624"}],"wp:attachment":[{"href":"https:\/\/nfcjuices.com\/cs\/wp-json\/wp\/v2\/media?parent=625"}],"wp:term":[{"taxonomy":"product_brand","embeddable":true,"href":"https:\/\/nfcjuices.com\/cs\/wp-json\/wp\/v2\/product_brand?post=625"},{"taxonomy":"product_cat","embeddable":true,"href":"https:\/\/nfcjuices.com\/cs\/wp-json\/wp\/v2\/product_cat?post=625"},{"taxonomy":"product_tag","embeddable":true,"href":"https:\/\/nfcjuices.com\/cs\/wp-json\/wp\/v2\/product_tag?post=625"}],"curies":[{"name":"wp","href":"https:\/\/api.w.org\/{rel}","templated":true}]}}