{"id":600,"date":"2025-04-04T16:10:25","date_gmt":"2025-04-04T14:10:25","guid":{"rendered":"https:\/\/nfcjuices.com\/produkt\/sok-tloczony-z-pomidorow-malinowych-naturalny-potas-3l\/"},"modified":"2026-03-13T12:50:27","modified_gmt":"2026-03-13T11:50:27","slug":"lisovana-stava-z-malinovych-rajcat-s-prirodnim-draslikem-3l","status":"publish","type":"product","link":"https:\/\/nfcjuices.com\/cs\/produkt\/sok-tloczony-z-pomidorow-malinowych-naturalny-potas-3l\/","title":{"rendered":"Lisovan\u00e1 \u0161\u0165\u00e1va z malinov\u00fdch raj\u010dat s p\u0159\u00edrodn\u00edm drasl\u00edkem 3l"},"content":{"rendered":"<p><strong>Typ produktu:<\/strong>\u00a0\u0161\u0165\u00e1va<\/p>\n<p><strong>Brix:\u00a0<\/strong>4,5<br \/>\n<strong>Technick\u00e9 specifikace na vy\u017e\u00e1d\u00e1n\u00ed.<\/strong><\/p>\n<p><strong>Nutri\u010dn\u00ed hodnoty:<\/strong><br \/>\nEnergetick\u00e1 hodnota: 13 kcal<\/p>\n<p>Tuky: &lt; 0,1 g<\/p>\n<p>Sacharidy: 2,4 g<\/p>\n<p>-v\u010detn\u011b cukr\u016f: 1,98 g<\/p>\n<p>B\u00edlkoviny: 0,5 g<\/p>\n<p>S\u016fl: &lt;0,005 g<\/p>","protected":false},"excerpt":{"rendered":"<p><img fetchpriority=\"high\" decoding=\"async\" class=\"alignnone size-large wp-image-553\" src=\"https:\/\/naszatlocznia.pl\/wp-content\/uploads\/2021\/06\/wartosci-odzywcze-POMIDOR-MALINOWY-878x1024.jpg\" alt=\"\" width=\"878\" height=\"1024\" \/><\/p>","protected":false},"featured_media":597,"comment_status":"open","ping_status":"closed","template":"","meta":[],"product_brand":[],"product_cat":[26],"product_tag":[],"class_list":{"0":"post-600","1":"product","2":"type-product","3":"status-publish","4":"has-post-thumbnail","6":"product_cat-soki-tloczone-nfc","7":"pa_pojemnosc-3l","9":"first","10":"outofstock","11":"taxable","12":"shipping-taxable","13":"purchasable","14":"product-type-simple"},"yoast_head":"<!-- This site is optimized with the Yoast SEO plugin v24.9 - https:\/\/yoast.com\/wordpress\/plugins\/seo\/ -->\n<title>Sok t\u0142oczony z Pomidor\u00f3w Malinowych naturalny potas 3L - nfc-juices<\/title>\n<meta name=\"robots\" content=\"index, follow, max-snippet:-1, max-image-preview:large, max-video-preview:-1\" \/>\n<link rel=\"canonical\" href=\"https:\/\/nfcjuices.com\/cs\/produkt\/lisovana-stava-z-malinovych-rajcat-s-prirodnim-draslikem-3l\/\" \/>\n<meta property=\"og:locale\" content=\"cs_CZ\" \/>\n<meta property=\"og:type\" content=\"article\" \/>\n<meta property=\"og:title\" content=\"Sok t\u0142oczony z Pomidor\u00f3w Malinowych naturalny potas 3L - nfc-juices\" \/>\n<meta property=\"og:url\" content=\"https:\/\/nfcjuices.com\/cs\/produkt\/lisovana-stava-z-malinovych-rajcat-s-prirodnim-draslikem-3l\/\" \/>\n<meta property=\"og:site_name\" content=\"nfc-juices\" \/>\n<meta property=\"article:modified_time\" content=\"2026-03-13T11:50:27+00:00\" \/>\n<meta property=\"og:image\" content=\"https:\/\/nfcjuices.com\/wp-content\/uploads\/2025\/04\/Strona-Nowy-Karton-Pomidory-Malinowe.png\" \/>\n\t<meta property=\"og:image:width\" content=\"750\" \/>\n\t<meta property=\"og:image:height\" content=\"750\" \/>\n\t<meta property=\"og:image:type\" content=\"image\/png\" \/>\n<meta name=\"twitter:card\" content=\"summary_large_image\" \/>\n<meta name=\"twitter:label1\" content=\"Odhadovan\u00e1 doba \u010dten\u00ed\" \/>\n\t<meta name=\"twitter:data1\" content=\"1 minuta\" \/>\n<script type=\"application\/ld+json\" class=\"yoast-schema-graph\">{\"@context\":\"https:\/\/schema.org\",\"@graph\":[{\"@type\":\"WebPage\",\"@id\":\"https:\/\/nfcjuices.com\/produkt\/sok-tloczony-z-pomidorow-malinowych-naturalny-potas-3l\/\",\"url\":\"https:\/\/nfcjuices.com\/produkt\/sok-tloczony-z-pomidorow-malinowych-naturalny-potas-3l\/\",\"name\":\"Sok t\u0142oczony z Pomidor\u00f3w Malinowych naturalny potas 3L - nfc-juices\",\"isPartOf\":{\"@id\":\"https:\/\/nfcjuices.com\/#website\"},\"primaryImageOfPage\":{\"@id\":\"https:\/\/nfcjuices.com\/produkt\/sok-tloczony-z-pomidorow-malinowych-naturalny-potas-3l\/#primaryimage\"},\"image\":{\"@id\":\"https:\/\/nfcjuices.com\/produkt\/sok-tloczony-z-pomidorow-malinowych-naturalny-potas-3l\/#primaryimage\"},\"thumbnailUrl\":\"https:\/\/nfcjuices.com\/wp-content\/uploads\/2025\/04\/Strona-Nowy-Karton-Pomidory-Malinowe.png\",\"datePublished\":\"2025-04-04T14:10:25+00:00\",\"dateModified\":\"2026-03-13T11:50:27+00:00\",\"breadcrumb\":{\"@id\":\"https:\/\/nfcjuices.com\/produkt\/sok-tloczony-z-pomidorow-malinowych-naturalny-potas-3l\/#breadcrumb\"},\"inLanguage\":\"cs\",\"potentialAction\":[{\"@type\":\"ReadAction\",\"target\":[\"https:\/\/nfcjuices.com\/produkt\/sok-tloczony-z-pomidorow-malinowych-naturalny-potas-3l\/\"]}]},{\"@type\":\"ImageObject\",\"inLanguage\":\"cs\",\"@id\":\"https:\/\/nfcjuices.com\/produkt\/sok-tloczony-z-pomidorow-malinowych-naturalny-potas-3l\/#primaryimage\",\"url\":\"https:\/\/nfcjuices.com\/wp-content\/uploads\/2025\/04\/Strona-Nowy-Karton-Pomidory-Malinowe.png\",\"contentUrl\":\"https:\/\/nfcjuices.com\/wp-content\/uploads\/2025\/04\/Strona-Nowy-Karton-Pomidory-Malinowe.png\",\"width\":750,\"height\":750},{\"@type\":\"BreadcrumbList\",\"@id\":\"https:\/\/nfcjuices.com\/produkt\/sok-tloczony-z-pomidorow-malinowych-naturalny-potas-3l\/#breadcrumb\",\"itemListElement\":[{\"@type\":\"ListItem\",\"position\":1,\"name\":\"Strona g\u0142\u00f3wna\",\"item\":\"https:\/\/nfcjuices.com\/\"},{\"@type\":\"ListItem\",\"position\":2,\"name\":\"Nasze produkty\",\"item\":\"https:\/\/nfcjuices.com\/sv\/vara-produkter\/\"},{\"@type\":\"ListItem\",\"position\":3,\"name\":\"Sok t\u0142oczony z Pomidor\u00f3w Malinowych naturalny potas 3L\"}]},{\"@type\":\"WebSite\",\"@id\":\"https:\/\/nfcjuices.com\/#website\",\"url\":\"https:\/\/nfcjuices.com\/\",\"name\":\"nfc-juices\",\"description\":\"Soki, przeciery, musy NFC w beczkach\",\"publisher\":{\"@id\":\"https:\/\/nfcjuices.com\/#organization\"},\"potentialAction\":[{\"@type\":\"SearchAction\",\"target\":{\"@type\":\"EntryPoint\",\"urlTemplate\":\"https:\/\/nfcjuices.com\/?s={search_term_string}\"},\"query-input\":{\"@type\":\"PropertyValueSpecification\",\"valueRequired\":true,\"valueName\":\"search_term_string\"}}],\"inLanguage\":\"cs\"},{\"@type\":\"Organization\",\"@id\":\"https:\/\/nfcjuices.com\/#organization\",\"name\":\"Nasza T\u0142ocznia\",\"url\":\"https:\/\/nfcjuices.com\/\",\"logo\":{\"@type\":\"ImageObject\",\"inLanguage\":\"cs\",\"@id\":\"https:\/\/nfcjuices.com\/#\/schema\/logo\/image\/\",\"url\":\"https:\/\/nfcjuices.com\/wp-content\/uploads\/2025\/05\/cropped-B2b-1.png\",\"contentUrl\":\"https:\/\/nfcjuices.com\/wp-content\/uploads\/2025\/05\/cropped-B2b-1.png\",\"width\":1199,\"height\":999,\"caption\":\"Nasza T\u0142ocznia\"},\"image\":{\"@id\":\"https:\/\/nfcjuices.com\/#\/schema\/logo\/image\/\"}}]}<\/script>\n<!-- \/ Yoast SEO plugin. -->","yoast_head_json":{"title":"Lisovan\u00e1 \u0161\u0165\u00e1va z malinov\u00fdch raj\u010dat s p\u0159\u00edrodn\u00edm drasl\u00edkem 3l - nfc-juices","robots":{"index":"index","follow":"follow","max-snippet":"max-snippet:-1","max-image-preview":"max-image-preview:large","max-video-preview":"max-video-preview:-1"},"canonical":"https:\/\/nfcjuices.com\/cs\/produkt\/lisovana-stava-z-malinovych-rajcat-s-prirodnim-draslikem-3l\/","og_locale":"cs_CZ","og_type":"article","og_title":"Sok t\u0142oczony z Pomidor\u00f3w Malinowych naturalny potas 3L - nfc-juices","og_url":"https:\/\/nfcjuices.com\/cs\/produkt\/lisovana-stava-z-malinovych-rajcat-s-prirodnim-draslikem-3l\/","og_site_name":"nfc-juices","article_modified_time":"2026-03-13T11:50:27+00:00","og_image":[{"width":750,"height":750,"url":"https:\/\/nfcjuices.com\/wp-content\/uploads\/2025\/04\/Strona-Nowy-Karton-Pomidory-Malinowe.png","type":"image\/png"}],"twitter_card":"summary_large_image","twitter_misc":{"Odhadovan\u00e1 doba \u010dten\u00ed":"1 minuta"},"schema":{"@context":"https:\/\/schema.org","@graph":[{"@type":"WebPage","@id":"https:\/\/nfcjuices.com\/produkt\/sok-tloczony-z-pomidorow-malinowych-naturalny-potas-3l\/","url":"https:\/\/nfcjuices.com\/produkt\/sok-tloczony-z-pomidorow-malinowych-naturalny-potas-3l\/","name":"Lisovan\u00e1 \u0161\u0165\u00e1va z malinov\u00fdch raj\u010dat s p\u0159\u00edrodn\u00edm drasl\u00edkem 3l - nfc-juices","isPartOf":{"@id":"https:\/\/nfcjuices.com\/#website"},"primaryImageOfPage":{"@id":"https:\/\/nfcjuices.com\/produkt\/sok-tloczony-z-pomidorow-malinowych-naturalny-potas-3l\/#primaryimage"},"image":{"@id":"https:\/\/nfcjuices.com\/produkt\/sok-tloczony-z-pomidorow-malinowych-naturalny-potas-3l\/#primaryimage"},"thumbnailUrl":"https:\/\/nfcjuices.com\/wp-content\/uploads\/2025\/04\/Strona-Nowy-Karton-Pomidory-Malinowe.png","datePublished":"2025-04-04T14:10:25+00:00","dateModified":"2026-03-13T11:50:27+00:00","breadcrumb":{"@id":"https:\/\/nfcjuices.com\/produkt\/sok-tloczony-z-pomidorow-malinowych-naturalny-potas-3l\/#breadcrumb"},"inLanguage":"cs","potentialAction":[{"@type":"ReadAction","target":["https:\/\/nfcjuices.com\/produkt\/sok-tloczony-z-pomidorow-malinowych-naturalny-potas-3l\/"]}]},{"@type":"ImageObject","inLanguage":"cs","@id":"https:\/\/nfcjuices.com\/produkt\/sok-tloczony-z-pomidorow-malinowych-naturalny-potas-3l\/#primaryimage","url":"https:\/\/nfcjuices.com\/wp-content\/uploads\/2025\/04\/Strona-Nowy-Karton-Pomidory-Malinowe.png","contentUrl":"https:\/\/nfcjuices.com\/wp-content\/uploads\/2025\/04\/Strona-Nowy-Karton-Pomidory-Malinowe.png","width":750,"height":750},{"@type":"BreadcrumbList","@id":"https:\/\/nfcjuices.com\/produkt\/sok-tloczony-z-pomidorow-malinowych-naturalny-potas-3l\/#breadcrumb","itemListElement":[{"@type":"ListItem","position":1,"name":"Strona g\u0142\u00f3wna","item":"https:\/\/nfcjuices.com\/"},{"@type":"ListItem","position":2,"name":"Nasze produkty","item":"https:\/\/nfcjuices.com\/sv\/vara-produkter\/"},{"@type":"ListItem","position":3,"name":"Sok t\u0142oczony z Pomidor\u00f3w Malinowych naturalny potas 3L"}]},{"@type":"WebSite","@id":"https:\/\/nfcjuices.com\/#website","url":"https:\/\/nfcjuices.com\/","name":"nfc \u0161\u0165\u00e1vy","description":"D\u017eusy, pyr\u00e9, NFC p\u011bny v sudech","publisher":{"@id":"https:\/\/nfcjuices.com\/#organization"},"potentialAction":[{"@type":"SearchAction","target":{"@type":"EntryPoint","urlTemplate":"https:\/\/nfcjuices.com\/?s={search_term_string}"},"query-input":{"@type":"PropertyValueSpecification","valueRequired":true,"valueName":"search_term_string"}}],"inLanguage":"cs"},{"@type":"Organization","@id":"https:\/\/nfcjuices.com\/#organization","name":"Na\u0161e lisovna","url":"https:\/\/nfcjuices.com\/","logo":{"@type":"ImageObject","inLanguage":"cs","@id":"https:\/\/nfcjuices.com\/#\/schema\/logo\/image\/","url":"https:\/\/nfcjuices.com\/wp-content\/uploads\/2025\/05\/cropped-B2b-1.png","contentUrl":"https:\/\/nfcjuices.com\/wp-content\/uploads\/2025\/05\/cropped-B2b-1.png","width":1199,"height":999,"caption":"Nasza T\u0142ocznia"},"image":{"@id":"https:\/\/nfcjuices.com\/#\/schema\/logo\/image\/"}}]}},"_links":{"self":[{"href":"https:\/\/nfcjuices.com\/cs\/wp-json\/wp\/v2\/product\/600","targetHints":{"allow":["GET"]}}],"collection":[{"href":"https:\/\/nfcjuices.com\/cs\/wp-json\/wp\/v2\/product"}],"about":[{"href":"https:\/\/nfcjuices.com\/cs\/wp-json\/wp\/v2\/types\/product"}],"replies":[{"embeddable":true,"href":"https:\/\/nfcjuices.com\/cs\/wp-json\/wp\/v2\/comments?post=600"}],"wp:featuredmedia":[{"embeddable":true,"href":"https:\/\/nfcjuices.com\/cs\/wp-json\/wp\/v2\/media\/597"}],"wp:attachment":[{"href":"https:\/\/nfcjuices.com\/cs\/wp-json\/wp\/v2\/media?parent=600"}],"wp:term":[{"taxonomy":"product_brand","embeddable":true,"href":"https:\/\/nfcjuices.com\/cs\/wp-json\/wp\/v2\/product_brand?post=600"},{"taxonomy":"product_cat","embeddable":true,"href":"https:\/\/nfcjuices.com\/cs\/wp-json\/wp\/v2\/product_cat?post=600"},{"taxonomy":"product_tag","embeddable":true,"href":"https:\/\/nfcjuices.com\/cs\/wp-json\/wp\/v2\/product_tag?post=600"}],"curies":[{"name":"wp","href":"https:\/\/api.w.org\/{rel}","templated":true}]}}