{"id":535,"date":"2025-04-04T15:41:13","date_gmt":"2025-04-04T13:41:13","guid":{"rendered":"https:\/\/nfcjuices.com\/produkt\/sok-tloczony-jablko-wisnia-dla-dzieci-5l\/"},"modified":"2025-04-23T12:06:41","modified_gmt":"2025-04-23T10:06:41","slug":"lisovana-jablecno-tresnova-stava-pro-deti-5l","status":"publish","type":"product","link":"https:\/\/nfcjuices.com\/cs\/produkt\/sok-tloczony-jablko-wisnia-dla-dzieci-5l\/","title":{"rendered":"Jable\u010dn\u00e1 a t\u0159e\u0161\u0148ov\u00e1 lisovan\u00e1 \u0161\u0165\u00e1va pro d\u011bti 5L"},"content":{"rendered":"<p><img fetchpriority=\"high\" decoding=\"async\" class=\"size-large wp-image-2251 aligncenter\" src=\"https:\/\/naszatlocznia.pl\/wp-content\/uploads\/2022\/04\/baner-Allegro-nowy-03.2022-1024x436.png\" alt=\"\" width=\"980\" height=\"417\" \/><\/p>\n<p>\u00a0<\/p>\n<h4 style=\"text-align: center\">Nab\u00edz\u00edme v\u00e1m\u00a0<b>100% p\u0159\u00edrodn\u00ed jable\u010dn\u00e1 a t\u0159e\u0161\u0148ov\u00e1 \u0161\u0165\u00e1va <\/b>NFC \u2013 NE Z KONCENTR\u00c1TU, bez jak\u00fdchkoli p\u0159\u00edsad.<\/h4>\n<h4 style=\"text-align: center\">Na\u0161e \u0161\u0165\u00e1vy jsou lisovan\u00e9 za studena.\u00a0<b>\u0160etrn\u00e1 pasterizace<\/b>\u00a0p\u0159i kontrolovan\u00e9 teplot\u011b a\u017e 78 stup\u0148\u016f n\u00e1m umo\u017e\u0148uje zajistit\u00a0<b>\u010derstvost \u0161\u0165\u00e1vy<\/b>\u00a0po del\u0161\u00ed dobu a z\u00e1rove\u0148 si zachovat cenn\u00e9\u00a0<b>nutri\u010dn\u00ed hodnoty a vitam\u00edny<\/b>\u00a0obsa\u017een\u00e9 v ovoci a zelenin\u011b.<\/h4>\n<h4 style=\"text-align: center\"><strong>\u0158\u00edk\u00e1me<\/strong>\u00a0<b>\u017d\u00c1DN\u00dd!<\/b>\u00a0konzervanty, cukry, um\u011bl\u00e9 vitam\u00edny a barviva. Dokazujeme, \u017ee zdravou a lahodnou \u0161\u0165\u00e1vu m\u016f\u017eete z\u00edskat POUZE z toho, co n\u00e1m p\u0159\u00edroda dala.<\/h4>\n<p>\u00a0<\/p>\n<p><img decoding=\"async\" class=\"size-full wp-image-18677 aligncenter\" src=\"https:\/\/naszatlocznia.pl\/wp-content\/uploads\/2021\/06\/Strona-Nowy-Karton-Jablko-wisnia-1.png\" alt=\"\" width=\"750\" height=\"750\" \/><\/p>\n<p>\u00a0<\/p>\n<h4><\/h4>\n<h4><b>Obal: <\/b>balen\u00ed bag in box \u2013 s\u00e1\u010dek s kohoutkem v praktick\u00e9 kartonov\u00e9 krabici pro snadn\u00e9 nal\u00e9v\u00e1n\u00ed.<\/h4>\n<h4><b>Slo\u017een\u00ed: <\/b>60% NFC jable\u010dn\u00fd d\u017eus, 40% NFC t\u0159e\u0161\u0148ov\u00fd d\u017eus.<\/h4>\n<h4><b>Skladov\u00e1n\u00ed:<\/b>\u00a0Stejn\u011b jako dom\u00e1c\u00ed zava\u0159eniny, i \u0161\u0165\u00e1vy by m\u011bly b\u00fdt skladov\u00e1ny na stinn\u00e9m a chladn\u00e9m m\u00edst\u011b.<\/h4>\n<h4><b>Nal\u00e9v\u00e1n\u00ed:<\/b> D\u017eus by se m\u011bl nal\u00e9vat kohoutkem dol\u016f a ujistit se, \u017ee je v\u017edy pokryt\u00fd \u0161\u0165\u00e1vou. P\u0159ed ka\u017ed\u00fdm nalit\u00edm n\u00e1dobu prot\u0159epejte, aby se obsah prom\u00edchal.<\/h4>\n<h4><b>Z\u00e1ruka \u010derstvosti:<\/b>\u00a0Spr\u00e1vn\u00e9 nal\u00e9v\u00e1n\u00ed zaji\u0161\u0165uje, \u017ee se do obalu nedostane vzduch, co\u017e udr\u017e\u00ed \u0161\u0165\u00e1vu \u010derstvou.<\/h4>\n<h4><b>Po otev\u0159en\u00ed:<\/b> \u0160\u0165\u00e1va by m\u011bla b\u00fdt skladov\u00e1na v chladni\u010dce a spot\u0159ebov\u00e1na do 30 dn\u016f, za p\u0159edpokladu, \u017ee je nalita ve svisl\u00e9 poloze, ani\u017e by se do obalu dostal vzduch.<\/h4>\n<h4><strong>Datum spot\u0159eby:<\/strong> minim\u00e1ln\u011b 3 m\u011bs\u00edce od data n\u00e1kupu.<\/h4>\n<h4><\/h4>\n<h4 style=\"text-align: center\"><b>P\u0159esv\u011bd\u010dte se sami, objednejte si hned!<\/b><\/h4>","protected":false},"excerpt":{"rendered":"<p><img decoding=\"async\" class=\"alignnone size-large wp-image-490\" src=\"https:\/\/naszatlocznia.pl\/wp-content\/uploads\/2021\/06\/wartosci-odzywcze-JABLKO-WISNIA-724x1024.jpg\" alt=\"\" width=\"724\" height=\"1024\" \/><\/p>","protected":false},"featured_media":533,"comment_status":"open","ping_status":"closed","template":"","meta":[],"product_brand":[],"product_cat":[26],"product_tag":[],"class_list":{"0":"post-535","1":"product","2":"type-product","3":"status-publish","4":"has-post-thumbnail","6":"product_cat-soki-tloczone-nfc","7":"pa_pojemnosc-5l","9":"first","10":"instock","11":"taxable","12":"shipping-taxable","13":"purchasable","14":"product-type-simple"},"yoast_head":"<!-- This site is optimized with the Yoast SEO plugin v24.9 - https:\/\/yoast.com\/wordpress\/plugins\/seo\/ -->\n<title>Sok t\u0142oczony Jab\u0142ko-Wi\u015bnia dla dzieci 5L - nfc-juices<\/title>\n<meta name=\"robots\" content=\"index, follow, max-snippet:-1, max-image-preview:large, max-video-preview:-1\" \/>\n<link rel=\"canonical\" href=\"https:\/\/nfcjuices.com\/cs\/produkt\/lisovana-jablecno-tresnova-stava-pro-deti-5l\/\" \/>\n<meta property=\"og:locale\" content=\"cs_CZ\" \/>\n<meta property=\"og:type\" content=\"article\" \/>\n<meta property=\"og:title\" content=\"Sok t\u0142oczony Jab\u0142ko-Wi\u015bnia dla dzieci 5L - nfc-juices\" \/>\n<meta property=\"og:url\" content=\"https:\/\/nfcjuices.com\/cs\/produkt\/lisovana-jablecno-tresnova-stava-pro-deti-5l\/\" \/>\n<meta property=\"og:site_name\" content=\"nfc-juices\" \/>\n<meta property=\"article:modified_time\" content=\"2025-04-23T10:06:41+00:00\" \/>\n<meta property=\"og:image\" content=\"https:\/\/nfcjuices.com\/wp-content\/uploads\/2025\/04\/Strona-Nowy-Karton-Jablko-wisnia-1.png\" \/>\n\t<meta property=\"og:image:width\" content=\"750\" \/>\n\t<meta property=\"og:image:height\" content=\"750\" \/>\n\t<meta property=\"og:image:type\" content=\"image\/png\" \/>\n<meta name=\"twitter:card\" content=\"summary_large_image\" \/>\n<meta name=\"twitter:label1\" content=\"Odhadovan\u00e1 doba \u010dten\u00ed\" \/>\n\t<meta name=\"twitter:data1\" content=\"1 minuta\" \/>\n<script type=\"application\/ld+json\" class=\"yoast-schema-graph\">{\"@context\":\"https:\/\/schema.org\",\"@graph\":[{\"@type\":\"WebPage\",\"@id\":\"https:\/\/nfcjuices.com\/produkt\/sok-tloczony-jablko-wisnia-dla-dzieci-5l\/\",\"url\":\"https:\/\/nfcjuices.com\/produkt\/sok-tloczony-jablko-wisnia-dla-dzieci-5l\/\",\"name\":\"Sok t\u0142oczony Jab\u0142ko-Wi\u015bnia dla dzieci 5L - nfc-juices\",\"isPartOf\":{\"@id\":\"https:\/\/nfcjuices.com\/#website\"},\"primaryImageOfPage\":{\"@id\":\"https:\/\/nfcjuices.com\/produkt\/sok-tloczony-jablko-wisnia-dla-dzieci-5l\/#primaryimage\"},\"image\":{\"@id\":\"https:\/\/nfcjuices.com\/produkt\/sok-tloczony-jablko-wisnia-dla-dzieci-5l\/#primaryimage\"},\"thumbnailUrl\":\"https:\/\/nfcjuices.com\/wp-content\/uploads\/2025\/04\/Strona-Nowy-Karton-Jablko-wisnia-1.png\",\"datePublished\":\"2025-04-04T13:41:13+00:00\",\"dateModified\":\"2025-04-23T10:06:41+00:00\",\"breadcrumb\":{\"@id\":\"https:\/\/nfcjuices.com\/produkt\/sok-tloczony-jablko-wisnia-dla-dzieci-5l\/#breadcrumb\"},\"inLanguage\":\"cs\",\"potentialAction\":[{\"@type\":\"ReadAction\",\"target\":[\"https:\/\/nfcjuices.com\/produkt\/sok-tloczony-jablko-wisnia-dla-dzieci-5l\/\"]}]},{\"@type\":\"ImageObject\",\"inLanguage\":\"cs\",\"@id\":\"https:\/\/nfcjuices.com\/produkt\/sok-tloczony-jablko-wisnia-dla-dzieci-5l\/#primaryimage\",\"url\":\"https:\/\/nfcjuices.com\/wp-content\/uploads\/2025\/04\/Strona-Nowy-Karton-Jablko-wisnia-1.png\",\"contentUrl\":\"https:\/\/nfcjuices.com\/wp-content\/uploads\/2025\/04\/Strona-Nowy-Karton-Jablko-wisnia-1.png\",\"width\":750,\"height\":750},{\"@type\":\"BreadcrumbList\",\"@id\":\"https:\/\/nfcjuices.com\/produkt\/sok-tloczony-jablko-wisnia-dla-dzieci-5l\/#breadcrumb\",\"itemListElement\":[{\"@type\":\"ListItem\",\"position\":1,\"name\":\"Strona g\u0142\u00f3wna\",\"item\":\"https:\/\/nfcjuices.com\/\"},{\"@type\":\"ListItem\",\"position\":2,\"name\":\"Nasze produkty\",\"item\":\"https:\/\/nfcjuices.com\/sv\/vara-produkter\/\"},{\"@type\":\"ListItem\",\"position\":3,\"name\":\"Sok t\u0142oczony Jab\u0142ko-Wi\u015bnia dla dzieci 5L\"}]},{\"@type\":\"WebSite\",\"@id\":\"https:\/\/nfcjuices.com\/#website\",\"url\":\"https:\/\/nfcjuices.com\/\",\"name\":\"nfc-juices\",\"description\":\"Soki, przeciery, musy NFC w beczkach\",\"publisher\":{\"@id\":\"https:\/\/nfcjuices.com\/#organization\"},\"potentialAction\":[{\"@type\":\"SearchAction\",\"target\":{\"@type\":\"EntryPoint\",\"urlTemplate\":\"https:\/\/nfcjuices.com\/?s={search_term_string}\"},\"query-input\":{\"@type\":\"PropertyValueSpecification\",\"valueRequired\":true,\"valueName\":\"search_term_string\"}}],\"inLanguage\":\"cs\"},{\"@type\":\"Organization\",\"@id\":\"https:\/\/nfcjuices.com\/#organization\",\"name\":\"Nasza T\u0142ocznia\",\"url\":\"https:\/\/nfcjuices.com\/\",\"logo\":{\"@type\":\"ImageObject\",\"inLanguage\":\"cs\",\"@id\":\"https:\/\/nfcjuices.com\/#\/schema\/logo\/image\/\",\"url\":\"https:\/\/nfcjuices.com\/wp-content\/uploads\/2025\/05\/cropped-B2b-1.png\",\"contentUrl\":\"https:\/\/nfcjuices.com\/wp-content\/uploads\/2025\/05\/cropped-B2b-1.png\",\"width\":1199,\"height\":999,\"caption\":\"Nasza T\u0142ocznia\"},\"image\":{\"@id\":\"https:\/\/nfcjuices.com\/#\/schema\/logo\/image\/\"}}]}<\/script>\n<!-- \/ Yoast SEO plugin. -->","yoast_head_json":{"title":"Jable\u010dno-t\u0159e\u0161\u0148ov\u00e1 lisovan\u00e1 \u0161\u0165\u00e1va pro d\u011bti 5l - nfc-juices","robots":{"index":"index","follow":"follow","max-snippet":"max-snippet:-1","max-image-preview":"max-image-preview:large","max-video-preview":"max-video-preview:-1"},"canonical":"https:\/\/nfcjuices.com\/cs\/produkt\/lisovana-jablecno-tresnova-stava-pro-deti-5l\/","og_locale":"cs_CZ","og_type":"article","og_title":"Sok t\u0142oczony Jab\u0142ko-Wi\u015bnia dla dzieci 5L - nfc-juices","og_url":"https:\/\/nfcjuices.com\/cs\/produkt\/lisovana-jablecno-tresnova-stava-pro-deti-5l\/","og_site_name":"nfc-juices","article_modified_time":"2025-04-23T10:06:41+00:00","og_image":[{"width":750,"height":750,"url":"https:\/\/nfcjuices.com\/wp-content\/uploads\/2025\/04\/Strona-Nowy-Karton-Jablko-wisnia-1.png","type":"image\/png"}],"twitter_card":"summary_large_image","twitter_misc":{"Odhadovan\u00e1 doba \u010dten\u00ed":"1 minuta"},"schema":{"@context":"https:\/\/schema.org","@graph":[{"@type":"WebPage","@id":"https:\/\/nfcjuices.com\/produkt\/sok-tloczony-jablko-wisnia-dla-dzieci-5l\/","url":"https:\/\/nfcjuices.com\/produkt\/sok-tloczony-jablko-wisnia-dla-dzieci-5l\/","name":"Jable\u010dno-t\u0159e\u0161\u0148ov\u00e1 lisovan\u00e1 \u0161\u0165\u00e1va pro d\u011bti 5l - nfc-juices","isPartOf":{"@id":"https:\/\/nfcjuices.com\/#website"},"primaryImageOfPage":{"@id":"https:\/\/nfcjuices.com\/produkt\/sok-tloczony-jablko-wisnia-dla-dzieci-5l\/#primaryimage"},"image":{"@id":"https:\/\/nfcjuices.com\/produkt\/sok-tloczony-jablko-wisnia-dla-dzieci-5l\/#primaryimage"},"thumbnailUrl":"https:\/\/nfcjuices.com\/wp-content\/uploads\/2025\/04\/Strona-Nowy-Karton-Jablko-wisnia-1.png","datePublished":"2025-04-04T13:41:13+00:00","dateModified":"2025-04-23T10:06:41+00:00","breadcrumb":{"@id":"https:\/\/nfcjuices.com\/produkt\/sok-tloczony-jablko-wisnia-dla-dzieci-5l\/#breadcrumb"},"inLanguage":"cs","potentialAction":[{"@type":"ReadAction","target":["https:\/\/nfcjuices.com\/produkt\/sok-tloczony-jablko-wisnia-dla-dzieci-5l\/"]}]},{"@type":"ImageObject","inLanguage":"cs","@id":"https:\/\/nfcjuices.com\/produkt\/sok-tloczony-jablko-wisnia-dla-dzieci-5l\/#primaryimage","url":"https:\/\/nfcjuices.com\/wp-content\/uploads\/2025\/04\/Strona-Nowy-Karton-Jablko-wisnia-1.png","contentUrl":"https:\/\/nfcjuices.com\/wp-content\/uploads\/2025\/04\/Strona-Nowy-Karton-Jablko-wisnia-1.png","width":750,"height":750},{"@type":"BreadcrumbList","@id":"https:\/\/nfcjuices.com\/produkt\/sok-tloczony-jablko-wisnia-dla-dzieci-5l\/#breadcrumb","itemListElement":[{"@type":"ListItem","position":1,"name":"Strona g\u0142\u00f3wna","item":"https:\/\/nfcjuices.com\/"},{"@type":"ListItem","position":2,"name":"Nasze produkty","item":"https:\/\/nfcjuices.com\/sv\/vara-produkter\/"},{"@type":"ListItem","position":3,"name":"Sok t\u0142oczony Jab\u0142ko-Wi\u015bnia dla dzieci 5L"}]},{"@type":"WebSite","@id":"https:\/\/nfcjuices.com\/#website","url":"https:\/\/nfcjuices.com\/","name":"nfc \u0161\u0165\u00e1vy","description":"D\u017eusy, pyr\u00e9, NFC p\u011bny v sudech","publisher":{"@id":"https:\/\/nfcjuices.com\/#organization"},"potentialAction":[{"@type":"SearchAction","target":{"@type":"EntryPoint","urlTemplate":"https:\/\/nfcjuices.com\/?s={search_term_string}"},"query-input":{"@type":"PropertyValueSpecification","valueRequired":true,"valueName":"search_term_string"}}],"inLanguage":"cs"},{"@type":"Organization","@id":"https:\/\/nfcjuices.com\/#organization","name":"Na\u0161e lisovna","url":"https:\/\/nfcjuices.com\/","logo":{"@type":"ImageObject","inLanguage":"cs","@id":"https:\/\/nfcjuices.com\/#\/schema\/logo\/image\/","url":"https:\/\/nfcjuices.com\/wp-content\/uploads\/2025\/05\/cropped-B2b-1.png","contentUrl":"https:\/\/nfcjuices.com\/wp-content\/uploads\/2025\/05\/cropped-B2b-1.png","width":1199,"height":999,"caption":"Nasza T\u0142ocznia"},"image":{"@id":"https:\/\/nfcjuices.com\/#\/schema\/logo\/image\/"}}]}},"_links":{"self":[{"href":"https:\/\/nfcjuices.com\/cs\/wp-json\/wp\/v2\/product\/535","targetHints":{"allow":["GET"]}}],"collection":[{"href":"https:\/\/nfcjuices.com\/cs\/wp-json\/wp\/v2\/product"}],"about":[{"href":"https:\/\/nfcjuices.com\/cs\/wp-json\/wp\/v2\/types\/product"}],"replies":[{"embeddable":true,"href":"https:\/\/nfcjuices.com\/cs\/wp-json\/wp\/v2\/comments?post=535"}],"wp:featuredmedia":[{"embeddable":true,"href":"https:\/\/nfcjuices.com\/cs\/wp-json\/wp\/v2\/media\/533"}],"wp:attachment":[{"href":"https:\/\/nfcjuices.com\/cs\/wp-json\/wp\/v2\/media?parent=535"}],"wp:term":[{"taxonomy":"product_brand","embeddable":true,"href":"https:\/\/nfcjuices.com\/cs\/wp-json\/wp\/v2\/product_brand?post=535"},{"taxonomy":"product_cat","embeddable":true,"href":"https:\/\/nfcjuices.com\/cs\/wp-json\/wp\/v2\/product_cat?post=535"},{"taxonomy":"product_tag","embeddable":true,"href":"https:\/\/nfcjuices.com\/cs\/wp-json\/wp\/v2\/product_tag?post=535"}],"curies":[{"name":"wp","href":"https:\/\/api.w.org\/{rel}","templated":true}]}}