{"id":348,"date":"2025-03-13T15:02:26","date_gmt":"2025-03-13T14:02:26","guid":{"rendered":"https:\/\/nfcjuices.com\/produkt\/przecier-premium-100-dynia-tylko-1983-zl-kg-3kg\/"},"modified":"2026-04-15T11:55:36","modified_gmt":"2026-04-15T09:55:36","slug":"premiove-dynove-pyre-100-g-3-kg","status":"publish","type":"product","link":"https:\/\/nfcjuices.com\/cs\/produkt\/przecier-premium-100-dynia-3kg\/","title":{"rendered":"Pr\u00e9miov\u00e9 pyr\u00e9 100% D\u00fdn\u011b 3kg"},"content":{"rendered":"<h2><b>100% D\u00fd\u0148ov\u00e9 pyr\u00e9<\/b><\/h2>\n<p><span style=\"font-weight: 400;\">D\u00fd\u0148ov\u00e9 pyr\u00e9 100%, pasterovan\u00e9. Jednotn\u00e1, hladk\u00e1 konzistence a p\u0159irozen\u00e1 barva. Celoro\u010dn\u00ed dostupnost, konzistentn\u00ed chu\u0165ov\u00fd profil, prvot\u0159\u00eddn\u00ed suroviny, ru\u010dn\u011b vyb\u00edran\u00e9.<\/span><\/p>\n<h3><span style=\"font-weight: 400;\">Parametry<\/span><\/h3>\n<ul>\n<li style=\"font-weight: 400;\" aria-level=\"1\"><span style=\"font-weight: 400;\">\u00b0Brix: min. 7<\/span><\/li>\n<li style=\"font-weight: 400;\" aria-level=\"1\"><span style=\"font-weight: 400;\">Nutri\u010dn\u00ed hodnoty na 100 g:<\/span>\n<ul>\n<li style=\"font-weight: 400;\" aria-level=\"2\"><span style=\"font-weight: 400;\">energetick\u00e1 hodnota: 26 kcal<\/span><\/li>\n<li style=\"font-weight: 400;\" aria-level=\"2\"><span style=\"font-weight: 400;\">tuk: 0,1 g<\/span><\/li>\n<li style=\"font-weight: 400;\" aria-level=\"2\"><span style=\"font-weight: 400;\">z toho nasycen\u00e9 mastn\u00e9 kyseliny: 0 g<\/span><\/li>\n<li style=\"font-weight: 400;\" aria-level=\"2\"><span style=\"font-weight: 400;\">sacharidy: 7 g<\/span><\/li>\n<li style=\"font-weight: 400;\" aria-level=\"2\"><span style=\"font-weight: 400;\">z toho cukry: 2,8 g<\/span><\/li>\n<li style=\"font-weight: 400;\" aria-level=\"2\"><span style=\"font-weight: 400;\">b\u00edlkoviny: 1 g<\/span><\/li>\n<li style=\"font-weight: 400;\" aria-level=\"2\"><span style=\"font-weight: 400;\">s\u016fl: 0,5 g<\/span><\/li>\n<\/ul>\n<\/li>\n<li style=\"font-weight: 400;\" aria-level=\"1\"><span style=\"font-weight: 400;\">MPT: 12 m\u011bs\u00edc\u016f od data v\u00fdroby za doporu\u010den\u00fdch podm\u00ednek.<\/span><\/li>\n<li style=\"font-weight: 400;\" aria-level=\"1\"><span style=\"font-weight: 400;\">Minim\u00e1ln\u00ed trvanlivost do 6 m\u011bs\u00edc\u016f.<\/span><\/li>\n<li style=\"font-weight: 400;\" aria-level=\"1\"><span style=\"font-weight: 400;\">Podm\u00ednky skladov\u00e1n\u00ed: V\u00fdrobek skladujte v uzav\u0159en\u00e9m, such\u00e9m, \u010dist\u00e9m a vzdu\u0161n\u00e9m skladu bez ciz\u00edch pach\u016f. Skladovac\u00ed teplota: 0\u20136 \u00b0C. Po otev\u0159en\u00ed spot\u0159ebujte cel\u00fd obsah.<\/span><\/li>\n<\/ul>\n<h2><span style=\"font-weight: 400;\">Pou\u017eit\u00ed d\u00fd\u0148ov\u00e9ho pyr\u00e9 p\u0159i zpracov\u00e1n\u00ed<\/span><\/h2>\n<ul>\n<li style=\"font-weight: 400;\" aria-level=\"1\"><span style=\"font-weight: 400;\">kr\u00e9mov\u00e9 pol\u00e9vky a zeleninov\u00e9 om\u00e1\u010dky<\/span><\/li>\n<li style=\"font-weight: 400;\" aria-level=\"1\"><span style=\"font-weight: 400;\">zmrzlina, dezerty, p\u011bny, cukr\u00e1\u0159sk\u00e9 n\u00e1pln\u011b<\/span><\/li>\n<li style=\"font-weight: 400;\" aria-level=\"1\"><span style=\"font-weight: 400;\">sez\u00f3nn\u00ed n\u00e1poje, d\u00fd\u0148ov\u00e9 latte, smoothie<\/span><\/li>\n<li style=\"font-weight: 400;\" aria-level=\"1\"><span style=\"font-weight: 400;\">slan\u00e9 pokrmy, glazury, masov\u00e9 p\u0159\u00edlohy<\/span><\/li>\n<li style=\"font-weight: 400;\" aria-level=\"1\"><span style=\"font-weight: 400;\">\u0158ady v\u00fdzkumu a v\u00fdvoje vy\u017eaduj\u00edc\u00ed stabiln\u00ed barvu a konzistenci<\/span><\/li>\n<\/ul>\n<p><span style=\"font-weight: 400;\">P\u0159idejte do ko\u0161\u00edku a objednejte online s DPH fakturou nebo si vy\u017e\u00e1dejte cenovou nab\u00eddku pro pravideln\u00e9 dod\u00e1vky.<\/span><span style=\"font-weight: 400;\"><br \/>\n<\/span><span style=\"font-weight: 400;\">Kontakt B2B: sales@naszatlocznia.pl, 600 100 478.<\/span><\/p>","protected":false},"excerpt":{"rendered":"<p>Nutri\u010dn\u00ed hodnoty:<\/p>\n<p>Energetick\u00e1 hodnota: 26 kcal<\/p>\n<p>Tuk: 0,1 g<\/p>\n<p>Sacharidy: 7 g<\/p>\n<p>- v\u010detn\u011b cukr\u016f: 2,8 g<\/p>\n<p>B\u00edlkoviny: 1 g<\/p>\n<p>S\u016fl: 0,5 g<\/p>","protected":false},"featured_media":417,"comment_status":"open","ping_status":"closed","template":"","meta":[],"product_brand":[],"product_cat":[56],"product_tag":[],"class_list":{"0":"post-348","1":"product","2":"type-product","3":"status-publish","4":"has-post-thumbnail","6":"product_cat-przeciery","7":"pa_pojemnosc-3kg","9":"first","10":"instock","11":"taxable","12":"shipping-taxable","13":"purchasable","14":"product-type-simple"},"yoast_head":"<!-- This site is optimized with the Yoast SEO plugin v24.9 - https:\/\/yoast.com\/wordpress\/plugins\/seo\/ -->\n<title>Pulpa z Dyni 100% 3L | NFC Juices<\/title>\n<meta name=\"description\" content=\"Naturalny przecier z dyni, pasteryzowany, bez dodatk\u00f3w. Do zup, krem\u00f3w, sos\u00f3w, deser\u00f3w i wsad\u00f3w\" \/>\n<meta name=\"robots\" content=\"index, follow, max-snippet:-1, max-image-preview:large, max-video-preview:-1\" \/>\n<link rel=\"canonical\" href=\"https:\/\/nfcjuices.com\/cs\/produkt\/premiove-dynove-pyre-100-g-3-kg\/\" \/>\n<meta property=\"og:locale\" content=\"cs_CZ\" \/>\n<meta property=\"og:type\" content=\"article\" \/>\n<meta property=\"og:title\" content=\"Pulpa z Dyni 100% 3L | NFC Juices\" \/>\n<meta property=\"og:description\" content=\"Naturalny przecier z dyni, pasteryzowany, bez dodatk\u00f3w. Do zup, krem\u00f3w, sos\u00f3w, deser\u00f3w i wsad\u00f3w\" \/>\n<meta property=\"og:url\" content=\"https:\/\/nfcjuices.com\/cs\/produkt\/premiove-dynove-pyre-100-g-3-kg\/\" \/>\n<meta property=\"og:site_name\" content=\"nfc-juices\" \/>\n<meta property=\"article:modified_time\" content=\"2026-04-15T09:55:36+00:00\" \/>\n<meta property=\"og:image\" content=\"https:\/\/nfcjuices.com\/wp-content\/uploads\/2025\/03\/Strona-Nowy-Karton-Dynia-przecier-5.webp\" \/>\n\t<meta property=\"og:image:width\" content=\"750\" \/>\n\t<meta property=\"og:image:height\" content=\"750\" \/>\n\t<meta property=\"og:image:type\" content=\"image\/webp\" \/>\n<meta name=\"twitter:card\" content=\"summary_large_image\" \/>\n<meta name=\"twitter:label1\" content=\"Odhadovan\u00e1 doba \u010dten\u00ed\" \/>\n\t<meta name=\"twitter:data1\" content=\"2 minuty\" \/>\n<script type=\"application\/ld+json\" class=\"yoast-schema-graph\">{\"@context\":\"https:\/\/schema.org\",\"@graph\":[{\"@type\":\"WebPage\",\"@id\":\"https:\/\/nfcjuices.com\/produkt\/przecier-premium-100-dynia-3kg\/\",\"url\":\"https:\/\/nfcjuices.com\/produkt\/przecier-premium-100-dynia-3kg\/\",\"name\":\"Pulpa z Dyni 100% 3L | NFC Juices\",\"isPartOf\":{\"@id\":\"https:\/\/nfcjuices.com\/#website\"},\"primaryImageOfPage\":{\"@id\":\"https:\/\/nfcjuices.com\/produkt\/przecier-premium-100-dynia-3kg\/#primaryimage\"},\"image\":{\"@id\":\"https:\/\/nfcjuices.com\/produkt\/przecier-premium-100-dynia-3kg\/#primaryimage\"},\"thumbnailUrl\":\"https:\/\/nfcjuices.com\/wp-content\/uploads\/2025\/03\/Strona-Nowy-Karton-Dynia-przecier-5.webp\",\"datePublished\":\"2025-03-13T14:02:26+00:00\",\"dateModified\":\"2026-04-15T09:55:36+00:00\",\"description\":\"Naturalny przecier z dyni, pasteryzowany, bez dodatk\u00f3w. Do zup, krem\u00f3w, sos\u00f3w, deser\u00f3w i wsad\u00f3w\",\"breadcrumb\":{\"@id\":\"https:\/\/nfcjuices.com\/produkt\/przecier-premium-100-dynia-3kg\/#breadcrumb\"},\"inLanguage\":\"cs\",\"potentialAction\":[{\"@type\":\"ReadAction\",\"target\":[\"https:\/\/nfcjuices.com\/produkt\/przecier-premium-100-dynia-3kg\/\"]}]},{\"@type\":\"ImageObject\",\"inLanguage\":\"cs\",\"@id\":\"https:\/\/nfcjuices.com\/produkt\/przecier-premium-100-dynia-3kg\/#primaryimage\",\"url\":\"https:\/\/nfcjuices.com\/wp-content\/uploads\/2025\/03\/Strona-Nowy-Karton-Dynia-przecier-5.webp\",\"contentUrl\":\"https:\/\/nfcjuices.com\/wp-content\/uploads\/2025\/03\/Strona-Nowy-Karton-Dynia-przecier-5.webp\",\"width\":750,\"height\":750},{\"@type\":\"BreadcrumbList\",\"@id\":\"https:\/\/nfcjuices.com\/produkt\/przecier-premium-100-dynia-3kg\/#breadcrumb\",\"itemListElement\":[{\"@type\":\"ListItem\",\"position\":1,\"name\":\"Strona g\u0142\u00f3wna\",\"item\":\"https:\/\/nfcjuices.com\/\"},{\"@type\":\"ListItem\",\"position\":2,\"name\":\"Nasze produkty\",\"item\":\"https:\/\/nfcjuices.com\/sv\/vara-produkter\/\"},{\"@type\":\"ListItem\",\"position\":3,\"name\":\"Przecier premium 100% Dynia 3kg\"}]},{\"@type\":\"WebSite\",\"@id\":\"https:\/\/nfcjuices.com\/#website\",\"url\":\"https:\/\/nfcjuices.com\/\",\"name\":\"nfc-juices\",\"description\":\"Soki, przeciery, musy NFC w beczkach\",\"publisher\":{\"@id\":\"https:\/\/nfcjuices.com\/#organization\"},\"potentialAction\":[{\"@type\":\"SearchAction\",\"target\":{\"@type\":\"EntryPoint\",\"urlTemplate\":\"https:\/\/nfcjuices.com\/?s={search_term_string}\"},\"query-input\":{\"@type\":\"PropertyValueSpecification\",\"valueRequired\":true,\"valueName\":\"search_term_string\"}}],\"inLanguage\":\"cs\"},{\"@type\":\"Organization\",\"@id\":\"https:\/\/nfcjuices.com\/#organization\",\"name\":\"Nasza T\u0142ocznia\",\"url\":\"https:\/\/nfcjuices.com\/\",\"logo\":{\"@type\":\"ImageObject\",\"inLanguage\":\"cs\",\"@id\":\"https:\/\/nfcjuices.com\/#\/schema\/logo\/image\/\",\"url\":\"https:\/\/nfcjuices.com\/wp-content\/uploads\/2025\/05\/cropped-B2b-1.png\",\"contentUrl\":\"https:\/\/nfcjuices.com\/wp-content\/uploads\/2025\/05\/cropped-B2b-1.png\",\"width\":1199,\"height\":999,\"caption\":\"Nasza T\u0142ocznia\"},\"image\":{\"@id\":\"https:\/\/nfcjuices.com\/#\/schema\/logo\/image\/\"}}]}<\/script>\n<!-- \/ Yoast SEO plugin. -->","yoast_head_json":{"title":"D\u00fd\u0148ov\u00e1 du\u017eina 100% 3L | NFC \u0161\u0165\u00e1vy","description":"P\u0159\u00edrodn\u00ed d\u00fd\u0148ov\u00e9 pyr\u00e9, pasterovan\u00e9, bez p\u0159\u00edsad. Do pol\u00e9vek, kr\u00e9m\u016f, om\u00e1\u010dek, dezert\u016f a sma\u017een\u00fdch pokrm\u016f.","robots":{"index":"index","follow":"follow","max-snippet":"max-snippet:-1","max-image-preview":"max-image-preview:large","max-video-preview":"max-video-preview:-1"},"canonical":"https:\/\/nfcjuices.com\/cs\/produkt\/premiove-dynove-pyre-100-g-3-kg\/","og_locale":"cs_CZ","og_type":"article","og_title":"Pulpa z Dyni 100% 3L | NFC Juices","og_description":"Naturalny przecier z dyni, pasteryzowany, bez dodatk\u00f3w. Do zup, krem\u00f3w, sos\u00f3w, deser\u00f3w i wsad\u00f3w","og_url":"https:\/\/nfcjuices.com\/cs\/produkt\/premiove-dynove-pyre-100-g-3-kg\/","og_site_name":"nfc-juices","article_modified_time":"2026-04-15T09:55:36+00:00","og_image":[{"width":750,"height":750,"url":"https:\/\/nfcjuices.com\/wp-content\/uploads\/2025\/03\/Strona-Nowy-Karton-Dynia-przecier-5.webp","type":"image\/webp"}],"twitter_card":"summary_large_image","twitter_misc":{"Odhadovan\u00e1 doba \u010dten\u00ed":"2 minuty"},"schema":{"@context":"https:\/\/schema.org","@graph":[{"@type":"WebPage","@id":"https:\/\/nfcjuices.com\/produkt\/przecier-premium-100-dynia-3kg\/","url":"https:\/\/nfcjuices.com\/produkt\/przecier-premium-100-dynia-3kg\/","name":"D\u00fd\u0148ov\u00e1 du\u017eina 100% 3L | NFC \u0161\u0165\u00e1vy","isPartOf":{"@id":"https:\/\/nfcjuices.com\/#website"},"primaryImageOfPage":{"@id":"https:\/\/nfcjuices.com\/produkt\/przecier-premium-100-dynia-3kg\/#primaryimage"},"image":{"@id":"https:\/\/nfcjuices.com\/produkt\/przecier-premium-100-dynia-3kg\/#primaryimage"},"thumbnailUrl":"https:\/\/nfcjuices.com\/wp-content\/uploads\/2025\/03\/Strona-Nowy-Karton-Dynia-przecier-5.webp","datePublished":"2025-03-13T14:02:26+00:00","dateModified":"2026-04-15T09:55:36+00:00","description":"P\u0159\u00edrodn\u00ed d\u00fd\u0148ov\u00e9 pyr\u00e9, pasterovan\u00e9, bez p\u0159\u00edsad. Do pol\u00e9vek, kr\u00e9m\u016f, om\u00e1\u010dek, dezert\u016f a sma\u017een\u00fdch pokrm\u016f.","breadcrumb":{"@id":"https:\/\/nfcjuices.com\/produkt\/przecier-premium-100-dynia-3kg\/#breadcrumb"},"inLanguage":"cs","potentialAction":[{"@type":"ReadAction","target":["https:\/\/nfcjuices.com\/produkt\/przecier-premium-100-dynia-3kg\/"]}]},{"@type":"ImageObject","inLanguage":"cs","@id":"https:\/\/nfcjuices.com\/produkt\/przecier-premium-100-dynia-3kg\/#primaryimage","url":"https:\/\/nfcjuices.com\/wp-content\/uploads\/2025\/03\/Strona-Nowy-Karton-Dynia-przecier-5.webp","contentUrl":"https:\/\/nfcjuices.com\/wp-content\/uploads\/2025\/03\/Strona-Nowy-Karton-Dynia-przecier-5.webp","width":750,"height":750},{"@type":"BreadcrumbList","@id":"https:\/\/nfcjuices.com\/produkt\/przecier-premium-100-dynia-3kg\/#breadcrumb","itemListElement":[{"@type":"ListItem","position":1,"name":"Strona g\u0142\u00f3wna","item":"https:\/\/nfcjuices.com\/"},{"@type":"ListItem","position":2,"name":"Nasze produkty","item":"https:\/\/nfcjuices.com\/sv\/vara-produkter\/"},{"@type":"ListItem","position":3,"name":"Przecier premium 100% Dynia 3kg"}]},{"@type":"WebSite","@id":"https:\/\/nfcjuices.com\/#website","url":"https:\/\/nfcjuices.com\/","name":"nfc \u0161\u0165\u00e1vy","description":"D\u017eusy, pyr\u00e9, NFC p\u011bny v sudech","publisher":{"@id":"https:\/\/nfcjuices.com\/#organization"},"potentialAction":[{"@type":"SearchAction","target":{"@type":"EntryPoint","urlTemplate":"https:\/\/nfcjuices.com\/?s={search_term_string}"},"query-input":{"@type":"PropertyValueSpecification","valueRequired":true,"valueName":"search_term_string"}}],"inLanguage":"cs"},{"@type":"Organization","@id":"https:\/\/nfcjuices.com\/#organization","name":"Na\u0161e lisovna","url":"https:\/\/nfcjuices.com\/","logo":{"@type":"ImageObject","inLanguage":"cs","@id":"https:\/\/nfcjuices.com\/#\/schema\/logo\/image\/","url":"https:\/\/nfcjuices.com\/wp-content\/uploads\/2025\/05\/cropped-B2b-1.png","contentUrl":"https:\/\/nfcjuices.com\/wp-content\/uploads\/2025\/05\/cropped-B2b-1.png","width":1199,"height":999,"caption":"Nasza T\u0142ocznia"},"image":{"@id":"https:\/\/nfcjuices.com\/#\/schema\/logo\/image\/"}}]}},"_links":{"self":[{"href":"https:\/\/nfcjuices.com\/cs\/wp-json\/wp\/v2\/product\/348","targetHints":{"allow":["GET"]}}],"collection":[{"href":"https:\/\/nfcjuices.com\/cs\/wp-json\/wp\/v2\/product"}],"about":[{"href":"https:\/\/nfcjuices.com\/cs\/wp-json\/wp\/v2\/types\/product"}],"replies":[{"embeddable":true,"href":"https:\/\/nfcjuices.com\/cs\/wp-json\/wp\/v2\/comments?post=348"}],"wp:featuredmedia":[{"embeddable":true,"href":"https:\/\/nfcjuices.com\/cs\/wp-json\/wp\/v2\/media\/417"}],"wp:attachment":[{"href":"https:\/\/nfcjuices.com\/cs\/wp-json\/wp\/v2\/media?parent=348"}],"wp:term":[{"taxonomy":"product_brand","embeddable":true,"href":"https:\/\/nfcjuices.com\/cs\/wp-json\/wp\/v2\/product_brand?post=348"},{"taxonomy":"product_cat","embeddable":true,"href":"https:\/\/nfcjuices.com\/cs\/wp-json\/wp\/v2\/product_cat?post=348"},{"taxonomy":"product_tag","embeddable":true,"href":"https:\/\/nfcjuices.com\/cs\/wp-json\/wp\/v2\/product_tag?post=348"}],"curies":[{"name":"wp","href":"https:\/\/api.w.org\/{rel}","templated":true}]}}