{"id":280,"date":"2025-03-13T09:59:56","date_gmt":"2025-03-13T08:59:56","guid":{"rendered":"https:\/\/nfcjuices.com\/produkt\/dynia\/"},"modified":"2026-04-13T12:09:32","modified_gmt":"2026-04-13T10:09:32","slug":"dyne","status":"publish","type":"product","link":"https:\/\/nfcjuices.com\/cs\/produkt\/dynia\/","title":{"rendered":"D\u00fd\u0148ov\u00e9 pyr\u00e9 200 kg"},"content":{"rendered":"<p><strong>Vn\u011bj\u0161\u00ed obal:<\/strong> kovov\u00e1 hlave\u0148<br \/>\n<strong>Vnit\u0159n\u00ed obal:<\/strong> metalizovan\u00fd aseptick\u00fd vak s ventilem na jednor\u00e1zov\u00e9 pou\u017eit\u00ed.<\/p>\n<p><strong>Typ produktu:<\/strong> pyr\u00e9<\/p>\n<p><strong>Brix: Min. 7<\/strong><br \/>\n<strong>Technick\u00e9 specifikace na vy\u017e\u00e1d\u00e1n\u00ed.<\/strong><\/p>\n<p><strong>Nutri\u010dn\u00ed hodnoty:<\/strong><br \/>\nENERGETICK\u00c1 HODNOTA 26 kcal<br \/>\nTUKY 0,1 g<br \/>\nV\u010cETN\u011a NASYEN\u00ddCH MASTN\u00ddCH KYSELIN 0g<br \/>\nSACHARIDY 7g<br \/>\nV\u010cETN\u011a CUKR\u016e 2,8g<br \/>\nPROTEIN 1g<br \/>\nS\u016eL 0,5g<\/p>\n<p><strong>Z\u00e1silka:<\/strong><br \/>\n1-2 sudy - zas\u00edl\u00e1no na europalet\u011b<br \/>\n2-4 sudy \u2013 zas\u00edl\u00e1me na palet\u011b 120x120 cm. Od dod\u00e1vky 4 barel\u016f v r\u00e1mci Polska \u2013 <strong>uvolnit!<\/strong><\/p>\n<p><strong>Dal\u0161\u00ed informace:<\/strong> sales@naszatlocznia.pl nebo 600 100 478<\/p>\n<p><span><br \/>\nUpozorn\u011bn\u00ed: V\u00fd\u0161e uveden\u00e9 \u00fadaje byly p\u0159ipraveny sv\u011bdomit\u011b a s nejv\u011bt\u0161\u00ed pe\u010dlivost\u00ed k datu vyd\u00e1n\u00ed. Vzhledem ke zm\u011bn\u00e1m v p\u0159edpisech a krit\u00e9riu jednotliv\u00fdch v\u00fdrobk\u016f a kv\u016fli p\u0159irozen\u00fdm v\u00fdkyv\u016fm v surovin\u011b v\u00fdrobce nezaru\u010duje kontinuitu m\u011b\u0159en\u00ed.<br \/>\n<\/span><\/p>","protected":false},"excerpt":{"rendered":"<p>Opakowanie zewn\u0119trzne: beczka metalowa Opakowanie wewn\u0119trzne: worek aseptyczny metalizowany z zaworem do jednorazowego u\u017cycia. Rodzaj produktu: przecier Brix: Min. 7 Specyfikacja techniczna dost\u0119pna na \u017cyczenie klienta. Warto\u015bci od\u017cywcze: WARTO\u015a\u0106 ENERGETYCZNA 26 kcal T\u0141USZCZ 0,1g W TYM KWASY T\u0141USZCZOWE NASYCONE 0g W\u0118GLOWODANY 7g W TYM CUKRY 2,8g BIA\u0141KO 1g S\u00d3L 0,5g Wysy\u0142ka: 1-2 beczki &#8211; wysy\u0142ka [&hellip;]<\/p>\n","protected":false},"featured_media":344,"comment_status":"open","ping_status":"closed","template":"","meta":[],"product_brand":[49],"product_cat":[56],"product_tag":[],"class_list":{"0":"post-280","1":"product","2":"type-product","3":"status-publish","4":"has-post-thumbnail","6":"product_brand-nasza-tlocznia","7":"product_cat-przeciery","8":"pa_pojemnosc-200kg","10":"first","11":"instock","12":"taxable","13":"shipping-taxable","14":"purchasable","15":"product-type-simple"},"yoast_head":"<!-- This site is optimized with the Yoast SEO plugin v24.9 - https:\/\/yoast.com\/wordpress\/plugins\/seo\/ -->\n<title>Przecier z Dyni 100% w beczce 200 kg | do przetw\u00f3rstwa B2B<\/title>\n<meta name=\"description\" content=\"Naturalny przecier z dyni 100% w beczce 200 kg. Pasteryzowany, bez dodatk\u00f3w. Do zup, sos\u00f3w, deser\u00f3w i wsad\u00f3w. Dostawa paletowa, dost\u0119pna specyfikacja\" \/>\n<meta name=\"robots\" content=\"index, follow, max-snippet:-1, max-image-preview:large, max-video-preview:-1\" \/>\n<link rel=\"canonical\" href=\"https:\/\/nfcjuices.com\/cs\/produkt\/dyne\/\" \/>\n<meta property=\"og:locale\" content=\"cs_CZ\" \/>\n<meta property=\"og:type\" content=\"article\" \/>\n<meta property=\"og:title\" content=\"Przecier z Dyni 100% w beczce 200 kg | do przetw\u00f3rstwa B2B\" \/>\n<meta property=\"og:description\" content=\"Naturalny przecier z dyni 100% w beczce 200 kg. Pasteryzowany, bez dodatk\u00f3w. Do zup, sos\u00f3w, deser\u00f3w i wsad\u00f3w. Dostawa paletowa, dost\u0119pna specyfikacja\" \/>\n<meta property=\"og:url\" content=\"https:\/\/nfcjuices.com\/cs\/produkt\/dyne\/\" \/>\n<meta property=\"og:site_name\" content=\"nfc-juices\" \/>\n<meta property=\"article:modified_time\" content=\"2026-04-13T10:09:32+00:00\" \/>\n<meta property=\"og:image\" content=\"https:\/\/nfcjuices.com\/wp-content\/uploads\/2025\/03\/Czerwona-beczka-1-1.webp\" \/>\n\t<meta property=\"og:image:width\" content=\"1920\" \/>\n\t<meta property=\"og:image:height\" content=\"1920\" \/>\n\t<meta property=\"og:image:type\" content=\"image\/webp\" \/>\n<meta name=\"twitter:card\" content=\"summary_large_image\" \/>\n<meta name=\"twitter:label1\" content=\"Odhadovan\u00e1 doba \u010dten\u00ed\" \/>\n\t<meta name=\"twitter:data1\" content=\"2 minuty\" \/>\n<script type=\"application\/ld+json\" class=\"yoast-schema-graph\">{\"@context\":\"https:\/\/schema.org\",\"@graph\":[{\"@type\":\"WebPage\",\"@id\":\"https:\/\/nfcjuices.com\/produkt\/dynia\/\",\"url\":\"https:\/\/nfcjuices.com\/produkt\/dynia\/\",\"name\":\"Przecier z Dyni 100% w beczce 200 kg | do przetw\u00f3rstwa B2B\",\"isPartOf\":{\"@id\":\"https:\/\/nfcjuices.com\/#website\"},\"primaryImageOfPage\":{\"@id\":\"https:\/\/nfcjuices.com\/produkt\/dynia\/#primaryimage\"},\"image\":{\"@id\":\"https:\/\/nfcjuices.com\/produkt\/dynia\/#primaryimage\"},\"thumbnailUrl\":\"https:\/\/nfcjuices.com\/wp-content\/uploads\/2025\/03\/Czerwona-beczka-1-1.webp\",\"datePublished\":\"2025-03-13T08:59:56+00:00\",\"dateModified\":\"2026-04-13T10:09:32+00:00\",\"description\":\"Naturalny przecier z dyni 100% w beczce 200 kg. Pasteryzowany, bez dodatk\u00f3w. Do zup, sos\u00f3w, deser\u00f3w i wsad\u00f3w. Dostawa paletowa, dost\u0119pna specyfikacja\",\"breadcrumb\":{\"@id\":\"https:\/\/nfcjuices.com\/produkt\/dynia\/#breadcrumb\"},\"inLanguage\":\"cs\",\"potentialAction\":[{\"@type\":\"ReadAction\",\"target\":[\"https:\/\/nfcjuices.com\/produkt\/dynia\/\"]}]},{\"@type\":\"ImageObject\",\"inLanguage\":\"cs\",\"@id\":\"https:\/\/nfcjuices.com\/produkt\/dynia\/#primaryimage\",\"url\":\"https:\/\/nfcjuices.com\/wp-content\/uploads\/2025\/03\/Czerwona-beczka-1-1.webp\",\"contentUrl\":\"https:\/\/nfcjuices.com\/wp-content\/uploads\/2025\/03\/Czerwona-beczka-1-1.webp\",\"width\":1920,\"height\":1920},{\"@type\":\"BreadcrumbList\",\"@id\":\"https:\/\/nfcjuices.com\/produkt\/dynia\/#breadcrumb\",\"itemListElement\":[{\"@type\":\"ListItem\",\"position\":1,\"name\":\"Strona g\u0142\u00f3wna\",\"item\":\"https:\/\/nfcjuices.com\/\"},{\"@type\":\"ListItem\",\"position\":2,\"name\":\"Nasze produkty\",\"item\":\"https:\/\/nfcjuices.com\/sv\/vara-produkter\/\"},{\"@type\":\"ListItem\",\"position\":3,\"name\":\"Przecier Dynia 200 kg\"}]},{\"@type\":\"WebSite\",\"@id\":\"https:\/\/nfcjuices.com\/#website\",\"url\":\"https:\/\/nfcjuices.com\/\",\"name\":\"nfc-juices\",\"description\":\"Soki, przeciery, musy NFC w beczkach\",\"publisher\":{\"@id\":\"https:\/\/nfcjuices.com\/#organization\"},\"potentialAction\":[{\"@type\":\"SearchAction\",\"target\":{\"@type\":\"EntryPoint\",\"urlTemplate\":\"https:\/\/nfcjuices.com\/?s={search_term_string}\"},\"query-input\":{\"@type\":\"PropertyValueSpecification\",\"valueRequired\":true,\"valueName\":\"search_term_string\"}}],\"inLanguage\":\"cs\"},{\"@type\":\"Organization\",\"@id\":\"https:\/\/nfcjuices.com\/#organization\",\"name\":\"Nasza T\u0142ocznia\",\"url\":\"https:\/\/nfcjuices.com\/\",\"logo\":{\"@type\":\"ImageObject\",\"inLanguage\":\"cs\",\"@id\":\"https:\/\/nfcjuices.com\/#\/schema\/logo\/image\/\",\"url\":\"https:\/\/nfcjuices.com\/wp-content\/uploads\/2025\/05\/cropped-B2b-1.png\",\"contentUrl\":\"https:\/\/nfcjuices.com\/wp-content\/uploads\/2025\/05\/cropped-B2b-1.png\",\"width\":1199,\"height\":999,\"caption\":\"Nasza T\u0142ocznia\"},\"image\":{\"@id\":\"https:\/\/nfcjuices.com\/#\/schema\/logo\/image\/\"}}]}<\/script>\n<!-- \/ Yoast SEO plugin. -->","yoast_head_json":{"title":"D\u00fd\u0148ov\u00e9 pyr\u00e9 100% v 200kg sudu | pro zpracov\u00e1n\u00ed B2B","description":"P\u0159\u00edrodn\u00ed d\u00fd\u0148ov\u00e9 pyr\u00e9 100% v 200kg sudu. Pasterovan\u00e9, bez p\u0159\u00edsad. Vhodn\u00e9 do pol\u00e9vek, om\u00e1\u010dek, dezert\u016f a sma\u017een\u00fdch pokrm\u016f. Dod\u00e1n\u00ed na palet\u00e1ch, specifikace k dispozici.","robots":{"index":"index","follow":"follow","max-snippet":"max-snippet:-1","max-image-preview":"max-image-preview:large","max-video-preview":"max-video-preview:-1"},"canonical":"https:\/\/nfcjuices.com\/cs\/produkt\/dyne\/","og_locale":"cs_CZ","og_type":"article","og_title":"Przecier z Dyni 100% w beczce 200 kg | do przetw\u00f3rstwa B2B","og_description":"Naturalny przecier z dyni 100% w beczce 200 kg. Pasteryzowany, bez dodatk\u00f3w. Do zup, sos\u00f3w, deser\u00f3w i wsad\u00f3w. Dostawa paletowa, dost\u0119pna specyfikacja","og_url":"https:\/\/nfcjuices.com\/cs\/produkt\/dyne\/","og_site_name":"nfc-juices","article_modified_time":"2026-04-13T10:09:32+00:00","og_image":[{"width":1920,"height":1920,"url":"https:\/\/nfcjuices.com\/wp-content\/uploads\/2025\/03\/Czerwona-beczka-1-1.webp","type":"image\/webp"}],"twitter_card":"summary_large_image","twitter_misc":{"Odhadovan\u00e1 doba \u010dten\u00ed":"2 minuty"},"schema":{"@context":"https:\/\/schema.org","@graph":[{"@type":"WebPage","@id":"https:\/\/nfcjuices.com\/produkt\/dynia\/","url":"https:\/\/nfcjuices.com\/produkt\/dynia\/","name":"D\u00fd\u0148ov\u00e9 pyr\u00e9 100% v 200kg sudu | pro zpracov\u00e1n\u00ed B2B","isPartOf":{"@id":"https:\/\/nfcjuices.com\/#website"},"primaryImageOfPage":{"@id":"https:\/\/nfcjuices.com\/produkt\/dynia\/#primaryimage"},"image":{"@id":"https:\/\/nfcjuices.com\/produkt\/dynia\/#primaryimage"},"thumbnailUrl":"https:\/\/nfcjuices.com\/wp-content\/uploads\/2025\/03\/Czerwona-beczka-1-1.webp","datePublished":"2025-03-13T08:59:56+00:00","dateModified":"2026-04-13T10:09:32+00:00","description":"P\u0159\u00edrodn\u00ed d\u00fd\u0148ov\u00e9 pyr\u00e9 100% v 200kg sudu. Pasterovan\u00e9, bez p\u0159\u00edsad. Vhodn\u00e9 do pol\u00e9vek, om\u00e1\u010dek, dezert\u016f a sma\u017een\u00fdch pokrm\u016f. Dod\u00e1n\u00ed na palet\u00e1ch, specifikace k dispozici.","breadcrumb":{"@id":"https:\/\/nfcjuices.com\/produkt\/dynia\/#breadcrumb"},"inLanguage":"cs","potentialAction":[{"@type":"ReadAction","target":["https:\/\/nfcjuices.com\/produkt\/dynia\/"]}]},{"@type":"ImageObject","inLanguage":"cs","@id":"https:\/\/nfcjuices.com\/produkt\/dynia\/#primaryimage","url":"https:\/\/nfcjuices.com\/wp-content\/uploads\/2025\/03\/Czerwona-beczka-1-1.webp","contentUrl":"https:\/\/nfcjuices.com\/wp-content\/uploads\/2025\/03\/Czerwona-beczka-1-1.webp","width":1920,"height":1920},{"@type":"BreadcrumbList","@id":"https:\/\/nfcjuices.com\/produkt\/dynia\/#breadcrumb","itemListElement":[{"@type":"ListItem","position":1,"name":"Strona g\u0142\u00f3wna","item":"https:\/\/nfcjuices.com\/"},{"@type":"ListItem","position":2,"name":"Nasze produkty","item":"https:\/\/nfcjuices.com\/sv\/vara-produkter\/"},{"@type":"ListItem","position":3,"name":"Przecier Dynia 200 kg"}]},{"@type":"WebSite","@id":"https:\/\/nfcjuices.com\/#website","url":"https:\/\/nfcjuices.com\/","name":"nfc \u0161\u0165\u00e1vy","description":"D\u017eusy, pyr\u00e9, NFC p\u011bny v sudech","publisher":{"@id":"https:\/\/nfcjuices.com\/#organization"},"potentialAction":[{"@type":"SearchAction","target":{"@type":"EntryPoint","urlTemplate":"https:\/\/nfcjuices.com\/?s={search_term_string}"},"query-input":{"@type":"PropertyValueSpecification","valueRequired":true,"valueName":"search_term_string"}}],"inLanguage":"cs"},{"@type":"Organization","@id":"https:\/\/nfcjuices.com\/#organization","name":"Na\u0161e lisovna","url":"https:\/\/nfcjuices.com\/","logo":{"@type":"ImageObject","inLanguage":"cs","@id":"https:\/\/nfcjuices.com\/#\/schema\/logo\/image\/","url":"https:\/\/nfcjuices.com\/wp-content\/uploads\/2025\/05\/cropped-B2b-1.png","contentUrl":"https:\/\/nfcjuices.com\/wp-content\/uploads\/2025\/05\/cropped-B2b-1.png","width":1199,"height":999,"caption":"Nasza T\u0142ocznia"},"image":{"@id":"https:\/\/nfcjuices.com\/#\/schema\/logo\/image\/"}}]}},"_links":{"self":[{"href":"https:\/\/nfcjuices.com\/cs\/wp-json\/wp\/v2\/product\/280","targetHints":{"allow":["GET"]}}],"collection":[{"href":"https:\/\/nfcjuices.com\/cs\/wp-json\/wp\/v2\/product"}],"about":[{"href":"https:\/\/nfcjuices.com\/cs\/wp-json\/wp\/v2\/types\/product"}],"replies":[{"embeddable":true,"href":"https:\/\/nfcjuices.com\/cs\/wp-json\/wp\/v2\/comments?post=280"}],"wp:featuredmedia":[{"embeddable":true,"href":"https:\/\/nfcjuices.com\/cs\/wp-json\/wp\/v2\/media\/344"}],"wp:attachment":[{"href":"https:\/\/nfcjuices.com\/cs\/wp-json\/wp\/v2\/media?parent=280"}],"wp:term":[{"taxonomy":"product_brand","embeddable":true,"href":"https:\/\/nfcjuices.com\/cs\/wp-json\/wp\/v2\/product_brand?post=280"},{"taxonomy":"product_cat","embeddable":true,"href":"https:\/\/nfcjuices.com\/cs\/wp-json\/wp\/v2\/product_cat?post=280"},{"taxonomy":"product_tag","embeddable":true,"href":"https:\/\/nfcjuices.com\/cs\/wp-json\/wp\/v2\/product_tag?post=280"}],"curies":[{"name":"wp","href":"https:\/\/api.w.org\/{rel}","templated":true}]}}