{"id":222,"date":"2025-03-12T15:58:27","date_gmt":"2025-03-12T14:58:27","guid":{"rendered":"https:\/\/nfcjuices.com\/produkt\/gruszka\/"},"modified":"2026-04-03T13:06:20","modified_gmt":"2026-04-03T11:06:20","slug":"hruska","status":"publish","type":"product","link":"https:\/\/nfcjuices.com\/cs\/produkt\/gruszka\/","title":{"rendered":"\u0160\u0165\u00e1va 100% Hru\u0161ka 200 kg"},"content":{"rendered":"<p><strong>Typ produktu:<\/strong> \u0161\u0165\u00e1va <\/p>\n<p> <strong>Brix: <\/strong>Minim\u00e1ln\u011b 11<br \/><strong>Technick\u00e9 specifikace na vy\u017e\u00e1d\u00e1n\u00ed.<\/strong><\/p>\n<p><strong>Nutri\u010dn\u00ed hodnoty:<\/strong><br \/>Energetick\u00e1 hodnota: 55 kcal <\/p>\n<p>  Tuk: 0,2 g <\/p>\n<p>  Sacharidy: 15 g\t <\/p>\n<p>  -v\u010detn\u011b cukr\u016f: 14,6 g <\/p>\n<p>  B\u00edlkoviny: &lt;0,6g <\/p>\n<p>  S\u016fl: &lt; 0,03 g<\/p>","protected":false},"excerpt":{"rendered":"<p>Rodzaj produktu: sok Brix: Min. 11Specyfikacja techniczna dost\u0119pna na \u017cyczenie klienta. Warto\u015bci od\u017cywcze:Warto\u015b\u0107 en: 55 kcal T\u0142uszcz: 0,2g W\u0119glowodany: 15g -w tym cukry: 14,6g Bia\u0142ko: &lt;0,6g S\u00f3l: &lt;0,03g<\/p>","protected":false},"featured_media":175,"comment_status":"open","ping_status":"closed","template":"","meta":[],"product_brand":[],"product_cat":[47,26],"product_tag":[34],"class_list":{"0":"post-222","1":"product","2":"type-product","3":"status-publish","4":"has-post-thumbnail","6":"product_cat-soki-nfc","7":"product_cat-soki-tloczone-nfc","8":"product_tag-beczka","9":"pa_pojemnosc-200kg","11":"first","12":"instock","13":"taxable","14":"shipping-taxable","15":"purchasable","16":"product-type-simple"},"yoast_head":"<!-- This site is optimized with the Yoast SEO plugin v24.9 - https:\/\/yoast.com\/wordpress\/plugins\/seo\/ -->\n<title>Sok z Gruszki NFC w beczce 200 kg | B2B<\/title>\n<meta name=\"description\" content=\"Sok 100% z gruszki NFC w beczce 200 kg. Pasteryzowany, bez cukru. Do napoj\u00f3w, deser\u00f3w i piw rzemie\u015blniczych. Dostawa paletowa, dost\u0119pna specyfikacja.\" \/>\n<meta name=\"robots\" content=\"index, follow, max-snippet:-1, max-image-preview:large, max-video-preview:-1\" \/>\n<link rel=\"canonical\" href=\"https:\/\/nfcjuices.com\/cs\/produkt\/hruska\/\" \/>\n<meta property=\"og:locale\" content=\"cs_CZ\" \/>\n<meta property=\"og:type\" content=\"article\" \/>\n<meta property=\"og:title\" content=\"Sok z Gruszki NFC w beczce 200 kg | B2B\" \/>\n<meta property=\"og:description\" content=\"Sok 100% z gruszki NFC w beczce 200 kg. Pasteryzowany, bez cukru. Do napoj\u00f3w, deser\u00f3w i piw rzemie\u015blniczych. Dostawa paletowa, dost\u0119pna specyfikacja.\" \/>\n<meta property=\"og:url\" content=\"https:\/\/nfcjuices.com\/cs\/produkt\/hruska\/\" \/>\n<meta property=\"og:site_name\" content=\"nfc-juices\" \/>\n<meta property=\"article:modified_time\" content=\"2026-04-03T11:06:20+00:00\" \/>\n<meta property=\"og:image\" content=\"https:\/\/nfcjuices.com\/wp-content\/uploads\/2025\/03\/Czerwona-beczka-1-1024x1024.png\" \/>\n\t<meta property=\"og:image:width\" content=\"1024\" \/>\n\t<meta property=\"og:image:height\" content=\"1024\" \/>\n\t<meta property=\"og:image:type\" content=\"image\/png\" \/>\n<meta name=\"twitter:card\" content=\"summary_large_image\" \/>\n<meta name=\"twitter:label1\" content=\"Odhadovan\u00e1 doba \u010dten\u00ed\" \/>\n\t<meta name=\"twitter:data1\" content=\"2 minuty\" \/>\n<script type=\"application\/ld+json\" class=\"yoast-schema-graph\">{\"@context\":\"https:\/\/schema.org\",\"@graph\":[{\"@type\":\"WebPage\",\"@id\":\"https:\/\/nfcjuices.com\/produkt\/gruszka\/\",\"url\":\"https:\/\/nfcjuices.com\/produkt\/gruszka\/\",\"name\":\"Sok z Gruszki NFC w beczce 200 kg | B2B\",\"isPartOf\":{\"@id\":\"https:\/\/nfcjuices.com\/#website\"},\"primaryImageOfPage\":{\"@id\":\"https:\/\/nfcjuices.com\/produkt\/gruszka\/#primaryimage\"},\"image\":{\"@id\":\"https:\/\/nfcjuices.com\/produkt\/gruszka\/#primaryimage\"},\"thumbnailUrl\":\"https:\/\/nfcjuices.com\/wp-content\/uploads\/2025\/03\/Czerwona-beczka-1.png\",\"datePublished\":\"2025-03-12T14:58:27+00:00\",\"dateModified\":\"2026-04-03T11:06:20+00:00\",\"description\":\"Sok 100% z gruszki NFC w beczce 200 kg. Pasteryzowany, bez cukru. Do napoj\u00f3w, deser\u00f3w i piw rzemie\u015blniczych. Dostawa paletowa, dost\u0119pna specyfikacja.\",\"breadcrumb\":{\"@id\":\"https:\/\/nfcjuices.com\/produkt\/gruszka\/#breadcrumb\"},\"inLanguage\":\"cs\",\"potentialAction\":[{\"@type\":\"ReadAction\",\"target\":[\"https:\/\/nfcjuices.com\/produkt\/gruszka\/\"]}]},{\"@type\":\"ImageObject\",\"inLanguage\":\"cs\",\"@id\":\"https:\/\/nfcjuices.com\/produkt\/gruszka\/#primaryimage\",\"url\":\"https:\/\/nfcjuices.com\/wp-content\/uploads\/2025\/03\/Czerwona-beczka-1.png\",\"contentUrl\":\"https:\/\/nfcjuices.com\/wp-content\/uploads\/2025\/03\/Czerwona-beczka-1.png\",\"width\":1980,\"height\":1980},{\"@type\":\"BreadcrumbList\",\"@id\":\"https:\/\/nfcjuices.com\/produkt\/gruszka\/#breadcrumb\",\"itemListElement\":[{\"@type\":\"ListItem\",\"position\":1,\"name\":\"Strona g\u0142\u00f3wna\",\"item\":\"https:\/\/nfcjuices.com\/\"},{\"@type\":\"ListItem\",\"position\":2,\"name\":\"Nasze produkty\",\"item\":\"https:\/\/nfcjuices.com\/sv\/vara-produkter\/\"},{\"@type\":\"ListItem\",\"position\":3,\"name\":\"Sok 100% Gruszka 200kg\"}]},{\"@type\":\"WebSite\",\"@id\":\"https:\/\/nfcjuices.com\/#website\",\"url\":\"https:\/\/nfcjuices.com\/\",\"name\":\"nfc-juices\",\"description\":\"Soki, przeciery, musy NFC w beczkach\",\"publisher\":{\"@id\":\"https:\/\/nfcjuices.com\/#organization\"},\"potentialAction\":[{\"@type\":\"SearchAction\",\"target\":{\"@type\":\"EntryPoint\",\"urlTemplate\":\"https:\/\/nfcjuices.com\/?s={search_term_string}\"},\"query-input\":{\"@type\":\"PropertyValueSpecification\",\"valueRequired\":true,\"valueName\":\"search_term_string\"}}],\"inLanguage\":\"cs\"},{\"@type\":\"Organization\",\"@id\":\"https:\/\/nfcjuices.com\/#organization\",\"name\":\"Nasza T\u0142ocznia\",\"url\":\"https:\/\/nfcjuices.com\/\",\"logo\":{\"@type\":\"ImageObject\",\"inLanguage\":\"cs\",\"@id\":\"https:\/\/nfcjuices.com\/#\/schema\/logo\/image\/\",\"url\":\"https:\/\/nfcjuices.com\/wp-content\/uploads\/2025\/05\/cropped-B2b-1.png\",\"contentUrl\":\"https:\/\/nfcjuices.com\/wp-content\/uploads\/2025\/05\/cropped-B2b-1.png\",\"width\":1199,\"height\":999,\"caption\":\"Nasza T\u0142ocznia\"},\"image\":{\"@id\":\"https:\/\/nfcjuices.com\/#\/schema\/logo\/image\/\"}}]}<\/script>\n<!-- \/ Yoast SEO plugin. -->","yoast_head_json":{"title":"Hru\u0161kov\u00e1 \u0161\u0165\u00e1va NFC v 200kg sudu | B2B","description":"100% NFC hru\u0161kov\u00e1 \u0161\u0165\u00e1va v 200kg sudu. Pasterovan\u00e1, bez cukru. Vhodn\u00e1 do n\u00e1poj\u016f, dezert\u016f a \u0159emesln\u00fdch piv. Dod\u00e1n\u00ed na palet\u00e1ch, specifikace k dispozici.","robots":{"index":"index","follow":"follow","max-snippet":"max-snippet:-1","max-image-preview":"max-image-preview:large","max-video-preview":"max-video-preview:-1"},"canonical":"https:\/\/nfcjuices.com\/cs\/produkt\/hruska\/","og_locale":"cs_CZ","og_type":"article","og_title":"Sok z Gruszki NFC w beczce 200 kg | B2B","og_description":"Sok 100% z gruszki NFC w beczce 200 kg. Pasteryzowany, bez cukru. Do napoj\u00f3w, deser\u00f3w i piw rzemie\u015blniczych. Dostawa paletowa, dost\u0119pna specyfikacja.","og_url":"https:\/\/nfcjuices.com\/cs\/produkt\/hruska\/","og_site_name":"nfc-juices","article_modified_time":"2026-04-03T11:06:20+00:00","og_image":[{"width":1024,"height":1024,"url":"https:\/\/nfcjuices.com\/wp-content\/uploads\/2025\/03\/Czerwona-beczka-1-1024x1024.png","type":"image\/png"}],"twitter_card":"summary_large_image","twitter_misc":{"Odhadovan\u00e1 doba \u010dten\u00ed":"2 minuty"},"schema":{"@context":"https:\/\/schema.org","@graph":[{"@type":"WebPage","@id":"https:\/\/nfcjuices.com\/produkt\/gruszka\/","url":"https:\/\/nfcjuices.com\/produkt\/gruszka\/","name":"Hru\u0161kov\u00e1 \u0161\u0165\u00e1va NFC v 200kg sudu | B2B","isPartOf":{"@id":"https:\/\/nfcjuices.com\/#website"},"primaryImageOfPage":{"@id":"https:\/\/nfcjuices.com\/produkt\/gruszka\/#primaryimage"},"image":{"@id":"https:\/\/nfcjuices.com\/produkt\/gruszka\/#primaryimage"},"thumbnailUrl":"https:\/\/nfcjuices.com\/wp-content\/uploads\/2025\/03\/Czerwona-beczka-1.png","datePublished":"2025-03-12T14:58:27+00:00","dateModified":"2026-04-03T11:06:20+00:00","description":"100% NFC hru\u0161kov\u00e1 \u0161\u0165\u00e1va v 200kg sudu. Pasterovan\u00e1, bez cukru. Vhodn\u00e1 do n\u00e1poj\u016f, dezert\u016f a \u0159emesln\u00fdch piv. Dod\u00e1n\u00ed na palet\u00e1ch, specifikace k dispozici.","breadcrumb":{"@id":"https:\/\/nfcjuices.com\/produkt\/gruszka\/#breadcrumb"},"inLanguage":"cs","potentialAction":[{"@type":"ReadAction","target":["https:\/\/nfcjuices.com\/produkt\/gruszka\/"]}]},{"@type":"ImageObject","inLanguage":"cs","@id":"https:\/\/nfcjuices.com\/produkt\/gruszka\/#primaryimage","url":"https:\/\/nfcjuices.com\/wp-content\/uploads\/2025\/03\/Czerwona-beczka-1.png","contentUrl":"https:\/\/nfcjuices.com\/wp-content\/uploads\/2025\/03\/Czerwona-beczka-1.png","width":1980,"height":1980},{"@type":"BreadcrumbList","@id":"https:\/\/nfcjuices.com\/produkt\/gruszka\/#breadcrumb","itemListElement":[{"@type":"ListItem","position":1,"name":"Strona g\u0142\u00f3wna","item":"https:\/\/nfcjuices.com\/"},{"@type":"ListItem","position":2,"name":"Nasze produkty","item":"https:\/\/nfcjuices.com\/sv\/vara-produkter\/"},{"@type":"ListItem","position":3,"name":"Sok 100% Gruszka 200kg"}]},{"@type":"WebSite","@id":"https:\/\/nfcjuices.com\/#website","url":"https:\/\/nfcjuices.com\/","name":"nfc \u0161\u0165\u00e1vy","description":"D\u017eusy, pyr\u00e9, NFC p\u011bny v sudech","publisher":{"@id":"https:\/\/nfcjuices.com\/#organization"},"potentialAction":[{"@type":"SearchAction","target":{"@type":"EntryPoint","urlTemplate":"https:\/\/nfcjuices.com\/?s={search_term_string}"},"query-input":{"@type":"PropertyValueSpecification","valueRequired":true,"valueName":"search_term_string"}}],"inLanguage":"cs"},{"@type":"Organization","@id":"https:\/\/nfcjuices.com\/#organization","name":"Na\u0161e lisovna","url":"https:\/\/nfcjuices.com\/","logo":{"@type":"ImageObject","inLanguage":"cs","@id":"https:\/\/nfcjuices.com\/#\/schema\/logo\/image\/","url":"https:\/\/nfcjuices.com\/wp-content\/uploads\/2025\/05\/cropped-B2b-1.png","contentUrl":"https:\/\/nfcjuices.com\/wp-content\/uploads\/2025\/05\/cropped-B2b-1.png","width":1199,"height":999,"caption":"Nasza T\u0142ocznia"},"image":{"@id":"https:\/\/nfcjuices.com\/#\/schema\/logo\/image\/"}}]}},"_links":{"self":[{"href":"https:\/\/nfcjuices.com\/cs\/wp-json\/wp\/v2\/product\/222","targetHints":{"allow":["GET"]}}],"collection":[{"href":"https:\/\/nfcjuices.com\/cs\/wp-json\/wp\/v2\/product"}],"about":[{"href":"https:\/\/nfcjuices.com\/cs\/wp-json\/wp\/v2\/types\/product"}],"replies":[{"embeddable":true,"href":"https:\/\/nfcjuices.com\/cs\/wp-json\/wp\/v2\/comments?post=222"}],"wp:featuredmedia":[{"embeddable":true,"href":"https:\/\/nfcjuices.com\/cs\/wp-json\/wp\/v2\/media\/175"}],"wp:attachment":[{"href":"https:\/\/nfcjuices.com\/cs\/wp-json\/wp\/v2\/media?parent=222"}],"wp:term":[{"taxonomy":"product_brand","embeddable":true,"href":"https:\/\/nfcjuices.com\/cs\/wp-json\/wp\/v2\/product_brand?post=222"},{"taxonomy":"product_cat","embeddable":true,"href":"https:\/\/nfcjuices.com\/cs\/wp-json\/wp\/v2\/product_cat?post=222"},{"taxonomy":"product_tag","embeddable":true,"href":"https:\/\/nfcjuices.com\/cs\/wp-json\/wp\/v2\/product_tag?post=222"}],"curies":[{"name":"wp","href":"https:\/\/api.w.org\/{rel}","templated":true}]}}