{"id":1516,"date":"2026-04-15T12:00:04","date_gmt":"2026-04-15T10:00:04","guid":{"rendered":"https:\/\/nfcjuices.com\/produkt\/przecier-premium-100-ananas-tylko-2450-zl-kg-3kg\/"},"modified":"2026-04-15T12:42:17","modified_gmt":"2026-04-15T10:42:17","slug":"premiove-pyre-100-ananasu-3-kg","status":"publish","type":"product","link":"https:\/\/nfcjuices.com\/cs\/produkt\/przecier-premium-100-ananas-3kg\/","title":{"rendered":"Pr\u00e9miov\u00e9 pyr\u00e9 100% Ananas 3kg"},"content":{"rendered":"<p><strong>Typ produktu:<\/strong> pyr\u00e9<\/p>\n<p><strong>Brix: 22<\/strong><br \/>\n<strong>Technick\u00e9 specifikace na vy\u017e\u00e1d\u00e1n\u00ed.<\/strong><\/p>\n<p><strong>Nutri\u010dn\u00ed hodnoty:<\/strong><br \/>\nEnergetick\u00e1 hodnota: 67 kcal<br \/>\nTuk: 0 g<br \/>\nSacharidy: 17,5 g<br \/>\n- v\u010detn\u011b cukr\u016f: 14 g<br \/>\nB\u00edlkoviny: 0,5 g<br \/>\nS\u016fl: 0 g<\/p>","protected":false},"excerpt":{"rendered":"<h2> Nutri\u010dn\u00ed hodnoty na 100 ml: <\/h2>\n<p><\/p>\n<p> Energetick\u00e1 hodnota: 67 kcal <\/p>\n<p><\/p>\n<p>tuk: 0 g <\/p>\n<p><\/p>\n<p>sacharidy: 17,5 g <\/p>\n<p><\/p>\n<p>\u2013 z toho cukry: 14 g <\/p>\n<p><\/p>\n<p>b\u00edlkoviny: 0,5 g <\/p>\n<p><\/p>\n<p>s\u016fl: 0 g <\/p>\n<p><\/p>","protected":false},"featured_media":1511,"comment_status":"open","ping_status":"closed","template":"","meta":[],"product_brand":[49],"product_cat":[56],"product_tag":[],"class_list":{"0":"post-1516","1":"product","2":"type-product","3":"status-publish","4":"has-post-thumbnail","6":"product_brand-nasza-tlocznia","7":"product_cat-przeciery","8":"pa_pojemnosc-3kg","10":"first","11":"instock","12":"taxable","13":"shipping-taxable","14":"purchasable","15":"product-type-simple"},"yoast_head":"<!-- This site is optimized with the Yoast SEO plugin v24.9 - https:\/\/yoast.com\/wordpress\/plugins\/seo\/ -->\n<title>Przecier premium 100% Ananas 3kg - nfc-juices<\/title>\n<meta name=\"robots\" content=\"index, follow, max-snippet:-1, max-image-preview:large, max-video-preview:-1\" \/>\n<link rel=\"canonical\" href=\"https:\/\/nfcjuices.com\/cs\/produkt\/premiove-pyre-100-ananasu-3-kg\/\" \/>\n<meta property=\"og:locale\" content=\"cs_CZ\" \/>\n<meta property=\"og:type\" content=\"article\" \/>\n<meta property=\"og:title\" content=\"Przecier premium 100% Ananas 3kg - nfc-juices\" \/>\n<meta property=\"og:description\" content=\"Warto\u015bci od\u017cywcze w 100ml: Warto\u015b\u0107 energetyczna: 67 kcal t\u0142uszcz: 0g w\u0119glowodany: 17,5g - w tym cukry: 14g bia\u0142ko: 0,5g s\u00f3l: 0g\" \/>\n<meta property=\"og:url\" content=\"https:\/\/nfcjuices.com\/cs\/produkt\/premiove-pyre-100-ananasu-3-kg\/\" \/>\n<meta property=\"og:site_name\" content=\"nfc-juices\" \/>\n<meta property=\"article:modified_time\" content=\"2026-04-15T10:42:17+00:00\" \/>\n<meta property=\"og:image\" content=\"https:\/\/nfcjuices.com\/wp-content\/uploads\/2026\/04\/Strona-Nowy-Karton-Ananas-przecier2.png\" \/>\n\t<meta property=\"og:image:width\" content=\"750\" \/>\n\t<meta property=\"og:image:height\" content=\"750\" \/>\n\t<meta property=\"og:image:type\" content=\"image\/png\" \/>\n<meta name=\"twitter:card\" content=\"summary_large_image\" \/>\n<meta name=\"twitter:label1\" content=\"Odhadovan\u00e1 doba \u010dten\u00ed\" \/>\n\t<meta name=\"twitter:data1\" content=\"1 minuta\" \/>\n<script type=\"application\/ld+json\" class=\"yoast-schema-graph\">{\"@context\":\"https:\/\/schema.org\",\"@graph\":[{\"@type\":\"WebPage\",\"@id\":\"https:\/\/nfcjuices.com\/produkt\/przecier-premium-100-ananas-3kg\/\",\"url\":\"https:\/\/nfcjuices.com\/produkt\/przecier-premium-100-ananas-3kg\/\",\"name\":\"Przecier premium 100% Ananas 3kg - nfc-juices\",\"isPartOf\":{\"@id\":\"https:\/\/nfcjuices.com\/#website\"},\"primaryImageOfPage\":{\"@id\":\"https:\/\/nfcjuices.com\/produkt\/przecier-premium-100-ananas-3kg\/#primaryimage\"},\"image\":{\"@id\":\"https:\/\/nfcjuices.com\/produkt\/przecier-premium-100-ananas-3kg\/#primaryimage\"},\"thumbnailUrl\":\"https:\/\/nfcjuices.com\/wp-content\/uploads\/2026\/04\/Strona-Nowy-Karton-Ananas-przecier2.png\",\"datePublished\":\"2026-04-15T10:00:04+00:00\",\"dateModified\":\"2026-04-15T10:42:17+00:00\",\"breadcrumb\":{\"@id\":\"https:\/\/nfcjuices.com\/produkt\/przecier-premium-100-ananas-3kg\/#breadcrumb\"},\"inLanguage\":\"cs\",\"potentialAction\":[{\"@type\":\"ReadAction\",\"target\":[\"https:\/\/nfcjuices.com\/produkt\/przecier-premium-100-ananas-3kg\/\"]}]},{\"@type\":\"ImageObject\",\"inLanguage\":\"cs\",\"@id\":\"https:\/\/nfcjuices.com\/produkt\/przecier-premium-100-ananas-3kg\/#primaryimage\",\"url\":\"https:\/\/nfcjuices.com\/wp-content\/uploads\/2026\/04\/Strona-Nowy-Karton-Ananas-przecier2.png\",\"contentUrl\":\"https:\/\/nfcjuices.com\/wp-content\/uploads\/2026\/04\/Strona-Nowy-Karton-Ananas-przecier2.png\",\"width\":750,\"height\":750,\"caption\":\"9fe5172c466d4bb2bf36dc6e6a4b2f76\"},{\"@type\":\"BreadcrumbList\",\"@id\":\"https:\/\/nfcjuices.com\/produkt\/przecier-premium-100-ananas-3kg\/#breadcrumb\",\"itemListElement\":[{\"@type\":\"ListItem\",\"position\":1,\"name\":\"Strona g\u0142\u00f3wna\",\"item\":\"https:\/\/nfcjuices.com\/\"},{\"@type\":\"ListItem\",\"position\":2,\"name\":\"Nasze produkty\",\"item\":\"https:\/\/nfcjuices.com\/sv\/vara-produkter\/\"},{\"@type\":\"ListItem\",\"position\":3,\"name\":\"Przecier premium 100% Ananas 3kg\"}]},{\"@type\":\"WebSite\",\"@id\":\"https:\/\/nfcjuices.com\/#website\",\"url\":\"https:\/\/nfcjuices.com\/\",\"name\":\"nfc-juices\",\"description\":\"Soki, przeciery, musy NFC w beczkach\",\"publisher\":{\"@id\":\"https:\/\/nfcjuices.com\/#organization\"},\"potentialAction\":[{\"@type\":\"SearchAction\",\"target\":{\"@type\":\"EntryPoint\",\"urlTemplate\":\"https:\/\/nfcjuices.com\/?s={search_term_string}\"},\"query-input\":{\"@type\":\"PropertyValueSpecification\",\"valueRequired\":true,\"valueName\":\"search_term_string\"}}],\"inLanguage\":\"cs\"},{\"@type\":\"Organization\",\"@id\":\"https:\/\/nfcjuices.com\/#organization\",\"name\":\"Nasza T\u0142ocznia\",\"url\":\"https:\/\/nfcjuices.com\/\",\"logo\":{\"@type\":\"ImageObject\",\"inLanguage\":\"cs\",\"@id\":\"https:\/\/nfcjuices.com\/#\/schema\/logo\/image\/\",\"url\":\"https:\/\/nfcjuices.com\/wp-content\/uploads\/2025\/05\/cropped-B2b-1.png\",\"contentUrl\":\"https:\/\/nfcjuices.com\/wp-content\/uploads\/2025\/05\/cropped-B2b-1.png\",\"width\":1199,\"height\":999,\"caption\":\"Nasza T\u0142ocznia\"},\"image\":{\"@id\":\"https:\/\/nfcjuices.com\/#\/schema\/logo\/image\/\"}}]}<\/script>\n<!-- \/ Yoast SEO plugin. -->","yoast_head_json":{"title":"Pr\u00e9miov\u00e9 pyr\u00e9 100% Ananasov\u00e9 3kg - nfc-juices","robots":{"index":"index","follow":"follow","max-snippet":"max-snippet:-1","max-image-preview":"max-image-preview:large","max-video-preview":"max-video-preview:-1"},"canonical":"https:\/\/nfcjuices.com\/cs\/produkt\/premiove-pyre-100-ananasu-3-kg\/","og_locale":"cs_CZ","og_type":"article","og_title":"Przecier premium 100% Ananas 3kg - nfc-juices","og_description":"Warto\u015bci od\u017cywcze w 100ml: Warto\u015b\u0107 energetyczna: 67 kcal t\u0142uszcz: 0g w\u0119glowodany: 17,5g - w tym cukry: 14g bia\u0142ko: 0,5g s\u00f3l: 0g","og_url":"https:\/\/nfcjuices.com\/cs\/produkt\/premiove-pyre-100-ananasu-3-kg\/","og_site_name":"nfc-juices","article_modified_time":"2026-04-15T10:42:17+00:00","og_image":[{"width":750,"height":750,"url":"https:\/\/nfcjuices.com\/wp-content\/uploads\/2026\/04\/Strona-Nowy-Karton-Ananas-przecier2.png","type":"image\/png"}],"twitter_card":"summary_large_image","twitter_misc":{"Odhadovan\u00e1 doba \u010dten\u00ed":"1 minuta"},"schema":{"@context":"https:\/\/schema.org","@graph":[{"@type":"WebPage","@id":"https:\/\/nfcjuices.com\/produkt\/przecier-premium-100-ananas-3kg\/","url":"https:\/\/nfcjuices.com\/produkt\/przecier-premium-100-ananas-3kg\/","name":"Pr\u00e9miov\u00e9 pyr\u00e9 100% Ananasov\u00e9 3kg - nfc-juices","isPartOf":{"@id":"https:\/\/nfcjuices.com\/#website"},"primaryImageOfPage":{"@id":"https:\/\/nfcjuices.com\/produkt\/przecier-premium-100-ananas-3kg\/#primaryimage"},"image":{"@id":"https:\/\/nfcjuices.com\/produkt\/przecier-premium-100-ananas-3kg\/#primaryimage"},"thumbnailUrl":"https:\/\/nfcjuices.com\/wp-content\/uploads\/2026\/04\/Strona-Nowy-Karton-Ananas-przecier2.png","datePublished":"2026-04-15T10:00:04+00:00","dateModified":"2026-04-15T10:42:17+00:00","breadcrumb":{"@id":"https:\/\/nfcjuices.com\/produkt\/przecier-premium-100-ananas-3kg\/#breadcrumb"},"inLanguage":"cs","potentialAction":[{"@type":"ReadAction","target":["https:\/\/nfcjuices.com\/produkt\/przecier-premium-100-ananas-3kg\/"]}]},{"@type":"ImageObject","inLanguage":"cs","@id":"https:\/\/nfcjuices.com\/produkt\/przecier-premium-100-ananas-3kg\/#primaryimage","url":"https:\/\/nfcjuices.com\/wp-content\/uploads\/2026\/04\/Strona-Nowy-Karton-Ananas-przecier2.png","contentUrl":"https:\/\/nfcjuices.com\/wp-content\/uploads\/2026\/04\/Strona-Nowy-Karton-Ananas-przecier2.png","width":750,"height":750,"caption":"9fe5172c466d4bb2bf36dc6e6a4b2f76"},{"@type":"BreadcrumbList","@id":"https:\/\/nfcjuices.com\/produkt\/przecier-premium-100-ananas-3kg\/#breadcrumb","itemListElement":[{"@type":"ListItem","position":1,"name":"Strona g\u0142\u00f3wna","item":"https:\/\/nfcjuices.com\/"},{"@type":"ListItem","position":2,"name":"Nasze produkty","item":"https:\/\/nfcjuices.com\/sv\/vara-produkter\/"},{"@type":"ListItem","position":3,"name":"Przecier premium 100% Ananas 3kg"}]},{"@type":"WebSite","@id":"https:\/\/nfcjuices.com\/#website","url":"https:\/\/nfcjuices.com\/","name":"nfc \u0161\u0165\u00e1vy","description":"D\u017eusy, pyr\u00e9, NFC p\u011bny v sudech","publisher":{"@id":"https:\/\/nfcjuices.com\/#organization"},"potentialAction":[{"@type":"SearchAction","target":{"@type":"EntryPoint","urlTemplate":"https:\/\/nfcjuices.com\/?s={search_term_string}"},"query-input":{"@type":"PropertyValueSpecification","valueRequired":true,"valueName":"search_term_string"}}],"inLanguage":"cs"},{"@type":"Organization","@id":"https:\/\/nfcjuices.com\/#organization","name":"Na\u0161e lisovna","url":"https:\/\/nfcjuices.com\/","logo":{"@type":"ImageObject","inLanguage":"cs","@id":"https:\/\/nfcjuices.com\/#\/schema\/logo\/image\/","url":"https:\/\/nfcjuices.com\/wp-content\/uploads\/2025\/05\/cropped-B2b-1.png","contentUrl":"https:\/\/nfcjuices.com\/wp-content\/uploads\/2025\/05\/cropped-B2b-1.png","width":1199,"height":999,"caption":"Nasza T\u0142ocznia"},"image":{"@id":"https:\/\/nfcjuices.com\/#\/schema\/logo\/image\/"}}]}},"_links":{"self":[{"href":"https:\/\/nfcjuices.com\/cs\/wp-json\/wp\/v2\/product\/1516","targetHints":{"allow":["GET"]}}],"collection":[{"href":"https:\/\/nfcjuices.com\/cs\/wp-json\/wp\/v2\/product"}],"about":[{"href":"https:\/\/nfcjuices.com\/cs\/wp-json\/wp\/v2\/types\/product"}],"replies":[{"embeddable":true,"href":"https:\/\/nfcjuices.com\/cs\/wp-json\/wp\/v2\/comments?post=1516"}],"wp:featuredmedia":[{"embeddable":true,"href":"https:\/\/nfcjuices.com\/cs\/wp-json\/wp\/v2\/media\/1511"}],"wp:attachment":[{"href":"https:\/\/nfcjuices.com\/cs\/wp-json\/wp\/v2\/media?parent=1516"}],"wp:term":[{"taxonomy":"product_brand","embeddable":true,"href":"https:\/\/nfcjuices.com\/cs\/wp-json\/wp\/v2\/product_brand?post=1516"},{"taxonomy":"product_cat","embeddable":true,"href":"https:\/\/nfcjuices.com\/cs\/wp-json\/wp\/v2\/product_cat?post=1516"},{"taxonomy":"product_tag","embeddable":true,"href":"https:\/\/nfcjuices.com\/cs\/wp-json\/wp\/v2\/product_tag?post=1516"}],"curies":[{"name":"wp","href":"https:\/\/api.w.org\/{rel}","templated":true}]}}