{"id":1488,"date":"2026-04-14T14:18:46","date_gmt":"2026-04-14T12:18:46","guid":{"rendered":"https:\/\/nfcjuices.com\/?post_type=product&#038;p=1488"},"modified":"2026-04-16T10:23:55","modified_gmt":"2026-04-16T08:23:55","slug":"mangove-pyre-alphonso-200-kg-2","status":"publish","type":"product","link":"https:\/\/nfcjuices.com\/cs\/produkt\/przecier-mango-alphonso-200kg\/","title":{"rendered":"Mangov\u00e9 pyr\u00e9 ALPHONSO 200 kg"},"content":{"rendered":"<p><strong>Typ produktu:<\/strong> pyr\u00e9<\/p>\n<p><strong>Brix: 15<\/strong><br \/>\n<strong>Technick\u00e9 specifikace na vy\u017e\u00e1d\u00e1n\u00ed.<\/strong><\/p>\n<p><strong>Nutri\u010dn\u00ed hodnoty:<\/strong><br \/>\nENERGETICK\u00c1 HODNOTA 26 kcal<br \/>\nEnergetick\u00e1 hodnota: 120 kcal<br \/>\nTuk: 0 g<br \/>\nSacharidy: 28 g<br \/>\n- v\u010detn\u011b cukr\u016f: 23 g<br \/>\nVl\u00e1knina: 0,5 g<br \/>\nS\u016fl: 0 g<\/p>","protected":false},"excerpt":{"rendered":"<p>Typ produktu: Pyr\u00e9 Brix: 15 Technick\u00e9 specifikace k dispozici na vy\u017e\u00e1d\u00e1n\u00ed. Nutri\u010dn\u00ed hodnoty: ENERGETICK\u00c1 HODNOTA 26 kcal En. hodnota: 120 kcal Tuk: 0 g Sacharidy: 28 g - v\u010detn\u011b cukr\u016f: 23 g Vl\u00e1knina: 0,5 g S\u016fl: 0 g<\/p>","protected":false},"featured_media":1235,"comment_status":"open","ping_status":"closed","template":"","meta":[],"product_brand":[49],"product_cat":[56],"product_tag":[],"class_list":{"0":"post-1488","1":"product","2":"type-product","3":"status-publish","4":"has-post-thumbnail","6":"product_brand-nasza-tlocznia","7":"product_cat-przeciery","8":"pa_pojemnosc-200kg","10":"first","11":"instock","12":"taxable","13":"shipping-taxable","14":"purchasable","15":"product-type-simple"},"yoast_head":"<!-- This site is optimized with the Yoast SEO plugin v24.9 - https:\/\/yoast.com\/wordpress\/plugins\/seo\/ -->\n<title>Przecier Mango ALPHONSO 200 kg - NFC Juices<\/title>\n<meta name=\"description\" content=\"Przecier z mango Alphonso NFC w beczce 200 kg. Pasteryzowany, bez dodatk\u00f3w, g\u0142adki. Do napoj\u00f3w, lod\u00f3w, nadzienia, piw i sos\u00f3w. Wysy\u0142ka paletowa\" \/>\n<meta name=\"robots\" content=\"index, follow, max-snippet:-1, max-image-preview:large, max-video-preview:-1\" \/>\n<link rel=\"canonical\" href=\"https:\/\/nfcjuices.com\/cs\/produkt\/mangove-pyre-alphonso-200-kg-2\/\" \/>\n<meta property=\"og:locale\" content=\"cs_CZ\" \/>\n<meta property=\"og:type\" content=\"article\" \/>\n<meta property=\"og:title\" content=\"Przecier Mango ALPHONSO 200 kg - NFC Juices\" \/>\n<meta property=\"og:description\" content=\"Przecier z mango Alphonso NFC w beczce 200 kg. Pasteryzowany, bez dodatk\u00f3w, g\u0142adki. Do napoj\u00f3w, lod\u00f3w, nadzienia, piw i sos\u00f3w. Wysy\u0142ka paletowa\" \/>\n<meta property=\"og:url\" content=\"https:\/\/nfcjuices.com\/cs\/produkt\/mangove-pyre-alphonso-200-kg-2\/\" \/>\n<meta property=\"og:site_name\" content=\"nfc-juices\" \/>\n<meta property=\"article:modified_time\" content=\"2026-04-16T08:23:55+00:00\" \/>\n<meta property=\"og:image\" content=\"https:\/\/nfcjuices.com\/wp-content\/uploads\/2025\/07\/Czerwona-beczka-1-1-2.webp\" \/>\n\t<meta property=\"og:image:width\" content=\"1920\" \/>\n\t<meta property=\"og:image:height\" content=\"1920\" \/>\n\t<meta property=\"og:image:type\" content=\"image\/webp\" \/>\n<meta name=\"twitter:card\" content=\"summary_large_image\" \/>\n<meta name=\"twitter:label1\" content=\"Odhadovan\u00e1 doba \u010dten\u00ed\" \/>\n\t<meta name=\"twitter:data1\" content=\"1 minuta\" \/>\n<script type=\"application\/ld+json\" class=\"yoast-schema-graph\">{\"@context\":\"https:\/\/schema.org\",\"@graph\":[{\"@type\":\"WebPage\",\"@id\":\"https:\/\/nfcjuices.com\/produkt\/przecier-mango-alphonso-200kg\/\",\"url\":\"https:\/\/nfcjuices.com\/produkt\/przecier-mango-alphonso-200kg\/\",\"name\":\"Przecier Mango ALPHONSO 200 kg - NFC Juices\",\"isPartOf\":{\"@id\":\"https:\/\/nfcjuices.com\/#website\"},\"primaryImageOfPage\":{\"@id\":\"https:\/\/nfcjuices.com\/produkt\/przecier-mango-alphonso-200kg\/#primaryimage\"},\"image\":{\"@id\":\"https:\/\/nfcjuices.com\/produkt\/przecier-mango-alphonso-200kg\/#primaryimage\"},\"thumbnailUrl\":\"https:\/\/nfcjuices.com\/wp-content\/uploads\/2025\/07\/Czerwona-beczka-1-1-2.webp\",\"datePublished\":\"2026-04-14T12:18:46+00:00\",\"dateModified\":\"2026-04-16T08:23:55+00:00\",\"description\":\"Przecier z mango Alphonso NFC w beczce 200 kg. Pasteryzowany, bez dodatk\u00f3w, g\u0142adki. Do napoj\u00f3w, lod\u00f3w, nadzienia, piw i sos\u00f3w. Wysy\u0142ka paletowa\",\"breadcrumb\":{\"@id\":\"https:\/\/nfcjuices.com\/produkt\/przecier-mango-alphonso-200kg\/#breadcrumb\"},\"inLanguage\":\"cs\",\"potentialAction\":[{\"@type\":\"ReadAction\",\"target\":[\"https:\/\/nfcjuices.com\/produkt\/przecier-mango-alphonso-200kg\/\"]}]},{\"@type\":\"ImageObject\",\"inLanguage\":\"cs\",\"@id\":\"https:\/\/nfcjuices.com\/produkt\/przecier-mango-alphonso-200kg\/#primaryimage\",\"url\":\"https:\/\/nfcjuices.com\/wp-content\/uploads\/2025\/07\/Czerwona-beczka-1-1-2.webp\",\"contentUrl\":\"https:\/\/nfcjuices.com\/wp-content\/uploads\/2025\/07\/Czerwona-beczka-1-1-2.webp\",\"width\":1920,\"height\":1920},{\"@type\":\"BreadcrumbList\",\"@id\":\"https:\/\/nfcjuices.com\/produkt\/przecier-mango-alphonso-200kg\/#breadcrumb\",\"itemListElement\":[{\"@type\":\"ListItem\",\"position\":1,\"name\":\"Strona g\u0142\u00f3wna\",\"item\":\"https:\/\/nfcjuices.com\/\"},{\"@type\":\"ListItem\",\"position\":2,\"name\":\"Nasze produkty\",\"item\":\"https:\/\/nfcjuices.com\/sv\/vara-produkter\/\"},{\"@type\":\"ListItem\",\"position\":3,\"name\":\"Przecier Mango ALPHONSO 200 kg\"}]},{\"@type\":\"WebSite\",\"@id\":\"https:\/\/nfcjuices.com\/#website\",\"url\":\"https:\/\/nfcjuices.com\/\",\"name\":\"nfc-juices\",\"description\":\"Soki, przeciery, musy NFC w beczkach\",\"publisher\":{\"@id\":\"https:\/\/nfcjuices.com\/#organization\"},\"potentialAction\":[{\"@type\":\"SearchAction\",\"target\":{\"@type\":\"EntryPoint\",\"urlTemplate\":\"https:\/\/nfcjuices.com\/?s={search_term_string}\"},\"query-input\":{\"@type\":\"PropertyValueSpecification\",\"valueRequired\":true,\"valueName\":\"search_term_string\"}}],\"inLanguage\":\"cs\"},{\"@type\":\"Organization\",\"@id\":\"https:\/\/nfcjuices.com\/#organization\",\"name\":\"Nasza T\u0142ocznia\",\"url\":\"https:\/\/nfcjuices.com\/\",\"logo\":{\"@type\":\"ImageObject\",\"inLanguage\":\"cs\",\"@id\":\"https:\/\/nfcjuices.com\/#\/schema\/logo\/image\/\",\"url\":\"https:\/\/nfcjuices.com\/wp-content\/uploads\/2025\/05\/cropped-B2b-1.png\",\"contentUrl\":\"https:\/\/nfcjuices.com\/wp-content\/uploads\/2025\/05\/cropped-B2b-1.png\",\"width\":1199,\"height\":999,\"caption\":\"Nasza T\u0142ocznia\"},\"image\":{\"@id\":\"https:\/\/nfcjuices.com\/#\/schema\/logo\/image\/\"}}]}<\/script>\n<!-- \/ Yoast SEO plugin. -->","yoast_head_json":{"title":"Mangov\u00e9 pyr\u00e9 ALPHONSO 200 kg - NFC Juices","description":"Mangov\u00e9 pyr\u00e9 Alphonso NFC v sudu o hmotnosti 200 kg. Pasterizovan\u00e9, bez p\u0159\u00edsad, jemn\u00e9. Do n\u00e1poj\u016f, zmrzliny, n\u00e1pln\u00ed, piva a om\u00e1\u010dek. Paletov\u00e1 doprava.","robots":{"index":"index","follow":"follow","max-snippet":"max-snippet:-1","max-image-preview":"max-image-preview:large","max-video-preview":"max-video-preview:-1"},"canonical":"https:\/\/nfcjuices.com\/cs\/produkt\/mangove-pyre-alphonso-200-kg-2\/","og_locale":"cs_CZ","og_type":"article","og_title":"Przecier Mango ALPHONSO 200 kg - NFC Juices","og_description":"Przecier z mango Alphonso NFC w beczce 200 kg. Pasteryzowany, bez dodatk\u00f3w, g\u0142adki. Do napoj\u00f3w, lod\u00f3w, nadzienia, piw i sos\u00f3w. Wysy\u0142ka paletowa","og_url":"https:\/\/nfcjuices.com\/cs\/produkt\/mangove-pyre-alphonso-200-kg-2\/","og_site_name":"nfc-juices","article_modified_time":"2026-04-16T08:23:55+00:00","og_image":[{"width":1920,"height":1920,"url":"https:\/\/nfcjuices.com\/wp-content\/uploads\/2025\/07\/Czerwona-beczka-1-1-2.webp","type":"image\/webp"}],"twitter_card":"summary_large_image","twitter_misc":{"Odhadovan\u00e1 doba \u010dten\u00ed":"1 minuta"},"schema":{"@context":"https:\/\/schema.org","@graph":[{"@type":"WebPage","@id":"https:\/\/nfcjuices.com\/produkt\/przecier-mango-alphonso-200kg\/","url":"https:\/\/nfcjuices.com\/produkt\/przecier-mango-alphonso-200kg\/","name":"Mangov\u00e9 pyr\u00e9 ALPHONSO 200 kg - NFC Juices","isPartOf":{"@id":"https:\/\/nfcjuices.com\/#website"},"primaryImageOfPage":{"@id":"https:\/\/nfcjuices.com\/produkt\/przecier-mango-alphonso-200kg\/#primaryimage"},"image":{"@id":"https:\/\/nfcjuices.com\/produkt\/przecier-mango-alphonso-200kg\/#primaryimage"},"thumbnailUrl":"https:\/\/nfcjuices.com\/wp-content\/uploads\/2025\/07\/Czerwona-beczka-1-1-2.webp","datePublished":"2026-04-14T12:18:46+00:00","dateModified":"2026-04-16T08:23:55+00:00","description":"Mangov\u00e9 pyr\u00e9 Alphonso NFC v sudu o hmotnosti 200 kg. Pasterizovan\u00e9, bez p\u0159\u00edsad, jemn\u00e9. Do n\u00e1poj\u016f, zmrzliny, n\u00e1pln\u00ed, piva a om\u00e1\u010dek. Paletov\u00e1 doprava.","breadcrumb":{"@id":"https:\/\/nfcjuices.com\/produkt\/przecier-mango-alphonso-200kg\/#breadcrumb"},"inLanguage":"cs","potentialAction":[{"@type":"ReadAction","target":["https:\/\/nfcjuices.com\/produkt\/przecier-mango-alphonso-200kg\/"]}]},{"@type":"ImageObject","inLanguage":"cs","@id":"https:\/\/nfcjuices.com\/produkt\/przecier-mango-alphonso-200kg\/#primaryimage","url":"https:\/\/nfcjuices.com\/wp-content\/uploads\/2025\/07\/Czerwona-beczka-1-1-2.webp","contentUrl":"https:\/\/nfcjuices.com\/wp-content\/uploads\/2025\/07\/Czerwona-beczka-1-1-2.webp","width":1920,"height":1920},{"@type":"BreadcrumbList","@id":"https:\/\/nfcjuices.com\/produkt\/przecier-mango-alphonso-200kg\/#breadcrumb","itemListElement":[{"@type":"ListItem","position":1,"name":"Strona g\u0142\u00f3wna","item":"https:\/\/nfcjuices.com\/"},{"@type":"ListItem","position":2,"name":"Nasze produkty","item":"https:\/\/nfcjuices.com\/sv\/vara-produkter\/"},{"@type":"ListItem","position":3,"name":"Przecier Mango ALPHONSO 200 kg"}]},{"@type":"WebSite","@id":"https:\/\/nfcjuices.com\/#website","url":"https:\/\/nfcjuices.com\/","name":"nfc \u0161\u0165\u00e1vy","description":"D\u017eusy, pyr\u00e9, NFC p\u011bny v sudech","publisher":{"@id":"https:\/\/nfcjuices.com\/#organization"},"potentialAction":[{"@type":"SearchAction","target":{"@type":"EntryPoint","urlTemplate":"https:\/\/nfcjuices.com\/?s={search_term_string}"},"query-input":{"@type":"PropertyValueSpecification","valueRequired":true,"valueName":"search_term_string"}}],"inLanguage":"cs"},{"@type":"Organization","@id":"https:\/\/nfcjuices.com\/#organization","name":"Na\u0161e lisovna","url":"https:\/\/nfcjuices.com\/","logo":{"@type":"ImageObject","inLanguage":"cs","@id":"https:\/\/nfcjuices.com\/#\/schema\/logo\/image\/","url":"https:\/\/nfcjuices.com\/wp-content\/uploads\/2025\/05\/cropped-B2b-1.png","contentUrl":"https:\/\/nfcjuices.com\/wp-content\/uploads\/2025\/05\/cropped-B2b-1.png","width":1199,"height":999,"caption":"Nasza T\u0142ocznia"},"image":{"@id":"https:\/\/nfcjuices.com\/#\/schema\/logo\/image\/"}}]}},"_links":{"self":[{"href":"https:\/\/nfcjuices.com\/cs\/wp-json\/wp\/v2\/product\/1488","targetHints":{"allow":["GET"]}}],"collection":[{"href":"https:\/\/nfcjuices.com\/cs\/wp-json\/wp\/v2\/product"}],"about":[{"href":"https:\/\/nfcjuices.com\/cs\/wp-json\/wp\/v2\/types\/product"}],"replies":[{"embeddable":true,"href":"https:\/\/nfcjuices.com\/cs\/wp-json\/wp\/v2\/comments?post=1488"}],"wp:featuredmedia":[{"embeddable":true,"href":"https:\/\/nfcjuices.com\/cs\/wp-json\/wp\/v2\/media\/1235"}],"wp:attachment":[{"href":"https:\/\/nfcjuices.com\/cs\/wp-json\/wp\/v2\/media?parent=1488"}],"wp:term":[{"taxonomy":"product_brand","embeddable":true,"href":"https:\/\/nfcjuices.com\/cs\/wp-json\/wp\/v2\/product_brand?post=1488"},{"taxonomy":"product_cat","embeddable":true,"href":"https:\/\/nfcjuices.com\/cs\/wp-json\/wp\/v2\/product_cat?post=1488"},{"taxonomy":"product_tag","embeddable":true,"href":"https:\/\/nfcjuices.com\/cs\/wp-json\/wp\/v2\/product_tag?post=1488"}],"curies":[{"name":"wp","href":"https:\/\/api.w.org\/{rel}","templated":true}]}}