{"id":1268,"date":"2025-09-29T09:35:25","date_gmt":"2025-09-29T07:35:25","guid":{"rendered":"https:\/\/nfcjuices.com\/produkt\/sok-100-biala-porzeczka-200kg\/"},"modified":"2026-03-26T11:45:19","modified_gmt":"2026-03-26T10:45:19","slug":"stava-100-bily-rybiz-200-kg","status":"publish","type":"product","link":"https:\/\/nfcjuices.com\/cs\/produkt\/sok-100-biala-porzeczka-200kg\/","title":{"rendered":"\u0160\u0165\u00e1va 100% B\u00edl\u00fd ryb\u00edz 200 kg"},"content":{"rendered":"<h2><b>100% \u0160\u0165\u00e1va z b\u00edl\u00e9ho ryb\u00edzu \u2013 200 kg barel (NFC)<\/b><\/h2>\n<p><span style=\"font-weight: 400;\">\u0160\u0165\u00e1va z b\u00edl\u00e9ho ryb\u00edzu NFC 100%. Pasterovan\u00e1, balen\u00e1 v 200kg kovov\u00e9m sudu s metalizovan\u00fdm aseptick\u00fdm s\u00e1\u010dkem a jednor\u00e1zov\u00fdm ventilem. P\u0159\u00edrodn\u00ed sediment je typick\u00fd a nep\u0159edstavuje vadu v\u00fdrobku. Celoro\u010dn\u00ed dostupnost, konzistentn\u00ed chu\u0165ov\u00fd profil; prvot\u0159\u00eddn\u00ed suroviny, ru\u010dn\u011b vyb\u00edran\u00e9.<\/span><\/p>\n<h3><span style=\"font-weight: 400;\">Parametry<\/span><\/h3>\n<ul>\n<li style=\"font-weight: 400;\" aria-level=\"1\"><span style=\"font-weight: 400;\">Brix: min. 11,2\u00b0<\/span><\/li>\n<li style=\"font-weight: 400;\" aria-level=\"1\"><span style=\"font-weight: 400;\">Nutri\u010dn\u00ed hodnoty na 100 g:<\/span>\n<ul>\n<li style=\"font-weight: 400;\" aria-level=\"2\"><span style=\"font-weight: 400;\">energie: 45 kcal<\/span><\/li>\n<li style=\"font-weight: 400;\" aria-level=\"2\"><span style=\"font-weight: 400;\">tuk: &lt;0,1 g<\/span><\/li>\n<li style=\"font-weight: 400;\" aria-level=\"2\"><span style=\"font-weight: 400;\">sacharidy: 10,8 g<\/span> <span style=\"font-weight: 400;\"> (v\u010detn\u011b cukr\u016f 7 g)<\/span><\/li>\n<li style=\"font-weight: 400;\" aria-level=\"2\"><span style=\"font-weight: 400;\">b\u00edlkoviny: &lt;0,2 g<\/span><\/li>\n<li style=\"font-weight: 400;\" aria-level=\"2\"><span style=\"font-weight: 400;\">s\u016fl: 0 g<\/span><\/li>\n<\/ul>\n<\/li>\n<li style=\"font-weight: 400;\" aria-level=\"1\"><span style=\"font-weight: 400;\">MPT: 12 m\u011bs\u00edc\u016f od data v\u00fdroby (za doporu\u010den\u00fdch podm\u00ednek)<\/span><\/li>\n<li style=\"font-weight: 400;\" aria-level=\"1\"><span style=\"font-weight: 400;\">Minim\u00e1ln\u00ed trvanlivost do: 6 m\u011bs\u00edc\u016f<\/span><\/li>\n<li style=\"font-weight: 400;\" aria-level=\"1\"><span style=\"font-weight: 400;\">Skladovac\u00ed podm\u00ednky: uzav\u0159en\u00fd, such\u00fd, \u010dist\u00fd, vzdu\u0161n\u00fd sklad, bez ciz\u00edch pach\u016f; 0\u20136 \u00b0C. Po otev\u0159en\u00ed spot\u0159ebujte cel\u00fd obsah<\/span><\/li>\n<\/ul>\n<h2><span style=\"font-weight: 400;\">Pou\u017eit\u00ed \u0161\u0165\u00e1vy z b\u00edl\u00e9ho ryb\u00edzu p\u0159i zpracov\u00e1n\u00ed<\/span><\/h2>\n<ul>\n<li style=\"font-weight: 400;\" aria-level=\"1\"><span style=\"font-weight: 400;\">pr\u00e9miov\u00e9 n\u00e1poje a limon\u00e1dy<\/span><\/li>\n<li style=\"font-weight: 400;\" aria-level=\"1\"><span style=\"font-weight: 400;\">smoothie a funk\u010dn\u00ed koktejly<\/span><\/li>\n<li style=\"font-weight: 400;\" aria-level=\"1\"><span style=\"font-weight: 400;\">zmrzlina, sorbety, cukr\u00e1\u0159sk\u00e9 v\u00fdrobky<\/span><\/li>\n<li style=\"font-weight: 400;\" aria-level=\"1\"><span style=\"font-weight: 400;\">om\u00e1\u010dky a polevy na slan\u00e9 pokrmy<\/span><\/li>\n<li style=\"font-weight: 400;\" aria-level=\"1\"><span style=\"font-weight: 400;\">\u0158emesln\u00e1 piva, ovocn\u00e9 ale a kysel\u00e1 piva; jemn\u00fd, kysel\u00fd profil<\/span><\/li>\n<\/ul>","protected":false},"excerpt":{"rendered":"<p>Sok 100% Bia\u0142a Porzeczka \u2013 beczka 200 kg (NFC) Sok z bia\u0142ej porzeczki NFC 100%. Produkt pasteryzowany, pakowany w beczk\u0119 metalow\u0105 200 kg z workiem aseptycznym metalizowanym i zaworem do jednorazowego u\u017cycia. Naturalny osad jest zjawiskiem typowym i nie stanowi wady produktu. Dost\u0119pno\u015b\u0107 ca\u0142oroczna, powtarzalny profil smakowy; surowiec pierwszej klasy, r\u0119czna selekcja. Parametry Brix: min. [&hellip;]<\/p>\n","protected":false},"featured_media":1281,"comment_status":"open","ping_status":"closed","template":"","meta":[],"product_brand":[49],"product_cat":[47,26],"product_tag":[],"class_list":{"0":"post-1268","1":"product","2":"type-product","3":"status-publish","4":"has-post-thumbnail","6":"product_brand-nasza-tlocznia","7":"product_cat-soki-nfc","8":"product_cat-soki-tloczone-nfc","9":"pa_pojemnosc-200kg","11":"first","12":"instock","13":"taxable","14":"shipping-taxable","15":"purchasable","16":"product-type-simple"},"yoast_head":"<!-- This site is optimized with the Yoast SEO plugin v24.9 - https:\/\/yoast.com\/wordpress\/plugins\/seo\/ -->\n<title>Sok z bia\u0142ej porzeczki NFC - Beczka 200 kg | Do przetw\u00f3rstwa B2B<\/title>\n<meta name=\"description\" content=\"Sok 100% z bia\u0142ej porzeczki NFC w beczce 200 kg. Pasteryzowany, bez cukru. Do napoj\u00f3w, deser\u00f3w i piw rzemie\u015blniczych. Dostawa paletowa\" \/>\n<meta name=\"robots\" content=\"index, follow, max-snippet:-1, max-image-preview:large, max-video-preview:-1\" \/>\n<link rel=\"canonical\" href=\"https:\/\/nfcjuices.com\/cs\/produkt\/stava-100-bily-rybiz-200-kg\/\" \/>\n<meta property=\"og:locale\" content=\"cs_CZ\" \/>\n<meta property=\"og:type\" content=\"article\" \/>\n<meta property=\"og:title\" content=\"Sok z bia\u0142ej porzeczki NFC - Beczka 200 kg | Do przetw\u00f3rstwa B2B\" \/>\n<meta property=\"og:description\" content=\"Sok 100% z bia\u0142ej porzeczki NFC w beczce 200 kg. Pasteryzowany, bez cukru. Do napoj\u00f3w, deser\u00f3w i piw rzemie\u015blniczych. Dostawa paletowa\" \/>\n<meta property=\"og:url\" content=\"https:\/\/nfcjuices.com\/cs\/produkt\/stava-100-bily-rybiz-200-kg\/\" \/>\n<meta property=\"og:site_name\" content=\"nfc-juices\" \/>\n<meta property=\"article:modified_time\" content=\"2026-03-26T10:45:19+00:00\" \/>\n<meta property=\"og:image\" content=\"https:\/\/nfcjuices.com\/wp-content\/uploads\/2025\/10\/Czerwona-beczka-1-1024x1024.png\" \/>\n\t<meta property=\"og:image:width\" content=\"1024\" \/>\n\t<meta property=\"og:image:height\" content=\"1024\" \/>\n\t<meta property=\"og:image:type\" content=\"image\/png\" \/>\n<meta name=\"twitter:card\" content=\"summary_large_image\" \/>\n<meta name=\"twitter:label1\" content=\"Odhadovan\u00e1 doba \u010dten\u00ed\" \/>\n\t<meta name=\"twitter:data1\" content=\"2 minuty\" \/>\n<script type=\"application\/ld+json\" class=\"yoast-schema-graph\">{\"@context\":\"https:\/\/schema.org\",\"@graph\":[{\"@type\":\"WebPage\",\"@id\":\"https:\/\/nfcjuices.com\/produkt\/sok-100-biala-porzeczka-200kg\/\",\"url\":\"https:\/\/nfcjuices.com\/produkt\/sok-100-biala-porzeczka-200kg\/\",\"name\":\"Sok z bia\u0142ej porzeczki NFC - Beczka 200 kg | Do przetw\u00f3rstwa B2B\",\"isPartOf\":{\"@id\":\"https:\/\/nfcjuices.com\/#website\"},\"primaryImageOfPage\":{\"@id\":\"https:\/\/nfcjuices.com\/produkt\/sok-100-biala-porzeczka-200kg\/#primaryimage\"},\"image\":{\"@id\":\"https:\/\/nfcjuices.com\/produkt\/sok-100-biala-porzeczka-200kg\/#primaryimage\"},\"thumbnailUrl\":\"https:\/\/nfcjuices.com\/wp-content\/uploads\/2025\/10\/Czerwona-beczka-1.png\",\"datePublished\":\"2025-09-29T07:35:25+00:00\",\"dateModified\":\"2026-03-26T10:45:19+00:00\",\"description\":\"Sok 100% z bia\u0142ej porzeczki NFC w beczce 200 kg. Pasteryzowany, bez cukru. Do napoj\u00f3w, deser\u00f3w i piw rzemie\u015blniczych. Dostawa paletowa\",\"breadcrumb\":{\"@id\":\"https:\/\/nfcjuices.com\/produkt\/sok-100-biala-porzeczka-200kg\/#breadcrumb\"},\"inLanguage\":\"cs\",\"potentialAction\":[{\"@type\":\"ReadAction\",\"target\":[\"https:\/\/nfcjuices.com\/produkt\/sok-100-biala-porzeczka-200kg\/\"]}]},{\"@type\":\"ImageObject\",\"inLanguage\":\"cs\",\"@id\":\"https:\/\/nfcjuices.com\/produkt\/sok-100-biala-porzeczka-200kg\/#primaryimage\",\"url\":\"https:\/\/nfcjuices.com\/wp-content\/uploads\/2025\/10\/Czerwona-beczka-1.png\",\"contentUrl\":\"https:\/\/nfcjuices.com\/wp-content\/uploads\/2025\/10\/Czerwona-beczka-1.png\",\"width\":1980,\"height\":1980},{\"@type\":\"BreadcrumbList\",\"@id\":\"https:\/\/nfcjuices.com\/produkt\/sok-100-biala-porzeczka-200kg\/#breadcrumb\",\"itemListElement\":[{\"@type\":\"ListItem\",\"position\":1,\"name\":\"Strona g\u0142\u00f3wna\",\"item\":\"https:\/\/nfcjuices.com\/\"},{\"@type\":\"ListItem\",\"position\":2,\"name\":\"Nasze produkty\",\"item\":\"https:\/\/nfcjuices.com\/sv\/vara-produkter\/\"},{\"@type\":\"ListItem\",\"position\":3,\"name\":\"Sok 100% Bia\u0142a Porzeczka 200kg\"}]},{\"@type\":\"WebSite\",\"@id\":\"https:\/\/nfcjuices.com\/#website\",\"url\":\"https:\/\/nfcjuices.com\/\",\"name\":\"nfc-juices\",\"description\":\"Soki, przeciery, musy NFC w beczkach\",\"publisher\":{\"@id\":\"https:\/\/nfcjuices.com\/#organization\"},\"potentialAction\":[{\"@type\":\"SearchAction\",\"target\":{\"@type\":\"EntryPoint\",\"urlTemplate\":\"https:\/\/nfcjuices.com\/?s={search_term_string}\"},\"query-input\":{\"@type\":\"PropertyValueSpecification\",\"valueRequired\":true,\"valueName\":\"search_term_string\"}}],\"inLanguage\":\"cs\"},{\"@type\":\"Organization\",\"@id\":\"https:\/\/nfcjuices.com\/#organization\",\"name\":\"Nasza T\u0142ocznia\",\"url\":\"https:\/\/nfcjuices.com\/\",\"logo\":{\"@type\":\"ImageObject\",\"inLanguage\":\"cs\",\"@id\":\"https:\/\/nfcjuices.com\/#\/schema\/logo\/image\/\",\"url\":\"https:\/\/nfcjuices.com\/wp-content\/uploads\/2025\/05\/cropped-B2b-1.png\",\"contentUrl\":\"https:\/\/nfcjuices.com\/wp-content\/uploads\/2025\/05\/cropped-B2b-1.png\",\"width\":1199,\"height\":999,\"caption\":\"Nasza T\u0142ocznia\"},\"image\":{\"@id\":\"https:\/\/nfcjuices.com\/#\/schema\/logo\/image\/\"}}]}<\/script>\n<!-- \/ Yoast SEO plugin. -->","yoast_head_json":{"title":"\u0160\u0165\u00e1va z b\u00edl\u00e9ho ryb\u00edzu NFC - sud 200 kg | Pro zpracov\u00e1n\u00ed B2B","description":"100% NFC \u0160\u0165\u00e1va z b\u00edl\u00e9ho ryb\u00edzu v 200kg sudu. Pasterovan\u00e1, bez cukru. Vhodn\u00e1 do n\u00e1poj\u016f, dezert\u016f a \u0159emesln\u00fdch piv. Dod\u00e1n\u00ed na palet\u00e1ch.","robots":{"index":"index","follow":"follow","max-snippet":"max-snippet:-1","max-image-preview":"max-image-preview:large","max-video-preview":"max-video-preview:-1"},"canonical":"https:\/\/nfcjuices.com\/cs\/produkt\/stava-100-bily-rybiz-200-kg\/","og_locale":"cs_CZ","og_type":"article","og_title":"Sok z bia\u0142ej porzeczki NFC - Beczka 200 kg | Do przetw\u00f3rstwa B2B","og_description":"Sok 100% z bia\u0142ej porzeczki NFC w beczce 200 kg. Pasteryzowany, bez cukru. Do napoj\u00f3w, deser\u00f3w i piw rzemie\u015blniczych. Dostawa paletowa","og_url":"https:\/\/nfcjuices.com\/cs\/produkt\/stava-100-bily-rybiz-200-kg\/","og_site_name":"nfc-juices","article_modified_time":"2026-03-26T10:45:19+00:00","og_image":[{"width":1024,"height":1024,"url":"https:\/\/nfcjuices.com\/wp-content\/uploads\/2025\/10\/Czerwona-beczka-1-1024x1024.png","type":"image\/png"}],"twitter_card":"summary_large_image","twitter_misc":{"Odhadovan\u00e1 doba \u010dten\u00ed":"2 minuty"},"schema":{"@context":"https:\/\/schema.org","@graph":[{"@type":"WebPage","@id":"https:\/\/nfcjuices.com\/produkt\/sok-100-biala-porzeczka-200kg\/","url":"https:\/\/nfcjuices.com\/produkt\/sok-100-biala-porzeczka-200kg\/","name":"\u0160\u0165\u00e1va z b\u00edl\u00e9ho ryb\u00edzu NFC - sud 200 kg | Pro zpracov\u00e1n\u00ed B2B","isPartOf":{"@id":"https:\/\/nfcjuices.com\/#website"},"primaryImageOfPage":{"@id":"https:\/\/nfcjuices.com\/produkt\/sok-100-biala-porzeczka-200kg\/#primaryimage"},"image":{"@id":"https:\/\/nfcjuices.com\/produkt\/sok-100-biala-porzeczka-200kg\/#primaryimage"},"thumbnailUrl":"https:\/\/nfcjuices.com\/wp-content\/uploads\/2025\/10\/Czerwona-beczka-1.png","datePublished":"2025-09-29T07:35:25+00:00","dateModified":"2026-03-26T10:45:19+00:00","description":"100% NFC \u0160\u0165\u00e1va z b\u00edl\u00e9ho ryb\u00edzu v 200kg sudu. Pasterovan\u00e1, bez cukru. Vhodn\u00e1 do n\u00e1poj\u016f, dezert\u016f a \u0159emesln\u00fdch piv. Dod\u00e1n\u00ed na palet\u00e1ch.","breadcrumb":{"@id":"https:\/\/nfcjuices.com\/produkt\/sok-100-biala-porzeczka-200kg\/#breadcrumb"},"inLanguage":"cs","potentialAction":[{"@type":"ReadAction","target":["https:\/\/nfcjuices.com\/produkt\/sok-100-biala-porzeczka-200kg\/"]}]},{"@type":"ImageObject","inLanguage":"cs","@id":"https:\/\/nfcjuices.com\/produkt\/sok-100-biala-porzeczka-200kg\/#primaryimage","url":"https:\/\/nfcjuices.com\/wp-content\/uploads\/2025\/10\/Czerwona-beczka-1.png","contentUrl":"https:\/\/nfcjuices.com\/wp-content\/uploads\/2025\/10\/Czerwona-beczka-1.png","width":1980,"height":1980},{"@type":"BreadcrumbList","@id":"https:\/\/nfcjuices.com\/produkt\/sok-100-biala-porzeczka-200kg\/#breadcrumb","itemListElement":[{"@type":"ListItem","position":1,"name":"Strona g\u0142\u00f3wna","item":"https:\/\/nfcjuices.com\/"},{"@type":"ListItem","position":2,"name":"Nasze produkty","item":"https:\/\/nfcjuices.com\/sv\/vara-produkter\/"},{"@type":"ListItem","position":3,"name":"Sok 100% Bia\u0142a Porzeczka 200kg"}]},{"@type":"WebSite","@id":"https:\/\/nfcjuices.com\/#website","url":"https:\/\/nfcjuices.com\/","name":"nfc \u0161\u0165\u00e1vy","description":"D\u017eusy, pyr\u00e9, NFC p\u011bny v sudech","publisher":{"@id":"https:\/\/nfcjuices.com\/#organization"},"potentialAction":[{"@type":"SearchAction","target":{"@type":"EntryPoint","urlTemplate":"https:\/\/nfcjuices.com\/?s={search_term_string}"},"query-input":{"@type":"PropertyValueSpecification","valueRequired":true,"valueName":"search_term_string"}}],"inLanguage":"cs"},{"@type":"Organization","@id":"https:\/\/nfcjuices.com\/#organization","name":"Na\u0161e lisovna","url":"https:\/\/nfcjuices.com\/","logo":{"@type":"ImageObject","inLanguage":"cs","@id":"https:\/\/nfcjuices.com\/#\/schema\/logo\/image\/","url":"https:\/\/nfcjuices.com\/wp-content\/uploads\/2025\/05\/cropped-B2b-1.png","contentUrl":"https:\/\/nfcjuices.com\/wp-content\/uploads\/2025\/05\/cropped-B2b-1.png","width":1199,"height":999,"caption":"Nasza T\u0142ocznia"},"image":{"@id":"https:\/\/nfcjuices.com\/#\/schema\/logo\/image\/"}}]}},"_links":{"self":[{"href":"https:\/\/nfcjuices.com\/cs\/wp-json\/wp\/v2\/product\/1268","targetHints":{"allow":["GET"]}}],"collection":[{"href":"https:\/\/nfcjuices.com\/cs\/wp-json\/wp\/v2\/product"}],"about":[{"href":"https:\/\/nfcjuices.com\/cs\/wp-json\/wp\/v2\/types\/product"}],"replies":[{"embeddable":true,"href":"https:\/\/nfcjuices.com\/cs\/wp-json\/wp\/v2\/comments?post=1268"}],"wp:featuredmedia":[{"embeddable":true,"href":"https:\/\/nfcjuices.com\/cs\/wp-json\/wp\/v2\/media\/1281"}],"wp:attachment":[{"href":"https:\/\/nfcjuices.com\/cs\/wp-json\/wp\/v2\/media?parent=1268"}],"wp:term":[{"taxonomy":"product_brand","embeddable":true,"href":"https:\/\/nfcjuices.com\/cs\/wp-json\/wp\/v2\/product_brand?post=1268"},{"taxonomy":"product_cat","embeddable":true,"href":"https:\/\/nfcjuices.com\/cs\/wp-json\/wp\/v2\/product_cat?post=1268"},{"taxonomy":"product_tag","embeddable":true,"href":"https:\/\/nfcjuices.com\/cs\/wp-json\/wp\/v2\/product_tag?post=1268"}],"curies":[{"name":"wp","href":"https:\/\/api.w.org\/{rel}","templated":true}]}}