{"id":33,"date":"2025-04-15T11:38:29","date_gmt":"2025-04-15T09:38:29","guid":{"rendered":"https:\/\/nfcjuices.com\/?page_id=33"},"modified":"2025-04-15T11:38:30","modified_gmt":"2025-04-15T09:38:30","slug":"navraty","status":"publish","type":"page","link":"https:\/\/nfcjuices.com\/cs\/zwroty\/","title":{"rendered":"Vr\u00e1cen\u00ed zbo\u017e\u00ed, reklamace"},"content":{"rendered":"<p>D\u00e1my a p\u00e1nov\u00e9,<\/p>\n\n\n\n<p>Pokud Produkt zakoupen\u00fd v internetov\u00e9m obchod\u011b Nasza T\u0142ocznia nespl\u0148uje va\u0161e o\u010dek\u00e1v\u00e1n\u00ed nebo existuj\u00ed d\u016fvody k reklamaci, je mo\u017en\u00e9 Produkt ve stanoven\u00e9 lh\u016ft\u011b vr\u00e1tit nebo reklamovat. Pravidla pro vr\u00e1cen\u00ed zbo\u017e\u00ed, kter\u00e1 jsou z\u00e1rove\u0148 odstoupen\u00edm od uzav\u0159en\u00e9 Smlouvy a reklamacemi, jsou upravena a specifikov\u00e1na Obchodn\u00edmi p\u0159edpisy \u2013 body 10 a 11.<\/p>\n\n\n\n<p><strong>\u00a710&nbsp;<\/strong>Pr\u00e1vo odstoupit od Smlouvy<\/p>\n\n\n\n<ol class=\"wp-block-list\">\n<li>Z\u00e1kazn\u00edk (spot\u0159ebitel a podnikatel se spot\u0159ebitelsk\u00fdmi pr\u00e1vy) m\u016f\u017ee odstoupit od Smlouvy do 14 dn\u016f bez ud\u00e1n\u00ed d\u016fvodu.<\/li>\n\n\n\n<li>Lh\u016fta uveden\u00e1 v bod\u011b 1 za\u010d\u00edn\u00e1 b\u011b\u017eet dnem dod\u00e1n\u00ed Produktu Z\u00e1kazn\u00edkovi.<\/li>\n\n\n\n<li>V p\u0159\u00edpad\u011b Smlouvy, kter\u00e1 se vztahuje na v\u00edce Produkt\u016f, kter\u00e9 jsou dod\u00e1v\u00e1ny samostatn\u011b, v d\u00e1vk\u00e1ch nebo po \u010d\u00e1stech, b\u011b\u017e\u00ed lh\u016fta uveden\u00e1 v bod\u011b 1 od dod\u00e1n\u00ed posledn\u00ed polo\u017eky, d\u00e1vky nebo d\u00edlu.<\/li>\n\n\n\n<li>Z\u00e1kazn\u00edk m\u016f\u017ee odstoupit od Smlouvy doru\u010den\u00edm vypln\u011bn\u00e9ho a podepsan\u00e9ho prohl\u00e1\u0161en\u00ed o odstoupen\u00ed od Smlouvy Prod\u00e1vaj\u00edc\u00edmu (Formul\u00e1\u0159 pro vr\u00e1cen\u00ed zbo\u017e\u00ed je ke sta\u017een\u00ed n\u00ed\u017ee). Pro dodr\u017een\u00ed lh\u016fty pro odstoupen\u00ed od Smlouvy posta\u010d\u00ed, aby Spot\u0159ebitel odeslal prohl\u00e1\u0161en\u00ed p\u0159ed uplynut\u00edm lh\u016fty.<\/li>\n\n\n\n<li>Prohl\u00e1\u0161en\u00ed m\u016f\u017ee b\u00fdt zasl\u00e1no tradi\u010dn\u00ed po\u0161tou nebo elektronicky. M\u011blo by obsahovat \u00fadaje o z\u00e1kazn\u00edkovi, \u010d\u00edslo objedn\u00e1vky, \u010d\u00edslo prodejn\u00edho dokladu, ozna\u010den\u00ed vr\u00e1cen\u00e9ho produktu a voliteln\u011b d\u016fvod vr\u00e1cen\u00ed.<\/li>\n\n\n\n<li>Vr\u00e1cen\u00fd produkt mus\u00ed dorazit k prod\u00e1vaj\u00edc\u00edmu&nbsp;<strong>v perfektn\u00edm stavu<\/strong>, nejev\u00ed \u017e\u00e1dn\u00e9 zn\u00e1mky pou\u017e\u00edv\u00e1n\u00ed&nbsp;<strong>spolu s potvrzen\u00edm o koupi<\/strong>&nbsp;\u2013 vypln\u011bn\u00fd a podepsan\u00fd doklad nebo faktura s DPH&nbsp;<strong>formul\u00e1\u0159 pro vr\u00e1cen\u00ed<\/strong>Vr\u00e1cen\u00ed zbo\u017e\u00ed bez prodejn\u00edho dokladu nebo formul\u00e1\u0159e pro vr\u00e1cen\u00ed zbo\u017e\u00ed nebude zpracov\u00e1no.<\/li>\n\n\n\n<li>N\u00e1klady na doru\u010den\u00ed vr\u00e1cen\u00e9ho Produktu Prod\u00e1vaj\u00edc\u00edmu hrad\u00ed Z\u00e1kazn\u00edk.<\/li>\n\n\n\n<li>Bal\u00edky zaslan\u00e9 na dob\u00edrku nebudou akceptov\u00e1ny.<\/li>\n\n\n\n<li>Prod\u00e1vaj\u00edc\u00ed vr\u00e1t\u00ed platbu stejn\u00fdmi platebn\u00edmi metodami, jak\u00e9 Z\u00e1kazn\u00edk pou\u017eil p\u0159i p\u016fvodn\u00ed transakci, pokud Z\u00e1kazn\u00edk v\u00fdslovn\u011b nesouhlasil s jin\u00fdm \u0159e\u0161en\u00edm, kter\u00e9 pro n\u011bj nebudou spojeny \u017e\u00e1dn\u00e9 n\u00e1klady.<\/li>\n\n\n\n<li>Prod\u00e1vaj\u00edc\u00ed vr\u00e1t\u00ed platbu do 14 dn\u016f od okam\u017eiku potvrzen\u00ed vr\u00e1cen\u00ed, tj. produkt nenese \u017e\u00e1dn\u00e9 stopy pou\u017e\u00edv\u00e1n\u00ed a vr\u00e1cen\u00e9 zbo\u017e\u00ed obsahuje v\u0161echny po\u017eadovan\u00e9 dokumenty uveden\u00e9 v bod\u011b 6 tohoto odstavce.<\/li>\n<\/ol>\n\n\n\n<p><strong>\u00a711&nbsp;<\/strong>St\u00ed\u017enost<\/p>\n\n\n\n<ol class=\"wp-block-list\">\n<li>Prod\u00e1vaj\u00edc\u00ed je odpov\u011bdn\u00fd za \u0159\u00e1dnou kvalitu prod\u00e1van\u00fdch Produkt\u016f.<\/li>\n\n\n\n<li>Ve\u0161ker\u00e9 reklamace lze podat nejpozd\u011bji do 14 dn\u016f od okam\u017eiku, kdy Z\u00e1kazn\u00edk zjist\u00ed jak\u00e9koli nesrovnalosti t\u00fdkaj\u00edc\u00ed se Objedn\u00e1vky nebo Produktu.<\/li>\n\n\n\n<li>Z\u00e1kazn\u00edk (spot\u0159ebitel a podnikatel se spot\u0159ebitelsk\u00fdmi pr\u00e1vy) m\u016f\u017ee podat st\u00ed\u017enost pod\u00e1n\u00edm reklama\u010dn\u00edho prohl\u00e1\u0161en\u00ed (Formul\u00e1\u0159 pro reklamaci v\u00fdrobku je ke sta\u017een\u00ed n\u00ed\u017ee).<\/li>\n\n\n\n<li>Reklamaci lze podat tradi\u010dn\u00ed po\u0161tou nebo elektronicky.<\/li>\n\n\n\n<li>Reklamovan\u00fd produkt by m\u011bl b\u00fdt doru\u010den spolu s potvrzen\u00edm o koupi a vypln\u011bn\u00fdm a podepsan\u00fdm reklama\u010dn\u00edm formul\u00e1\u0159em. <\/li>\n\n\n\n<li>N\u00e1klady na vr\u00e1cen\u00ed reklamovan\u00e9ho Produktu hrad\u00ed Prod\u00e1vaj\u00edc\u00ed zasl\u00e1n\u00edm p\u0159epravn\u00edho \u0161t\u00edtku Z\u00e1kazn\u00edkovi.<\/li>\n\n\n\n<li>Bal\u00edky zaslan\u00e9 na dob\u00edrku nebudou akceptov\u00e1ny.<\/li>\n\n\n\n<li>Reklamace budou prod\u00e1vaj\u00edc\u00edm posouzeny do 14 dn\u016f od doru\u010den\u00ed zbo\u017e\u00ed.<\/li>\n<\/ol>\n\n\n\n<div data-wp-interactive=\"core\/file\" class=\"wp-block-file\"><object data-wp-bind--hidden=\"!state.hasPdfPreview\" hidden class=\"wp-block-file__embed\" data=\"https:\/\/naszatlocznia.pl\/wp-content\/uploads\/2023\/01\/Nasza-Tlocznia-Formularz-zwrotu-towaru-1.pdf\" type=\"application\/pdf\" style=\"width:100%;height:600px\" aria-label=\"Vlo\u017eit z Nasza-Tlocznia-Formularz-zwrotu-towaru-1.\"><\/object><a id=\"wp-block-file--media-3de63507-db4c-4865-9d84-4e3c7b0a9994\" href=\"https:\/\/naszatlocznia.pl\/wp-content\/uploads\/2023\/01\/Nasza-Tlocznia-Formularz-zwrotu-towaru-1.pdf\">N\u00e1\u0161 formul\u00e1\u0159 pro vr\u00e1cen\u00ed zbo\u017e\u00ed P\u0142ocznia 1<\/a><a href=\"https:\/\/naszatlocznia.pl\/wp-content\/uploads\/2023\/01\/Nasza-Tlocznia-Formularz-zwrotu-towaru-1.pdf\" class=\"wp-block-file__button wp-element-button\" download aria-describedby=\"wp-block-file--media-3de63507-db4c-4865-9d84-4e3c7b0a9994\">St\u00e1hnout<\/a><\/div>\n\n\n\n<div data-wp-interactive=\"core\/file\" class=\"wp-block-file\"><object data-wp-bind--hidden=\"!state.hasPdfPreview\" hidden class=\"wp-block-file__embed\" data=\"https:\/\/naszatlocznia.pl\/wp-content\/uploads\/2023\/01\/Nasza-Tlocznia-Formularz-reklamacji-towaru-1.pdf\" type=\"application\/pdf\" style=\"width:100%;height:600px\" aria-label=\"Vlo\u017eit z Nasza-Tlocznia-Formularz-reklamacji-towaru-1.\"><\/object><a id=\"wp-block-file--media-609b336b-8a62-4671-a006-68f4eca3a8cf\" href=\"https:\/\/naszatlocznia.pl\/wp-content\/uploads\/2023\/01\/Nasza-Tlocznia-Formularz-reklamacji-towaru-1.pdf\">Nasza-P\u0142ocznia-Formul\u00e1\u0159-st\u00ed\u017enosti-1 produktu<\/a><a href=\"https:\/\/naszatlocznia.pl\/wp-content\/uploads\/2023\/01\/Nasza-Tlocznia-Formularz-reklamacji-towaru-1.pdf\" class=\"wp-block-file__button wp-element-button\" download aria-describedby=\"wp-block-file--media-609b336b-8a62-4671-a006-68f4eca3a8cf\">St\u00e1hnout<\/a><\/div>","protected":false},"excerpt":{"rendered":"<p>Szanowni Pa\u0144stwo, Je\u015bli Produkt zakupiony w&nbsp;Sklepie internetowym Nasza T\u0142ocznia nie spe\u0142nia Pa\u0144stwa oczekiwa\u0144 lub wyst\u0119puj\u0105 podstawy do jego reklamacji, mo\u017cliwy jest zwrot lub reklamacja Produktu w&nbsp;okre\u015blonym terminie. Zasady dokonywania zwrot\u00f3w, b\u0119d\u0105cych jednocze\u015bnie odst\u0105pieniem od zawartej Umowy oraz reklamacji, reguluje i&nbsp;okre\u015bla Regulamin Sklepu internetowego \u2013 paragrafy 10 i&nbsp;11. \u00a710&nbsp;Prawo odst\u0105pienia od Umowy \u00a711&nbsp;Reklamacja<\/p>","protected":false},"author":1,"featured_media":0,"parent":0,"menu_order":0,"comment_status":"closed","ping_status":"closed","template":"","meta":{"footnotes":""},"class_list":["post-33","page","type-page","status-publish","hentry"],"yoast_head":"<!-- This site is optimized with the Yoast SEO plugin v24.9 - https:\/\/yoast.com\/wordpress\/plugins\/seo\/ -->\n<title>Zwroty, reklamacje - nfc-juices<\/title>\n<meta name=\"robots\" content=\"index, follow, max-snippet:-1, max-image-preview:large, max-video-preview:-1\" \/>\n<link rel=\"canonical\" href=\"https:\/\/nfcjuices.com\/cs\/navraty\/\" \/>\n<meta property=\"og:locale\" content=\"cs_CZ\" \/>\n<meta property=\"og:type\" content=\"article\" \/>\n<meta property=\"og:title\" content=\"Zwroty, reklamacje - nfc-juices\" \/>\n<meta property=\"og:description\" content=\"Szanowni Pa\u0144stwo, Je\u015bli Produkt zakupiony w&nbsp;Sklepie internetowym Nasza T\u0142ocznia nie spe\u0142nia Pa\u0144stwa oczekiwa\u0144 lub wyst\u0119puj\u0105 podstawy do jego reklamacji, mo\u017cliwy jest zwrot lub reklamacja Produktu w&nbsp;okre\u015blonym terminie. Zasady dokonywania zwrot\u00f3w, b\u0119d\u0105cych jednocze\u015bnie odst\u0105pieniem od zawartej Umowy oraz reklamacji, reguluje i&nbsp;okre\u015bla Regulamin Sklepu internetowego \u2013 paragrafy 10 i&nbsp;11. \u00a710&nbsp;Prawo odst\u0105pienia od Umowy \u00a711&nbsp;Reklamacja\" \/>\n<meta property=\"og:url\" content=\"https:\/\/nfcjuices.com\/cs\/navraty\/\" \/>\n<meta property=\"og:site_name\" content=\"nfc-juices\" \/>\n<meta property=\"article:modified_time\" content=\"2025-04-15T09:38:30+00:00\" \/>\n<meta name=\"twitter:card\" content=\"summary_large_image\" \/>\n<meta name=\"twitter:label1\" content=\"Odhadovan\u00e1 doba \u010dten\u00ed\" \/>\n\t<meta name=\"twitter:data1\" content=\"3 minuty\" \/>\n<script type=\"application\/ld+json\" class=\"yoast-schema-graph\">{\"@context\":\"https:\/\/schema.org\",\"@graph\":[{\"@type\":\"WebPage\",\"@id\":\"https:\/\/nfcjuices.com\/zwroty\/\",\"url\":\"https:\/\/nfcjuices.com\/zwroty\/\",\"name\":\"Zwroty, reklamacje - nfc-juices\",\"isPartOf\":{\"@id\":\"https:\/\/nfcjuices.com\/#website\"},\"datePublished\":\"2025-04-15T09:38:29+00:00\",\"dateModified\":\"2025-04-15T09:38:30+00:00\",\"breadcrumb\":{\"@id\":\"https:\/\/nfcjuices.com\/zwroty\/#breadcrumb\"},\"inLanguage\":\"cs\",\"potentialAction\":[{\"@type\":\"ReadAction\",\"target\":[\"https:\/\/nfcjuices.com\/zwroty\/\"]}]},{\"@type\":\"BreadcrumbList\",\"@id\":\"https:\/\/nfcjuices.com\/zwroty\/#breadcrumb\",\"itemListElement\":[{\"@type\":\"ListItem\",\"position\":1,\"name\":\"Strona g\u0142\u00f3wna\",\"item\":\"https:\/\/nfcjuices.com\/\"},{\"@type\":\"ListItem\",\"position\":2,\"name\":\"Zwroty, reklamacje\"}]},{\"@type\":\"WebSite\",\"@id\":\"https:\/\/nfcjuices.com\/#website\",\"url\":\"https:\/\/nfcjuices.com\/\",\"name\":\"nfc-juices\",\"description\":\"Soki, przeciery, musy NFC w beczkach\",\"publisher\":{\"@id\":\"https:\/\/nfcjuices.com\/#organization\"},\"potentialAction\":[{\"@type\":\"SearchAction\",\"target\":{\"@type\":\"EntryPoint\",\"urlTemplate\":\"https:\/\/nfcjuices.com\/?s={search_term_string}\"},\"query-input\":{\"@type\":\"PropertyValueSpecification\",\"valueRequired\":true,\"valueName\":\"search_term_string\"}}],\"inLanguage\":\"cs\"},{\"@type\":\"Organization\",\"@id\":\"https:\/\/nfcjuices.com\/#organization\",\"name\":\"Nasza T\u0142ocznia\",\"url\":\"https:\/\/nfcjuices.com\/\",\"logo\":{\"@type\":\"ImageObject\",\"inLanguage\":\"cs\",\"@id\":\"https:\/\/nfcjuices.com\/#\/schema\/logo\/image\/\",\"url\":\"https:\/\/nfcjuices.com\/wp-content\/uploads\/2025\/05\/cropped-B2b-1.png\",\"contentUrl\":\"https:\/\/nfcjuices.com\/wp-content\/uploads\/2025\/05\/cropped-B2b-1.png\",\"width\":1199,\"height\":999,\"caption\":\"Nasza T\u0142ocznia\"},\"image\":{\"@id\":\"https:\/\/nfcjuices.com\/#\/schema\/logo\/image\/\"}}]}<\/script>\n<!-- \/ Yoast SEO plugin. -->","yoast_head_json":{"title":"Vr\u00e1cen\u00ed zbo\u017e\u00ed, reklamace - nfc-d\u017eusy","robots":{"index":"index","follow":"follow","max-snippet":"max-snippet:-1","max-image-preview":"max-image-preview:large","max-video-preview":"max-video-preview:-1"},"canonical":"https:\/\/nfcjuices.com\/cs\/navraty\/","og_locale":"cs_CZ","og_type":"article","og_title":"Zwroty, reklamacje - nfc-juices","og_description":"Szanowni Pa\u0144stwo, Je\u015bli Produkt zakupiony w&nbsp;Sklepie internetowym Nasza T\u0142ocznia nie spe\u0142nia Pa\u0144stwa oczekiwa\u0144 lub wyst\u0119puj\u0105 podstawy do jego reklamacji, mo\u017cliwy jest zwrot lub reklamacja Produktu w&nbsp;okre\u015blonym terminie. Zasady dokonywania zwrot\u00f3w, b\u0119d\u0105cych jednocze\u015bnie odst\u0105pieniem od zawartej Umowy oraz reklamacji, reguluje i&nbsp;okre\u015bla Regulamin Sklepu internetowego \u2013 paragrafy 10 i&nbsp;11. \u00a710&nbsp;Prawo odst\u0105pienia od Umowy \u00a711&nbsp;Reklamacja","og_url":"https:\/\/nfcjuices.com\/cs\/navraty\/","og_site_name":"nfc-juices","article_modified_time":"2025-04-15T09:38:30+00:00","twitter_card":"summary_large_image","twitter_misc":{"Odhadovan\u00e1 doba \u010dten\u00ed":"3 minuty"},"schema":{"@context":"https:\/\/schema.org","@graph":[{"@type":"WebPage","@id":"https:\/\/nfcjuices.com\/zwroty\/","url":"https:\/\/nfcjuices.com\/zwroty\/","name":"Vr\u00e1cen\u00ed zbo\u017e\u00ed, reklamace - nfc-d\u017eusy","isPartOf":{"@id":"https:\/\/nfcjuices.com\/#website"},"datePublished":"2025-04-15T09:38:29+00:00","dateModified":"2025-04-15T09:38:30+00:00","breadcrumb":{"@id":"https:\/\/nfcjuices.com\/zwroty\/#breadcrumb"},"inLanguage":"cs","potentialAction":[{"@type":"ReadAction","target":["https:\/\/nfcjuices.com\/zwroty\/"]}]},{"@type":"BreadcrumbList","@id":"https:\/\/nfcjuices.com\/zwroty\/#breadcrumb","itemListElement":[{"@type":"ListItem","position":1,"name":"Strona g\u0142\u00f3wna","item":"https:\/\/nfcjuices.com\/"},{"@type":"ListItem","position":2,"name":"Zwroty, reklamacje"}]},{"@type":"WebSite","@id":"https:\/\/nfcjuices.com\/#website","url":"https:\/\/nfcjuices.com\/","name":"nfc \u0161\u0165\u00e1vy","description":"D\u017eusy, pyr\u00e9, NFC p\u011bny v sudech","publisher":{"@id":"https:\/\/nfcjuices.com\/#organization"},"potentialAction":[{"@type":"SearchAction","target":{"@type":"EntryPoint","urlTemplate":"https:\/\/nfcjuices.com\/?s={search_term_string}"},"query-input":{"@type":"PropertyValueSpecification","valueRequired":true,"valueName":"search_term_string"}}],"inLanguage":"cs"},{"@type":"Organization","@id":"https:\/\/nfcjuices.com\/#organization","name":"Na\u0161e lisovna","url":"https:\/\/nfcjuices.com\/","logo":{"@type":"ImageObject","inLanguage":"cs","@id":"https:\/\/nfcjuices.com\/#\/schema\/logo\/image\/","url":"https:\/\/nfcjuices.com\/wp-content\/uploads\/2025\/05\/cropped-B2b-1.png","contentUrl":"https:\/\/nfcjuices.com\/wp-content\/uploads\/2025\/05\/cropped-B2b-1.png","width":1199,"height":999,"caption":"Nasza T\u0142ocznia"},"image":{"@id":"https:\/\/nfcjuices.com\/#\/schema\/logo\/image\/"}}]}},"_links":{"self":[{"href":"https:\/\/nfcjuices.com\/cs\/wp-json\/wp\/v2\/pages\/33","targetHints":{"allow":["GET"]}}],"collection":[{"href":"https:\/\/nfcjuices.com\/cs\/wp-json\/wp\/v2\/pages"}],"about":[{"href":"https:\/\/nfcjuices.com\/cs\/wp-json\/wp\/v2\/types\/page"}],"author":[{"embeddable":true,"href":"https:\/\/nfcjuices.com\/cs\/wp-json\/wp\/v2\/users\/1"}],"replies":[{"embeddable":true,"href":"https:\/\/nfcjuices.com\/cs\/wp-json\/wp\/v2\/comments?post=33"}],"version-history":[{"count":1,"href":"https:\/\/nfcjuices.com\/cs\/wp-json\/wp\/v2\/pages\/33\/revisions"}],"predecessor-version":[{"id":957,"href":"https:\/\/nfcjuices.com\/cs\/wp-json\/wp\/v2\/pages\/33\/revisions\/957"}],"wp:attachment":[{"href":"https:\/\/nfcjuices.com\/cs\/wp-json\/wp\/v2\/media?parent=33"}],"curies":[{"name":"wp","href":"https:\/\/api.w.org\/{rel}","templated":true}]}}