{"id":3,"date":"2025-03-05T12:57:31","date_gmt":"2025-03-05T11:57:31","guid":{"rendered":"https:\/\/nfcjuices.com\/?page_id=3"},"modified":"2025-04-15T11:36:21","modified_gmt":"2025-04-15T09:36:21","slug":"zasady-ochrany-osobnich-udaju","status":"publish","type":"page","link":"https:\/\/nfcjuices.com\/cs\/polityka-prywatnosci\/","title":{"rendered":"Z\u00e1sady ochrany osobn\u00edch \u00fadaj\u016f"},"content":{"rendered":"<p><strong>\u00a71 Obecn\u00e1 ustanoven\u00ed<\/strong><\/p>\n\n\n\n<p>1. Spr\u00e1vcem \u00fadaj\u016f je Gospodarstwo Sadownicze Zbigniew Pietrzycki, se s\u00eddlem 05-660 Warka, Konary 92, zapsan\u00fd v Centr\u00e1ln\u00edm registru a informac\u00edch o podnikatelsk\u00e9 \u010dinnosti, DI\u010c: 797-127-18-11, REGON 672798121. Ochrana \u00fadaj\u016f je prov\u00e1d\u011bna v souladu s po\u017eadavky obecn\u011b platn\u00fdch pr\u00e1vn\u00edch p\u0159edpis\u016f a jsou ulo\u017eeny na zabezpe\u010den\u00fdch serverech.<\/p>\n\n\n\n<p>2. Pro v\u00fdklad pojm\u016f se pou\u017e\u00edv\u00e1 glos\u00e1\u0159 v Pravidlech nebo zp\u016fsob popsan\u00fd v Z\u00e1sad\u00e1ch ochrany osobn\u00edch \u00fadaj\u016f (pokud to vypl\u00fdv\u00e1 p\u0159\u00edmo z popisu).<\/p>\n\n\n\n<p>3. Abychom zajistili ochranu soukrom\u00ed a zabezpe\u010den\u00ed dat, pou\u017e\u00edv\u00e1me mimo jin\u00e9: protokol zabezpe\u010den\u00e9ho \u0161ifrov\u00e1n\u00ed komunikace (SSL).<\/p>\n\n\n\n<p>4. Ve\u0161ker\u00e9 osobn\u00ed \u00fadaje Z\u00e1kazn\u00edk\u016f jsou pova\u017eov\u00e1ny za d\u016fv\u011brn\u00e9 a nejsou viditeln\u00e9 neopr\u00e1vn\u011bn\u00fdm osob\u00e1m.<\/p>\n\n\n\n<p>5. Z\u00e1sady ochrany osobn\u00edch \u00fadaj\u016f jsou v souladu s obecn\u00fdm na\u0159\u00edzen\u00edm o ochran\u011b osobn\u00edch \u00fadaj\u016f (GDPR) a plat\u00ed od 05.07.2018.<\/p>\n\n\n\n<p><strong>\u00a72 \u00da\u010del a rozsah shroma\u017e\u010fov\u00e1n\u00ed \u00fadaj\u016f<\/strong><\/p>\n\n\n\n<p>1. Prod\u00e1vaj\u00edc\u00ed je spr\u00e1vcem osobn\u00edch \u00fadaj\u016f z\u00e1kazn\u00edk\u016f.<\/p>\n\n\n\n<p>2. Osobn\u00ed \u00fadaje Z\u00e1kazn\u00edk\u016f jsou shroma\u017e\u010fov\u00e1ny a zpracov\u00e1v\u00e1ny za \u00fa\u010delem vy\u0159\u00edzen\u00ed objedn\u00e1vek zadan\u00fdch v Internetov\u00e9m obchod\u011b, nebo pokud s t\u00edm Z\u00e1kazn\u00edk souhlas\u00ed, tak\u00e9 pro marketingov\u00e9 \u00fa\u010dely.<\/p>\n\n\n\n<p>3. Osobn\u00ed \u00fadaje z\u00e1kazn\u00edk\u016f jsou zpracov\u00e1v\u00e1ny:<\/p>\n\n\n\n<p>A. v souladu s ustanoven\u00edmi o ochran\u011b osobn\u00edch \u00fadaj\u016f,<\/p>\n\n\n\n<p>b. v souladu s implementovan\u00fdmi Z\u00e1sadami ochrany osobn\u00edch \u00fadaj\u016f,<\/p>\n\n\n\n<p>C. v rozsahu a za \u00fa\u010delem nezbytn\u00fdm k vytvo\u0159en\u00ed a utv\u00e1\u0159en\u00ed obsahu Smlouvy, jej\u00ed zm\u011bn\u011b nebo ukon\u010den\u00ed a \u0159\u00e1dn\u00e9mu prov\u00e1d\u011bn\u00ed Slu\u017eeb poskytovan\u00fdch elektronicky,<\/p>\n\n\n\n<p>d. v rozsahu a za \u00fa\u010delem nezbytn\u00fdm k napln\u011bn\u00ed opr\u00e1vn\u011bn\u00fdch z\u00e1jm\u016f a zpracov\u00e1n\u00ed neporu\u0161uje pr\u00e1va a svobody subjektu \u00fadaj\u016f,<\/p>\n\n\n\n<p>E. v rozsahu a za \u00fa\u010delem, kter\u00fd je v souladu s v\u016fl\u00ed projevenou Klientem.<\/p>\n\n\n\n<p>4. Spr\u00e1vce prost\u0159ednictv\u00edm Webov\u00fdch str\u00e1nek a jin\u00fdch forem komunikace shroma\u017e\u010fuje a zpracov\u00e1v\u00e1 n\u00e1sleduj\u00edc\u00ed osobn\u00ed \u00fadaje U\u017eivatel\u016f poskytnut\u00e9 b\u011bhem registrace na Webov\u00fdch str\u00e1nk\u00e1ch:<br><br>A. jm\u00e9no a p\u0159\u00edjmen\u00ed<br>b. adresa<br>C. telefonn\u00ed \u010d\u00edslo<br>e-mailov\u00e1 adresa<br>E. n\u00e1zev spole\u010dnosti<br>F. N\u00e1rodn\u00ed investi\u010dn\u00ed program (NIP)<\/p>\n\n\n\n<p>5. Klient m\u00e1 pr\u00e1vo p\u0159\u00edstupu k \u00fadaj\u016fm, pr\u00e1vo na jejich opravu, v\u00fdmaz nebo omezen\u00ed zpracov\u00e1n\u00ed, pr\u00e1vo vzn\u00e9st n\u00e1mitku, pr\u00e1vo podat st\u00ed\u017enost u dozorov\u00e9ho \u00fa\u0159adu, kter\u00fdm je p\u0159edseda \u00da\u0159adu pro ochranu osobn\u00edch \u00fadaj\u016f.<\/p>\n\n\n\n<p>6. Kontakt s osobou dohl\u00ed\u017eej\u00edc\u00ed na zpracov\u00e1n\u00ed osobn\u00edch \u00fadaj\u016f je mo\u017en\u00fd e-mailem na n\u00e1sleduj\u00edc\u00ed adrese: biuro@naszatlocznia.pl<\/p>\n\n\n\n<p>7. Spr\u00e1vce m\u00e1 pr\u00e1vo zpracov\u00e1vat osobn\u00ed \u00fadaje Z\u00e1kazn\u00edk\u016f po ukon\u010den\u00ed Smlouvy nebo odvol\u00e1n\u00ed souhlasu pouze za \u00fa\u010delem uplatn\u011bn\u00ed p\u0159\u00edpadn\u00fdch n\u00e1rok\u016f u soudu, nebo pokud uchov\u00e1v\u00e1n\u00ed \u00fadaj\u016f vy\u017eaduje vnitrost\u00e1tn\u00ed, unijn\u00ed nebo mezin\u00e1rodn\u00ed pr\u00e1vo.<\/p>\n\n\n\n<p>8. Spr\u00e1vce m\u00e1 pr\u00e1vo zp\u0159\u00edstupnit osobn\u00ed \u00fadaje Klienta a dal\u0161\u00ed \u00fadaje subjekt\u016fm opr\u00e1vn\u011bn\u00fdm podle platn\u00fdch pr\u00e1vn\u00edch p\u0159edpis\u016f, nap\u0159. org\u00e1ny \u010dinn\u00e9 v trestn\u00edm \u0159\u00edzen\u00ed.<\/p>\n\n\n\n<p>9. Spr\u00e1vce nesd\u011bluje osobn\u00ed \u00fadaje Z\u00e1kazn\u00edk\u016f jin\u00fdm subjekt\u016fm, s v\u00fdjimkou t\u011bch, kter\u00e9 jsou k tomu opr\u00e1vn\u011bny podle platn\u00fdch pr\u00e1vn\u00edch p\u0159edpis\u016f.<\/p>\n\n\n\n<p>10. Osobn\u00ed \u00fadaje budou uchov\u00e1v\u00e1ny po dobu trv\u00e1n\u00ed smlouvy a po dobu odpov\u00eddaj\u00edc\u00ed platn\u00fdm p\u0159edpis\u016fm, s p\u0159ihl\u00e9dnut\u00edm k proml\u010dec\u00ed lh\u016ft\u011b pro n\u00e1roky a da\u0148ov\u00e9 povinnosti. Osobn\u00ed \u00fadaje, se kter\u00fdmi jste souhlasili, budou uchov\u00e1v\u00e1ny, dokud sv\u016fj souhlas neodvol\u00e1te.<\/p>\n\n\n\n<p>11. Osobn\u00ed \u00fadaje mohou b\u00fdt vymaz\u00e1ny v d\u016fsledku odvol\u00e1n\u00ed souhlasu nebo pod\u00e1n\u00ed z\u00e1konem p\u0159\u00edpustn\u00e9 n\u00e1mitky proti zpracov\u00e1n\u00ed osobn\u00edch \u00fadaj\u016f. \u017d\u00e1dosti t\u00fdkaj\u00edc\u00ed se zpracov\u00e1n\u00ed osobn\u00edch \u00fadaj\u016f m\u016f\u017eete zas\u00edlat e-mailem na adresu spr\u00e1vce osobn\u00edch \u00fadaj\u016f: biuro@naszatlocznia.pl<\/p>\n\n\n\n<p><strong>\u00a73 Informace o profilov\u00e1n\u00ed a \u00fa\u010dinku profilov\u00e1n\u00ed osobn\u00edch \u00fadaj\u016f<\/strong><\/p>\n\n\n\n<p>Spr\u00e1vce analyzuje osobn\u00ed \u00fadaje automatizovan\u00fdm zp\u016fsobem pomoc\u00ed n\u00e1stroj\u016f poskytovan\u00fdch poskytovateli softwaru (nap\u0159. statistiky, historie). \u00da\u010delem automatizovan\u00e9ho zpracov\u00e1n\u00ed dat je zjistit preference U\u017eivatel\u016f.<\/p>\n\n\n\n<p><strong>\u00a74 Soubory cookie<\/strong><\/p>\n\n\n\n<p>1. Webov\u00e9 str\u00e1nky www.naszatlocznia.pl pou\u017e\u00edvaj\u00ed soubory cookie. Jedn\u00e1 se o mal\u00e9 textov\u00e9 soubory odes\u00edlan\u00e9 webov\u00fdm serverem a ukl\u00e1dan\u00e9 prohl\u00ed\u017ee\u010dem va\u0161eho po\u010d\u00edta\u010de. Kdy\u017e se prohl\u00ed\u017ee\u010d znovu p\u0159ipoj\u00ed k webu, web rozpozn\u00e1 typ za\u0159\u00edzen\u00ed, ze kter\u00e9ho se u\u017eivatel p\u0159ipojuje. Parametry umo\u017e\u0148uj\u00ed \u010d\u00edst informace v nich obsa\u017een\u00e9 pouze serveru, kter\u00fd je vytvo\u0159il. Soubory cookie proto usnad\u0148uj\u00ed pou\u017e\u00edv\u00e1n\u00ed d\u0159\u00edve nav\u0161t\u00edven\u00fdch webov\u00fdch str\u00e1nek. Mezi shroma\u017e\u010fovan\u00e9 informace pat\u0159\u00ed IP adresa, typ prohl\u00ed\u017ee\u010de, jazyk, typ opera\u010dn\u00edho syst\u00e9mu, poskytovatel internetov\u00fdch slu\u017eeb, informace o \u010dase a datu, um\u00edst\u011bn\u00ed a informace odeslan\u00e9 na webov\u00e9 str\u00e1nky prost\u0159ednictv\u00edm kontaktn\u00edho formul\u00e1\u0159e.<\/p>\n\n\n\n<p>2. Webov\u00e9 str\u00e1nky prod\u00e1vaj\u00edc\u00edho pou\u017e\u00edvaj\u00ed n\u00e1sleduj\u00edc\u00ed soubory cookie:<\/p>\n\n\n\n<p>A. \u201enezbytn\u00e9\u201c soubory cookie, kter\u00e9 umo\u017e\u0148uj\u00ed pou\u017e\u00edv\u00e1n\u00ed slu\u017eeb dostupn\u00fdch na webov\u00fdch str\u00e1nk\u00e1ch, nap\u0159. ov\u011b\u0159ovac\u00ed soubory cookie pou\u017e\u00edvan\u00e9 pro slu\u017eby, kter\u00e9 vy\u017eaduj\u00ed ov\u011b\u0159ov\u00e1n\u00ed na webov\u00fdch str\u00e1nk\u00e1ch,<\/p>\n\n\n\n<p>b. soubory cookie pou\u017e\u00edvan\u00e9 k zaji\u0161t\u011bn\u00ed bezpe\u010dnosti, nap\u0159. pou\u017e\u00edv\u00e1 se k detekci zneu\u017eit\u00ed v oblasti ov\u011b\u0159ov\u00e1n\u00ed v r\u00e1mci slu\u017eby,<\/p>\n\n\n\n<p>C. \u201ev\u00fdkonnostn\u00ed\u201c soubory cookie, kter\u00e9 umo\u017e\u0148uj\u00ed shroma\u017e\u010fov\u00e1n\u00ed informac\u00ed o tom, jak jsou webov\u00e9 str\u00e1nky pou\u017e\u00edv\u00e1ny,<\/p>\n\n\n\n<p>d. \u201efunk\u010dn\u00ed\u201c soubory cookie, kter\u00e9 umo\u017e\u0148uj\u00ed \u201ezapamatov\u00e1n\u00ed\u201c nastaven\u00ed zvolen\u00fdch u\u017eivatelem a personalizaci u\u017eivatelsk\u00e9ho rozhran\u00ed, nap\u0159. z hlediska zvolen\u00e9ho jazyka nebo regionu, ze kter\u00e9ho u\u017eivatel poch\u00e1z\u00ed, velikosti p\u00edsma, vzhledu webov\u00fdch str\u00e1nek,<\/p>\n\n\n\n<p>E. \u201ereklamn\u00ed\u201c soubory cookie, kter\u00e9 umo\u017e\u0148uj\u00ed poskytov\u00e1n\u00ed reklamn\u00edho obsahu u\u017eivatel\u016fm, kter\u00fd je v\u00edce p\u0159izp\u016fsoben jejich z\u00e1jm\u016fm.<\/p>\n\n\n\n<p>3. Z\u00e1kazn\u00edk m\u016f\u017ee kdykoli zak\u00e1zat nebo obnovit mo\u017enost shroma\u017e\u010fov\u00e1n\u00ed soubor\u016f cookie zm\u011bnou nastaven\u00ed ve sv\u00e9m webov\u00e9m prohl\u00ed\u017ee\u010di.<\/p>\n\n\n\n<p>4. Dal\u0161\u00ed osobn\u00ed \u00fadaje, jako je e-mailov\u00e1 adresa, shroma\u017e\u010fuje Spr\u00e1vce pouze na m\u00edstech, kde s t\u00edm u\u017eivatel v\u00fdslovn\u011b souhlasil vypln\u011bn\u00edm formul\u00e1\u0159e.<\/p>","protected":false},"excerpt":{"rendered":"<p>\u00a71 Postanowienia og\u00f3lne 1. Administratorem danych jest Gospodarstwo Sadownicze Zbigniew Pietrzycki, z&nbsp;siedzib\u0105 w&nbsp;05-660 Warka, Konary 92, wpisane do Centralnej Ewidencji i&nbsp;Informacji o&nbsp;Dzia\u0142alno\u015bci Gospodarczej, NIP: 797-127-18-11, REGON 672798121. Ochrona danych odbywa si\u0119 zgodnie z&nbsp;wymogami powszechnie obowi\u0105zuj\u0105cych przepis\u00f3w prawa, a&nbsp;ich przechowywanie ma miejsce na zabezpieczonych serwerach. 2. Dla interpretacji termin\u00f3w stosuje si\u0119 s\u0142owniczek Regulaminu lub tak jak [&hellip;]<\/p>\n","protected":false},"author":1,"featured_media":0,"parent":0,"menu_order":0,"comment_status":"closed","ping_status":"open","template":"","meta":{"footnotes":""},"class_list":["post-3","page","type-page","status-publish","hentry"],"yoast_head":"<!-- This site is optimized with the Yoast SEO plugin v24.9 - https:\/\/yoast.com\/wordpress\/plugins\/seo\/ -->\n<title>Polityka prywatno\u015bci - nfc-juices<\/title>\n<meta name=\"robots\" content=\"index, follow, max-snippet:-1, max-image-preview:large, max-video-preview:-1\" \/>\n<link rel=\"canonical\" href=\"https:\/\/nfcjuices.com\/cs\/zasady-ochrany-osobnich-udaju\/\" \/>\n<meta property=\"og:locale\" content=\"cs_CZ\" \/>\n<meta property=\"og:type\" content=\"article\" \/>\n<meta property=\"og:title\" content=\"Polityka prywatno\u015bci - nfc-juices\" \/>\n<meta property=\"og:description\" content=\"\u00a71 Postanowienia og\u00f3lne 1. Administratorem danych jest Gospodarstwo Sadownicze Zbigniew Pietrzycki, z&nbsp;siedzib\u0105 w&nbsp;05-660 Warka, Konary 92, wpisane do Centralnej Ewidencji i&nbsp;Informacji o&nbsp;Dzia\u0142alno\u015bci Gospodarczej, NIP: 797-127-18-11, REGON 672798121. Ochrona danych odbywa si\u0119 zgodnie z&nbsp;wymogami powszechnie obowi\u0105zuj\u0105cych przepis\u00f3w prawa, a&nbsp;ich przechowywanie ma miejsce na zabezpieczonych serwerach. 2. Dla interpretacji termin\u00f3w stosuje si\u0119 s\u0142owniczek Regulaminu lub tak jak [&hellip;]\" \/>\n<meta property=\"og:url\" content=\"https:\/\/nfcjuices.com\/cs\/zasady-ochrany-osobnich-udaju\/\" \/>\n<meta property=\"og:site_name\" content=\"nfc-juices\" \/>\n<meta property=\"article:modified_time\" content=\"2025-04-15T09:36:21+00:00\" \/>\n<meta name=\"twitter:card\" content=\"summary_large_image\" \/>\n<meta name=\"twitter:label1\" content=\"Odhadovan\u00e1 doba \u010dten\u00ed\" \/>\n\t<meta name=\"twitter:data1\" content=\"5 minut\" \/>\n<script type=\"application\/ld+json\" class=\"yoast-schema-graph\">{\"@context\":\"https:\/\/schema.org\",\"@graph\":[{\"@type\":\"WebPage\",\"@id\":\"https:\/\/nfcjuices.com\/polityka-prywatnosci\/\",\"url\":\"https:\/\/nfcjuices.com\/polityka-prywatnosci\/\",\"name\":\"Polityka prywatno\u015bci - nfc-juices\",\"isPartOf\":{\"@id\":\"https:\/\/nfcjuices.com\/#website\"},\"datePublished\":\"2025-03-05T11:57:31+00:00\",\"dateModified\":\"2025-04-15T09:36:21+00:00\",\"breadcrumb\":{\"@id\":\"https:\/\/nfcjuices.com\/polityka-prywatnosci\/#breadcrumb\"},\"inLanguage\":\"cs\",\"potentialAction\":[{\"@type\":\"ReadAction\",\"target\":[\"https:\/\/nfcjuices.com\/polityka-prywatnosci\/\"]}]},{\"@type\":\"BreadcrumbList\",\"@id\":\"https:\/\/nfcjuices.com\/polityka-prywatnosci\/#breadcrumb\",\"itemListElement\":[{\"@type\":\"ListItem\",\"position\":1,\"name\":\"Strona g\u0142\u00f3wna\",\"item\":\"https:\/\/nfcjuices.com\/\"},{\"@type\":\"ListItem\",\"position\":2,\"name\":\"Polityka prywatno\u015bci\"}]},{\"@type\":\"WebSite\",\"@id\":\"https:\/\/nfcjuices.com\/#website\",\"url\":\"https:\/\/nfcjuices.com\/\",\"name\":\"nfc-juices\",\"description\":\"Soki, przeciery, musy NFC w beczkach\",\"publisher\":{\"@id\":\"https:\/\/nfcjuices.com\/#organization\"},\"potentialAction\":[{\"@type\":\"SearchAction\",\"target\":{\"@type\":\"EntryPoint\",\"urlTemplate\":\"https:\/\/nfcjuices.com\/?s={search_term_string}\"},\"query-input\":{\"@type\":\"PropertyValueSpecification\",\"valueRequired\":true,\"valueName\":\"search_term_string\"}}],\"inLanguage\":\"cs\"},{\"@type\":\"Organization\",\"@id\":\"https:\/\/nfcjuices.com\/#organization\",\"name\":\"Nasza T\u0142ocznia\",\"url\":\"https:\/\/nfcjuices.com\/\",\"logo\":{\"@type\":\"ImageObject\",\"inLanguage\":\"cs\",\"@id\":\"https:\/\/nfcjuices.com\/#\/schema\/logo\/image\/\",\"url\":\"https:\/\/nfcjuices.com\/wp-content\/uploads\/2025\/05\/cropped-B2b-1.png\",\"contentUrl\":\"https:\/\/nfcjuices.com\/wp-content\/uploads\/2025\/05\/cropped-B2b-1.png\",\"width\":1199,\"height\":999,\"caption\":\"Nasza T\u0142ocznia\"},\"image\":{\"@id\":\"https:\/\/nfcjuices.com\/#\/schema\/logo\/image\/\"}}]}<\/script>\n<!-- \/ Yoast SEO plugin. -->","yoast_head_json":{"title":"Z\u00e1sady ochrany osobn\u00edch \u00fadaj\u016f - nfc-juices","robots":{"index":"index","follow":"follow","max-snippet":"max-snippet:-1","max-image-preview":"max-image-preview:large","max-video-preview":"max-video-preview:-1"},"canonical":"https:\/\/nfcjuices.com\/cs\/zasady-ochrany-osobnich-udaju\/","og_locale":"cs_CZ","og_type":"article","og_title":"Polityka prywatno\u015bci - nfc-juices","og_description":"\u00a71 Postanowienia og\u00f3lne 1. Administratorem danych jest Gospodarstwo Sadownicze Zbigniew Pietrzycki, z&nbsp;siedzib\u0105 w&nbsp;05-660 Warka, Konary 92, wpisane do Centralnej Ewidencji i&nbsp;Informacji o&nbsp;Dzia\u0142alno\u015bci Gospodarczej, NIP: 797-127-18-11, REGON 672798121. Ochrona danych odbywa si\u0119 zgodnie z&nbsp;wymogami powszechnie obowi\u0105zuj\u0105cych przepis\u00f3w prawa, a&nbsp;ich przechowywanie ma miejsce na zabezpieczonych serwerach. 2. Dla interpretacji termin\u00f3w stosuje si\u0119 s\u0142owniczek Regulaminu lub tak jak [&hellip;]","og_url":"https:\/\/nfcjuices.com\/cs\/zasady-ochrany-osobnich-udaju\/","og_site_name":"nfc-juices","article_modified_time":"2025-04-15T09:36:21+00:00","twitter_card":"summary_large_image","twitter_misc":{"Odhadovan\u00e1 doba \u010dten\u00ed":"5 minut"},"schema":{"@context":"https:\/\/schema.org","@graph":[{"@type":"WebPage","@id":"https:\/\/nfcjuices.com\/polityka-prywatnosci\/","url":"https:\/\/nfcjuices.com\/polityka-prywatnosci\/","name":"Z\u00e1sady ochrany osobn\u00edch \u00fadaj\u016f - nfc-juices","isPartOf":{"@id":"https:\/\/nfcjuices.com\/#website"},"datePublished":"2025-03-05T11:57:31+00:00","dateModified":"2025-04-15T09:36:21+00:00","breadcrumb":{"@id":"https:\/\/nfcjuices.com\/polityka-prywatnosci\/#breadcrumb"},"inLanguage":"cs","potentialAction":[{"@type":"ReadAction","target":["https:\/\/nfcjuices.com\/polityka-prywatnosci\/"]}]},{"@type":"BreadcrumbList","@id":"https:\/\/nfcjuices.com\/polityka-prywatnosci\/#breadcrumb","itemListElement":[{"@type":"ListItem","position":1,"name":"Strona g\u0142\u00f3wna","item":"https:\/\/nfcjuices.com\/"},{"@type":"ListItem","position":2,"name":"Polityka prywatno\u015bci"}]},{"@type":"WebSite","@id":"https:\/\/nfcjuices.com\/#website","url":"https:\/\/nfcjuices.com\/","name":"nfc \u0161\u0165\u00e1vy","description":"D\u017eusy, pyr\u00e9, NFC p\u011bny v sudech","publisher":{"@id":"https:\/\/nfcjuices.com\/#organization"},"potentialAction":[{"@type":"SearchAction","target":{"@type":"EntryPoint","urlTemplate":"https:\/\/nfcjuices.com\/?s={search_term_string}"},"query-input":{"@type":"PropertyValueSpecification","valueRequired":true,"valueName":"search_term_string"}}],"inLanguage":"cs"},{"@type":"Organization","@id":"https:\/\/nfcjuices.com\/#organization","name":"Na\u0161e lisovna","url":"https:\/\/nfcjuices.com\/","logo":{"@type":"ImageObject","inLanguage":"cs","@id":"https:\/\/nfcjuices.com\/#\/schema\/logo\/image\/","url":"https:\/\/nfcjuices.com\/wp-content\/uploads\/2025\/05\/cropped-B2b-1.png","contentUrl":"https:\/\/nfcjuices.com\/wp-content\/uploads\/2025\/05\/cropped-B2b-1.png","width":1199,"height":999,"caption":"Nasza T\u0142ocznia"},"image":{"@id":"https:\/\/nfcjuices.com\/#\/schema\/logo\/image\/"}}]}},"_links":{"self":[{"href":"https:\/\/nfcjuices.com\/cs\/wp-json\/wp\/v2\/pages\/3","targetHints":{"allow":["GET"]}}],"collection":[{"href":"https:\/\/nfcjuices.com\/cs\/wp-json\/wp\/v2\/pages"}],"about":[{"href":"https:\/\/nfcjuices.com\/cs\/wp-json\/wp\/v2\/types\/page"}],"author":[{"embeddable":true,"href":"https:\/\/nfcjuices.com\/cs\/wp-json\/wp\/v2\/users\/1"}],"replies":[{"embeddable":true,"href":"https:\/\/nfcjuices.com\/cs\/wp-json\/wp\/v2\/comments?post=3"}],"version-history":[{"count":1,"href":"https:\/\/nfcjuices.com\/cs\/wp-json\/wp\/v2\/pages\/3\/revisions"}],"predecessor-version":[{"id":954,"href":"https:\/\/nfcjuices.com\/cs\/wp-json\/wp\/v2\/pages\/3\/revisions\/954"}],"wp:attachment":[{"href":"https:\/\/nfcjuices.com\/cs\/wp-json\/wp\/v2\/media?parent=3"}],"curies":[{"name":"wp","href":"https:\/\/api.w.org\/{rel}","templated":true}]}}