{"id":194,"date":"2025-03-12T15:13:29","date_gmt":"2025-03-12T14:13:29","guid":{"rendered":"https:\/\/nfcjuices.com\/?page_id=194"},"modified":"2025-04-15T10:18:10","modified_gmt":"2025-04-15T08:18:10","slug":"o-nas","status":"publish","type":"page","link":"https:\/\/nfcjuices.com\/cs\/o-nas\/","title":{"rendered":"O n\u00e1s"},"content":{"rendered":"<h2 class=\"wp-block-heading has-text-align-center\" id=\"nasza-tlocznia-soki-z-serca-polskiego-sadownictwa\">N\u00c1\u0160 LIS \u2013 \u0160\u0164\u00c1VY ZE SRDCE P\u011aSTOV\u00c1N\u00cd POLSK\u00ddCH SAD\u016e.<\/h2>\n\n\n\n<div class=\"wp-block-columns is-layout-flex wp-container-core-columns-is-layout-28f84493 wp-block-columns-is-layout-flex\">\n<div class=\"wp-block-column is-layout-flow wp-block-column-is-layout-flow\">\n<p>N\u00e1\u0161 Press se zrodil z rodinn\u00e9 ovocn\u00e9 farmy.&nbsp;<strong>P\u011bstujeme jablon\u011b po generace,<\/strong>&nbsp;a oblasti, kter\u00e9 ob\u00fdv\u00e1me, jsou srdcem polsk\u00e9ho ovocn\u00e1\u0159stv\u00ed. Pr\u00e1v\u011b zde, v Konarech, byly p\u0159ed v\u00edce ne\u017e 400 lety vyp\u011bstov\u00e1ny jedny z prvn\u00edch jablon\u00ed. Nasb\u00edran\u00e9 plody zpracov\u00e1v\u00e1me&nbsp;<strong>\u010derstv\u00e9 a zdrav\u00e9 produkty<\/strong>. Za\u010dali jsme v mal\u00e9m \u2013 s jednotliv\u00fdmi sklenicemi d\u017eusu. Kdy\u017e byl proces lisov\u00e1n\u00ed doveden k dokonalosti a my jsme si byli jisti, \u017ee budeme schopni na\u0161im z\u00e1kazn\u00edk\u016fm nab\u00eddnout to nejlep\u0161\u00ed, vznikla Nasza T\u0142ocznia. Na\u0161e produkce nen\u00ed masov\u00e1, tak\u017ee \u0161\u0165\u00e1vy a ovoce, kter\u00e9 s v\u00e1\u0161n\u00ed p\u0159ipravujeme, jsou pln\u011b rafinovan\u00e9 a vybran\u00e9.<\/p>\n<\/div>\n\n\n\n<div class=\"wp-block-column is-layout-flow wp-block-column-is-layout-flow\">\n<p><strong>Klademe kvalitu na prvn\u00ed m\u00edsto. \u0158\u00edk\u00e1me \u201ene\u201c cukr\u016fm, konzervant\u016fm a um\u011bl\u00fdm vitam\u00edn\u016fm.<\/strong>&nbsp;Pou\u017e\u00edv\u00e1me tradi\u010dn\u00ed postupy, co\u017e znamen\u00e1, \u017ee na\u0161e \u0161\u0165\u00e1vy neztr\u00e1cej\u00ed b\u011bhem v\u00fdrobn\u00edho procesu sv\u00e9 cenn\u00e9 nutri\u010dn\u00ed hodnoty. Od p\u011bstov\u00e1n\u00ed jablon\u00ed, p\u0159es sb\u011br ovoce ze strom\u016f a\u017e po lisov\u00e1n\u00ed se star\u00e1me o to, abychom dod\u00e1vali na trh vysoce kvalitn\u00ed produkty.<\/p>\n\n\n\n<p>C\u00edl Nasza T\u0142ocznia je jedin\u00fd a je obsa\u017een v l\u00e1hvi d\u017eusu: chceme v\u00e1m d\u00e1t to nejcenn\u011bj\u0161\u00ed \u2013&nbsp;<strong>zdrav\u00ed v p\u0159irozen\u00e9 podob\u011b<\/strong>. V\u011b\u0159\u00edme, \u017ee v\u00fdb\u011brem produkt\u016f Nasza T\u0142ocznia se budete c\u00edtit l\u00e9pe. Je to jednoduch\u00e9!<\/p>\n<\/div>\n<\/div>\n\n\n\n<p class=\"has-text-align-center adv-box\"><\/p>\n\n\n\n<figure class=\"wp-block-gallery has-nested-images columns-4 is-cropped wp-block-gallery-1 is-layout-flex wp-block-gallery-is-layout-flex\">\n<figure class=\"wp-block-image size-large\"><a href=\"https:\/\/naszatlocznia.pl\/wp-content\/uploads\/2022\/01\/IMG_2581.jpeg\"><img decoding=\"async\" data-id=\"1035\" src=\"https:\/\/naszatlocznia.pl\/wp-content\/uploads\/2022\/01\/IMG_2581-768x1024.jpeg\" alt=\"\" class=\"wp-image-1035\"\/><\/a><\/figure>\n\n\n\n<figure class=\"wp-block-image size-large\"><a href=\"https:\/\/naszatlocznia.pl\/wp-content\/uploads\/2022\/01\/IMG_6047.jpeg\"><img decoding=\"async\" data-id=\"1036\" src=\"https:\/\/naszatlocznia.pl\/wp-content\/uploads\/2022\/01\/IMG_6047-768x1024.jpeg\" alt=\"\" class=\"wp-image-1036\"\/><\/a><\/figure>\n\n\n\n<figure class=\"wp-block-image size-large\"><a href=\"https:\/\/naszatlocznia.pl\/wp-content\/uploads\/2022\/01\/8E0492CE-10E4-4849-BBC1-15329065E955.jpeg\"><img decoding=\"async\" data-id=\"1040\" src=\"https:\/\/naszatlocznia.pl\/wp-content\/uploads\/2022\/01\/8E0492CE-10E4-4849-BBC1-15329065E955-1024x1024.jpeg\" alt=\"\" class=\"wp-image-1040\"\/><\/a><\/figure>\n\n\n\n<figure class=\"wp-block-image size-large\"><a href=\"https:\/\/naszatlocznia.pl\/wp-content\/uploads\/2022\/01\/CRZE9528.jpg\"><img decoding=\"async\" data-id=\"1041\" src=\"https:\/\/naszatlocznia.pl\/wp-content\/uploads\/2022\/01\/CRZE9528-1024x683.jpg\" alt=\"\" class=\"wp-image-1041\"\/><\/a><\/figure>\n\n\n\n<figure class=\"wp-block-image size-large\"><a href=\"https:\/\/naszatlocznia.pl\/wp-content\/uploads\/2022\/01\/B6CBED35-B32A-4F72-BB60-9985391C99AC.jpeg\"><img decoding=\"async\" data-id=\"1044\" src=\"https:\/\/naszatlocznia.pl\/wp-content\/uploads\/2022\/01\/B6CBED35-B32A-4F72-BB60-9985391C99AC-1024x1024.jpeg\" alt=\"\" class=\"wp-image-1044\"\/><\/a><\/figure>\n\n\n\n<figure class=\"wp-block-image size-large\"><a href=\"https:\/\/naszatlocznia.pl\/wp-content\/uploads\/2022\/01\/IMG_3539.jpeg\"><img decoding=\"async\" data-id=\"1046\" src=\"https:\/\/naszatlocznia.pl\/wp-content\/uploads\/2022\/01\/IMG_3539.jpeg\" alt=\"\" class=\"wp-image-1046\"\/><\/a><\/figure>\n\n\n\n<figure class=\"wp-block-image size-large\"><a href=\"https:\/\/naszatlocznia.pl\/wp-content\/uploads\/2022\/01\/IMG_7387.jpeg\"><img decoding=\"async\" data-id=\"1052\" src=\"https:\/\/naszatlocznia.pl\/wp-content\/uploads\/2022\/01\/IMG_7387.jpeg\" alt=\"\" class=\"wp-image-1052\"\/><\/a><\/figure>\n<\/figure>\n\n\n\n<p><\/p>\n\n\n\n<h2 class=\"wp-block-heading has-text-align-center has-normal-font-size\">Bu\u010fte s n\u00e1mi EKO!<\/h2>\n\n\n\n<div class=\"wp-block-columns is-layout-flex wp-container-core-columns-is-layout-28f84493 wp-block-columns-is-layout-flex\">\n<div class=\"wp-block-column is-layout-flow wp-block-column-is-layout-flow\" style=\"flex-basis:100%\">\n<p class=\"has-normal-font-size\"><\/p>\n\n\n\n<div class=\"wp-block-columns is-layout-flex wp-container-core-columns-is-layout-28f84493 wp-block-columns-is-layout-flex\">\n<div class=\"wp-block-column is-layout-flow wp-block-column-is-layout-flow\">\n<p>V Our Press klademe velk\u00fd d\u016fraz na herectv\u00ed <strong>v souladu s p\u0159\u00edrodou<\/strong>. P\u0159i v\u00fdrob\u011b nepou\u017e\u00edv\u00e1me chemik\u00e1lie ani \u0161kodliv\u00e9 p\u0159\u00edpravky na ochranu rostlin, o \u010dem\u017e sv\u011bd\u010d\u00ed i ekologick\u00e9 certifik\u00e1ty, kter\u00e9 jsme z\u00edskali za v\u00fdrobu ovoce i \u0161\u0165\u00e1v. Na\u0161e lisovna je pod dohledem certifika\u010dn\u00edho org\u00e1nu PL-EKO Biocert Ma\u0142opolska.<\/p>\n<\/div>\n\n\n\n<div class=\"wp-block-column is-layout-flow wp-block-column-is-layout-flow\">\n<p class=\"has-normal-font-size\"><strong>Ekologie <\/strong>je pro n\u00e1s velmi d\u016fle\u017eit\u00e1 v ka\u017ed\u00e9m aspektu na\u0161\u00ed pr\u00e1ce \u2013 nejen p\u0159i v\u00fdrob\u011b ovoce a d\u017eus\u016f, ale tak\u00e9 p\u0159i balen\u00ed a p\u0159\u00edprav\u011b va\u0161ich objedn\u00e1vek. Na\u0161e z\u00e1silky jsou baleny v 100% s pou\u017eit\u00edm ekologick\u00fdch plniv a obal\u016f. <strong>Nepou\u017e\u00edv\u00e1me f\u00f3lii ani plast<\/strong>, nebo odpadky k napln\u011bn\u00ed na\u0161ich bal\u00edk\u016f. Dokazujeme, \u017ee i choulostiv\u00e9 produkty, jako jsou d\u017eusy, lze chr\u00e1nit pouze ekologick\u00fdmi \u0159e\u0161en\u00edmi. Pap\u00edr, kter\u00fd pou\u017e\u00edv\u00e1me, m\u00e1 certifik\u00e1t Modr\u00fd and\u011bl \u2013 nejstar\u0161\u00ed a nejslavn\u011bj\u0161\u00ed na sv\u011bt\u011b, kter\u00fd oce\u0148uje v\u00fdrobky, kter\u00e9 jsou obzvl\u00e1\u0161\u0165 <strong>\u0161etrn\u00fd k \u017eivotn\u00edmu prost\u0159ed\u00ed<\/strong>.  <\/p>\n<\/div>\n<\/div>\n<\/div>\n<\/div>\n\n\n\n<p class=\"has-text-align-center has-normal-font-size\">Pe\u010dujte s n\u00e1mi o p\u0159\u00edrodu! <\/p>\n\n\n\n<div class=\"wp-block-columns is-layout-flex wp-container-core-columns-is-layout-28f84493 wp-block-columns-is-layout-flex\">\n<div class=\"wp-block-column is-layout-flow wp-block-column-is-layout-flow\" style=\"flex-basis:100%\">\n<div class=\"wp-block-columns is-layout-flex wp-container-core-columns-is-layout-28f84493 wp-block-columns-is-layout-flex\">\n<div class=\"wp-block-column is-layout-flow wp-block-column-is-layout-flow\" style=\"flex-basis:100%\">\n<div class=\"wp-block-group\"><div class=\"wp-block-group__inner-container is-layout-constrained wp-block-group-is-layout-constrained\">\n<div class=\"wp-block-columns is-layout-flex wp-container-core-columns-is-layout-28f84493 wp-block-columns-is-layout-flex\">\n<div class=\"wp-block-column is-layout-flow wp-block-column-is-layout-flow\" style=\"flex-basis:100%\">\n<div class=\"wp-block-columns is-layout-flex wp-container-core-columns-is-layout-28f84493 wp-block-columns-is-layout-flex\">\n<div class=\"wp-block-column is-layout-flow wp-block-column-is-layout-flow\" style=\"flex-basis:100%\">\n<div class=\"wp-block-group alignfull\"><div class=\"wp-block-group__inner-container is-layout-constrained wp-block-group-is-layout-constrained\">\n<div class=\"wp-block-columns is-layout-flex wp-container-core-columns-is-layout-28f84493 wp-block-columns-is-layout-flex\">\n<div class=\"wp-block-column is-layout-flow wp-block-column-is-layout-flow\">\n<div data-wp-interactive=\"core\/file\" class=\"wp-block-file\"><object data-wp-bind--hidden=\"!state.hasPdfPreview\" hidden class=\"wp-block-file__embed\" data=\"https:\/\/naszatlocznia.pl\/wp-content\/uploads\/2023\/02\/10412_U-1.pdf\" type=\"application\/pdf\" style=\"width:100%;height:600px\" aria-label=\"Vlo\u017eit z 10412_U-1.\"><\/object><a id=\"wp-block-file--media-6611c9e2-7649-4c37-8789-be3d92c41496\" href=\"https:\/\/naszatlocznia.pl\/wp-content\/uploads\/2023\/02\/10412_U-1.pdf\">10412_U-1<\/a><a href=\"https:\/\/naszatlocznia.pl\/wp-content\/uploads\/2023\/02\/10412_U-1.pdf\" class=\"wp-block-file__button wp-element-button\" download aria-describedby=\"wp-block-file--media-6611c9e2-7649-4c37-8789-be3d92c41496\">St\u00e1hnout<\/a><\/div>\n<\/div>\n\n\n\n<div class=\"wp-block-column is-layout-flow wp-block-column-is-layout-flow\">\n<div data-wp-interactive=\"core\/file\" class=\"wp-block-file\"><object data-wp-bind--hidden=\"!state.hasPdfPreview\" hidden class=\"wp-block-file__embed\" data=\"https:\/\/naszatlocznia.pl\/wp-content\/uploads\/2023\/02\/C_5998-P-22-1.pdf\" type=\"application\/pdf\" style=\"width:100%;height:600px\" aria-label=\"Vlo\u017eit do C_5998-P-22-1.\"><\/object><a id=\"wp-block-file--media-f3b85fbb-f55f-4cf4-b87e-349945c4e592\" href=\"https:\/\/naszatlocznia.pl\/wp-content\/uploads\/2023\/02\/C_5998-P-22-1.pdf\">C_5998-P-22-1<\/a><a href=\"https:\/\/naszatlocznia.pl\/wp-content\/uploads\/2023\/02\/C_5998-P-22-1.pdf\" class=\"wp-block-file__button wp-element-button\" download aria-describedby=\"wp-block-file--media-f3b85fbb-f55f-4cf4-b87e-349945c4e592\">St\u00e1hnout<\/a><\/div>\n<\/div>\n\n\n\n<div class=\"wp-block-column is-layout-flow wp-block-column-is-layout-flow\">\n<div data-wp-interactive=\"core\/file\" class=\"wp-block-file\"><object data-wp-bind--hidden=\"!state.hasPdfPreview\" hidden class=\"wp-block-file__embed\" data=\"https:\/\/naszatlocznia.pl\/wp-content\/uploads\/2023\/02\/Blue_Angel.pdf\" type=\"application\/pdf\" style=\"width:100%;height:600px\" aria-label=\"Vlo\u017eit do Blue_Angel.\"><\/object><a id=\"wp-block-file--media-20fd3c80-eb14-40e3-9223-eb38740e0bf1\" href=\"https:\/\/naszatlocznia.pl\/wp-content\/uploads\/2023\/02\/Blue_Angel.pdf\">Modr\u00fd_and\u011bl<\/a><a href=\"https:\/\/naszatlocznia.pl\/wp-content\/uploads\/2023\/02\/Blue_Angel.pdf\" class=\"wp-block-file__button wp-element-button\" download aria-describedby=\"wp-block-file--media-20fd3c80-eb14-40e3-9223-eb38740e0bf1\">St\u00e1hnout<\/a><\/div>\n<\/div>\n<\/div>\n<\/div><\/div>\n<\/div>\n<\/div>\n<\/div>\n<\/div>\n<\/div><\/div>\n<\/div>\n<\/div>\n<\/div>\n<\/div>","protected":false},"excerpt":{"rendered":"<p>NASZA T\u0141OCZNIA \u2013 SOKI Z SERCA POLSKIEGO SADOWNICTWA. Nasza T\u0142ocznia narodzi\u0142a si\u0119 z&nbsp;rodzinnego gospodarstwa sadowniczego.&nbsp;Od pokole\u0144 zajmujemy si\u0119 upraw\u0105 jab\u0142oni,&nbsp;a&nbsp;tereny, kt\u00f3re zamieszkujemy to serce polskiego sadownictwa. W\u0142a\u015bnie u&nbsp;nas, w&nbsp;Konarach, jedne z&nbsp;pierwszych jab\u0142oni uprawiano ju\u017c ponad 400 lat temu. Zbierane przez nas owoce przetwarzamy na&nbsp;\u015bwie\u017ce i&nbsp;zdrowe produkty. Zaczynali\u015bmy ma\u0142ymi krokami \u2013 od pojedynczych szklanek soku. Kiedy [&hellip;]<\/p>\n","protected":false},"author":1,"featured_media":0,"parent":0,"menu_order":0,"comment_status":"closed","ping_status":"closed","template":"","meta":{"footnotes":""},"class_list":["post-194","page","type-page","status-publish","hentry"],"yoast_head":"<!-- This site is optimized with the Yoast SEO plugin v24.9 - https:\/\/yoast.com\/wordpress\/plugins\/seo\/ -->\n<title>O nas - nfc-juices<\/title>\n<meta name=\"robots\" content=\"index, follow, max-snippet:-1, max-image-preview:large, max-video-preview:-1\" \/>\n<link rel=\"canonical\" href=\"https:\/\/nfcjuices.com\/cs\/o-nas\/\" \/>\n<meta property=\"og:locale\" content=\"cs_CZ\" \/>\n<meta property=\"og:type\" content=\"article\" \/>\n<meta property=\"og:title\" content=\"O nas - nfc-juices\" \/>\n<meta property=\"og:description\" content=\"NASZA T\u0141OCZNIA \u2013 SOKI Z SERCA POLSKIEGO SADOWNICTWA. Nasza T\u0142ocznia narodzi\u0142a si\u0119 z&nbsp;rodzinnego gospodarstwa sadowniczego.&nbsp;Od pokole\u0144 zajmujemy si\u0119 upraw\u0105 jab\u0142oni,&nbsp;a&nbsp;tereny, kt\u00f3re zamieszkujemy to serce polskiego sadownictwa. W\u0142a\u015bnie u&nbsp;nas, w&nbsp;Konarach, jedne z&nbsp;pierwszych jab\u0142oni uprawiano ju\u017c ponad 400 lat temu. Zbierane przez nas owoce przetwarzamy na&nbsp;\u015bwie\u017ce i&nbsp;zdrowe produkty. Zaczynali\u015bmy ma\u0142ymi krokami \u2013 od pojedynczych szklanek soku. Kiedy [&hellip;]\" \/>\n<meta property=\"og:url\" content=\"https:\/\/nfcjuices.com\/cs\/o-nas\/\" \/>\n<meta property=\"og:site_name\" content=\"nfc-juices\" \/>\n<meta property=\"article:modified_time\" content=\"2025-04-15T08:18:10+00:00\" \/>\n<meta property=\"og:image\" content=\"https:\/\/naszatlocznia.pl\/wp-content\/uploads\/2022\/01\/IMG_2581-768x1024.jpeg\" \/>\n<meta name=\"twitter:card\" content=\"summary_large_image\" \/>\n<meta name=\"twitter:label1\" content=\"Odhadovan\u00e1 doba \u010dten\u00ed\" \/>\n\t<meta name=\"twitter:data1\" content=\"4 minuty\" \/>\n<script type=\"application\/ld+json\" class=\"yoast-schema-graph\">{\"@context\":\"https:\/\/schema.org\",\"@graph\":[{\"@type\":\"WebPage\",\"@id\":\"https:\/\/nfcjuices.com\/o-nas\/\",\"url\":\"https:\/\/nfcjuices.com\/o-nas\/\",\"name\":\"O nas - nfc-juices\",\"isPartOf\":{\"@id\":\"https:\/\/nfcjuices.com\/#website\"},\"primaryImageOfPage\":{\"@id\":\"https:\/\/nfcjuices.com\/o-nas\/#primaryimage\"},\"image\":{\"@id\":\"https:\/\/nfcjuices.com\/o-nas\/#primaryimage\"},\"thumbnailUrl\":\"https:\/\/naszatlocznia.pl\/wp-content\/uploads\/2022\/01\/IMG_2581-768x1024.jpeg\",\"datePublished\":\"2025-03-12T14:13:29+00:00\",\"dateModified\":\"2025-04-15T08:18:10+00:00\",\"breadcrumb\":{\"@id\":\"https:\/\/nfcjuices.com\/o-nas\/#breadcrumb\"},\"inLanguage\":\"cs\",\"potentialAction\":[{\"@type\":\"ReadAction\",\"target\":[\"https:\/\/nfcjuices.com\/o-nas\/\"]}]},{\"@type\":\"ImageObject\",\"inLanguage\":\"cs\",\"@id\":\"https:\/\/nfcjuices.com\/o-nas\/#primaryimage\",\"url\":\"https:\/\/naszatlocznia.pl\/wp-content\/uploads\/2022\/01\/IMG_2581-768x1024.jpeg\",\"contentUrl\":\"https:\/\/naszatlocznia.pl\/wp-content\/uploads\/2022\/01\/IMG_2581-768x1024.jpeg\"},{\"@type\":\"BreadcrumbList\",\"@id\":\"https:\/\/nfcjuices.com\/o-nas\/#breadcrumb\",\"itemListElement\":[{\"@type\":\"ListItem\",\"position\":1,\"name\":\"Strona g\u0142\u00f3wna\",\"item\":\"https:\/\/nfcjuices.com\/\"},{\"@type\":\"ListItem\",\"position\":2,\"name\":\"O nas\"}]},{\"@type\":\"WebSite\",\"@id\":\"https:\/\/nfcjuices.com\/#website\",\"url\":\"https:\/\/nfcjuices.com\/\",\"name\":\"nfc-juices\",\"description\":\"Soki, przeciery, musy NFC w beczkach\",\"publisher\":{\"@id\":\"https:\/\/nfcjuices.com\/#organization\"},\"potentialAction\":[{\"@type\":\"SearchAction\",\"target\":{\"@type\":\"EntryPoint\",\"urlTemplate\":\"https:\/\/nfcjuices.com\/?s={search_term_string}\"},\"query-input\":{\"@type\":\"PropertyValueSpecification\",\"valueRequired\":true,\"valueName\":\"search_term_string\"}}],\"inLanguage\":\"cs\"},{\"@type\":\"Organization\",\"@id\":\"https:\/\/nfcjuices.com\/#organization\",\"name\":\"Nasza T\u0142ocznia\",\"url\":\"https:\/\/nfcjuices.com\/\",\"logo\":{\"@type\":\"ImageObject\",\"inLanguage\":\"cs\",\"@id\":\"https:\/\/nfcjuices.com\/#\/schema\/logo\/image\/\",\"url\":\"https:\/\/nfcjuices.com\/wp-content\/uploads\/2025\/05\/cropped-B2b-1.png\",\"contentUrl\":\"https:\/\/nfcjuices.com\/wp-content\/uploads\/2025\/05\/cropped-B2b-1.png\",\"width\":1199,\"height\":999,\"caption\":\"Nasza T\u0142ocznia\"},\"image\":{\"@id\":\"https:\/\/nfcjuices.com\/#\/schema\/logo\/image\/\"}}]}<\/script>\n<!-- \/ Yoast SEO plugin. -->","yoast_head_json":{"title":"O n\u00e1s - nfc-juices","robots":{"index":"index","follow":"follow","max-snippet":"max-snippet:-1","max-image-preview":"max-image-preview:large","max-video-preview":"max-video-preview:-1"},"canonical":"https:\/\/nfcjuices.com\/cs\/o-nas\/","og_locale":"cs_CZ","og_type":"article","og_title":"O nas - nfc-juices","og_description":"NASZA T\u0141OCZNIA \u2013 SOKI Z SERCA POLSKIEGO SADOWNICTWA. Nasza T\u0142ocznia narodzi\u0142a si\u0119 z&nbsp;rodzinnego gospodarstwa sadowniczego.&nbsp;Od pokole\u0144 zajmujemy si\u0119 upraw\u0105 jab\u0142oni,&nbsp;a&nbsp;tereny, kt\u00f3re zamieszkujemy to serce polskiego sadownictwa. W\u0142a\u015bnie u&nbsp;nas, w&nbsp;Konarach, jedne z&nbsp;pierwszych jab\u0142oni uprawiano ju\u017c ponad 400 lat temu. Zbierane przez nas owoce przetwarzamy na&nbsp;\u015bwie\u017ce i&nbsp;zdrowe produkty. Zaczynali\u015bmy ma\u0142ymi krokami \u2013 od pojedynczych szklanek soku. Kiedy [&hellip;]","og_url":"https:\/\/nfcjuices.com\/cs\/o-nas\/","og_site_name":"nfc-juices","article_modified_time":"2025-04-15T08:18:10+00:00","og_image":[{"url":"https:\/\/naszatlocznia.pl\/wp-content\/uploads\/2022\/01\/IMG_2581-768x1024.jpeg","type":"","width":"","height":""}],"twitter_card":"summary_large_image","twitter_misc":{"Odhadovan\u00e1 doba \u010dten\u00ed":"4 minuty"},"schema":{"@context":"https:\/\/schema.org","@graph":[{"@type":"WebPage","@id":"https:\/\/nfcjuices.com\/o-nas\/","url":"https:\/\/nfcjuices.com\/o-nas\/","name":"O n\u00e1s - nfc-juices","isPartOf":{"@id":"https:\/\/nfcjuices.com\/#website"},"primaryImageOfPage":{"@id":"https:\/\/nfcjuices.com\/o-nas\/#primaryimage"},"image":{"@id":"https:\/\/nfcjuices.com\/o-nas\/#primaryimage"},"thumbnailUrl":"https:\/\/naszatlocznia.pl\/wp-content\/uploads\/2022\/01\/IMG_2581-768x1024.jpeg","datePublished":"2025-03-12T14:13:29+00:00","dateModified":"2025-04-15T08:18:10+00:00","breadcrumb":{"@id":"https:\/\/nfcjuices.com\/o-nas\/#breadcrumb"},"inLanguage":"cs","potentialAction":[{"@type":"ReadAction","target":["https:\/\/nfcjuices.com\/o-nas\/"]}]},{"@type":"ImageObject","inLanguage":"cs","@id":"https:\/\/nfcjuices.com\/o-nas\/#primaryimage","url":"https:\/\/naszatlocznia.pl\/wp-content\/uploads\/2022\/01\/IMG_2581-768x1024.jpeg","contentUrl":"https:\/\/naszatlocznia.pl\/wp-content\/uploads\/2022\/01\/IMG_2581-768x1024.jpeg"},{"@type":"BreadcrumbList","@id":"https:\/\/nfcjuices.com\/o-nas\/#breadcrumb","itemListElement":[{"@type":"ListItem","position":1,"name":"Strona g\u0142\u00f3wna","item":"https:\/\/nfcjuices.com\/"},{"@type":"ListItem","position":2,"name":"O nas"}]},{"@type":"WebSite","@id":"https:\/\/nfcjuices.com\/#website","url":"https:\/\/nfcjuices.com\/","name":"nfc \u0161\u0165\u00e1vy","description":"D\u017eusy, pyr\u00e9, NFC p\u011bny v sudech","publisher":{"@id":"https:\/\/nfcjuices.com\/#organization"},"potentialAction":[{"@type":"SearchAction","target":{"@type":"EntryPoint","urlTemplate":"https:\/\/nfcjuices.com\/?s={search_term_string}"},"query-input":{"@type":"PropertyValueSpecification","valueRequired":true,"valueName":"search_term_string"}}],"inLanguage":"cs"},{"@type":"Organization","@id":"https:\/\/nfcjuices.com\/#organization","name":"Na\u0161e lisovna","url":"https:\/\/nfcjuices.com\/","logo":{"@type":"ImageObject","inLanguage":"cs","@id":"https:\/\/nfcjuices.com\/#\/schema\/logo\/image\/","url":"https:\/\/nfcjuices.com\/wp-content\/uploads\/2025\/05\/cropped-B2b-1.png","contentUrl":"https:\/\/nfcjuices.com\/wp-content\/uploads\/2025\/05\/cropped-B2b-1.png","width":1199,"height":999,"caption":"Nasza T\u0142ocznia"},"image":{"@id":"https:\/\/nfcjuices.com\/#\/schema\/logo\/image\/"}}]}},"_links":{"self":[{"href":"https:\/\/nfcjuices.com\/cs\/wp-json\/wp\/v2\/pages\/194","targetHints":{"allow":["GET"]}}],"collection":[{"href":"https:\/\/nfcjuices.com\/cs\/wp-json\/wp\/v2\/pages"}],"about":[{"href":"https:\/\/nfcjuices.com\/cs\/wp-json\/wp\/v2\/types\/page"}],"author":[{"embeddable":true,"href":"https:\/\/nfcjuices.com\/cs\/wp-json\/wp\/v2\/users\/1"}],"replies":[{"embeddable":true,"href":"https:\/\/nfcjuices.com\/cs\/wp-json\/wp\/v2\/comments?post=194"}],"version-history":[{"count":2,"href":"https:\/\/nfcjuices.com\/cs\/wp-json\/wp\/v2\/pages\/194\/revisions"}],"predecessor-version":[{"id":945,"href":"https:\/\/nfcjuices.com\/cs\/wp-json\/wp\/v2\/pages\/194\/revisions\/945"}],"wp:attachment":[{"href":"https:\/\/nfcjuices.com\/cs\/wp-json\/wp\/v2\/media?parent=194"}],"curies":[{"name":"wp","href":"https:\/\/api.w.org\/{rel}","templated":true}]}}