{"id":192,"date":"2025-03-12T15:12:13","date_gmt":"2025-03-12T14:12:13","guid":{"rendered":"https:\/\/nfcjuices.com\/?page_id=192"},"modified":"2025-04-17T11:41:07","modified_gmt":"2025-04-17T09:41:07","slug":"jak-vznikaji-nase-produkty","status":"publish","type":"page","link":"https:\/\/nfcjuices.com\/cs\/jak-powstaja-nasze-produkty\/","title":{"rendered":"Jak vznikaj\u00ed na\u0161e produkty?"},"content":{"rendered":"<p><\/p>\n\n\n\n<p class=\"has-text-align-center has-medium-font-size\">V Nasza T\u0142ocznia zach\u00e1z\u00edme s ka\u017ed\u00fdm ovocem nebo zeleninou individu\u00e1ln\u011b \u2013 p\u0159esn\u011b tak, jak si zaslou\u017e\u00ed! Na opl\u00e1tku n\u00e1s odm\u011b\u0148uj\u00ed nejkvalitn\u011bj\u0161\u00edm d\u017eusem. Citronov\u00e9, grapefruitov\u00e9 nebo pomeran\u010dov\u00e9 \u0161\u0165\u00e1vy <strong>ma\u010dk\u00e1me <\/strong>z p\u016flek pomoc\u00ed speci\u00e1ln\u00edho citrusova\u010de. Zbyl\u00e9 ovoce a zelenina se p\u0159em\u011bn\u00ed na \u0161\u0165\u00e1vu pomoc\u00ed p\u00e1sov\u00e9ho lisu, na kter\u00e9m se lisuje. <strong>reli\u00e9fn\u00ed <\/strong>z du\u017einy. <\/p>\n\n\n\n<p class=\"has-text-align-center has-medium-font-size\"><br>Pod\u00edvejte se sami, jak to d\u011bl\u00e1me v na\u0161em nejlep\u0161\u00edm stylu! <\/p>\n\n\n\n<p class=\"has-text-align-center has-medium-font-size\">Vyzkou\u0161ejte na\u0161e produkty a p\u0159esv\u011bd\u010dte se sami, jak vhodn\u011b zvolen\u00e1 metoda ovliv\u0148uje chu\u0165 a kvalitu! <\/p>\n\n\n\n<div class=\"wp-block-group\"><div class=\"wp-block-group__inner-container is-layout-constrained wp-block-group-is-layout-constrained\">\n<div class=\"wp-block-columns is-layout-flex wp-container-core-columns-is-layout-28f84493 wp-block-columns-is-layout-flex\">\n<div class=\"wp-block-column is-layout-flow wp-block-column-is-layout-flow\" style=\"flex-basis:100%\">\n<div class=\"wp-block-group\"><div class=\"wp-block-group__inner-container is-layout-constrained wp-block-group-is-layout-constrained\">\n<div class=\"wp-block-columns is-layout-flex wp-container-core-columns-is-layout-28f84493 wp-block-columns-is-layout-flex\">\n<div class=\"wp-block-column is-layout-flow wp-block-column-is-layout-flow\"><\/div>\n<\/div>\n<\/div><\/div>\n<\/div>\n<\/div>\n<\/div><\/div>\n\n\n\n<div class=\"wp-block-columns is-layout-flex wp-container-core-columns-is-layout-28f84493 wp-block-columns-is-layout-flex\">\n<div class=\"wp-block-column is-layout-flow wp-block-column-is-layout-flow\">\n<figure class=\"wp-block-embed is-type-video is-provider-youtube wp-block-embed-youtube wp-embed-aspect-16-9 wp-has-aspect-ratio\"><div class=\"wp-block-embed__wrapper\">\n<iframe title=\"Jak z\u00edskat tu nejlep\u0161\u00ed \u0161\u0165\u00e1vu z pomeran\u010d\u016f? Nejv\u011bt\u0161\u00ed citrusova\u010d v Polsku!\" width=\"980\" height=\"551\" src=\"https:\/\/www.youtube.com\/embed\/LSkcpBcZLzg?feature=oembed\" frameborder=\"0\" allow=\"accelerometer; autoplay; clipboard-write; encrypted-media; gyroscope; picture-in-picture; web-share\" referrerpolicy=\"strict-origin-when-cross-origin\" allowfullscreen><\/iframe>\n<\/div><\/figure>\n<\/div>\n\n\n\n<div class=\"wp-block-column is-layout-flow wp-block-column-is-layout-flow\">\n<figure class=\"wp-block-embed is-type-video is-provider-youtube wp-block-embed-youtube wp-embed-aspect-16-9 wp-has-aspect-ratio\"><div class=\"wp-block-embed__wrapper\">\n<iframe title=\"Jak ud\u011bl\u00e1me citronovou \u0161\u0165\u00e1vu pro ka\u017edou FIT d\u00edvku? Aneb jak vyma\u010dkat megakyselou \u0161\u0165\u00e1vu z citron\u016f!\" width=\"980\" height=\"551\" src=\"https:\/\/www.youtube.com\/embed\/bip1UtTx4Ck?feature=oembed\" frameborder=\"0\" allow=\"accelerometer; autoplay; clipboard-write; encrypted-media; gyroscope; picture-in-picture; web-share\" referrerpolicy=\"strict-origin-when-cross-origin\" allowfullscreen><\/iframe>\n<\/div><\/figure>\n<\/div>\n\n\n\n<div class=\"wp-block-column is-layout-flow wp-block-column-is-layout-flow\">\n<figure class=\"wp-block-embed is-type-video is-provider-youtube wp-block-embed-youtube wp-embed-aspect-16-9 wp-has-aspect-ratio\"><div class=\"wp-block-embed__wrapper\">\n<iframe title=\"Jak p\u0159em\u011bn\u00edme ovoce a zeleninu na \u0161\u0165\u00e1vu? Tedy lisov\u00e1n\u00ed p\u0159\u00edrodn\u00ed NFC \u0161\u0165\u00e1vy na p\u00e1sov\u00e9m lisu.\" width=\"980\" height=\"551\" src=\"https:\/\/www.youtube.com\/embed\/k4IkACVboec?feature=oembed\" frameborder=\"0\" allow=\"accelerometer; autoplay; clipboard-write; encrypted-media; gyroscope; picture-in-picture; web-share\" referrerpolicy=\"strict-origin-when-cross-origin\" allowfullscreen><\/iframe>\n<\/div><\/figure>\n<\/div>\n<\/div>\n\n\n\n<h2 class=\"wp-block-heading has-text-align-center\" id=\"nasza-oferta-jest-bardzo-szeroka-w-asortymencie-naszej-tloczni-oprocz-sokow-tloczonych-i-wyciskanych-znajdziecie-rowniez-inne-produkty-zakwasy-przeciery-syropy-czy-lemoniady-sprawdz-jak-powstaja\">Na\u0161e nab\u00eddka je velmi \u0161irok\u00e1. V sortimentu Nasza T\u0142ocznia najdete krom\u011b lisovan\u00fdch a vyma\u010dkan\u00fdch \u0161\u0165\u00e1v i dal\u0161\u00ed produkty - kv\u00e1skov\u00e9 pyr\u00e9, sirupy a limon\u00e1dy. Pod\u00edvejte se, jak se vyr\u00e1b\u011bj\u00ed!<\/h2>\n\n\n\n<p class=\"has-text-align-center\">Kv\u00e1sek z \u010derven\u00e9 \u0159epy nebo malinov\u00fdch raj\u010dat od Nasza T\u0142ocznia m\u00e1 jedine\u010dnou chu\u0165 a konzistenci. Po nalo\u017een\u00ed se zelenina slisuje v lisu a pot\u00e9 se nalije do t\u0159\u00edlitrov\u00fdch n\u00e1dob typu bag-in-box. D\u00edky tomuto procesu z\u00edsk\u00e1v\u00e1me z nakl\u00e1dan\u00e9 zeleniny aromatickou \u0161\u0165\u00e1vu, nikoli vodu scezenou z procesu nakl\u00e1d\u00e1n\u00ed. Kv\u00e1skov\u00e9 kv\u00e1sky se nepasteruj\u00ed.<\/p>\n\n\n\n<p class=\"has-text-align-center\">Ovocn\u00e9 a zeleninov\u00e9 pyr\u00e9 jsou z\u00e1kazn\u00edky Nasza T\u0142ocznia hojn\u011b vyu\u017e\u00edv\u00e1ny (zejm\u00e9na v odv\u011btv\u00ed HoReCa). Vyr\u00e1b\u011bj\u00ed se pomoc\u00ed speci\u00e1ln\u00edho stroje, kter\u00fd mele suroviny rychlost\u00ed p\u0159izp\u016fsobenou jejich druhu a tvaru. Po nastrouh\u00e1n\u00ed se ovoce nebo zelenina \u0161etrn\u011b pasterizuje p\u0159i maxim\u00e1ln\u00ed teplot\u011b 78 stup\u0148\u016f Celsia a pot\u00e9 se pln\u00ed do 3kg balen\u00ed. Vzhledem ke sv\u00e9 konzistenci prod\u00e1v\u00e1me pyr\u00e9 v kilogramech.<\/p>\n\n\n\n<p class=\"has-text-align-center\">N\u00edzkocukrov\u00e9 sirupy a limon\u00e1dy od Nasza T\u0142ocznia jsou produkty na b\u00e1zi p\u0159\u00edrodn\u00edch lisovan\u00fdch a vyma\u010dkan\u00fdch \u0161\u0165\u00e1v p\u0159\u00edmo z na\u0161\u00ed v\u00fdrobn\u00ed haly. Spr\u00e1vn\u00e1 kombinace chut\u00ed a mal\u00e9ho mno\u017estv\u00ed cukru d\u011bl\u00e1 z 100% p\u0159\u00edrodn\u00ed, zdrav\u00fd produkt pln\u00fd nutri\u010dn\u00edch hodnot. Lehce pasterizovan\u00e9 a nalit\u00e9 do balen\u00ed o objemu 285 ml, 3 kg a 5 l.<\/p>","protected":false},"excerpt":{"rendered":"<p>W Naszej T\u0142oczni ka\u017cdy owoc, czy warzywo traktujemy indywidualnie &#8211; tak, jak na to zas\u0142uguj\u0105! Za to odwdzi\u0119czaj\u0105 nam si\u0119 najwy\u017csz\u0105 jako\u015bci\u0105 otrzymanego soku. Soki z cytryn, grejpfrut\u00f3w, czy pomara\u0144czy wyciskamy z po\u0142\u00f3wek przy pomocy specjalnej maszyny do wyciskania cytrus\u00f3w. Pozosta\u0142e owoce i warzywa zamieniamy w sok za pomoc\u0105 prasy ta\u015bmowej, na kt\u00f3rej s\u0105 one [&hellip;]<\/p>\n","protected":false},"author":1,"featured_media":0,"parent":0,"menu_order":0,"comment_status":"closed","ping_status":"closed","template":"","meta":{"footnotes":""},"class_list":["post-192","page","type-page","status-publish","hentry"],"yoast_head":"<!-- This site is optimized with the Yoast SEO plugin v24.9 - https:\/\/yoast.com\/wordpress\/plugins\/seo\/ -->\n<title>Jak powstaj\u0105 nasze produkty? - nfc-juices<\/title>\n<meta name=\"robots\" content=\"index, follow, max-snippet:-1, max-image-preview:large, max-video-preview:-1\" \/>\n<link rel=\"canonical\" href=\"https:\/\/nfcjuices.com\/cs\/jak-vznikaji-nase-produkty\/\" \/>\n<meta property=\"og:locale\" content=\"cs_CZ\" \/>\n<meta property=\"og:type\" content=\"article\" \/>\n<meta property=\"og:title\" content=\"Jak powstaj\u0105 nasze produkty? - nfc-juices\" \/>\n<meta property=\"og:description\" content=\"W Naszej T\u0142oczni ka\u017cdy owoc, czy warzywo traktujemy indywidualnie &#8211; tak, jak na to zas\u0142uguj\u0105! Za to odwdzi\u0119czaj\u0105 nam si\u0119 najwy\u017csz\u0105 jako\u015bci\u0105 otrzymanego soku. Soki z cytryn, grejpfrut\u00f3w, czy pomara\u0144czy wyciskamy z po\u0142\u00f3wek przy pomocy specjalnej maszyny do wyciskania cytrus\u00f3w. Pozosta\u0142e owoce i warzywa zamieniamy w sok za pomoc\u0105 prasy ta\u015bmowej, na kt\u00f3rej s\u0105 one [&hellip;]\" \/>\n<meta property=\"og:url\" content=\"https:\/\/nfcjuices.com\/cs\/jak-vznikaji-nase-produkty\/\" \/>\n<meta property=\"og:site_name\" content=\"nfc-juices\" \/>\n<meta property=\"article:modified_time\" content=\"2025-04-17T09:41:07+00:00\" \/>\n<meta name=\"twitter:card\" content=\"summary_large_image\" \/>\n<meta name=\"twitter:label1\" content=\"Odhadovan\u00e1 doba \u010dten\u00ed\" \/>\n\t<meta name=\"twitter:data1\" content=\"2 minuty\" \/>\n<script type=\"application\/ld+json\" class=\"yoast-schema-graph\">{\"@context\":\"https:\/\/schema.org\",\"@graph\":[{\"@type\":\"WebPage\",\"@id\":\"https:\/\/nfcjuices.com\/jak-powstaja-nasze-produkty\/\",\"url\":\"https:\/\/nfcjuices.com\/jak-powstaja-nasze-produkty\/\",\"name\":\"Jak powstaj\u0105 nasze produkty? - nfc-juices\",\"isPartOf\":{\"@id\":\"https:\/\/nfcjuices.com\/#website\"},\"datePublished\":\"2025-03-12T14:12:13+00:00\",\"dateModified\":\"2025-04-17T09:41:07+00:00\",\"breadcrumb\":{\"@id\":\"https:\/\/nfcjuices.com\/jak-powstaja-nasze-produkty\/#breadcrumb\"},\"inLanguage\":\"cs\",\"potentialAction\":[{\"@type\":\"ReadAction\",\"target\":[\"https:\/\/nfcjuices.com\/jak-powstaja-nasze-produkty\/\"]}]},{\"@type\":\"BreadcrumbList\",\"@id\":\"https:\/\/nfcjuices.com\/jak-powstaja-nasze-produkty\/#breadcrumb\",\"itemListElement\":[{\"@type\":\"ListItem\",\"position\":1,\"name\":\"Strona g\u0142\u00f3wna\",\"item\":\"https:\/\/nfcjuices.com\/\"},{\"@type\":\"ListItem\",\"position\":2,\"name\":\"Jak powstaj\u0105 nasze produkty?\"}]},{\"@type\":\"WebSite\",\"@id\":\"https:\/\/nfcjuices.com\/#website\",\"url\":\"https:\/\/nfcjuices.com\/\",\"name\":\"nfc-juices\",\"description\":\"Soki, przeciery, musy NFC w beczkach\",\"publisher\":{\"@id\":\"https:\/\/nfcjuices.com\/#organization\"},\"potentialAction\":[{\"@type\":\"SearchAction\",\"target\":{\"@type\":\"EntryPoint\",\"urlTemplate\":\"https:\/\/nfcjuices.com\/?s={search_term_string}\"},\"query-input\":{\"@type\":\"PropertyValueSpecification\",\"valueRequired\":true,\"valueName\":\"search_term_string\"}}],\"inLanguage\":\"cs\"},{\"@type\":\"Organization\",\"@id\":\"https:\/\/nfcjuices.com\/#organization\",\"name\":\"Nasza T\u0142ocznia\",\"url\":\"https:\/\/nfcjuices.com\/\",\"logo\":{\"@type\":\"ImageObject\",\"inLanguage\":\"cs\",\"@id\":\"https:\/\/nfcjuices.com\/#\/schema\/logo\/image\/\",\"url\":\"https:\/\/nfcjuices.com\/wp-content\/uploads\/2025\/05\/cropped-B2b-1.png\",\"contentUrl\":\"https:\/\/nfcjuices.com\/wp-content\/uploads\/2025\/05\/cropped-B2b-1.png\",\"width\":1199,\"height\":999,\"caption\":\"Nasza T\u0142ocznia\"},\"image\":{\"@id\":\"https:\/\/nfcjuices.com\/#\/schema\/logo\/image\/\"}}]}<\/script>\n<!-- \/ Yoast SEO plugin. -->","yoast_head_json":{"title":"Jak vznikaj\u00ed na\u0161e produkty? - nfc-d\u017eusy","robots":{"index":"index","follow":"follow","max-snippet":"max-snippet:-1","max-image-preview":"max-image-preview:large","max-video-preview":"max-video-preview:-1"},"canonical":"https:\/\/nfcjuices.com\/cs\/jak-vznikaji-nase-produkty\/","og_locale":"cs_CZ","og_type":"article","og_title":"Jak powstaj\u0105 nasze produkty? - nfc-juices","og_description":"W Naszej T\u0142oczni ka\u017cdy owoc, czy warzywo traktujemy indywidualnie &#8211; tak, jak na to zas\u0142uguj\u0105! Za to odwdzi\u0119czaj\u0105 nam si\u0119 najwy\u017csz\u0105 jako\u015bci\u0105 otrzymanego soku. Soki z cytryn, grejpfrut\u00f3w, czy pomara\u0144czy wyciskamy z po\u0142\u00f3wek przy pomocy specjalnej maszyny do wyciskania cytrus\u00f3w. Pozosta\u0142e owoce i warzywa zamieniamy w sok za pomoc\u0105 prasy ta\u015bmowej, na kt\u00f3rej s\u0105 one [&hellip;]","og_url":"https:\/\/nfcjuices.com\/cs\/jak-vznikaji-nase-produkty\/","og_site_name":"nfc-juices","article_modified_time":"2025-04-17T09:41:07+00:00","twitter_card":"summary_large_image","twitter_misc":{"Odhadovan\u00e1 doba \u010dten\u00ed":"2 minuty"},"schema":{"@context":"https:\/\/schema.org","@graph":[{"@type":"WebPage","@id":"https:\/\/nfcjuices.com\/jak-powstaja-nasze-produkty\/","url":"https:\/\/nfcjuices.com\/jak-powstaja-nasze-produkty\/","name":"Jak vznikaj\u00ed na\u0161e produkty? - nfc-d\u017eusy","isPartOf":{"@id":"https:\/\/nfcjuices.com\/#website"},"datePublished":"2025-03-12T14:12:13+00:00","dateModified":"2025-04-17T09:41:07+00:00","breadcrumb":{"@id":"https:\/\/nfcjuices.com\/jak-powstaja-nasze-produkty\/#breadcrumb"},"inLanguage":"cs","potentialAction":[{"@type":"ReadAction","target":["https:\/\/nfcjuices.com\/jak-powstaja-nasze-produkty\/"]}]},{"@type":"BreadcrumbList","@id":"https:\/\/nfcjuices.com\/jak-powstaja-nasze-produkty\/#breadcrumb","itemListElement":[{"@type":"ListItem","position":1,"name":"Strona g\u0142\u00f3wna","item":"https:\/\/nfcjuices.com\/"},{"@type":"ListItem","position":2,"name":"Jak powstaj\u0105 nasze produkty?"}]},{"@type":"WebSite","@id":"https:\/\/nfcjuices.com\/#website","url":"https:\/\/nfcjuices.com\/","name":"nfc \u0161\u0165\u00e1vy","description":"D\u017eusy, pyr\u00e9, NFC p\u011bny v sudech","publisher":{"@id":"https:\/\/nfcjuices.com\/#organization"},"potentialAction":[{"@type":"SearchAction","target":{"@type":"EntryPoint","urlTemplate":"https:\/\/nfcjuices.com\/?s={search_term_string}"},"query-input":{"@type":"PropertyValueSpecification","valueRequired":true,"valueName":"search_term_string"}}],"inLanguage":"cs"},{"@type":"Organization","@id":"https:\/\/nfcjuices.com\/#organization","name":"Na\u0161e lisovna","url":"https:\/\/nfcjuices.com\/","logo":{"@type":"ImageObject","inLanguage":"cs","@id":"https:\/\/nfcjuices.com\/#\/schema\/logo\/image\/","url":"https:\/\/nfcjuices.com\/wp-content\/uploads\/2025\/05\/cropped-B2b-1.png","contentUrl":"https:\/\/nfcjuices.com\/wp-content\/uploads\/2025\/05\/cropped-B2b-1.png","width":1199,"height":999,"caption":"Nasza T\u0142ocznia"},"image":{"@id":"https:\/\/nfcjuices.com\/#\/schema\/logo\/image\/"}}]}},"_links":{"self":[{"href":"https:\/\/nfcjuices.com\/cs\/wp-json\/wp\/v2\/pages\/192","targetHints":{"allow":["GET"]}}],"collection":[{"href":"https:\/\/nfcjuices.com\/cs\/wp-json\/wp\/v2\/pages"}],"about":[{"href":"https:\/\/nfcjuices.com\/cs\/wp-json\/wp\/v2\/types\/page"}],"author":[{"embeddable":true,"href":"https:\/\/nfcjuices.com\/cs\/wp-json\/wp\/v2\/users\/1"}],"replies":[{"embeddable":true,"href":"https:\/\/nfcjuices.com\/cs\/wp-json\/wp\/v2\/comments?post=192"}],"version-history":[{"count":3,"href":"https:\/\/nfcjuices.com\/cs\/wp-json\/wp\/v2\/pages\/192\/revisions"}],"predecessor-version":[{"id":996,"href":"https:\/\/nfcjuices.com\/cs\/wp-json\/wp\/v2\/pages\/192\/revisions\/996"}],"wp:attachment":[{"href":"https:\/\/nfcjuices.com\/cs\/wp-json\/wp\/v2\/media?parent=192"}],"curies":[{"name":"wp","href":"https:\/\/api.w.org\/{rel}","templated":true}]}}